{"id":11021,"date":"2025-12-05T13:52:18","date_gmt":"2025-12-05T12:52:18","guid":{"rendered":"https:\/\/walktuk.com\/malaga\/private-tour\/"},"modified":"2026-01-22T16:14:07","modified_gmt":"2026-01-22T15:14:07","slug":"private-tour","status":"publish","type":"page","link":"https:\/\/walktuk.com\/de\/malaga\/private-tour\/","title":{"rendered":"Private Tour"},"content":{"rendered":"\t\t<div data-elementor-type=\"wp-page\" data-elementor-id=\"11021\" class=\"elementor elementor-11021 elementor-10521\">\n\t\t\t\t<div class=\"elementor-element elementor-element-656baeba e-flex e-con-boxed e-con e-parent\" data-id=\"656baeba\" data-element_type=\"container\" data-e-type=\"container\" data-settings=\"{&quot;background_background&quot;:&quot;slideshow&quot;,&quot;background_slideshow_gallery&quot;:[{&quot;id&quot;:4610,&quot;url&quot;:&quot;https:\\\/\\\/walktuk.com\\\/wp-content\\\/uploads\\\/2025\\\/01\\\/banner-6__msi___jpg.jpg&quot;},{&quot;id&quot;:8448,&quot;url&quot;:&quot;https:\\\/\\\/walktuk.com\\\/wp-content\\\/uploads\\\/2025\\\/06\\\/WhatsApp-Image-2025-06-16-at-10.14.10.jpg&quot;}],&quot;background_slideshow_slide_duration&quot;:4000,&quot;background_slideshow_loop&quot;:&quot;yes&quot;,&quot;background_slideshow_slide_transition&quot;:&quot;fade&quot;,&quot;background_slideshow_transition_duration&quot;:500}\">\n\t\t\t\t\t<div class=\"e-con-inner\">\n\t\t\t\t<div class=\"elementor-element elementor-element-76c22e4e elementor-widget elementor-widget-heading\" data-id=\"76c22e4e\" data-element_type=\"widget\" data-e-type=\"widget\" data-widget_type=\"heading.default\">\n\t\t\t\t<div class=\"elementor-widget-container\">\n\t\t\t\t\t<h1 class=\"elementor-heading-title elementor-size-default\">PRIVATE TOUR IM <b>TUK TUK M\u00c1LAGA<\/b><\/h1>\t\t\t\t<\/div>\n\t\t\t\t<\/div>\n\t\t\t\t<div class=\"elementor-element elementor-element-6e350917 elementor-widget-divider--view-line elementor-widget elementor-widget-divider\" data-id=\"6e350917\" data-element_type=\"widget\" data-e-type=\"widget\" data-widget_type=\"divider.default\">\n\t\t\t\t<div class=\"elementor-widget-container\">\n\t\t\t\t\t\t\t<div class=\"elementor-divider\">\n\t\t\t<span class=\"elementor-divider-separator\">\n\t\t\t\t\t\t<\/span>\n\t\t<\/div>\n\t\t\t\t\t\t<\/div>\n\t\t\t\t<\/div>\n\t\t\t\t<div class=\"elementor-element elementor-element-4596d5e4 elementor-align-left elementor-widget elementor-widget-button\" data-id=\"4596d5e4\" data-element_type=\"widget\" data-e-type=\"widget\" data-widget_type=\"button.default\">\n\t\t\t\t<div class=\"elementor-widget-container\">\n\t\t\t\t\t\t\t\t\t<div class=\"elementor-button-wrapper\">\n\t\t\t\t\t<a class=\"elementor-button elementor-button-link elementor-size-sm\" href=\"https:\/\/walktuk.com\/de\/contacto\/\">\n\t\t\t\t\t\t<span class=\"elementor-button-content-wrapper\">\n\t\t\t\t\t\t\t\t\t<span class=\"elementor-button-text\">KONTAKTIEREN SIE UNS<\/span>\n\t\t\t\t\t<\/span>\n\t\t\t\t\t<\/a>\n\t\t\t\t<\/div>\n\t\t\t\t\t\t\t\t<\/div>\n\t\t\t\t<\/div>\n\t\t\t\t\t<\/div>\n\t\t\t\t<\/div>\n\t\t<div class=\"elementor-element elementor-element-74ff9306 e-flex e-con-boxed e-con e-parent\" data-id=\"74ff9306\" data-element_type=\"container\" data-e-type=\"container\">\n\t\t\t\t\t<div class=\"e-con-inner\">\n\t\t\t\t<div class=\"elementor-element elementor-element-f3f6729 elementor-widget elementor-widget-heading\" data-id=\"f3f6729\" data-element_type=\"widget\" data-e-type=\"widget\" data-widget_type=\"heading.default\">\n\t\t\t\t<div class=\"elementor-widget-container\">\n\t\t\t\t\t<h2 class=\"elementor-heading-title elementor-size-default\">Entdecken Sie M\u00e1laga auf exklusive und pers\u00f6nliche Weise mit unseren privaten Touren in elektrischen Tuk Tuks.<\/h2>\t\t\t\t<\/div>\n\t\t\t\t<\/div>\n\t\t\t\t<div class=\"elementor-element elementor-element-9bc8ba6 elementor-widget elementor-widget-text-editor\" data-id=\"9bc8ba6\" data-element_type=\"widget\" data-e-type=\"widget\" data-widget_type=\"text-editor.default\">\n\t\t\t\t<div class=\"elementor-widget-container\">\n\t\t\t\t\t\t\t\t\t<p data-start=\"312\" data-end=\"538\">Mit einer Kapazit\u00e4t von bis zu <strong data-start=\"335\" data-end=\"362\">4 Personen pro Fahrzeug<\/strong> sind sie die perfekte Option f\u00fcr kleine Gruppen, Familien, Freunde oder Paare, die die Stadt in vollem Komfort genie\u00dfen m\u00f6chten, ohne die Tour mit Fremden zu teilen.<\/p><p data-start=\"312\" data-end=\"538\"> <\/p><p data-start=\"540\" data-end=\"996\">Bei einer privaten Tuk-Tuk-Tour entscheiden Sie, wie Sie das Erlebnis gestalten m\u00f6chten: Sie k\u00f6nnen einer unserer <strong data-start=\"638\" data-end=\"666\">empfohlenen Routen<\/strong> folgen oder eine <strong data-start=\"681\" data-end=\"698\">ma\u00dfgeschneiderte Route<\/strong> entwerfen, indem Sie die Orte ausw\u00e4hlen, die Sie am meisten interessieren, und die Zeit, die Sie jedem Stopp widmen m\u00f6chten. Vom Charme des <strong data-start=\"810\" data-end=\"830\">historischen Zentrums<\/strong> und der <strong data-start=\"835\" data-end=\"847\">Alcazaba<\/strong> bis hin zu den Aussichten von <strong data-start=\"895\" data-end=\"909\">Gibralfaro<\/strong>, dem <strong data-start=\"914\" data-end=\"928\">Muelle Uno<\/strong> oder der <strong data-start=\"934\" data-end=\"947\">Malagueta<\/strong> ist die gesamte Route vollst\u00e4ndig auf Sie zugeschnitten.<\/p><p data-start=\"540\" data-end=\"996\"> <\/p><p data-start=\"998\" data-end=\"1432\">Dar\u00fcber hinaus haben Sie die exklusive Betreuung durch einen <strong data-start=\"1047\" data-end=\"1077\">professionellen Guide-Fahrer<\/strong>, der Ihnen Kuriosit\u00e4ten, Anekdoten und historische Fakten in der <strong data-start=\"1149\" data-end=\"1173\">Sprache Ihrer Wahl<\/strong> erkl\u00e4rt, da wir eine <strong>gro\u00dfe Sprachvielfalt<\/strong> anbieten. Ohne Eile, ohne starre Zeitpl\u00e4ne und mit dem Komfort eines <strong data-start=\"1282\" data-end=\"1310\">100 % elektrischen Fahrzeugs<\/strong>, das problemlos enge und zentrale Bereiche erreicht, damit Sie M\u00e1laga auf eine zug\u00e4ngliche, authentische und nachhaltige Weise erleben k\u00f6nnen.<\/p>\t\t\t\t\t\t\t\t<\/div>\n\t\t\t\t<\/div>\n\t\t\t\t\t<\/div>\n\t\t\t\t<\/div>\n\t\t<div class=\"elementor-element elementor-element-6a993566 e-flex e-con-boxed e-con e-parent\" data-id=\"6a993566\" data-element_type=\"container\" data-e-type=\"container\">\n\t\t\t\t\t<div class=\"e-con-inner\">\n\t\t<a class=\"elementor-element elementor-element-43e9d08b e-con-full e-flex e-con e-child\" data-id=\"43e9d08b\" data-element_type=\"container\" data-e-type=\"container\" data-settings=\"{&quot;background_background&quot;:&quot;classic&quot;}\" href=\"https:\/\/walktuk.com\/de\/malaga\/tour-tuk-tuk-1h\/\">\n\t\t\t\t<div class=\"elementor-element elementor-element-686d88b5 elementor-view-default elementor-widget elementor-widget-icon\" data-id=\"686d88b5\" data-element_type=\"widget\" data-e-type=\"widget\" data-widget_type=\"icon.default\">\n\t\t\t\t<div class=\"elementor-widget-container\">\n\t\t\t\t\t\t\t<div class=\"elementor-icon-wrapper\">\n\t\t\t<div class=\"elementor-icon\">\n\t\t\t<svg aria-hidden=\"true\" class=\"e-font-icon-svg e-fas-map\" viewBox=\"0 0 576 512\" xmlns=\"http:\/\/www.w3.org\/2000\/svg\"><path d=\"M0 117.66v346.32c0 11.32 11.43 19.06 21.94 14.86L160 416V32L20.12 87.95A32.006 32.006 0 0 0 0 117.66zM192 416l192 64V96L192 32v384zM554.06 33.16L416 96v384l139.88-55.95A31.996 31.996 0 0 0 576 394.34V48.02c0-11.32-11.43-19.06-21.94-14.86z\"><\/path><\/svg>\t\t\t<\/div>\n\t\t<\/div>\n\t\t\t\t\t\t<\/div>\n\t\t\t\t<\/div>\n\t\t\t\t<div class=\"elementor-element elementor-element-66e06d12 elementor-widget elementor-widget-heading\" data-id=\"66e06d12\" data-element_type=\"widget\" data-e-type=\"widget\" data-widget_type=\"heading.default\">\n\t\t\t\t<div class=\"elementor-widget-container\">\n\t\t\t\t\t<h2 class=\"elementor-heading-title elementor-size-default\">Wesentliche Tour<\/h2>\t\t\t\t<\/div>\n\t\t\t\t<\/div>\n\t\t\t\t<div class=\"elementor-element elementor-element-5e56cc2a elementor-widget elementor-widget-heading\" data-id=\"5e56cc2a\" data-element_type=\"widget\" data-e-type=\"widget\" data-widget_type=\"heading.default\">\n\t\t\t\t<div class=\"elementor-widget-container\">\n\t\t\t\t\t<h2 class=\"elementor-heading-title elementor-size-default\">1 Stunde malaguenische Essenz<\/h2>\t\t\t\t<\/div>\n\t\t\t\t<\/div>\n\t\t\t\t<div class=\"elementor-element elementor-element-463ee6e6 elementor-widget elementor-widget-text-editor\" data-id=\"463ee6e6\" data-element_type=\"widget\" data-e-type=\"widget\" data-widget_type=\"text-editor.default\">\n\t\t\t\t<div class=\"elementor-widget-container\">\n\t\t\t\t\t\t\t\t\t<div id=\"c1168\" class=\"col col-sm-12 col-md-6 palette_color_5\"><div id=\"m3519\" class=\"module text\"><p data-start=\"243\" data-end=\"618\">Tauchen Sie ein in die Essenz von <strong data-start=\"270\" data-end=\"280\">M\u00e1laga<\/strong> mit unserer Tour, die f\u00fcr diejenigen konzipiert wurde, die das repr\u00e4sentativste der Stadt in nur <strong data-start=\"379\" data-end=\"389\">1 Stunde<\/strong> kennenlernen m\u00f6chten. Diese Tour f\u00fchrt Sie zu vielen der emblematischsten und charakteristischsten Orte der K\u00fcste und des historischen Zentrums und kombiniert Geschichte, Panoramablicke und mediterrane Architektur.<\/p><p data-start=\"243\" data-end=\"618\"> <\/p><p data-start=\"620\" data-end=\"994\">W\u00e4hrend der Tour besuchen Sie Highlights wie <strong data-start=\"669\" data-end=\"709\">La Farola und Playa de la Malagueta<\/strong>, das <strong data-start=\"714\" data-end=\"740\">Castillo de Gibralfaro<\/strong>, die <strong data-start=\"746\" data-end=\"779\">G\u00e4rten von Pedro Luis Alonso<\/strong>, die <strong data-start=\"784\" data-end=\"818\">Plaza de Toros de La Malagueta<\/strong>, den <strong data-start=\"823\" data-end=\"843\">Park von M\u00e1laga<\/strong> oder kulturelle Bereiche in der N\u00e4he des Hafens, neben anderen emblematischen Ecken, die die Essenz der Stadt vermitteln.<\/p><p data-start=\"620\" data-end=\"994\"> <\/p><p data-start=\"996\" data-end=\"1268\">Perfekt f\u00fcr diejenigen, die eine schnelle, aber vollst\u00e4ndige Einf\u00fchrung in M\u00e1laga w\u00fcnschen. Diese Tour erm\u00f6glicht es Ihnen, ein komfortables, unterhaltsames und nachhaltiges Erlebnis an Bord unserer <strong data-start=\"1167\" data-end=\"1189\">elektrischen Tuk Tuks<\/strong> zu erleben, ohne Eile und mit einer einzigartigen Perspektive.<\/p><\/div><\/div>\t\t\t\t\t\t\t\t<\/div>\n\t\t\t\t<\/div>\n\t\t\t\t<\/a>\n\t\t<a class=\"elementor-element elementor-element-5acc232 e-con-full e-flex e-con e-child\" data-id=\"5acc232\" data-element_type=\"container\" data-e-type=\"container\" data-settings=\"{&quot;background_background&quot;:&quot;classic&quot;}\" href=\"https:\/\/walktuk.com\/de\/malaga\/tour-tuk-tuk-2h\/\">\n\t\t\t\t<div class=\"elementor-element elementor-element-32bdb611 elementor-view-default elementor-widget elementor-widget-icon\" data-id=\"32bdb611\" data-element_type=\"widget\" data-e-type=\"widget\" data-widget_type=\"icon.default\">\n\t\t\t\t<div class=\"elementor-widget-container\">\n\t\t\t\t\t\t\t<div class=\"elementor-icon-wrapper\">\n\t\t\t<div class=\"elementor-icon\">\n\t\t\t<svg aria-hidden=\"true\" class=\"e-font-icon-svg e-fas-map\" viewBox=\"0 0 576 512\" xmlns=\"http:\/\/www.w3.org\/2000\/svg\"><path d=\"M0 117.66v346.32c0 11.32 11.43 19.06 21.94 14.86L160 416V32L20.12 87.95A32.006 32.006 0 0 0 0 117.66zM192 416l192 64V96L192 32v384zM554.06 33.16L416 96v384l139.88-55.95A31.996 31.996 0 0 0 576 394.34V48.02c0-11.32-11.43-19.06-21.94-14.86z\"><\/path><\/svg>\t\t\t<\/div>\n\t\t<\/div>\n\t\t\t\t\t\t<\/div>\n\t\t\t\t<\/div>\n\t\t\t\t<div class=\"elementor-element elementor-element-43f3707a elementor-widget elementor-widget-heading\" data-id=\"43f3707a\" data-element_type=\"widget\" data-e-type=\"widget\" data-widget_type=\"heading.default\">\n\t\t\t\t<div class=\"elementor-widget-container\">\n\t\t\t\t\t<h2 class=\"elementor-heading-title elementor-size-default\">Komplette Tour<\/h2>\t\t\t\t<\/div>\n\t\t\t\t<\/div>\n\t\t\t\t<div class=\"elementor-element elementor-element-47f4fc15 elementor-widget elementor-widget-heading\" data-id=\"47f4fc15\" data-element_type=\"widget\" data-e-type=\"widget\" data-widget_type=\"heading.default\">\n\t\t\t\t<div class=\"elementor-widget-container\">\n\t\t\t\t\t<h2 class=\"elementor-heading-title elementor-size-default\">2 Stunden M\u00e1laga von Ende zu Ende erkunden<\/h2>\t\t\t\t<\/div>\n\t\t\t\t<\/div>\n\t\t\t\t<div class=\"elementor-element elementor-element-4be9a5eb elementor-widget elementor-widget-text-editor\" data-id=\"4be9a5eb\" data-element_type=\"widget\" data-e-type=\"widget\" data-widget_type=\"text-editor.default\">\n\t\t\t\t<div class=\"elementor-widget-container\">\n\t\t\t\t\t\t\t\t\t<div id=\"c1168\" class=\"col col-sm-12 col-md-6 palette_color_5\"><div id=\"m3519\" class=\"module text\"><div id=\"r1589\" class=\"row palette_color_4\"><div class=\"container container-fixed\"><div id=\"c1619\" class=\"col col-sm-12 col-md-6 palette_color_5\"><div id=\"m3326\" class=\"module text\"><p data-start=\"205\" data-end=\"366\">Lernen Sie <strong data-start=\"212\" data-end=\"237\">jede Facette von M\u00e1laga<\/strong> auf einer umfassenden Tour kennen, die \u00fcber das historische Zentrum hinausgeht und <strong data-start=\"305\" data-end=\"343\">Meer, Geschichte, Kultur und Aussichtspunkte<\/strong> in einer einzigen Tour kombiniert.<\/p><p data-start=\"368\" data-end=\"793\">W\u00e4hrend dieser <strong data-start=\"381\" data-end=\"400\">2-st\u00fcndigen Tour<\/strong> entdecken Sie die <strong data-start=\"431\" data-end=\"456\">authentischsten und ikonischsten<\/strong> Ecken der Stadt: von der emblematischen <strong data-start=\"492\" data-end=\"532\">La Farola und dem Strand von La Malagueta<\/strong> \u00fcber den einladenden <strong data-start=\"558\" data-end=\"579\">Paseo del Limonar<\/strong>, die traditionelle Promenade von <strong data-start=\"614\" data-end=\"629\">Pedregalejo<\/strong> oder das nostalgische <strong data-start=\"646\" data-end=\"666\">Ba\u00f1os del Carmen<\/strong> am Mittelmeer bis hin zu den Panoramablicken vom <strong data-start=\"728\" data-end=\"754\">Castillo de Gibralfaro<\/strong>.<\/p><p data-start=\"368\" data-end=\"793\"> <\/p><p data-start=\"368\" data-end=\"793\">Sie besuchen auch kulturelle und emblematische Orte im Zentrum wie die <strong data-start=\"867\" data-end=\"901\">Plaza de Toros de La Malagueta<\/strong>, die <strong data-start=\"906\" data-end=\"928\">Plaza de la Merced<\/strong>, den <strong data-start=\"933\" data-end=\"953\">Park von M\u00e1laga<\/strong> und enden neben dem modernen <strong data-start=\"986\" data-end=\"1012\">Centre Pompidou M\u00e1laga<\/strong> und dem Muelle Uno, wobei Historisches mit Zeitgen\u00f6ssischem kombiniert wird.<\/p><p data-start=\"368\" data-end=\"793\"> <\/p><p data-start=\"795\" data-end=\"1113\">Diese <strong data-start=\"1128\" data-end=\"1139\">2-st\u00fcndige<\/strong> Tour f\u00e4ngt die K\u00fcsten-, Kultur- und Monumentalessenz von M\u00e1laga ein und bietet Ihnen ein <strong data-start=\"1230\" data-end=\"1263\">vollst\u00e4ndiges, komfortables und nachhaltiges<\/strong> Erlebnis an Bord unserer <strong data-start=\"1284\" data-end=\"1306\">elektrischen Tuk Tuks<\/strong>, ideal f\u00fcr diejenigen, die das Beste der Stadt ohne Eile erkunden m\u00f6chten.<\/p><\/div><\/div><\/div><\/div><div id=\"r3339\" class=\"row palette_color_4 bgfilter\"><div class=\"container container-fixed colsStack\"><div id=\"c1255\" class=\"col col-md-6 col-lg-6 col-sm-12\"> <\/div><\/div><\/div><\/div><\/div>\t\t\t\t\t\t\t\t<\/div>\n\t\t\t\t<\/div>\n\t\t\t\t<\/a>\n\t\t\t\t\t<\/div>\n\t\t\t\t<\/div>\n\t\t<div class=\"elementor-element elementor-element-6bfa27bc e-flex e-con-boxed e-con e-parent\" data-id=\"6bfa27bc\" data-element_type=\"container\" data-e-type=\"container\" data-settings=\"{&quot;background_background&quot;:&quot;classic&quot;}\">\n\t\t\t\t\t<div class=\"e-con-inner\">\n\t\t\t\t<div class=\"elementor-element elementor-element-205de233 elementor-widget elementor-widget-heading\" data-id=\"205de233\" data-element_type=\"widget\" data-e-type=\"widget\" data-widget_type=\"heading.default\">\n\t\t\t\t<div class=\"elementor-widget-container\">\n\t\t\t\t\t<h2 class=\"elementor-heading-title elementor-size-default\"><a href=\"https:\/\/walktuk.com\/de\/reserva\/\">Gestalte dein einzigartiges Erlebnis<br>IN M\u00c1LAGA<\/a><\/h2>\t\t\t\t<\/div>\n\t\t\t\t<\/div>\n\t\t\t\t\t<\/div>\n\t\t\t\t<\/div>\n\t\t\t\t<\/div>\n\t\t","protected":false},"excerpt":{"rendered":"<p>PRIVATE TOUR IM TUK TUK M\u00c1LAGA KONTAKTIEREN SIE UNS Entdecken Sie M\u00e1laga auf exklusive und pers\u00f6nliche Weise mit unseren privaten Touren in elektrischen Tuk Tuks. Mit einer Kapazit\u00e4t von bis zu 4 Personen pro Fahrzeug sind sie die perfekte Option f\u00fcr kleine Gruppen, Familien, Freunde oder Paare, die die Stadt in vollem Komfort genie\u00dfen m\u00f6chten, [&hellip;]<\/p>\n","protected":false},"author":1,"featured_media":0,"parent":9375,"menu_order":0,"comment_status":"closed","ping_status":"closed","template":"","meta":{"site-sidebar-layout":"no-sidebar","site-content-layout":"page-builder","ast-site-content-layout":"full-width-container","site-content-style":"default","site-sidebar-style":"default","ast-global-header-display":"","ast-banner-title-visibility":"","ast-main-header-display":"","ast-hfb-above-header-display":"","ast-hfb-below-header-display":"","ast-hfb-mobile-header-display":"","site-post-title":"disabled","ast-breadcrumbs-content":"","ast-featured-img":"disabled","footer-sml-layout":"","ast-disable-related-posts":"","theme-transparent-header-meta":"","adv-header-id-meta":"","stick-header-meta":"","header-above-stick-meta":"","header-main-stick-meta":"","header-below-stick-meta":"","astra-migrate-meta-layouts":"default","ast-page-background-enabled":"default","ast-page-background-meta":{"desktop":{"background-color":"var(--ast-global-color-5)","background-image":"","background-repeat":"repeat","background-position":"center center","background-size":"auto","background-attachment":"scroll","background-type":"","background-media":"","overlay-type":"","overlay-color":"","overlay-opacity":"","overlay-gradient":""},"tablet":{"background-color":"","background-image":"","background-repeat":"repeat","background-position":"center center","background-size":"auto","background-attachment":"scroll","background-type":"","background-media":"","overlay-type":"","overlay-color":"","overlay-opacity":"","overlay-gradient":""},"mobile":{"background-color":"","background-image":"","background-repeat":"repeat","background-position":"center center","background-size":"auto","background-attachment":"scroll","background-type":"","background-media":"","overlay-type":"","overlay-color":"","overlay-opacity":"","overlay-gradient":""}},"ast-content-background-meta":{"desktop":{"background-color":"var(--ast-global-color-4)","background-image":"","background-repeat":"repeat","background-position":"center center","background-size":"auto","background-attachment":"scroll","background-type":"","background-media":"","overlay-type":"","overlay-color":"","overlay-opacity":"","overlay-gradient":""},"tablet":{"background-color":"var(--ast-global-color-4)","background-image":"","background-repeat":"repeat","background-position":"center center","background-size":"auto","background-attachment":"scroll","background-type":"","background-media":"","overlay-type":"","overlay-color":"","overlay-opacity":"","overlay-gradient":""},"mobile":{"background-color":"var(--ast-global-color-4)","background-image":"","background-repeat":"repeat","background-position":"center center","background-size":"auto","background-attachment":"scroll","background-type":"","background-media":"","overlay-type":"","overlay-color":"","overlay-opacity":"","overlay-gradient":""}},"footnotes":""},"class_list":["post-11021","page","type-page","status-publish","hentry"],"aioseo_notices":[],"_links":{"self":[{"href":"https:\/\/walktuk.com\/de\/wp-json\/wp\/v2\/pages\/11021","targetHints":{"allow":["GET"]}}],"collection":[{"href":"https:\/\/walktuk.com\/de\/wp-json\/wp\/v2\/pages"}],"about":[{"href":"https:\/\/walktuk.com\/de\/wp-json\/wp\/v2\/types\/page"}],"author":[{"embeddable":true,"href":"https:\/\/walktuk.com\/de\/wp-json\/wp\/v2\/users\/1"}],"replies":[{"embeddable":true,"href":"https:\/\/walktuk.com\/de\/wp-json\/wp\/v2\/comments?post=11021"}],"version-history":[{"count":3,"href":"https:\/\/walktuk.com\/de\/wp-json\/wp\/v2\/pages\/11021\/revisions"}],"predecessor-version":[{"id":11384,"href":"https:\/\/walktuk.com\/de\/wp-json\/wp\/v2\/pages\/11021\/revisions\/11384"}],"up":[{"embeddable":true,"href":"https:\/\/walktuk.com\/de\/wp-json\/wp\/v2\/pages\/9375"}],"wp:attachment":[{"href":"https:\/\/walktuk.com\/de\/wp-json\/wp\/v2\/media?parent=11021"}],"curies":[{"name":"wp","href":"https:\/\/api.w.org\/{rel}","templated":true}]}}