{"id":11546,"date":"2026-01-18T17:56:31","date_gmt":"2026-01-18T16:56:31","guid":{"rendered":"https:\/\/walktuk.com\/tuk-tuk-madrid\/private-tour-im-tuk-tuk\/"},"modified":"2026-01-30T21:38:05","modified_gmt":"2026-01-30T20:38:05","slug":"tour-tuk-tuk-privado","status":"publish","type":"page","link":"https:\/\/walktuk.com\/de\/madrid\/tour-tuk-tuk-privado\/","title":{"rendered":"Private Tour im Tuk-Tuk"},"content":{"rendered":"\t\t<div data-elementor-type=\"wp-page\" data-elementor-id=\"11546\" class=\"elementor elementor-11546 elementor-11250\">\n\t\t\t\t<div class=\"elementor-element elementor-element-700d4f31 e-flex e-con-boxed e-con e-parent\" data-id=\"700d4f31\" data-element_type=\"container\" data-e-type=\"container\" data-settings=\"{&quot;background_background&quot;:&quot;classic&quot;}\">\n\t\t\t\t\t<div class=\"e-con-inner\">\n\t\t\t\t<div class=\"elementor-element elementor-element-2a90ccdb elementor-widget elementor-widget-heading\" data-id=\"2a90ccdb\" data-element_type=\"widget\" data-e-type=\"widget\" data-widget_type=\"heading.default\">\n\t\t\t\t<div class=\"elementor-widget-container\">\n\t\t\t\t\t<h1 class=\"elementor-heading-title elementor-size-default\"><b>PRIVATE TOUR IM TUK TUK MADRID<\/b><\/h1>\t\t\t\t<\/div>\n\t\t\t\t<\/div>\n\t\t\t\t<div class=\"elementor-element elementor-element-913033b elementor-widget-divider--view-line elementor-widget elementor-widget-divider\" data-id=\"913033b\" data-element_type=\"widget\" data-e-type=\"widget\" data-widget_type=\"divider.default\">\n\t\t\t\t<div class=\"elementor-widget-container\">\n\t\t\t\t\t\t\t<div class=\"elementor-divider\">\n\t\t\t<span class=\"elementor-divider-separator\">\n\t\t\t\t\t\t<\/span>\n\t\t<\/div>\n\t\t\t\t\t\t<\/div>\n\t\t\t\t<\/div>\n\t\t\t\t<div class=\"elementor-element elementor-element-30374d23 elementor-align-left elementor-widget elementor-widget-button\" data-id=\"30374d23\" data-element_type=\"widget\" data-e-type=\"widget\" data-widget_type=\"button.default\">\n\t\t\t\t<div class=\"elementor-widget-container\">\n\t\t\t\t\t\t\t\t\t<div class=\"elementor-button-wrapper\">\n\t\t\t\t\t<a class=\"elementor-button elementor-button-link elementor-size-sm\" href=\"https:\/\/walktuk.com\/de\/contacto\/\">\n\t\t\t\t\t\t<span class=\"elementor-button-content-wrapper\">\n\t\t\t\t\t\t\t\t\t<span class=\"elementor-button-text\">KONTAKTIEREN SIE UNS<\/span>\n\t\t\t\t\t<\/span>\n\t\t\t\t\t<\/a>\n\t\t\t\t<\/div>\n\t\t\t\t\t\t\t\t<\/div>\n\t\t\t\t<\/div>\n\t\t\t\t\t<\/div>\n\t\t\t\t<\/div>\n\t\t<div class=\"elementor-element elementor-element-1b4705a6 e-flex e-con-boxed e-con e-parent\" data-id=\"1b4705a6\" data-element_type=\"container\" data-e-type=\"container\">\n\t\t\t\t\t<div class=\"e-con-inner\">\n\t\t\t\t<div class=\"elementor-element elementor-element-53ac8138 elementor-widget elementor-widget-text-editor\" data-id=\"53ac8138\" data-element_type=\"widget\" data-e-type=\"widget\" data-widget_type=\"text-editor.default\">\n\t\t\t\t<div class=\"elementor-widget-container\">\n\t\t\t\t\t\t\t\t\t<p data-start=\"275\" data-end=\"388\">Entdecke <strong data-start=\"284\" data-end=\"294\">Madrid<\/strong> auf <strong data-start=\"304\" data-end=\"333\">exklusive und pers\u00f6nliche Weise<\/strong> mit unseren <strong data-start=\"347\" data-end=\"387\">privaten Touren in elektrischen Tuk Tuks<\/strong>.<\/p><p data-start=\"275\" data-end=\"388\"> <\/p><p data-start=\"390\" data-end=\"618\">Mit einer Kapazit\u00e4t von bis zu <strong data-start=\"413\" data-end=\"440\">4 Personen pro Fahrzeug<\/strong> sind sie die ideale Option f\u00fcr kleine Gruppen, Familien, Freunde oder Paare, die die Stadt in vollem Komfort und <strong data-start=\"568\" data-end=\"617\">ohne die Tour mit anderen Reisenden zu teilen<\/strong> genie\u00dfen m\u00f6chten.<\/p><p data-start=\"390\" data-end=\"618\"> <\/p><p data-start=\"620\" data-end=\"1639\">Bei einer privaten Tuk-Tuk-Tour entscheiden Sie, wie Sie das Erlebnis gestalten m\u00f6chten: Sie k\u00f6nnen zwischen unseren <strong data-start=\"717\" data-end=\"759\">empfohlenen Touren von 1 oder 2 Stunden<\/strong> w\u00e4hlen oder eine <strong data-start=\"774\" data-end=\"791\">ma\u00dfgeschneiderte Route<\/strong> entwerfen, indem Sie die Orte ausw\u00e4hlen, die Sie am meisten interessieren, und die Zeit, die Sie jedem Stopp widmen m\u00f6chten.<\/p><p data-start=\"620\" data-end=\"1639\"><br data-start=\"885\" data-end=\"888\">Von den historischen Ecken des <strong data-start=\"540\" data-end=\"560\">Zentrums von Madrid<\/strong> und seinem monumentalen Erbe bis hin zu Gebieten mit eigenem Charakter, gro\u00dfen Alleen und symboltr\u00e4chtigen Gr\u00fcnfl\u00e4chen ist die gesamte Route vollst\u00e4ndig an Sie angepasst.<\/p><p data-start=\"620\" data-end=\"1639\"> <\/p><p data-start=\"1641\" data-end=\"2075\">Dar\u00fcber hinaus steht Ihnen die exklusive Betreuung durch einen <strong data-start=\"1690\" data-end=\"1720\">professionellen Guide-Fahrer<\/strong> zur Verf\u00fcgung, der Ihnen Kuriosit\u00e4ten, Anekdoten und historische Fakten in der <strong data-start=\"1793\" data-end=\"1817\">Sprache Ihrer Wahl<\/strong> erkl\u00e4rt, da wir eine gro\u00dfe Auswahl an Sprachen anbieten. Ohne Eile, ohne starre Zeitpl\u00e4ne und mit dem Komfort eines <strong data-start=\"1926\" data-end=\"1954\">100 % elektrischen Fahrzeugs<\/strong>, das in der Lage ist, auf zentrale und enge Bereiche zuzugreifen, damit Sie Madrid auf <strong data-start=\"2039\" data-end=\"2074\">nahe, authentische und nachhaltige<\/strong> Weise erleben k\u00f6nnen.<\/p>\t\t\t\t\t\t\t\t<\/div>\n\t\t\t\t<\/div>\n\t\t\t\t\t<\/div>\n\t\t\t\t<\/div>\n\t\t<div class=\"elementor-element elementor-element-5e11ec47 e-flex e-con-boxed e-con e-parent\" data-id=\"5e11ec47\" data-element_type=\"container\" data-e-type=\"container\">\n\t\t\t\t\t<div class=\"e-con-inner\">\n\t\t<a class=\"elementor-element elementor-element-30e4eb0f e-con-full e-flex e-con e-child\" data-id=\"30e4eb0f\" data-element_type=\"container\" data-e-type=\"container\" data-settings=\"{&quot;background_background&quot;:&quot;classic&quot;}\" href=\"https:\/\/walktuk.com\/de\/madrid\/tour-tuk-tuk-1h\/\">\n\t\t\t\t<div class=\"elementor-element elementor-element-5ef339b8 elementor-view-default elementor-widget elementor-widget-icon\" data-id=\"5ef339b8\" data-element_type=\"widget\" data-e-type=\"widget\" data-widget_type=\"icon.default\">\n\t\t\t\t<div class=\"elementor-widget-container\">\n\t\t\t\t\t\t\t<div class=\"elementor-icon-wrapper\">\n\t\t\t<div class=\"elementor-icon\">\n\t\t\t<svg aria-hidden=\"true\" class=\"e-font-icon-svg e-fas-map\" viewBox=\"0 0 576 512\" xmlns=\"http:\/\/www.w3.org\/2000\/svg\"><path d=\"M0 117.66v346.32c0 11.32 11.43 19.06 21.94 14.86L160 416V32L20.12 87.95A32.006 32.006 0 0 0 0 117.66zM192 416l192 64V96L192 32v384zM554.06 33.16L416 96v384l139.88-55.95A31.996 31.996 0 0 0 576 394.34V48.02c0-11.32-11.43-19.06-21.94-14.86z\"><\/path><\/svg>\t\t\t<\/div>\n\t\t<\/div>\n\t\t\t\t\t\t<\/div>\n\t\t\t\t<\/div>\n\t\t\t\t<div class=\"elementor-element elementor-element-48190012 elementor-widget elementor-widget-heading\" data-id=\"48190012\" data-element_type=\"widget\" data-e-type=\"widget\" data-widget_type=\"heading.default\">\n\t\t\t\t<div class=\"elementor-widget-container\">\n\t\t\t\t\t<h2 class=\"elementor-heading-title elementor-size-default\">Historische Tour\n<\/h2>\t\t\t\t<\/div>\n\t\t\t\t<\/div>\n\t\t\t\t<div class=\"elementor-element elementor-element-7f3101d2 elementor-widget elementor-widget-heading\" data-id=\"7f3101d2\" data-element_type=\"widget\" data-e-type=\"widget\" data-widget_type=\"heading.default\">\n\t\t\t\t<div class=\"elementor-widget-container\">\n\t\t\t\t\t<h2 class=\"elementor-heading-title elementor-size-default\">1 Stunde auf den Spuren der Geschichte Madrids<\/h2>\t\t\t\t<\/div>\n\t\t\t\t<\/div>\n\t\t\t\t<div class=\"elementor-element elementor-element-9aac639 elementor-widget elementor-widget-text-editor\" data-id=\"9aac639\" data-element_type=\"widget\" data-e-type=\"widget\" data-widget_type=\"text-editor.default\">\n\t\t\t\t<div class=\"elementor-widget-container\">\n\t\t\t\t\t\t\t\t\t<div id=\"c1168\" class=\"col col-sm-12 col-md-6 palette_color_5\"><div id=\"m3519\" class=\"module text\"><p data-start=\"279\" data-end=\"556\">Tauchen Sie ein in die Geschichte von <strong data-start=\"307\" data-end=\"317\">Madrid<\/strong> mit unserer Tour, die f\u00fcr diejenigen konzipiert wurde, die das repr\u00e4sentativste der Stadt in nur <strong data-start=\"416\" data-end=\"426\">1 Stunde<\/strong> kennenlernen m\u00f6chten.<\/p><p data-start=\"279\" data-end=\"556\"> <\/p><p data-start=\"279\" data-end=\"556\">Diese Tour f\u00fchrt durch das historische Herz der Hauptstadt und kombiniert Kulturerbe, Architektur und das emblematischste st\u00e4dtische Leben.<\/p><p data-start=\"279\" data-end=\"556\"> <\/p><p data-start=\"558\" data-end=\"796\">W\u00e4hrend der Tour besuchen Sie einige der repr\u00e4sentativsten Punkte des historischen Zentrums und passieren monumentale Pl\u00e4tze, institutionelle Geb\u00e4ude, traditionelle Gebiete und gro\u00dfe Alleen, die die historische Entwicklung der Stadt widerspiegeln.<\/p><p data-start=\"558\" data-end=\"796\"> <\/p><p data-start=\"798\" data-end=\"1042\">Perfekt f\u00fcr diejenigen, die eine schnelle, aber vollst\u00e4ndige Einf\u00fchrung in Madrid w\u00fcnschen. Diese Tour erm\u00f6glicht es Ihnen, ein komfortables, dynamisches und nachhaltiges Erlebnis an Bord unserer <strong data-start=\"975\" data-end=\"997\">elektrischen Tuk Tuks<\/strong> zu genie\u00dfen, ohne Eile und mit einer anderen Perspektive.<\/p><\/div><\/div>\t\t\t\t\t\t\t\t<\/div>\n\t\t\t\t<\/div>\n\t\t\t\t<\/a>\n\t\t<a class=\"elementor-element elementor-element-728adc47 e-con-full e-flex e-con e-child\" data-id=\"728adc47\" data-element_type=\"container\" data-e-type=\"container\" data-settings=\"{&quot;background_background&quot;:&quot;classic&quot;}\" href=\"https:\/\/walktuk.com\/de\/madrid\/tour-tuk-tuk-2h\/\">\n\t\t\t\t<div class=\"elementor-element elementor-element-6d187ea3 elementor-view-default elementor-widget elementor-widget-icon\" data-id=\"6d187ea3\" data-element_type=\"widget\" data-e-type=\"widget\" data-widget_type=\"icon.default\">\n\t\t\t\t<div class=\"elementor-widget-container\">\n\t\t\t\t\t\t\t<div class=\"elementor-icon-wrapper\">\n\t\t\t<div class=\"elementor-icon\">\n\t\t\t<svg aria-hidden=\"true\" class=\"e-font-icon-svg e-fas-map\" viewBox=\"0 0 576 512\" xmlns=\"http:\/\/www.w3.org\/2000\/svg\"><path d=\"M0 117.66v346.32c0 11.32 11.43 19.06 21.94 14.86L160 416V32L20.12 87.95A32.006 32.006 0 0 0 0 117.66zM192 416l192 64V96L192 32v384zM554.06 33.16L416 96v384l139.88-55.95A31.996 31.996 0 0 0 576 394.34V48.02c0-11.32-11.43-19.06-21.94-14.86z\"><\/path><\/svg>\t\t\t<\/div>\n\t\t<\/div>\n\t\t\t\t\t\t<\/div>\n\t\t\t\t<\/div>\n\t\t\t\t<div class=\"elementor-element elementor-element-582eb45a elementor-widget elementor-widget-heading\" data-id=\"582eb45a\" data-element_type=\"widget\" data-e-type=\"widget\" data-widget_type=\"heading.default\">\n\t\t\t\t<div class=\"elementor-widget-container\">\n\t\t\t\t\t<h2 class=\"elementor-heading-title elementor-size-default\">Komplette Tour\n<\/h2>\t\t\t\t<\/div>\n\t\t\t\t<\/div>\n\t\t\t\t<div class=\"elementor-element elementor-element-5929ddf7 elementor-widget elementor-widget-heading\" data-id=\"5929ddf7\" data-element_type=\"widget\" data-e-type=\"widget\" data-widget_type=\"heading.default\">\n\t\t\t\t<div class=\"elementor-widget-container\">\n\t\t\t\t\t<h2 class=\"elementor-heading-title elementor-size-default\">2 Stunden Madrid ausf\u00fchrlich erkunden<\/h2>\t\t\t\t<\/div>\n\t\t\t\t<\/div>\n\t\t\t\t<div class=\"elementor-element elementor-element-751cf7b elementor-widget elementor-widget-text-editor\" data-id=\"751cf7b\" data-element_type=\"widget\" data-e-type=\"widget\" data-widget_type=\"text-editor.default\">\n\t\t\t\t<div class=\"elementor-widget-container\">\n\t\t\t\t\t\t\t\t\t<div id=\"c1168\" class=\"col col-sm-12 col-md-6 palette_color_5\"><div id=\"m3519\" class=\"module text\"><div id=\"r1589\" class=\"row palette_color_4\"><div class=\"container container-fixed\"><div id=\"c1619\" class=\"col col-sm-12 col-md-6 palette_color_5\"><div id=\"m3326\" class=\"module text\"><div class=\"flex flex-col text-sm pb-25\"><article class=\"text-token-text-primary w-full focus:outline-none [--shadow-height:45px] has-data-writing-block:pointer-events-none has-data-writing-block:-mt-(--shadow-height) has-data-writing-block:pt-(--shadow-height) [&amp;:has([data-writing-block])&gt;*]:pointer-events-auto scroll-mt-[calc(var(--header-height)+min(200px,max(70px,20svh)))]\" dir=\"auto\" tabindex=\"-1\" data-turn-id=\"request-6957c23b-748c-8331-bd04-e5930eed5858-7\" data-testid=\"conversation-turn-28\" data-scroll-anchor=\"true\" data-turn=\"assistant\"><div class=\"text-base my-auto mx-auto pb-10 [--thread-content-margin:--spacing(4)] @w-sm\/main:[--thread-content-margin:--spacing(6)] @w-lg\/main:[--thread-content-margin:--spacing(16)] px-(--thread-content-margin)\"><div class=\"[--thread-content-max-width:40rem] @w-lg\/main:[--thread-content-max-width:48rem] mx-auto max-w-(--thread-content-max-width) flex-1 group\/turn-messages focus-visible:outline-hidden relative flex w-full min-w-0 flex-col agent-turn\" tabindex=\"-1\"><div class=\"flex max-w-full flex-col grow\"><div class=\"min-h-8 text-message relative flex w-full flex-col items-end gap-2 text-start break-words whitespace-normal [.text-message+&amp;]:mt-1\" dir=\"auto\" data-message-author-role=\"assistant\" data-message-id=\"1d5496c9-dfd3-473f-b70f-5dcfbb6db0c5\" data-message-model-slug=\"gpt-5-2\"><div class=\"flex w-full flex-col gap-1 empty:hidden first:pt-[1px]\"><div class=\"markdown prose dark:prose-invert w-full break-words light markdown-new-styling\"><p data-start=\"1116\" data-end=\"1297\">Lernen Sie jede Facette von <strong data-start=\"1138\" data-end=\"1148\">Madrid<\/strong> auf einer kompletten Tour kennen, die \u00fcber das historische Zentrum hinausgeht und Geschichte, Viertel mit Identit\u00e4t, Kultur und Gr\u00fcnfl\u00e4chen in einer einzigen Tour kombiniert.<\/p><p data-start=\"1116\" data-end=\"1297\"> <\/p><p data-start=\"1299\" data-end=\"1539\">W\u00e4hrend dieser <strong data-start=\"1320\" data-end=\"1331\">2-st\u00fcndigen<\/strong> Tour entdecken Sie symboltr\u00e4chtige Gebiete und einzigartige Kontraste der Stadt, erkunden traditionelle Viertel, gro\u00dfe st\u00e4dtische Achsen, kulturelle Gebiete und Ecken voller Geschichte, die das authentischste Madrid zeigen.<\/p><p data-start=\"1299\" data-end=\"1539\"> <\/p><p data-start=\"1541\" data-end=\"1765\">Diese 2-st\u00fcndige Tour f\u00e4ngt die historische, kulturelle und urbane Essenz von Madrid ein und bietet Ihnen ein umfassendes, komfortables und nachhaltiges Erlebnis an Bord unserer <strong data-start=\"1700\" data-end=\"1722\">elektrischen Tuk Tuks<\/strong>, ideal, um die Stadt ohne Eile zu erkunden.<\/p><\/div><\/div><\/div><\/div><\/div><\/div><\/article><\/div><\/div><\/div><\/div><\/div><\/div><\/div>\t\t\t\t\t\t\t\t<\/div>\n\t\t\t\t<\/div>\n\t\t\t\t<\/a>\n\t\t\t\t\t<\/div>\n\t\t\t\t<\/div>\n\t\t<div class=\"elementor-element elementor-element-4afebe59 e-flex e-con-boxed e-con e-parent\" data-id=\"4afebe59\" data-element_type=\"container\" data-e-type=\"container\" data-settings=\"{&quot;background_background&quot;:&quot;classic&quot;}\">\n\t\t\t\t\t<div class=\"e-con-inner\">\n\t\t\t\t<div class=\"elementor-element elementor-element-6ab27b53 elementor-widget elementor-widget-heading\" data-id=\"6ab27b53\" data-element_type=\"widget\" data-e-type=\"widget\" data-widget_type=\"heading.default\">\n\t\t\t\t<div class=\"elementor-widget-container\">\n\t\t\t\t\t<h2 class=\"elementor-heading-title elementor-size-default\"><a href=\"https:\/\/walktuk.com\/de\/reserva\/\">Gestalten Sie Ihr einzigartiges Erlebnis in Madrid<\/a><\/h2>\t\t\t\t<\/div>\n\t\t\t\t<\/div>\n\t\t\t\t\t<\/div>\n\t\t\t\t<\/div>\n\t\t\t\t<\/div>\n\t\t","protected":false},"excerpt":{"rendered":"<p>PRIVATE TOUR IM TUK TUK MADRID KONTAKTIEREN SIE UNS Entdecke Madrid auf exklusive und pers\u00f6nliche Weise mit unseren privaten Touren in elektrischen Tuk Tuks. Mit einer Kapazit\u00e4t von bis zu 4 Personen pro Fahrzeug sind sie die ideale Option f\u00fcr kleine Gruppen, Familien, Freunde oder Paare, die die Stadt in vollem Komfort und ohne die [&hellip;]<\/p>\n","protected":false},"author":1,"featured_media":0,"parent":11231,"menu_order":0,"comment_status":"closed","ping_status":"closed","template":"","meta":{"site-sidebar-layout":"no-sidebar","site-content-layout":"page-builder","ast-site-content-layout":"full-width-container","site-content-style":"default","site-sidebar-style":"default","ast-global-header-display":"","ast-banner-title-visibility":"","ast-main-header-display":"","ast-hfb-above-header-display":"","ast-hfb-below-header-display":"","ast-hfb-mobile-header-display":"","site-post-title":"disabled","ast-breadcrumbs-content":"","ast-featured-img":"disabled","footer-sml-layout":"","ast-disable-related-posts":"","theme-transparent-header-meta":"","adv-header-id-meta":"","stick-header-meta":"","header-above-stick-meta":"","header-main-stick-meta":"","header-below-stick-meta":"","astra-migrate-meta-layouts":"default","ast-page-background-enabled":"default","ast-page-background-meta":{"desktop":{"background-color":"var(--ast-global-color-5)","background-image":"","background-repeat":"repeat","background-position":"center center","background-size":"auto","background-attachment":"scroll","background-type":"","background-media":"","overlay-type":"","overlay-color":"","overlay-opacity":"","overlay-gradient":""},"tablet":{"background-color":"","background-image":"","background-repeat":"repeat","background-position":"center center","background-size":"auto","background-attachment":"scroll","background-type":"","background-media":"","overlay-type":"","overlay-color":"","overlay-opacity":"","overlay-gradient":""},"mobile":{"background-color":"","background-image":"","background-repeat":"repeat","background-position":"center center","background-size":"auto","background-attachment":"scroll","background-type":"","background-media":"","overlay-type":"","overlay-color":"","overlay-opacity":"","overlay-gradient":""}},"ast-content-background-meta":{"desktop":{"background-color":"var(--ast-global-color-4)","background-image":"","background-repeat":"repeat","background-position":"center center","background-size":"auto","background-attachment":"scroll","background-type":"","background-media":"","overlay-type":"","overlay-color":"","overlay-opacity":"","overlay-gradient":""},"tablet":{"background-color":"var(--ast-global-color-4)","background-image":"","background-repeat":"repeat","background-position":"center center","background-size":"auto","background-attachment":"scroll","background-type":"","background-media":"","overlay-type":"","overlay-color":"","overlay-opacity":"","overlay-gradient":""},"mobile":{"background-color":"var(--ast-global-color-4)","background-image":"","background-repeat":"repeat","background-position":"center center","background-size":"auto","background-attachment":"scroll","background-type":"","background-media":"","overlay-type":"","overlay-color":"","overlay-opacity":"","overlay-gradient":""}},"footnotes":""},"class_list":["post-11546","page","type-page","status-publish","hentry"],"aioseo_notices":[],"_links":{"self":[{"href":"https:\/\/walktuk.com\/de\/wp-json\/wp\/v2\/pages\/11546","targetHints":{"allow":["GET"]}}],"collection":[{"href":"https:\/\/walktuk.com\/de\/wp-json\/wp\/v2\/pages"}],"about":[{"href":"https:\/\/walktuk.com\/de\/wp-json\/wp\/v2\/types\/page"}],"author":[{"embeddable":true,"href":"https:\/\/walktuk.com\/de\/wp-json\/wp\/v2\/users\/1"}],"replies":[{"embeddable":true,"href":"https:\/\/walktuk.com\/de\/wp-json\/wp\/v2\/comments?post=11546"}],"version-history":[{"count":5,"href":"https:\/\/walktuk.com\/de\/wp-json\/wp\/v2\/pages\/11546\/revisions"}],"predecessor-version":[{"id":11693,"href":"https:\/\/walktuk.com\/de\/wp-json\/wp\/v2\/pages\/11546\/revisions\/11693"}],"up":[{"embeddable":true,"href":"https:\/\/walktuk.com\/de\/wp-json\/wp\/v2\/pages\/11231"}],"wp:attachment":[{"href":"https:\/\/walktuk.com\/de\/wp-json\/wp\/v2\/media?parent=11546"}],"curies":[{"name":"wp","href":"https:\/\/api.w.org\/{rel}","templated":true}]}}