{"id":5124,"date":"2024-10-30T13:34:23","date_gmt":"2024-10-30T12:34:23","guid":{"rendered":"https:\/\/walktuk.com\/valencia\/individuelle-privattouren\/"},"modified":"2026-01-22T16:18:07","modified_gmt":"2026-01-22T15:18:07","slug":"tour-tuk-tuk-privado","status":"publish","type":"page","link":"https:\/\/walktuk.com\/de\/valencia\/tour-tuk-tuk-privado\/","title":{"rendered":"Individuelle Privattouren"},"content":{"rendered":"\t\t<div data-elementor-type=\"wp-page\" data-elementor-id=\"5124\" class=\"elementor elementor-5124 elementor-1917\">\n\t\t\t\t<div class=\"elementor-element elementor-element-85ad6b3 e-flex e-con-boxed e-con e-parent\" data-id=\"85ad6b3\" data-element_type=\"container\" data-e-type=\"container\" data-settings=\"{&quot;background_background&quot;:&quot;slideshow&quot;,&quot;background_slideshow_gallery&quot;:[{&quot;id&quot;:4610,&quot;url&quot;:&quot;https:\\\/\\\/walktuk.com\\\/wp-content\\\/uploads\\\/2025\\\/01\\\/banner-6__msi___jpg.jpg&quot;},{&quot;id&quot;:8448,&quot;url&quot;:&quot;https:\\\/\\\/walktuk.com\\\/wp-content\\\/uploads\\\/2025\\\/06\\\/WhatsApp-Image-2025-06-16-at-10.14.10.jpg&quot;}],&quot;background_slideshow_slide_duration&quot;:4000,&quot;background_slideshow_loop&quot;:&quot;yes&quot;,&quot;background_slideshow_slide_transition&quot;:&quot;fade&quot;,&quot;background_slideshow_transition_duration&quot;:500}\">\n\t\t\t\t\t<div class=\"e-con-inner\">\n\t\t\t\t<div class=\"elementor-element elementor-element-fd3482d elementor-widget elementor-widget-heading\" data-id=\"fd3482d\" data-element_type=\"widget\" data-e-type=\"widget\" data-widget_type=\"heading.default\">\n\t\t\t\t<div class=\"elementor-widget-container\">\n\t\t\t\t\t<h1 class=\"elementor-heading-title elementor-size-default\">MASSGESCHNEIDERTE PRIVATE TOUR IN VALENCIA<\/h1>\t\t\t\t<\/div>\n\t\t\t\t<\/div>\n\t\t\t\t<div class=\"elementor-element elementor-element-f0e9a18 elementor-widget-divider--view-line elementor-widget elementor-widget-divider\" data-id=\"f0e9a18\" data-element_type=\"widget\" data-e-type=\"widget\" data-widget_type=\"divider.default\">\n\t\t\t\t<div class=\"elementor-widget-container\">\n\t\t\t\t\t\t\t<div class=\"elementor-divider\">\n\t\t\t<span class=\"elementor-divider-separator\">\n\t\t\t\t\t\t<\/span>\n\t\t<\/div>\n\t\t\t\t\t\t<\/div>\n\t\t\t\t<\/div>\n\t\t\t\t<div class=\"elementor-element elementor-element-7c52d58 elementor-align-left elementor-widget elementor-widget-button\" data-id=\"7c52d58\" data-element_type=\"widget\" data-e-type=\"widget\" data-widget_type=\"button.default\">\n\t\t\t\t<div class=\"elementor-widget-container\">\n\t\t\t\t\t\t\t\t\t<div class=\"elementor-button-wrapper\">\n\t\t\t\t\t<a class=\"elementor-button elementor-button-link elementor-size-sm\" href=\"https:\/\/walktuk.com\/de\/contacto\/\">\n\t\t\t\t\t\t<span class=\"elementor-button-content-wrapper\">\n\t\t\t\t\t\t\t\t\t<span class=\"elementor-button-text\">KONTAKTIEREN SIE UNS<\/span>\n\t\t\t\t\t<\/span>\n\t\t\t\t\t<\/a>\n\t\t\t\t<\/div>\n\t\t\t\t\t\t\t\t<\/div>\n\t\t\t\t<\/div>\n\t\t\t\t\t<\/div>\n\t\t\t\t<\/div>\n\t\t<div class=\"elementor-element elementor-element-a08de27 e-flex e-con-boxed e-con e-parent\" data-id=\"a08de27\" data-element_type=\"container\" data-e-type=\"container\">\n\t\t\t\t\t<div class=\"e-con-inner\">\n\t\t\t\t<div class=\"elementor-element elementor-element-bbc2620 elementor-widget elementor-widget-text-editor\" data-id=\"bbc2620\" data-element_type=\"widget\" data-e-type=\"widget\" data-widget_type=\"text-editor.default\">\n\t\t\t\t<div class=\"elementor-widget-container\">\n\t\t\t\t\t\t\t\t\t<p data-pm-slice=\"1 1 []\">Entdecken Sie <strong>Valencia<\/strong> auf exklusive und pers\u00f6nliche Weise mit unseren <strong>privaten Tuk-Tuk-Touren<\/strong> <strong>mit Elektroantrieb<\/strong>. Mit einer Kapazit\u00e4t von bis zu <strong>4 Personen pro Fahrzeug<\/strong> sind diese Touren ideal f\u00fcr Gruppen, Familien, Freunde oder Paare und bieten Ihnen die Freiheit, die Stadt in Ihrem eigenen Tempo zu erkunden. Dieser Service ist f\u00fcr diejenigen gedacht, die ein pers\u00f6nliches Erlebnis w\u00fcnschen, bei dem das Tempo, die Details und die Stopps an Ihre Vorlieben angepasst werden.<\/p><p data-pm-slice=\"1 1 []\"> <\/p><p data-pm-slice=\"1 1 []\">Und wenn Sie Ihr Abenteuer noch einen Schritt weiterf\u00fchren m\u00f6chten, k\u00f6nnen Sie jetzt <strong data-start=\"715\" data-end=\"768\">eine Bootsfahrt entlang der K\u00fcste von Valencia hinzuf\u00fcgen<\/strong>, ein einzigartiges Erlebnis in Zusammenarbeit mit <em data-start=\"812\" data-end=\"823\"><b>MyBestDay<\/b><\/em>, erh\u00e4ltlich in den Formaten 2 Stunden oder 4 Stunden. Die perfekte Kombination aus Land und Meer an einem Tag.<\/p><p data-pm-slice=\"1 1 []\"> <\/p><p data-pm-slice=\"1 1 []\"><strong data-start=\"868\" data-end=\"922\">Informieren Sie sich \u00fcber unsere speziellen Tuk-Tuk- + Boots-Pakete<\/strong> und lassen Sie sich von einer anderen und umfassenden Art \u00fcberraschen, Valencia zu genie\u00dfen, immer mit dem Komfort und der pers\u00f6nlichen Betreuung, die Sie verdienen.<\/p>\t\t\t\t\t\t\t\t<\/div>\n\t\t\t\t<\/div>\n\t\t\t\t\t<\/div>\n\t\t\t\t<\/div>\n\t\t<div class=\"elementor-element elementor-element-a5edde8 e-flex e-con-boxed e-con e-parent\" data-id=\"a5edde8\" data-element_type=\"container\" data-e-type=\"container\">\n\t\t\t\t\t<div class=\"e-con-inner\">\n\t\t<a class=\"elementor-element elementor-element-a48a6ee e-con-full e-flex e-con e-child\" data-id=\"a48a6ee\" data-element_type=\"container\" data-e-type=\"container\" data-settings=\"{&quot;background_background&quot;:&quot;classic&quot;}\" href=\"https:\/\/walktuk.com\/de\/valencia\/tour-tuk-tuk-1h\/\">\n\t\t\t\t<div class=\"elementor-element elementor-element-446d591 elementor-view-default elementor-widget elementor-widget-icon\" data-id=\"446d591\" data-element_type=\"widget\" data-e-type=\"widget\" data-widget_type=\"icon.default\">\n\t\t\t\t<div class=\"elementor-widget-container\">\n\t\t\t\t\t\t\t<div class=\"elementor-icon-wrapper\">\n\t\t\t<div class=\"elementor-icon\">\n\t\t\t<svg aria-hidden=\"true\" class=\"e-font-icon-svg e-fas-map\" viewBox=\"0 0 576 512\" xmlns=\"http:\/\/www.w3.org\/2000\/svg\"><path d=\"M0 117.66v346.32c0 11.32 11.43 19.06 21.94 14.86L160 416V32L20.12 87.95A32.006 32.006 0 0 0 0 117.66zM192 416l192 64V96L192 32v384zM554.06 33.16L416 96v384l139.88-55.95A31.996 31.996 0 0 0 576 394.34V48.02c0-11.32-11.43-19.06-21.94-14.86z\"><\/path><\/svg>\t\t\t<\/div>\n\t\t<\/div>\n\t\t\t\t\t\t<\/div>\n\t\t\t\t<\/div>\n\t\t\t\t<div class=\"elementor-element elementor-element-71a8564 elementor-widget elementor-widget-heading\" data-id=\"71a8564\" data-element_type=\"widget\" data-e-type=\"widget\" data-widget_type=\"heading.default\">\n\t\t\t\t<div class=\"elementor-widget-container\">\n\t\t\t\t\t<h2 class=\"elementor-heading-title elementor-size-default\">Historische Tour\n<\/h2>\t\t\t\t<\/div>\n\t\t\t\t<\/div>\n\t\t\t\t<div class=\"elementor-element elementor-element-30e48f6 elementor-widget elementor-widget-heading\" data-id=\"30e48f6\" data-element_type=\"widget\" data-e-type=\"widget\" data-widget_type=\"heading.default\">\n\t\t\t\t<div class=\"elementor-widget-container\">\n\t\t\t\t\t<h2 class=\"elementor-heading-title elementor-size-default\">1 Stunde valencianische Essenz\n<\/h2>\t\t\t\t<\/div>\n\t\t\t\t<\/div>\n\t\t\t\t<div class=\"elementor-element elementor-element-2d1a494 elementor-widget elementor-widget-text-editor\" data-id=\"2d1a494\" data-element_type=\"widget\" data-e-type=\"widget\" data-widget_type=\"text-editor.default\">\n\t\t\t\t<div class=\"elementor-widget-container\">\n\t\t\t\t\t\t\t\t\t<div id=\"c1168\" class=\"col col-sm-12 col-md-6 palette_color_5\"><div id=\"m3519\" class=\"module text\"><p class=\"lightbodytext\">Tauchen Sie ein in die Geschichte Valencias mit einer Tour, die f\u00fcr Liebhaber der Vergangenheit konzipiert wurde. Diese 1-st\u00fcndige Tour beinhaltet Stopps an emblematischen Orten wie den Serranos-T\u00fcrmen, dem Turm der Heiligen Katharina und dem Col\u00f3n-Markt. <\/p><p> <\/p><p class=\"lightbodytext\">Perfekt f\u00fcr diejenigen, die eine schnelle, aber vollst\u00e4ndige Einf\u00fchrung w\u00fcnschen. Diese Tour erm\u00f6glicht es Ihnen, die Seele der Altstadt zu entdecken und gleichzeitig den Komfort und die Nachhaltigkeit unserer elektrischen Tuk-Tuks zu genie\u00dfen.<\/p><\/div><\/div>\t\t\t\t\t\t\t\t<\/div>\n\t\t\t\t<\/div>\n\t\t\t\t<\/a>\n\t\t<a class=\"elementor-element elementor-element-521d184 e-con-full e-flex e-con e-child\" data-id=\"521d184\" data-element_type=\"container\" data-e-type=\"container\" data-settings=\"{&quot;background_background&quot;:&quot;classic&quot;}\" href=\"https:\/\/walktuk.com\/de\/valencia\/tour-tuk-tuk-2h\/\">\n\t\t\t\t<div class=\"elementor-element elementor-element-8430f45 elementor-view-default elementor-widget elementor-widget-icon\" data-id=\"8430f45\" data-element_type=\"widget\" data-e-type=\"widget\" data-widget_type=\"icon.default\">\n\t\t\t\t<div class=\"elementor-widget-container\">\n\t\t\t\t\t\t\t<div class=\"elementor-icon-wrapper\">\n\t\t\t<div class=\"elementor-icon\">\n\t\t\t<svg aria-hidden=\"true\" class=\"e-font-icon-svg e-fas-map\" viewBox=\"0 0 576 512\" xmlns=\"http:\/\/www.w3.org\/2000\/svg\"><path d=\"M0 117.66v346.32c0 11.32 11.43 19.06 21.94 14.86L160 416V32L20.12 87.95A32.006 32.006 0 0 0 0 117.66zM192 416l192 64V96L192 32v384zM554.06 33.16L416 96v384l139.88-55.95A31.996 31.996 0 0 0 576 394.34V48.02c0-11.32-11.43-19.06-21.94-14.86z\"><\/path><\/svg>\t\t\t<\/div>\n\t\t<\/div>\n\t\t\t\t\t\t<\/div>\n\t\t\t\t<\/div>\n\t\t\t\t<div class=\"elementor-element elementor-element-b05398c elementor-widget elementor-widget-heading\" data-id=\"b05398c\" data-element_type=\"widget\" data-e-type=\"widget\" data-widget_type=\"heading.default\">\n\t\t\t\t<div class=\"elementor-widget-container\">\n\t\t\t\t\t<h2 class=\"elementor-heading-title elementor-size-default\">Komplette Tour\n<\/h2>\t\t\t\t<\/div>\n\t\t\t\t<\/div>\n\t\t\t\t<div class=\"elementor-element elementor-element-016f2a6 elementor-widget elementor-widget-heading\" data-id=\"016f2a6\" data-element_type=\"widget\" data-e-type=\"widget\" data-widget_type=\"heading.default\">\n\t\t\t\t<div class=\"elementor-widget-container\">\n\t\t\t\t\t<h2 class=\"elementor-heading-title elementor-size-default\">2 Stunden Erkundung von Valencia von Nord nach S\u00fcd<\/h2>\t\t\t\t<\/div>\n\t\t\t\t<\/div>\n\t\t\t\t<div class=\"elementor-element elementor-element-9372824 elementor-widget elementor-widget-text-editor\" data-id=\"9372824\" data-element_type=\"widget\" data-e-type=\"widget\" data-widget_type=\"text-editor.default\">\n\t\t\t\t<div class=\"elementor-widget-container\">\n\t\t\t\t\t\t\t\t\t<div id=\"c1168\" class=\"col col-sm-12 col-md-6 palette_color_5\"><div id=\"m3519\" class=\"module text\"><div id=\"r1589\" class=\"row palette_color_4\"><div class=\"container container-fixed\"><div id=\"c1619\" class=\"col col-sm-12 col-md-6 palette_color_5\"><div id=\"m3326\" class=\"module text\"><p class=\"lightbodytext\">Lernen Sie jede Facette Valencias auf einer kompletten Tour kennen, die von den historischen Quart-T\u00fcrmen bis zur ikonischen Stadt der K\u00fcnste und Wissenschaften reicht.<\/p><p> <\/p><p class=\"lightbodytext\">Besuchen Sie die Str\u00e4nde von Las Arenas und La Malvarrosa, erkunden Sie den Charme des Viertels El Caba\u00f1al und bestaunen Sie die Blumenbr\u00fccke und den Col\u00f3n-Markt. Diese 2-st\u00fcndige Tour f\u00e4ngt die mittelalterliche, moderne und K\u00fcstenessenz der Stadt ein. <\/p><\/div><\/div><\/div><\/div><div id=\"r3339\" class=\"row palette_color_4 bgfilter\"><div class=\"container container-fixed colsStack\"><div id=\"c1255\" class=\"col col-md-6 col-lg-6 col-sm-12\"> <\/div><\/div><\/div><\/div><\/div>\t\t\t\t\t\t\t\t<\/div>\n\t\t\t\t<\/div>\n\t\t\t\t<\/a>\n\t\t\t\t\t<\/div>\n\t\t\t\t<\/div>\n\t\t<div class=\"elementor-element elementor-element-b041f98 e-flex e-con-boxed e-con e-parent\" data-id=\"b041f98\" data-element_type=\"container\" data-e-type=\"container\" data-settings=\"{&quot;background_background&quot;:&quot;classic&quot;}\">\n\t\t\t\t\t<div class=\"e-con-inner\">\n\t\t<div class=\"elementor-element elementor-element-b4301d1 e-con-full e-flex e-con e-child\" data-id=\"b4301d1\" data-element_type=\"container\" data-e-type=\"container\">\n\t\t\t\t<div class=\"elementor-element elementor-element-efd9214 elementor-widget elementor-widget-image\" data-id=\"efd9214\" data-element_type=\"widget\" data-e-type=\"widget\" data-widget_type=\"image.default\">\n\t\t\t\t<div class=\"elementor-widget-container\">\n\t\t\t\t\t\t\t\t\t\t\t\t\t\t\t<img fetchpriority=\"high\" decoding=\"async\" width=\"768\" height=\"1024\" src=\"https:\/\/walktuk.com\/wp-content\/uploads\/2025\/06\/WhatsApp-Image-2025-06-16-at-10.14.10-1-768x1024.jpg\" class=\"attachment-medium_large size-medium_large wp-image-8462\" alt=\"\" srcset=\"https:\/\/walktuk.com\/wp-content\/uploads\/2025\/06\/WhatsApp-Image-2025-06-16-at-10.14.10-1-768x1024.jpg 768w, https:\/\/walktuk.com\/wp-content\/uploads\/2025\/06\/WhatsApp-Image-2025-06-16-at-10.14.10-1-225x300.jpg 225w, https:\/\/walktuk.com\/wp-content\/uploads\/2025\/06\/WhatsApp-Image-2025-06-16-at-10.14.10-1-1152x1536.jpg 1152w, https:\/\/walktuk.com\/wp-content\/uploads\/2025\/06\/WhatsApp-Image-2025-06-16-at-10.14.10-1.jpg 1536w\" sizes=\"(max-width: 768px) 100vw, 768px\" \/>\t\t\t\t\t\t\t\t\t\t\t\t\t\t\t<\/div>\n\t\t\t\t<\/div>\n\t\t\t\t<\/div>\n\t\t<div class=\"elementor-element elementor-element-5e66f2b e-con-full e-flex e-con e-child\" data-id=\"5e66f2b\" data-element_type=\"container\" data-e-type=\"container\" data-settings=\"{&quot;background_background&quot;:&quot;classic&quot;}\">\n\t\t\t\t<div class=\"elementor-element elementor-element-691cc02 elementor-view-default elementor-widget elementor-widget-icon\" data-id=\"691cc02\" data-element_type=\"widget\" data-e-type=\"widget\" data-widget_type=\"icon.default\">\n\t\t\t\t<div class=\"elementor-widget-container\">\n\t\t\t\t\t\t\t<div class=\"elementor-icon-wrapper\">\n\t\t\t<div class=\"elementor-icon\">\n\t\t\t<svg aria-hidden=\"true\" class=\"e-font-icon-svg e-fas-map\" viewBox=\"0 0 576 512\" xmlns=\"http:\/\/www.w3.org\/2000\/svg\"><path d=\"M0 117.66v346.32c0 11.32 11.43 19.06 21.94 14.86L160 416V32L20.12 87.95A32.006 32.006 0 0 0 0 117.66zM192 416l192 64V96L192 32v384zM554.06 33.16L416 96v384l139.88-55.95A31.996 31.996 0 0 0 576 394.34V48.02c0-11.32-11.43-19.06-21.94-14.86z\"><\/path><\/svg>\t\t\t<\/div>\n\t\t<\/div>\n\t\t\t\t\t\t<\/div>\n\t\t\t\t<\/div>\n\t\t\t\t<div class=\"elementor-element elementor-element-92e993d elementor-widget elementor-widget-heading\" data-id=\"92e993d\" data-element_type=\"widget\" data-e-type=\"widget\" data-widget_type=\"heading.default\">\n\t\t\t\t<div class=\"elementor-widget-container\">\n\t\t\t\t\t<h2 class=\"elementor-heading-title elementor-size-default\"><a href=\"https:\/\/walktuk.com\/de\/reserva\/\">Erg\u00e4nzen Sie Ihre Tour mit einem Bootsausflug<\/a><\/h2>\t\t\t\t<\/div>\n\t\t\t\t<\/div>\n\t\t\t\t<div class=\"elementor-element elementor-element-0f29fe2 elementor-widget-divider--view-line elementor-widget elementor-widget-divider\" data-id=\"0f29fe2\" data-element_type=\"widget\" data-e-type=\"widget\" data-widget_type=\"divider.default\">\n\t\t\t\t<div class=\"elementor-widget-container\">\n\t\t\t\t\t\t\t<div class=\"elementor-divider\">\n\t\t\t<span class=\"elementor-divider-separator\">\n\t\t\t\t\t\t<\/span>\n\t\t<\/div>\n\t\t\t\t\t\t<\/div>\n\t\t\t\t<\/div>\n\t\t\t\t<div class=\"elementor-element elementor-element-bc7bec5 elementor-widget elementor-widget-text-editor\" data-id=\"bc7bec5\" data-element_type=\"widget\" data-e-type=\"widget\" data-widget_type=\"text-editor.default\">\n\t\t\t\t<div class=\"elementor-widget-container\">\n\t\t\t\t\t\t\t\t\t<p data-start=\"138\" data-end=\"906\">Bringen Sie Ihr Erlebnis auf die n\u00e4chste Stufe, indem Sie Ihre Tuk-Tuk-Tour mit einer exklusiven Bootsfahrt entlang der valencianischen K\u00fcste kombinieren, in Zusammenarbeit mit unserem Partnerunternehmen <em data-start=\"360\" data-end=\"371\">MyBestDay<\/em>. Am Ende Ihrer Tour durch die Stadt bringt Sie Ihr Reiseleiter direkt zum Einschiffungspunkt, wo ein privates Boot mit professionellem Skipper auf Sie wartet.<\/p><p data-start=\"138\" data-end=\"906\"><br data-start=\"534\" data-end=\"537\">Sie k\u00f6nnen zwischen einer 2-st\u00fcndigen oder einer 4-st\u00fcndigen Ausfahrt w\u00e4hlen, die beide perfekt sind, um sich zu entspannen, das Meer zu genie\u00dfen und Valencia aus einer neuen Perspektive zu betrachten. W\u00e4hrend der Fahrt k\u00f6nnen Sie an Bord etwas trinken und vor Anker gehen, um im offenen Meer zu baden.<\/p><p data-start=\"138\" data-end=\"906\"> <\/p><p data-start=\"138\" data-end=\"906\">Eine perfekte Kombination aus Land und Meer, um Ihren Tag unvergesslich zu machen.<\/p>\t\t\t\t\t\t\t\t<\/div>\n\t\t\t\t<\/div>\n\t\t\t\t<div class=\"elementor-element elementor-element-f7fef14 elementor-align-left elementor-widget elementor-widget-button\" data-id=\"f7fef14\" data-element_type=\"widget\" data-e-type=\"widget\" data-widget_type=\"button.default\">\n\t\t\t\t<div class=\"elementor-widget-container\">\n\t\t\t\t\t\t\t\t\t<div class=\"elementor-button-wrapper\">\n\t\t\t\t\t<a class=\"elementor-button elementor-button-link elementor-size-sm\" href=\"https:\/\/walktuk.com\/de\/valencia\/bootsfahrt\/\">\n\t\t\t\t\t\t<span class=\"elementor-button-content-wrapper\">\n\t\t\t\t\t\t\t\t\t<span class=\"elementor-button-text\">MEHR INFORMATIONEN<\/span>\n\t\t\t\t\t<\/span>\n\t\t\t\t\t<\/a>\n\t\t\t\t<\/div>\n\t\t\t\t\t\t\t\t<\/div>\n\t\t\t\t<\/div>\n\t\t\t\t<\/div>\n\t\t\t\t\t<\/div>\n\t\t\t\t<\/div>\n\t\t<div class=\"elementor-element elementor-element-f9980f8 e-flex e-con-boxed e-con e-parent\" data-id=\"f9980f8\" data-element_type=\"container\" data-e-type=\"container\" data-settings=\"{&quot;background_background&quot;:&quot;classic&quot;}\">\n\t\t\t\t\t<div class=\"e-con-inner\">\n\t\t\t\t<div class=\"elementor-element elementor-element-99ad0a4 elementor-widget elementor-widget-heading\" data-id=\"99ad0a4\" data-element_type=\"widget\" data-e-type=\"widget\" data-widget_type=\"heading.default\">\n\t\t\t\t<div class=\"elementor-widget-container\">\n\t\t\t\t\t<h2 class=\"elementor-heading-title elementor-size-default\"><a href=\"https:\/\/walktuk.com\/de\/reserva\/\">Gestalte dein einzigartiges Erlebnis<br>IN VALENCIA<\/a><\/h2>\t\t\t\t<\/div>\n\t\t\t\t<\/div>\n\t\t\t\t\t<\/div>\n\t\t\t\t<\/div>\n\t\t\t\t<\/div>\n\t\t","protected":false},"excerpt":{"rendered":"<p>MASSGESCHNEIDERTE PRIVATE TOUR IN VALENCIA KONTAKTIEREN SIE UNS Entdecken Sie Valencia auf exklusive und pers\u00f6nliche Weise mit unseren privaten Tuk-Tuk-Touren mit Elektroantrieb. Mit einer Kapazit\u00e4t von bis zu 4 Personen pro Fahrzeug sind diese Touren ideal f\u00fcr Gruppen, Familien, Freunde oder Paare und bieten Ihnen die Freiheit, die Stadt in Ihrem eigenen Tempo zu erkunden. [&hellip;]<\/p>\n","protected":false},"author":1,"featured_media":0,"parent":6056,"menu_order":0,"comment_status":"closed","ping_status":"closed","template":"","meta":{"site-sidebar-layout":"no-sidebar","site-content-layout":"page-builder","ast-site-content-layout":"full-width-container","site-content-style":"unboxed","site-sidebar-style":"unboxed","ast-global-header-display":"","ast-banner-title-visibility":"","ast-main-header-display":"","ast-hfb-above-header-display":"","ast-hfb-below-header-display":"","ast-hfb-mobile-header-display":"","site-post-title":"disabled","ast-breadcrumbs-content":"","ast-featured-img":"disabled","footer-sml-layout":"","ast-disable-related-posts":"","theme-transparent-header-meta":"","adv-header-id-meta":"","stick-header-meta":"","header-above-stick-meta":"","header-main-stick-meta":"","header-below-stick-meta":"","astra-migrate-meta-layouts":"default","ast-page-background-enabled":"default","ast-page-background-meta":{"desktop":{"background-color":"var(--ast-global-color-5)","background-image":"","background-repeat":"repeat","background-position":"center center","background-size":"auto","background-attachment":"scroll","background-type":"","background-media":"","overlay-type":"","overlay-color":"","overlay-opacity":"","overlay-gradient":""},"tablet":{"background-color":"","background-image":"","background-repeat":"repeat","background-position":"center center","background-size":"auto","background-attachment":"scroll","background-type":"","background-media":"","overlay-type":"","overlay-color":"","overlay-opacity":"","overlay-gradient":""},"mobile":{"background-color":"","background-image":"","background-repeat":"repeat","background-position":"center center","background-size":"auto","background-attachment":"scroll","background-type":"","background-media":"","overlay-type":"","overlay-color":"","overlay-opacity":"","overlay-gradient":""}},"ast-content-background-meta":{"desktop":{"background-color":"var(--ast-global-color-4)","background-image":"","background-repeat":"repeat","background-position":"center center","background-size":"auto","background-attachment":"scroll","background-type":"","background-media":"","overlay-type":"","overlay-color":"","overlay-opacity":"","overlay-gradient":""},"tablet":{"background-color":"var(--ast-global-color-4)","background-image":"","background-repeat":"repeat","background-position":"center center","background-size":"auto","background-attachment":"scroll","background-type":"","background-media":"","overlay-type":"","overlay-color":"","overlay-opacity":"","overlay-gradient":""},"mobile":{"background-color":"var(--ast-global-color-4)","background-image":"","background-repeat":"repeat","background-position":"center center","background-size":"auto","background-attachment":"scroll","background-type":"","background-media":"","overlay-type":"","overlay-color":"","overlay-opacity":"","overlay-gradient":""}},"footnotes":""},"class_list":["post-5124","page","type-page","status-publish","hentry"],"aioseo_notices":[],"_links":{"self":[{"href":"https:\/\/walktuk.com\/de\/wp-json\/wp\/v2\/pages\/5124","targetHints":{"allow":["GET"]}}],"collection":[{"href":"https:\/\/walktuk.com\/de\/wp-json\/wp\/v2\/pages"}],"about":[{"href":"https:\/\/walktuk.com\/de\/wp-json\/wp\/v2\/types\/page"}],"author":[{"embeddable":true,"href":"https:\/\/walktuk.com\/de\/wp-json\/wp\/v2\/users\/1"}],"replies":[{"embeddable":true,"href":"https:\/\/walktuk.com\/de\/wp-json\/wp\/v2\/comments?post=5124"}],"version-history":[{"count":13,"href":"https:\/\/walktuk.com\/de\/wp-json\/wp\/v2\/pages\/5124\/revisions"}],"predecessor-version":[{"id":11434,"href":"https:\/\/walktuk.com\/de\/wp-json\/wp\/v2\/pages\/5124\/revisions\/11434"}],"up":[{"embeddable":true,"href":"https:\/\/walktuk.com\/de\/wp-json\/wp\/v2\/pages\/6056"}],"wp:attachment":[{"href":"https:\/\/walktuk.com\/de\/wp-json\/wp\/v2\/media?parent=5124"}],"curies":[{"name":"wp","href":"https:\/\/api.w.org\/{rel}","templated":true}]}}