{"id":5150,"date":"2025-02-12T12:28:50","date_gmt":"2025-02-12T11:28:50","guid":{"rendered":"https:\/\/walktuk.com\/private-touren-palma\/"},"modified":"2026-01-22T16:17:25","modified_gmt":"2026-01-22T15:17:25","slug":"tour-tuk-tuk-privado","status":"publish","type":"page","link":"https:\/\/walktuk.com\/de\/mallorca\/tour-tuk-tuk-privado\/","title":{"rendered":"Private Touren Palma"},"content":{"rendered":"\t\t<div data-elementor-type=\"wp-page\" data-elementor-id=\"5150\" class=\"elementor elementor-5150 elementor-3468\">\n\t\t\t\t<div class=\"elementor-element elementor-element-a60e9a1 e-flex e-con-boxed e-con e-parent\" data-id=\"a60e9a1\" data-element_type=\"container\" data-e-type=\"container\" data-settings=\"{&quot;background_background&quot;:&quot;classic&quot;,&quot;shape_divider_bottom&quot;:&quot;opacity-fan&quot;}\">\n\t\t\t\t\t<div class=\"e-con-inner\">\n\t\t\t\t<div class=\"elementor-shape elementor-shape-bottom\" aria-hidden=\"true\" data-negative=\"false\">\n\t\t\t<svg xmlns=\"http:\/\/www.w3.org\/2000\/svg\" viewBox=\"0 0 283.5 19.6\" preserveAspectRatio=\"none\">\n\t<path class=\"elementor-shape-fill\" style=\"opacity:0.33\" d=\"M0 0L0 18.8 141.8 4.1 283.5 18.8 283.5 0z\"\/>\n\t<path class=\"elementor-shape-fill\" style=\"opacity:0.33\" d=\"M0 0L0 12.6 141.8 4 283.5 12.6 283.5 0z\"\/>\n\t<path class=\"elementor-shape-fill\" style=\"opacity:0.33\" d=\"M0 0L0 6.4 141.8 4 283.5 6.4 283.5 0z\"\/>\n\t<path class=\"elementor-shape-fill\" d=\"M0 0L0 1.2 141.8 4 283.5 1.2 283.5 0z\"\/>\n<\/svg>\t\t<\/div>\n\t\t\t\t<div class=\"elementor-element elementor-element-75c2fa6 elementor-widget elementor-widget-heading\" data-id=\"75c2fa6\" data-element_type=\"widget\" data-e-type=\"widget\" data-widget_type=\"heading.default\">\n\t\t\t\t<div class=\"elementor-widget-container\">\n\t\t\t\t\t<h1 class=\"elementor-heading-title elementor-size-default\"><u><b>PRIVATE TUK-TUK-TOUR AUF MALLORCA<\/b><\/u><\/h1>\t\t\t\t<\/div>\n\t\t\t\t<\/div>\n\t\t\t\t<div class=\"elementor-element elementor-element-d3fbc00 elementor-widget elementor-widget-heading\" data-id=\"d3fbc00\" data-element_type=\"widget\" data-e-type=\"widget\" data-widget_type=\"heading.default\">\n\t\t\t\t<div class=\"elementor-widget-container\">\n\t\t\t\t\t<h2 class=\"elementor-heading-title elementor-size-default\">Entdecken Sie Palma de Mallorca auf Ihre Art  <\/h2>\t\t\t\t<\/div>\n\t\t\t\t<\/div>\n\t\t\t\t<div class=\"elementor-element elementor-element-6462320 elementor-align-left elementor-widget elementor-widget-button\" data-id=\"6462320\" data-element_type=\"widget\" data-e-type=\"widget\" data-widget_type=\"button.default\">\n\t\t\t\t<div class=\"elementor-widget-container\">\n\t\t\t\t\t\t\t\t\t<div class=\"elementor-button-wrapper\">\n\t\t\t\t\t<a class=\"elementor-button elementor-button-link elementor-size-sm\" href=\"https:\/\/walktuk.com\/de\/contacto\/\">\n\t\t\t\t\t\t<span class=\"elementor-button-content-wrapper\">\n\t\t\t\t\t\t\t\t\t<span class=\"elementor-button-text\">KONTAKTIEREN SIE UNS<\/span>\n\t\t\t\t\t<\/span>\n\t\t\t\t\t<\/a>\n\t\t\t\t<\/div>\n\t\t\t\t\t\t\t\t<\/div>\n\t\t\t\t<\/div>\n\t\t\t\t\t<\/div>\n\t\t\t\t<\/div>\n\t\t<div class=\"elementor-element elementor-element-2bf63e7 e-flex e-con-boxed e-con e-parent\" data-id=\"2bf63e7\" data-element_type=\"container\" data-e-type=\"container\">\n\t\t\t\t\t<div class=\"e-con-inner\">\n\t\t<div class=\"elementor-element elementor-element-5506abc e-con-full e-flex e-con e-child\" data-id=\"5506abc\" data-element_type=\"container\" data-e-type=\"container\">\n\t\t\t\t<div class=\"elementor-element elementor-element-fa9182e elementor-widget elementor-widget-text-editor\" data-id=\"fa9182e\" data-element_type=\"widget\" data-e-type=\"widget\" data-widget_type=\"text-editor.default\">\n\t\t\t\t<div class=\"elementor-widget-container\">\n\t\t\t\t\t\t\t\t\t<p data-pm-slice=\"1 1 []\">Erkunden Sie <strong>Palma de Mallorca<\/strong> auf einzigartige und pers\u00f6nliche Weise mit unseren <strong>privaten Touren in Palma<\/strong> . Entdecken Sie die Magie der Insel bei einer Tour durch die historischen Stra\u00dfen, \u00fcber belebte Pl\u00e4tze und mit spektakul\u00e4rem Meerblick im Komfort eines <strong>elektrischen Tuk Tuk<\/strong> . <\/p><p data-pm-slice=\"1 1 []\"> <\/p><p>Unsere <strong>gef\u00fchrten Touren<\/strong> sind darauf ausgelegt, Ihnen ein exklusives Erlebnis zu bieten, bei dem jedes Detail auf Ihre W\u00fcnsche zugeschnitten ist. Ein <strong>erfahrener, ortskundiger Reiseleiter<\/strong> , der mehrere Sprachen flie\u00dfend spricht, begleitet Sie w\u00e4hrend der gesamten Tour und teilt mit Ihnen Geschichten, Kuriosit\u00e4ten und Geheimnisse der Stadt, die nur die Einheimischen kennen. <\/p><p> <\/p><p>Egal, ob Sie <strong>Palma<\/strong> zum ersten Mal besuchen oder seinen Charme aus einer neuen Perspektive entdecken m\u00f6chten, unsere <strong>privaten Touren in Palma<\/strong> bieten Ihnen die perfekte Kombination aus Abenteuer, Kultur und Spa\u00df. Sp\u00fcren Sie die Meeresbrise bei einem Spaziergang durch die Altstadt, bestaunen Sie die Majest\u00e4t der Kathedrale von Palma oder lassen Sie sich von den versteckten Ecken \u00fcberraschen, die diese Stadt zu einem unvergesslichen Reiseziel machen. <\/p>\t\t\t\t\t\t\t\t<\/div>\n\t\t\t\t<\/div>\n\t\t\t\t<\/div>\n\t\t<div class=\"elementor-element elementor-element-878d8bf e-con-full e-flex e-con e-child\" data-id=\"878d8bf\" data-element_type=\"container\" data-e-type=\"container\">\n\t\t\t\t<div class=\"elementor-element elementor-element-03801ab elementor-widget elementor-widget-image\" data-id=\"03801ab\" data-element_type=\"widget\" data-e-type=\"widget\" data-widget_type=\"image.default\">\n\t\t\t\t<div class=\"elementor-widget-container\">\n\t\t\t\t\t\t\t\t\t\t\t\t\t\t\t<img fetchpriority=\"high\" decoding=\"async\" width=\"1536\" height=\"1152\" src=\"https:\/\/walktuk.com\/wp-content\/uploads\/2025\/02\/Copia-de-78c295b5-f703-4ee3-a3ef-3c12adf39f06-1-1536x1152.jpg\" class=\"attachment-1536x1536 size-1536x1536 wp-image-4870\" alt=\"private touren in palma\" srcset=\"https:\/\/walktuk.com\/wp-content\/uploads\/2025\/02\/Copia-de-78c295b5-f703-4ee3-a3ef-3c12adf39f06-1-1536x1152.jpg 1536w, https:\/\/walktuk.com\/wp-content\/uploads\/2025\/02\/Copia-de-78c295b5-f703-4ee3-a3ef-3c12adf39f06-1-300x225.jpg 300w, https:\/\/walktuk.com\/wp-content\/uploads\/2025\/02\/Copia-de-78c295b5-f703-4ee3-a3ef-3c12adf39f06-1-1024x768.jpg 1024w, https:\/\/walktuk.com\/wp-content\/uploads\/2025\/02\/Copia-de-78c295b5-f703-4ee3-a3ef-3c12adf39f06-1-768x576.jpg 768w, https:\/\/walktuk.com\/wp-content\/uploads\/2025\/02\/Copia-de-78c295b5-f703-4ee3-a3ef-3c12adf39f06-1.jpg 2048w\" sizes=\"(max-width: 1536px) 100vw, 1536px\" \/>\t\t\t\t\t\t\t\t\t\t\t\t\t\t\t<\/div>\n\t\t\t\t<\/div>\n\t\t\t\t<\/div>\n\t\t\t\t\t<\/div>\n\t\t\t\t<\/div>\n\t\t<div class=\"elementor-element elementor-element-eacb046 e-con-full e-flex e-con e-parent\" data-id=\"eacb046\" data-element_type=\"container\" data-e-type=\"container\" data-settings=\"{&quot;background_background&quot;:&quot;classic&quot;}\">\n\t\t<div class=\"elementor-element elementor-element-18d2352 e-con-full e-flex e-con e-child\" data-id=\"18d2352\" data-element_type=\"container\" data-e-type=\"container\" data-settings=\"{&quot;background_background&quot;:&quot;classic&quot;}\">\n\t\t\t\t<div class=\"elementor-element elementor-element-b9d6e28 elementor-widget elementor-widget-heading\" data-id=\"b9d6e28\" data-element_type=\"widget\" data-e-type=\"widget\" data-widget_type=\"heading.default\">\n\t\t\t\t<div class=\"elementor-widget-container\">\n\t\t\t\t\t<h2 class=\"elementor-heading-title elementor-size-default\">Private Touren in Palma:<br>Ein exklusives und flexibles Erlebnis<\/h2>\t\t\t\t<\/div>\n\t\t\t\t<\/div>\n\t\t\t\t<div class=\"elementor-element elementor-element-a8c2c1f elementor-widget elementor-widget-text-editor\" data-id=\"a8c2c1f\" data-element_type=\"widget\" data-e-type=\"widget\" data-widget_type=\"text-editor.default\">\n\t\t\t\t<div class=\"elementor-widget-container\">\n\t\t\t\t\t\t\t\t\t<p data-pm-slice=\"1 1 []\"><span style=\"color: #ffffff;\">Unsere <strong>privaten Touren in Palma<\/strong> sind perfekt f\u00fcr Familien, Freunde oder Paare, die die Stadt in ihrem eigenen Tempo erkunden m\u00f6chten. <strong>Eine Stunde<\/strong> lang entdecken Sie die bedeutendsten Orte mit der M\u00f6glichkeit, anzuhalten, um Fotos zu machen und die Aussicht in aller Ruhe zu genie\u00dfen. <\/span><\/p><p data-pm-slice=\"1 1 []\"> <\/p><p><span style=\"color: #ffffff;\">Dar\u00fcber hinaus bietet diese <strong>Tuk-Tuk-Tour<\/strong> ein <strong>ma\u00dfgeschneidertes Erlebnis<\/strong> , bei dem die Reiseroute an Ihre W\u00fcnsche angepasst werden kann. Von der Erkundung der Altstadt bis hin zur Bewunderung des Hafens und der nahegelegenen Str\u00e4nde ist alles darauf ausgerichtet, Ihnen ein unvergessliches Abenteuer zu bereiten. <\/span><\/p>\t\t\t\t\t\t\t\t<\/div>\n\t\t\t\t<\/div>\n\t\t\t\t<\/div>\n\t\t<div class=\"elementor-element elementor-element-a404368 e-con-full e-flex e-con e-child\" data-id=\"a404368\" data-element_type=\"container\" data-e-type=\"container\" data-settings=\"{&quot;background_background&quot;:&quot;classic&quot;}\">\n\t\t\t\t<div class=\"elementor-element elementor-element-3938f84 elementor-widget elementor-widget-heading\" data-id=\"3938f84\" data-element_type=\"widget\" data-e-type=\"widget\" data-widget_type=\"heading.default\">\n\t\t\t\t<div class=\"elementor-widget-container\">\n\t\t\t\t\t<h2 class=\"elementor-heading-title elementor-size-default\">Private Touren in Palma:<br>Ideal f\u00fcr jeden Anlass<\/h2>\t\t\t\t<\/div>\n\t\t\t\t<\/div>\n\t\t\t\t<div class=\"elementor-element elementor-element-29e6cfe elementor-widget elementor-widget-text-editor\" data-id=\"29e6cfe\" data-element_type=\"widget\" data-e-type=\"widget\" data-widget_type=\"text-editor.default\">\n\t\t\t\t<div class=\"elementor-widget-container\">\n\t\t\t\t\t\t\t\t\t<p data-pm-slice=\"1 1 []\"><span style=\"color: #ffffff;\">Die <strong>gef\u00fchrte Tuk-Tuk-Tour<\/strong> ist nicht nur eine originelle M\u00f6glichkeit, Palma kennenzulernen, sondern auch eine hervorragende Option, um <strong>besondere Anl\u00e4sse zu feiern<\/strong> .&nbsp;<\/span><\/p><p data-pm-slice=\"1 1 []\"><span style=\"color: #ffffff;\"><br><\/span><\/p><p data-pm-slice=\"1 1 []\"><span style=\"color: #ffffff;\">Genie\u00dfen Sie den Sonnenuntergang, organisieren Sie eine Geburtstagsfeier mit der Familie oder \u00fcberraschen Sie Ihre Freunde bei einem <strong>Junggesellenabschied<\/strong> , denn dieses farbenfrohe und lustige Fahrzeug wird sicherlich Eindruck machen.<\/span><\/p>\t\t\t\t\t\t\t\t<\/div>\n\t\t\t\t<\/div>\n\t\t\t\t<\/div>\n\t\t<div class=\"elementor-element elementor-element-eb5588d e-con-full e-flex e-con e-child\" data-id=\"eb5588d\" data-element_type=\"container\" data-e-type=\"container\" data-settings=\"{&quot;background_background&quot;:&quot;classic&quot;}\">\n\t\t\t\t<div class=\"elementor-element elementor-element-bc98b4e elementor-widget elementor-widget-heading\" data-id=\"bc98b4e\" data-element_type=\"widget\" data-e-type=\"widget\" data-widget_type=\"heading.default\">\n\t\t\t\t<div class=\"elementor-widget-container\">\n\t\t\t\t\t<h2 class=\"elementor-heading-title elementor-size-default\">Reservierungen und Verf\u00fcgbarkeit<\/h2>\t\t\t\t<\/div>\n\t\t\t\t<\/div>\n\t\t\t\t<div class=\"elementor-element elementor-element-8dce060 elementor-widget elementor-widget-text-editor\" data-id=\"8dce060\" data-element_type=\"widget\" data-e-type=\"widget\" data-widget_type=\"text-editor.default\">\n\t\t\t\t<div class=\"elementor-widget-container\">\n\t\t\t\t\t\t\t\t\t<p data-pm-slice=\"1 1 []\"><span style=\"color: #ffffff;\">Bei der Buchung sichern Sie sich das komplette Fahrzeug (4 Pl\u00e4tze) und garantieren, dass das Tuk-Tuk exklusiv f\u00fcr Ihre Gruppe ist.&nbsp;<\/span><\/p><p data-pm-slice=\"1 1 []\"><span style=\"color: #ffffff;\"><br><\/span><\/p><p data-pm-slice=\"1 1 []\"><span style=\"color: #ffffff;\">F\u00fcr gr\u00f6\u00dfere Gruppen k\u00f6nnen mehrere Fahrzeuge mit <strong>vorheriger Ank\u00fcndigung und je nach Verf\u00fcgbarkeit<\/strong> reserviert werden.<\/span><\/p>\t\t\t\t\t\t\t\t<\/div>\n\t\t\t\t<\/div>\n\t\t\t\t<\/div>\n\t\t<div class=\"elementor-element elementor-element-2ee423a e-con-full e-flex e-con e-child\" data-id=\"2ee423a\" data-element_type=\"container\" data-e-type=\"container\" data-settings=\"{&quot;background_background&quot;:&quot;classic&quot;}\">\n\t\t\t\t<div class=\"elementor-element elementor-element-9cb0c05 elementor-widget elementor-widget-heading\" data-id=\"9cb0c05\" data-element_type=\"widget\" data-e-type=\"widget\" data-widget_type=\"heading.default\">\n\t\t\t\t<div class=\"elementor-widget-container\">\n\t\t\t\t\t<h2 class=\"elementor-heading-title elementor-size-default\">Planen Sie Ihr Abenteuer in Palma<\/h2>\t\t\t\t<\/div>\n\t\t\t\t<\/div>\n\t\t\t\t<div class=\"elementor-element elementor-element-0f2c8a7 elementor-widget elementor-widget-text-editor\" data-id=\"0f2c8a7\" data-element_type=\"widget\" data-e-type=\"widget\" data-widget_type=\"text-editor.default\">\n\t\t\t\t<div class=\"elementor-widget-container\">\n\t\t\t\t\t\t\t\t\t<p data-pm-slice=\"1 1 []\"><span style=\"color: #ffffff;\">Kontaktieren Sie uns und passen Sie Ihre Tour f\u00fcr ein authentisches Erlebnis mit unseren <strong>privaten Touren in Palma an.<\/strong> <\/span><\/p><p data-pm-slice=\"1 1 []\"> <\/p><p data-pm-slice=\"1 1 []\"><span style=\"color: #ffffff; font-style: inherit; font-weight: inherit; text-align: var(--text-align);\">Egal, ob Sie die Geschichte erkunden, die pulsierende K\u00fcste genie\u00dfen oder versteckte Ecken entdecken m\u00f6chten, wir sind hier, um Ihren Besuch unvergesslich zu machen.<\/span><\/p>\t\t\t\t\t\t\t\t<\/div>\n\t\t\t\t<\/div>\n\t\t\t\t<\/div>\n\t\t\t\t<\/div>\n\t\t<div class=\"elementor-element elementor-element-8da04b6 e-flex e-con-boxed e-con e-parent\" data-id=\"8da04b6\" data-element_type=\"container\" data-e-type=\"container\" data-settings=\"{&quot;background_background&quot;:&quot;classic&quot;}\">\n\t\t\t\t\t<div class=\"e-con-inner\">\n\t\t\t\t<div class=\"elementor-element elementor-element-f0b4960 elementor-widget elementor-widget-heading\" data-id=\"f0b4960\" data-element_type=\"widget\" data-e-type=\"widget\" data-widget_type=\"heading.default\">\n\t\t\t\t<div class=\"elementor-widget-container\">\n\t\t\t\t\t<h2 class=\"elementor-heading-title elementor-size-default\"><a href=\"https:\/\/walktuk.com\/de\/reserva\/\">Buchen Sie jetzt und entdecken Sie Palma de Mallorca wie nie zuvor mit unseren gef\u00fchrten Touren in Palma mit dem Tuk Tuk!<\/a><\/h2>\t\t\t\t<\/div>\n\t\t\t\t<\/div>\n\t\t\t\t\t<\/div>\n\t\t\t\t<\/div>\n\t\t\t\t<\/div>\n\t\t","protected":false},"excerpt":{"rendered":"<p>PRIVATE TUK-TUK-TOUR AUF MALLORCA Entdecken Sie Palma de Mallorca auf Ihre Art KONTAKTIEREN SIE UNS Erkunden Sie Palma de Mallorca auf einzigartige und pers\u00f6nliche Weise mit unseren privaten Touren in Palma . Entdecken Sie die Magie der Insel bei einer Tour durch die historischen Stra\u00dfen, \u00fcber belebte Pl\u00e4tze und mit spektakul\u00e4rem Meerblick im Komfort eines [&hellip;]<\/p>\n","protected":false},"author":1,"featured_media":0,"parent":5114,"menu_order":0,"comment_status":"closed","ping_status":"closed","template":"","meta":{"site-sidebar-layout":"no-sidebar","site-content-layout":"page-builder","ast-site-content-layout":"full-width-container","site-content-style":"default","site-sidebar-style":"default","ast-global-header-display":"","ast-banner-title-visibility":"","ast-main-header-display":"","ast-hfb-above-header-display":"","ast-hfb-below-header-display":"","ast-hfb-mobile-header-display":"","site-post-title":"disabled","ast-breadcrumbs-content":"","ast-featured-img":"disabled","footer-sml-layout":"","ast-disable-related-posts":"","theme-transparent-header-meta":"","adv-header-id-meta":"","stick-header-meta":"","header-above-stick-meta":"","header-main-stick-meta":"","header-below-stick-meta":"","astra-migrate-meta-layouts":"default","ast-page-background-enabled":"default","ast-page-background-meta":{"desktop":{"background-color":"var(--ast-global-color-5)","background-image":"","background-repeat":"repeat","background-position":"center center","background-size":"auto","background-attachment":"scroll","background-type":"","background-media":"","overlay-type":"","overlay-color":"","overlay-opacity":"","overlay-gradient":""},"tablet":{"background-color":"","background-image":"","background-repeat":"repeat","background-position":"center center","background-size":"auto","background-attachment":"scroll","background-type":"","background-media":"","overlay-type":"","overlay-color":"","overlay-opacity":"","overlay-gradient":""},"mobile":{"background-color":"","background-image":"","background-repeat":"repeat","background-position":"center center","background-size":"auto","background-attachment":"scroll","background-type":"","background-media":"","overlay-type":"","overlay-color":"","overlay-opacity":"","overlay-gradient":""}},"ast-content-background-meta":{"desktop":{"background-color":"var(--ast-global-color-4)","background-image":"","background-repeat":"repeat","background-position":"center center","background-size":"auto","background-attachment":"scroll","background-type":"","background-media":"","overlay-type":"","overlay-color":"","overlay-opacity":"","overlay-gradient":""},"tablet":{"background-color":"var(--ast-global-color-4)","background-image":"","background-repeat":"repeat","background-position":"center center","background-size":"auto","background-attachment":"scroll","background-type":"","background-media":"","overlay-type":"","overlay-color":"","overlay-opacity":"","overlay-gradient":""},"mobile":{"background-color":"var(--ast-global-color-4)","background-image":"","background-repeat":"repeat","background-position":"center center","background-size":"auto","background-attachment":"scroll","background-type":"","background-media":"","overlay-type":"","overlay-color":"","overlay-opacity":"","overlay-gradient":""}},"footnotes":""},"class_list":["post-5150","page","type-page","status-publish","hentry"],"aioseo_notices":[],"_links":{"self":[{"href":"https:\/\/walktuk.com\/de\/wp-json\/wp\/v2\/pages\/5150","targetHints":{"allow":["GET"]}}],"collection":[{"href":"https:\/\/walktuk.com\/de\/wp-json\/wp\/v2\/pages"}],"about":[{"href":"https:\/\/walktuk.com\/de\/wp-json\/wp\/v2\/types\/page"}],"author":[{"embeddable":true,"href":"https:\/\/walktuk.com\/de\/wp-json\/wp\/v2\/users\/1"}],"replies":[{"embeddable":true,"href":"https:\/\/walktuk.com\/de\/wp-json\/wp\/v2\/comments?post=5150"}],"version-history":[{"count":18,"href":"https:\/\/walktuk.com\/de\/wp-json\/wp\/v2\/pages\/5150\/revisions"}],"predecessor-version":[{"id":11414,"href":"https:\/\/walktuk.com\/de\/wp-json\/wp\/v2\/pages\/5150\/revisions\/11414"}],"up":[{"embeddable":true,"href":"https:\/\/walktuk.com\/de\/wp-json\/wp\/v2\/pages\/5114"}],"wp:attachment":[{"href":"https:\/\/walktuk.com\/de\/wp-json\/wp\/v2\/media?parent=5150"}],"curies":[{"name":"wp","href":"https:\/\/api.w.org\/{rel}","templated":true}]}}