{"id":8615,"date":"2025-07-01T17:56:34","date_gmt":"2025-07-01T17:56:34","guid":{"rendered":"https:\/\/walktuk.com\/valencia\/paseo-en-barco\/"},"modified":"2025-07-13T16:53:18","modified_gmt":"2025-07-13T16:53:18","slug":"bootsfahrt","status":"publish","type":"page","link":"https:\/\/walktuk.com\/de\/valencia\/bootsfahrt\/","title":{"rendered":"Bootsfahrt"},"content":{"rendered":"\t\t<div data-elementor-type=\"wp-page\" data-elementor-id=\"8615\" class=\"elementor elementor-8615 elementor-8503\">\n\t\t\t\t<div class=\"elementor-element elementor-element-7820760 e-flex e-con-boxed e-con e-parent\" data-id=\"7820760\" data-element_type=\"container\" data-e-type=\"container\" data-settings=\"{&quot;background_background&quot;:&quot;classic&quot;}\">\n\t\t\t\t\t<div class=\"e-con-inner\">\n\t\t\t\t<div class=\"elementor-element elementor-element-e5820c8 elementor-widget elementor-widget-heading\" data-id=\"e5820c8\" data-element_type=\"widget\" data-e-type=\"widget\" data-widget_type=\"heading.default\">\n\t\t\t\t<div class=\"elementor-widget-container\">\n\t\t\t\t\t<h1 class=\"elementor-heading-title elementor-size-default\">Bootsfahrt entlang der K\u00fcste von Valencia:<br>Private Routen von 2 und 4 Stunden<\/h1>\t\t\t\t<\/div>\n\t\t\t\t<\/div>\n\t\t\t\t\t<\/div>\n\t\t\t\t<\/div>\n\t\t<div class=\"elementor-element elementor-element-364512a e-flex e-con-boxed e-con e-parent\" data-id=\"364512a\" data-element_type=\"container\" data-e-type=\"container\" data-settings=\"{&quot;background_background&quot;:&quot;classic&quot;,&quot;shape_divider_bottom&quot;:&quot;opacity-fan&quot;}\">\n\t\t\t\t\t<div class=\"e-con-inner\">\n\t\t\t\t<div class=\"elementor-shape elementor-shape-bottom\" aria-hidden=\"true\" data-negative=\"false\">\n\t\t\t<svg xmlns=\"http:\/\/www.w3.org\/2000\/svg\" viewBox=\"0 0 283.5 19.6\" preserveAspectRatio=\"none\">\n\t<path class=\"elementor-shape-fill\" style=\"opacity:0.33\" d=\"M0 0L0 18.8 141.8 4.1 283.5 18.8 283.5 0z\"\/>\n\t<path class=\"elementor-shape-fill\" style=\"opacity:0.33\" d=\"M0 0L0 12.6 141.8 4 283.5 12.6 283.5 0z\"\/>\n\t<path class=\"elementor-shape-fill\" style=\"opacity:0.33\" d=\"M0 0L0 6.4 141.8 4 283.5 6.4 283.5 0z\"\/>\n\t<path class=\"elementor-shape-fill\" d=\"M0 0L0 1.2 141.8 4 283.5 1.2 283.5 0z\"\/>\n<\/svg>\t\t<\/div>\n\t\t<div class=\"elementor-element elementor-element-7782ed0 e-con-full e-flex e-con e-child\" data-id=\"7782ed0\" data-element_type=\"container\" data-e-type=\"container\">\n\t\t\t\t<div class=\"elementor-element elementor-element-09e9cf2 elementor-widget elementor-widget-heading\" data-id=\"09e9cf2\" data-element_type=\"widget\" data-e-type=\"widget\" data-widget_type=\"heading.default\">\n\t\t\t\t<div class=\"elementor-widget-container\">\n\t\t\t\t\t<h2 class=\"elementor-heading-title elementor-size-default\">Genie\u00dfen Sie eine Bootsfahrt entlang der K\u00fcste von Valencia<\/h2>\t\t\t\t<\/div>\n\t\t\t\t<\/div>\n\t\t\t\t<div class=\"elementor-element elementor-element-141d7cd elementor-widget elementor-widget-text-editor\" data-id=\"141d7cd\" data-element_type=\"widget\" data-e-type=\"widget\" data-widget_type=\"text-editor.default\">\n\t\t\t\t<div class=\"elementor-widget-container\">\n\t\t\t\t\t\t\t\t\t<p data-start=\"156\" data-end=\"501\">Entdecken Sie Valencia aus einer einzigartigen Perspektive, die die Energie der Stra\u00dfen mit der Gelassenheit des Mittelmeers verbindet. Unsere private Bootsfahrt, in Zusammenarbeit mit <em data-start=\"330\" data-end=\"341\">MyBestDay<\/em>, l\u00e4dt Sie zu einem besonderen Erlebnis ein: Fahren Sie in aller Ruhe und Exklusivit\u00e4t die K\u00fcste Valencias entlang, nur Sie, das Meer und Ihre Gruppe.<\/p><p data-start=\"156\" data-end=\"501\"><br><\/p>\n<p data-start=\"503\" data-end=\"885\">Lassen Sie sich von der Meeresbrise tragen, w\u00e4hrend Sie die unvergleichliche Skyline der Stadt genie\u00dfen, ankern Sie in kristallklarem Wasser, um ein Bad zu nehmen, und sto\u00dfen Sie mit einem k\u00fchlen Getr\u00e4nk an Bord an. Alles ist darauf ausgerichtet, dass Sie abschalten, sich entspannen und das Mittelmeer auf Ihre Weise erleben.<\/p><p data-start=\"503\" data-end=\"885\"><br><\/p>\n<p data-start=\"503\" data-end=\"885\"><strong>Mit einer Kapazit\u00e4t von bis zu 10 Personen pro Boot<\/strong> ist dies die ideale Option f\u00fcr Paare, Gruppen von Freunden oder Familien, die mehr als nur eine einfache Fahrt suchen.<\/p>\t\t\t\t\t\t\t\t<\/div>\n\t\t\t\t<\/div>\n\t\t\t\t<\/div>\n\t\t<div class=\"elementor-element elementor-element-0f80e09 e-con-full e-flex e-con e-child\" data-id=\"0f80e09\" data-element_type=\"container\" data-e-type=\"container\">\n\t\t\t\t<div class=\"elementor-element elementor-element-b58a00f elementor-widget elementor-widget-image\" data-id=\"b58a00f\" data-element_type=\"widget\" data-e-type=\"widget\" data-widget_type=\"image.default\">\n\t\t\t\t<div class=\"elementor-widget-container\">\n\t\t\t\t\t\t\t\t\t\t\t\t\t\t\t<img decoding=\"async\" src=\"https:\/\/walktuk.com\/wp-content\/uploads\/elementor\/thumbs\/WhatsApp-Image-2025-06-16-at-10.13.45-r84oofcp76k8iprhcakb46ltpgk6m8j0cwv2ilk7i8.jpg\" title=\"WhatsApp Image 2025-06-16 at 10.13.45\" alt=\"WhatsApp Image 2025-06-16 at 10.13.45\" loading=\"lazy\" \/>\t\t\t\t\t\t\t\t\t\t\t\t\t\t\t<\/div>\n\t\t\t\t<\/div>\n\t\t\t\t<\/div>\n\t\t<div class=\"elementor-element elementor-element-7407321 e-con-full e-flex e-con e-child\" data-id=\"7407321\" data-element_type=\"container\" data-e-type=\"container\">\n\t\t\t\t<div class=\"elementor-element elementor-element-26b1553 elementor-widget elementor-widget-image\" data-id=\"26b1553\" data-element_type=\"widget\" data-e-type=\"widget\" data-widget_type=\"image.default\">\n\t\t\t\t<div class=\"elementor-widget-container\">\n\t\t\t\t\t\t\t\t\t\t\t\t\t\t\t<img decoding=\"async\" src=\"https:\/\/walktuk.com\/wp-content\/uploads\/elementor\/thumbs\/WhatsApp-Image-2025-06-16-at-09.57.31-1-r84orz6r0nf8dolslttkjacihv23p2mi6hl3s8ao00.jpg\" title=\"WhatsApp Image 2025-06-16 at 09.57.31 (1)\" alt=\"WhatsApp Image 2025-06-16 at 09.57.31 (1)\" loading=\"lazy\" \/>\t\t\t\t\t\t\t\t\t\t\t\t\t\t\t<\/div>\n\t\t\t\t<\/div>\n\t\t\t\t<\/div>\n\t\t<div class=\"elementor-element elementor-element-51edcc1 e-con-full e-flex e-con e-child\" data-id=\"51edcc1\" data-element_type=\"container\" data-e-type=\"container\">\n\t\t\t\t<div class=\"elementor-element elementor-element-6ab8a5f elementor-widget elementor-widget-heading\" data-id=\"6ab8a5f\" data-element_type=\"widget\" data-e-type=\"widget\" data-widget_type=\"heading.default\">\n\t\t\t\t<div class=\"elementor-widget-container\">\n\t\t\t\t\t<h2 class=\"elementor-heading-title elementor-size-default\">Optionen f\u00fcr Bootsfahrten: Routen von 2 und 4 Stunden\n\n<\/h2>\t\t\t\t<\/div>\n\t\t\t\t<\/div>\n\t\t\t\t<div class=\"elementor-element elementor-element-7ad1fc5 elementor-widget elementor-widget-text-editor\" data-id=\"7ad1fc5\" data-element_type=\"widget\" data-e-type=\"widget\" data-widget_type=\"text-editor.default\">\n\t\t\t\t<div class=\"elementor-widget-container\">\n\t\t\t\t\t\t\t\t\t<p data-start=\"162\" data-end=\"293\">Wir bieten Ihnen zwei Bootsrouten, die auf Ihr Tempo und Ihre W\u00fcnsche f\u00fcr Ihren perfekten Tag auf See zugeschnitten sind:<\/p><ul data-start=\"295\" data-end=\"804\"><li data-start=\"295\" data-end=\"528\"><p data-start=\"297\" data-end=\"528\"><strong data-start=\"297\" data-end=\"316\">2-Stunden-Route<\/strong><br data-start=\"316\" data-end=\"319\">Ideal f\u00fcr alle, die ein paar Stunden abschalten, die Meeresbrise genie\u00dfen, ein erfrischendes Bad auf hoher See nehmen und sich bei einem Getr\u00e4nk an Bord entspannen m\u00f6chten, w\u00e4hrend sie entlang der K\u00fcste von Valencia fahren.<\/p><\/li><li data-start=\"530\" data-end=\"804\"><p data-start=\"532\" data-end=\"804\"><strong data-start=\"532\" data-end=\"551\">4-Stunden-Route<\/strong><br data-start=\"551\" data-end=\"554\">Ein umfassenderes Erlebnis f\u00fcr alle, die das Mittelmeer in Ruhe genie\u00dfen m\u00f6chten. Diese \u00dcberfahrt beinhaltet mehr Zeit zum Segeln, Badestopps, Snacks an Bord und die M\u00f6glichkeit, Aktivit\u00e4ten wie Paddle-Surfen* in ruhigen Gegenden zu genie\u00dfen.<\/p><\/li><\/ul><p data-start=\"808\" data-end=\"859\">*Das Paddle-Surfen ist nicht im Grundpreis enthalten.<\/p>\t\t\t\t\t\t\t\t<\/div>\n\t\t\t\t<\/div>\n\t\t\t\t<\/div>\n\t\t<div class=\"elementor-element elementor-element-9a6be3c e-con-full e-flex e-con e-child\" data-id=\"9a6be3c\" data-element_type=\"container\" data-e-type=\"container\">\n\t\t\t\t<div class=\"elementor-element elementor-element-ce9f490 elementor-widget elementor-widget-heading\" data-id=\"ce9f490\" data-element_type=\"widget\" data-e-type=\"widget\" data-widget_type=\"heading.default\">\n\t\t\t\t<div class=\"elementor-widget-container\">\n\t\t\t\t\t<h2 class=\"elementor-heading-title elementor-size-default\">Was beinhaltet unsere private Bootsfahrt?\n\n<\/h2>\t\t\t\t<\/div>\n\t\t\t\t<\/div>\n\t\t\t\t<div class=\"elementor-element elementor-element-b051162 elementor-widget elementor-widget-text-editor\" data-id=\"b051162\" data-element_type=\"widget\" data-e-type=\"widget\" data-widget_type=\"text-editor.default\">\n\t\t\t\t<div class=\"elementor-widget-container\">\n\t\t\t\t\t\t\t\t\t<p><strong data-start=\"178\" data-end=\"218\">Privates Boot mit professionellem Skipper<\/strong><br data-start=\"218\" data-end=\"221\">Fahren Sie in aller Ruhe in Begleitung eines erfahrenen Skippers, der die K\u00fcste Valencias bestens kennt.<\/p><p><br><\/p>\n<p><strong data-start=\"1121\" data-end=\"1167\">Kapazit\u00e4t f\u00fcr Gruppen von bis zu 10 Personen<\/strong><br data-start=\"1167\" data-end=\"1170\">Perfekt, um es mit der Familie, mit Freunden oder bei kleinen privaten Veranstaltungen in vollem Komfort zu genie\u00dfen.<\/p><p><br><\/p>\n<p data-start=\"178\" data-end=\"337\"><strong data-start=\"341\" data-end=\"375\">K\u00fchle Getr\u00e4nke und Snacks an Bord<\/strong><br data-start=\"375\" data-end=\"378\">Genie\u00dfen Sie Erfrischungen und Snacks, w\u00e4hrend Sie in der Sonne entspannen oder die Aussicht vom Deck aus genie\u00dfen.<\/p><p data-start=\"178\" data-end=\"337\"><br><\/p>\n<p data-start=\"483\" data-end=\"648\"><strong data-start=\"483\" data-end=\"516\">Badestopps auf hoher See<\/strong><br data-start=\"516\" data-end=\"519\">Wir ankern in ruhigen Gegenden, damit Sie ein Bad im kristallklaren Wasser nehmen und das Mittelmeer so genie\u00dfen k\u00f6nnen, wie es sein soll.<\/p><p data-start=\"483\" data-end=\"648\"><br><\/p>\n<p data-start=\"652\" data-end=\"837\"><strong data-start=\"652\" data-end=\"702\">M\u00f6glichkeit zur Kombination mit einer Tuk-Tuk-Tour<\/strong><br data-start=\"702\" data-end=\"705\">Beginnen Sie den Tag in Valencia mit einer Bootsfahrt entlang der K\u00fcste und erkunden Sie die Stadt anschlie\u00dfend an Land. Ein umfassendes und perfekt abgestimmtes Erlebnis.<\/p>\t\t\t\t\t\t\t\t<\/div>\n\t\t\t\t<\/div>\n\t\t\t\t<\/div>\n\t\t<div class=\"elementor-element elementor-element-da2440b e-con-full e-flex e-con e-child\" data-id=\"da2440b\" data-element_type=\"container\" data-e-type=\"container\">\n\t\t\t\t<div class=\"elementor-element elementor-element-aaf5c41 elementor-widget elementor-widget-image\" data-id=\"aaf5c41\" data-element_type=\"widget\" data-e-type=\"widget\" data-widget_type=\"image.default\">\n\t\t\t\t<div class=\"elementor-widget-container\">\n\t\t\t\t\t\t\t\t\t\t\t\t\t\t\t<img decoding=\"async\" src=\"https:\/\/walktuk.com\/wp-content\/uploads\/elementor\/thumbs\/WhatsApp-Image-2025-06-16-at-09.57.29-r84otncf61pl0q6eujtoyv60iitldp9bqrc6hxtgxs.jpg\" title=\"WhatsApp Image 2025-06-16 at 09.57.29\" alt=\"WhatsApp Image 2025-06-16 at 09.57.29\" loading=\"lazy\" \/>\t\t\t\t\t\t\t\t\t\t\t\t\t\t\t<\/div>\n\t\t\t\t<\/div>\n\t\t\t\t<\/div>\n\t\t\t\t\t<\/div>\n\t\t\t\t<\/div>\n\t\t<div class=\"elementor-element elementor-element-d2339c6 e-flex e-con-boxed e-con e-parent\" data-id=\"d2339c6\" data-element_type=\"container\" data-e-type=\"container\">\n\t\t\t\t\t<div class=\"e-con-inner\">\n\t\t\t\t<div class=\"elementor-element elementor-element-b8ed162 elementor-widget elementor-widget-heading\" data-id=\"b8ed162\" data-element_type=\"widget\" data-e-type=\"widget\" data-widget_type=\"heading.default\">\n\t\t\t\t<div class=\"elementor-widget-container\">\n\t\t\t\t\t<h2 class=\"elementor-heading-title elementor-size-default\">Buchen Sie noch heute Ihre Bootsfahrt in Valencia!<\/h2>\t\t\t\t<\/div>\n\t\t\t\t<\/div>\n\t\t\t\t<div class=\"elementor-element elementor-element-60974d2 elementor-widget elementor-widget-text-editor\" data-id=\"60974d2\" data-element_type=\"widget\" data-e-type=\"widget\" data-widget_type=\"text-editor.default\">\n\t\t\t\t<div class=\"elementor-widget-container\">\n\t\t\t\t\t\t\t\t\t<p data-start=\"143\" data-end=\"489\">\u00dcberlegen Sie nicht l\u00e4nger: Der perfekte Plan wartet auf Sie. Buchen Sie jetzt Ihre Bootsfahrt durch Valencia und erleben Sie ein exklusives Erlebnis auf dem Meer mit Skipper, Getr\u00e4nken und Badestopp.<\/p><p data-start=\"143\" data-end=\"489\"><br data-start=\"327\" data-end=\"330\">M\u00f6chten Sie das Komplettpaket? Erg\u00e4nzen Sie unsere Tuk-Tuk-Tour und genie\u00dfen Sie Valencia an Land und auf See an einem einzigen Tag. Begrenzte Pl\u00e4tze, buchen Sie jetzt und sichern Sie sich Ihren Termin!<\/p>\t\t\t\t\t\t\t\t<\/div>\n\t\t\t\t<\/div>\n\t\t\t\t<div class=\"elementor-element elementor-element-56865e1 elementor-widget elementor-widget-image\" data-id=\"56865e1\" data-element_type=\"widget\" data-e-type=\"widget\" data-widget_type=\"image.default\">\n\t\t\t\t<div class=\"elementor-widget-container\">\n\t\t\t\t\t\t\t\t\t\t\t\t\t\t\t<img fetchpriority=\"high\" decoding=\"async\" width=\"1024\" height=\"768\" src=\"https:\/\/walktuk.com\/wp-content\/uploads\/2025\/07\/WhatsApp-Image-2025-06-16-at-09.57.27-1-1024x768.jpg\" class=\"attachment-large size-large wp-image-8533\" alt=\"\" srcset=\"https:\/\/walktuk.com\/wp-content\/uploads\/2025\/07\/WhatsApp-Image-2025-06-16-at-09.57.27-1-1024x768.jpg 1024w, https:\/\/walktuk.com\/wp-content\/uploads\/2025\/07\/WhatsApp-Image-2025-06-16-at-09.57.27-1-300x225.jpg 300w, https:\/\/walktuk.com\/wp-content\/uploads\/2025\/07\/WhatsApp-Image-2025-06-16-at-09.57.27-1-768x576.jpg 768w, https:\/\/walktuk.com\/wp-content\/uploads\/2025\/07\/WhatsApp-Image-2025-06-16-at-09.57.27-1-1536x1152.jpg 1536w, https:\/\/walktuk.com\/wp-content\/uploads\/2025\/07\/WhatsApp-Image-2025-06-16-at-09.57.27-1.jpg 2048w\" sizes=\"(max-width: 1024px) 100vw, 1024px\" \/>\t\t\t\t\t\t\t\t\t\t\t\t\t\t\t<\/div>\n\t\t\t\t<\/div>\n\t\t\t\t\t<\/div>\n\t\t\t\t<\/div>\n\t\t<div class=\"elementor-element elementor-element-a4abfe5 e-flex e-con-boxed e-con e-parent\" data-id=\"a4abfe5\" data-element_type=\"container\" data-e-type=\"container\" data-settings=\"{&quot;background_background&quot;:&quot;classic&quot;}\">\n\t\t\t\t\t<div class=\"e-con-inner\">\n\t\t\t\t<div class=\"elementor-element elementor-element-50475a8 elementor-widget elementor-widget-heading\" data-id=\"50475a8\" data-element_type=\"widget\" data-e-type=\"widget\" data-widget_type=\"heading.default\">\n\t\t\t\t<div class=\"elementor-widget-container\">\n\t\t\t\t\t<h2 class=\"elementor-heading-title elementor-size-default\">Buchen Sie jetzt Ihre Bootsfahrt durch Valencia und erleben Sie ein unvergessliches Erlebnis!<\/h2>\t\t\t\t<\/div>\n\t\t\t\t<\/div>\n\t\t\t\t\t<\/div>\n\t\t\t\t<\/div>\n\t\t\t\t<\/div>\n\t\t","protected":false},"excerpt":{"rendered":"<p>Bootsfahrt entlang der K\u00fcste von Valencia:Private Routen von 2 und 4 Stunden Genie\u00dfen Sie eine Bootsfahrt entlang der K\u00fcste von Valencia Entdecken Sie Valencia aus einer einzigartigen Perspektive, die die Energie der Stra\u00dfen mit der Gelassenheit des Mittelmeers verbindet. Unsere private Bootsfahrt, in Zusammenarbeit mit MyBestDay, l\u00e4dt Sie zu einem besonderen Erlebnis ein: Fahren Sie [&hellip;]<\/p>\n","protected":false},"author":1,"featured_media":0,"parent":6056,"menu_order":0,"comment_status":"closed","ping_status":"closed","template":"","meta":{"site-sidebar-layout":"no-sidebar","site-content-layout":"page-builder","ast-site-content-layout":"full-width-container","site-content-style":"default","site-sidebar-style":"default","ast-global-header-display":"","ast-banner-title-visibility":"","ast-main-header-display":"","ast-hfb-above-header-display":"","ast-hfb-below-header-display":"","ast-hfb-mobile-header-display":"","site-post-title":"disabled","ast-breadcrumbs-content":"","ast-featured-img":"disabled","footer-sml-layout":"","ast-disable-related-posts":"","theme-transparent-header-meta":"","adv-header-id-meta":"","stick-header-meta":"","header-above-stick-meta":"","header-main-stick-meta":"","header-below-stick-meta":"","astra-migrate-meta-layouts":"default","ast-page-background-enabled":"default","ast-page-background-meta":{"desktop":{"background-color":"var(--ast-global-color-5)","background-image":"","background-repeat":"repeat","background-position":"center center","background-size":"auto","background-attachment":"scroll","background-type":"","background-media":"","overlay-type":"","overlay-color":"","overlay-opacity":"","overlay-gradient":""},"tablet":{"background-color":"","background-image":"","background-repeat":"repeat","background-position":"center center","background-size":"auto","background-attachment":"scroll","background-type":"","background-media":"","overlay-type":"","overlay-color":"","overlay-opacity":"","overlay-gradient":""},"mobile":{"background-color":"","background-image":"","background-repeat":"repeat","background-position":"center center","background-size":"auto","background-attachment":"scroll","background-type":"","background-media":"","overlay-type":"","overlay-color":"","overlay-opacity":"","overlay-gradient":""}},"ast-content-background-meta":{"desktop":{"background-color":"var(--ast-global-color-4)","background-image":"","background-repeat":"repeat","background-position":"center center","background-size":"auto","background-attachment":"scroll","background-type":"","background-media":"","overlay-type":"","overlay-color":"","overlay-opacity":"","overlay-gradient":""},"tablet":{"background-color":"var(--ast-global-color-4)","background-image":"","background-repeat":"repeat","background-position":"center center","background-size":"auto","background-attachment":"scroll","background-type":"","background-media":"","overlay-type":"","overlay-color":"","overlay-opacity":"","overlay-gradient":""},"mobile":{"background-color":"var(--ast-global-color-4)","background-image":"","background-repeat":"repeat","background-position":"center center","background-size":"auto","background-attachment":"scroll","background-type":"","background-media":"","overlay-type":"","overlay-color":"","overlay-opacity":"","overlay-gradient":""}},"footnotes":""},"class_list":["post-8615","page","type-page","status-publish","hentry"],"aioseo_notices":[],"_links":{"self":[{"href":"https:\/\/walktuk.com\/de\/wp-json\/wp\/v2\/pages\/8615","targetHints":{"allow":["GET"]}}],"collection":[{"href":"https:\/\/walktuk.com\/de\/wp-json\/wp\/v2\/pages"}],"about":[{"href":"https:\/\/walktuk.com\/de\/wp-json\/wp\/v2\/types\/page"}],"author":[{"embeddable":true,"href":"https:\/\/walktuk.com\/de\/wp-json\/wp\/v2\/users\/1"}],"replies":[{"embeddable":true,"href":"https:\/\/walktuk.com\/de\/wp-json\/wp\/v2\/comments?post=8615"}],"version-history":[{"count":3,"href":"https:\/\/walktuk.com\/de\/wp-json\/wp\/v2\/pages\/8615\/revisions"}],"predecessor-version":[{"id":8914,"href":"https:\/\/walktuk.com\/de\/wp-json\/wp\/v2\/pages\/8615\/revisions\/8914"}],"up":[{"embeddable":true,"href":"https:\/\/walktuk.com\/de\/wp-json\/wp\/v2\/pages\/6056"}],"wp:attachment":[{"href":"https:\/\/walktuk.com\/de\/wp-json\/wp\/v2\/media?parent=8615"}],"curies":[{"name":"wp","href":"https:\/\/api.w.org\/{rel}","templated":true}]}}