{"id":8647,"date":"2025-06-26T09:38:08","date_gmt":"2025-06-26T07:38:08","guid":{"rendered":"https:\/\/walktuk.com\/tours-privados-tuk-tuk\/"},"modified":"2026-01-22T16:12:53","modified_gmt":"2026-01-22T15:12:53","slug":"tour-tuk-tuk-privado","status":"publish","type":"page","link":"https:\/\/walktuk.com\/de\/ronda\/tour-tuk-tuk-privado\/","title":{"rendered":"Private Touren"},"content":{"rendered":"\t\t<div data-elementor-type=\"wp-page\" data-elementor-id=\"8647\" class=\"elementor elementor-8647 elementor-8264\">\n\t\t\t\t<div class=\"elementor-element elementor-element-7454d056 e-flex e-con-boxed e-con e-parent\" data-id=\"7454d056\" data-element_type=\"container\" data-e-type=\"container\" data-settings=\"{&quot;background_background&quot;:&quot;classic&quot;,&quot;shape_divider_bottom&quot;:&quot;opacity-fan&quot;}\">\n\t\t\t\t\t<div class=\"e-con-inner\">\n\t\t\t\t<div class=\"elementor-shape elementor-shape-bottom\" aria-hidden=\"true\" data-negative=\"false\">\n\t\t\t<svg xmlns=\"http:\/\/www.w3.org\/2000\/svg\" viewBox=\"0 0 283.5 19.6\" preserveAspectRatio=\"none\">\n\t<path class=\"elementor-shape-fill\" style=\"opacity:0.33\" d=\"M0 0L0 18.8 141.8 4.1 283.5 18.8 283.5 0z\"\/>\n\t<path class=\"elementor-shape-fill\" style=\"opacity:0.33\" d=\"M0 0L0 12.6 141.8 4 283.5 12.6 283.5 0z\"\/>\n\t<path class=\"elementor-shape-fill\" style=\"opacity:0.33\" d=\"M0 0L0 6.4 141.8 4 283.5 6.4 283.5 0z\"\/>\n\t<path class=\"elementor-shape-fill\" d=\"M0 0L0 1.2 141.8 4 283.5 1.2 283.5 0z\"\/>\n<\/svg>\t\t<\/div>\n\t\t\t\t<div class=\"elementor-element elementor-element-255627df elementor-widget elementor-widget-heading\" data-id=\"255627df\" data-element_type=\"widget\" data-e-type=\"widget\" data-widget_type=\"heading.default\">\n\t\t\t\t<div class=\"elementor-widget-container\">\n\t\t\t\t\t<h1 class=\"elementor-heading-title elementor-size-default\"><u><b>PRIVATE TOUREN IN RONDA<\/b><\/u><\/h1>\t\t\t\t<\/div>\n\t\t\t\t<\/div>\n\t\t\t\t<div class=\"elementor-element elementor-element-1a56a1ca elementor-widget elementor-widget-heading\" data-id=\"1a56a1ca\" data-element_type=\"widget\" data-e-type=\"widget\" data-widget_type=\"heading.default\">\n\t\t\t\t<div class=\"elementor-widget-container\">\n\t\t\t\t\t<h2 class=\"elementor-heading-title elementor-size-default\">Ein privates, \u00f6kologisches Erlebnis in Ihrem eigenen Tempo\n<\/h2>\t\t\t\t<\/div>\n\t\t\t\t<\/div>\n\t\t\t\t<div class=\"elementor-element elementor-element-91a5075 elementor-align-left elementor-widget elementor-widget-button\" data-id=\"91a5075\" data-element_type=\"widget\" data-e-type=\"widget\" data-widget_type=\"button.default\">\n\t\t\t\t<div class=\"elementor-widget-container\">\n\t\t\t\t\t\t\t\t\t<div class=\"elementor-button-wrapper\">\n\t\t\t\t\t<a class=\"elementor-button elementor-button-link elementor-size-sm\" href=\"https:\/\/walktuk.com\/de\/contacto\/\">\n\t\t\t\t\t\t<span class=\"elementor-button-content-wrapper\">\n\t\t\t\t\t\t\t\t\t<span class=\"elementor-button-text\">KONTAKTIEREN SIE UNS<\/span>\n\t\t\t\t\t<\/span>\n\t\t\t\t\t<\/a>\n\t\t\t\t<\/div>\n\t\t\t\t\t\t\t\t<\/div>\n\t\t\t\t<\/div>\n\t\t\t\t\t<\/div>\n\t\t\t\t<\/div>\n\t\t<div class=\"elementor-element elementor-element-26d989ca e-flex e-con-boxed e-con e-parent\" data-id=\"26d989ca\" data-element_type=\"container\" data-e-type=\"container\">\n\t\t\t\t\t<div class=\"e-con-inner\">\n\t\t<div class=\"elementor-element elementor-element-1cc89e e-con-full e-flex e-con e-child\" data-id=\"1cc89e\" data-element_type=\"container\" data-e-type=\"container\">\n\t\t\t\t<div class=\"elementor-element elementor-element-98e8101 elementor-widget elementor-widget-text-editor\" data-id=\"98e8101\" data-element_type=\"widget\" data-e-type=\"widget\" data-widget_type=\"text-editor.default\">\n\t\t\t\t<div class=\"elementor-widget-container\">\n\t\t\t\t\t\t\t\t\t<p data-start=\"281\" data-end=\"585\"><strong data-start=\"281\" data-end=\"366\">Entdecken Sie Ronda wie nie zuvor mit unseren privaten Touren im elektrischen Tuk-Tuk.<\/strong>&nbsp;<span style=\"font-style: inherit; font-weight: inherit;\">Erleben Sie ein exklusives Erlebnis und erkunden Sie dieses andalusische Juwel mit allem Komfort, Privatsph\u00e4re und in Ihrem eigenen Tempo. Tauchen Sie ein in die Geschichte, die Landschaften und die einzigartige Essenz aus einer anderen und nachhaltigen Perspektive.<\/span><\/p>\n<p data-start=\"281\" data-end=\"585\"><br><\/p>\n<p data-start=\"587\" data-end=\"850\">Unsere Touren sind so konzipiert, dass sie Ihnen ein pers\u00f6nliches Erlebnis bieten, bei dem jedes Detail auf Sie zugeschnitten ist. Ein ortskundiger, erfahrener Reisef\u00fchrer begleitet Sie jederzeit und teilt mit Ihnen Anekdoten, Geheimnisse und Kuriosit\u00e4ten, die nur ein echter Ronde\u00f1o kennt.<\/p>\n<p data-start=\"587\" data-end=\"850\"><br><\/p>\n<p data-start=\"852\" data-end=\"1095\">Sie erkunden die ber\u00fchmtesten Orte von Ronda, wie die Puente Nuevo, die Altstadt, die arabischen B\u00e4der oder die beeindruckendsten Aussichtspunkte des Tajo, und entdecken gleichzeitig weniger bekannte Ecken, die mit ihrer Sch\u00f6nheit und Authentizit\u00e4t \u00fcberraschen.<\/p>\n<p data-start=\"852\" data-end=\"1095\"><br><\/p>\n<p data-start=\"1097\" data-end=\"1419\">Ob Sie Ronda zum ersten Mal besuchen oder es aus einer intimen und entspannten Perspektive wiederentdecken m\u00f6chten, unsere privaten Touren sind die perfekte Kombination aus Kultur, Landschaft und Emotion. Ideal f\u00fcr Paare, Familien oder kleine Gruppen, die ein einzigartiges Erlebnis ohne Menschenmassen und mit der Freiheit genie\u00dfen m\u00f6chten, jeden Halt zu genie\u00dfen.<\/p>\n<p data-start=\"1097\" data-end=\"1419\"><br><\/p>\n<p data-start=\"1421\" data-end=\"1470\"><strong data-start=\"1421\" data-end=\"1470\">Steigen Sie ein, entspannen Sie sich und lassen Sie sich von Ronda verzaubern.<\/strong><\/p>\t\t\t\t\t\t\t\t<\/div>\n\t\t\t\t<\/div>\n\t\t\t\t<\/div>\n\t\t<div class=\"elementor-element elementor-element-6f4a38b4 e-con-full e-flex e-con e-child\" data-id=\"6f4a38b4\" data-element_type=\"container\" data-e-type=\"container\">\n\t\t\t\t<div class=\"elementor-element elementor-element-25ff16ff elementor-widget elementor-widget-image\" data-id=\"25ff16ff\" data-element_type=\"widget\" data-e-type=\"widget\" data-widget_type=\"image.default\">\n\t\t\t\t<div class=\"elementor-widget-container\">\n\t\t\t\t\t\t\t\t\t\t\t\t\t\t\t<img fetchpriority=\"high\" decoding=\"async\" width=\"1152\" height=\"1536\" src=\"https:\/\/walktuk.com\/wp-content\/uploads\/2025\/06\/1750349126341-1152x1536.jpg\" class=\"attachment-1536x1536 size-1536x1536 wp-image-8196\" alt=\"\" srcset=\"https:\/\/walktuk.com\/wp-content\/uploads\/2025\/06\/1750349126341-1152x1536.jpg 1152w, https:\/\/walktuk.com\/wp-content\/uploads\/2025\/06\/1750349126341-225x300.jpg 225w, https:\/\/walktuk.com\/wp-content\/uploads\/2025\/06\/1750349126341-768x1024.jpg 768w, https:\/\/walktuk.com\/wp-content\/uploads\/2025\/06\/1750349126341-1536x2048.jpg 1536w, https:\/\/walktuk.com\/wp-content\/uploads\/2025\/06\/1750349126341-scaled.jpg 1920w\" sizes=\"(max-width: 1152px) 100vw, 1152px\" \/>\t\t\t\t\t\t\t\t\t\t\t\t\t\t\t<\/div>\n\t\t\t\t<\/div>\n\t\t\t\t<\/div>\n\t\t\t\t\t<\/div>\n\t\t\t\t<\/div>\n\t\t<div class=\"elementor-element elementor-element-b7c5f77 e-con-full e-flex e-con e-parent\" data-id=\"b7c5f77\" data-element_type=\"container\" data-e-type=\"container\" data-settings=\"{&quot;background_background&quot;:&quot;classic&quot;}\">\n\t\t<div class=\"elementor-element elementor-element-637ff5b3 e-con-full e-flex e-con e-child\" data-id=\"637ff5b3\" data-element_type=\"container\" data-e-type=\"container\" data-settings=\"{&quot;background_background&quot;:&quot;classic&quot;}\">\n\t\t\t\t<div class=\"elementor-element elementor-element-564c2a10 elementor-widget elementor-widget-heading\" data-id=\"564c2a10\" data-element_type=\"widget\" data-e-type=\"widget\" data-widget_type=\"heading.default\">\n\t\t\t\t<div class=\"elementor-widget-container\">\n\t\t\t\t\t<h2 class=\"elementor-heading-title elementor-size-default\">Private Touren in Ronda:<br>Ein exklusives und flexibles Erlebnis<\/h2>\t\t\t\t<\/div>\n\t\t\t\t<\/div>\n\t\t\t\t<div class=\"elementor-element elementor-element-20233460 elementor-widget elementor-widget-text-editor\" data-id=\"20233460\" data-element_type=\"widget\" data-e-type=\"widget\" data-widget_type=\"text-editor.default\">\n\t\t\t\t<div class=\"elementor-widget-container\">\n\t\t\t\t\t\t\t\t\t<p data-start=\"170\" data-end=\"518\">Unsere privaten Touren in Ronda sind ideal f\u00fcr Paare, Familien oder Gruppen von Freunden, die die Stadt in v\u00f6lliger Freiheit entdecken m\u00f6chten, ohne das Fahrzeug mit Fremden zu teilen. W\u00e4hrend mehr als einer Stunde fahren Sie zu den ber\u00fchmtesten Orten von Ronda mit der M\u00f6glichkeit, anzuhalten, um Fotos zu machen und die Aussicht in Ihrem eigenen Tempo zu genie\u00dfen.<\/p><p data-start=\"520\" data-end=\"912\" data-is-last-node=\"\" data-is-only-node=\"\">Diese Tour im elektrischen Tuk-Tuk bietet Ihnen ein v\u00f6llig pers\u00f6nliches Erlebnis mit einer Reiseroute, die an Ihre Interessen angepasst werden kann. Von der Erkundung der Altstadt und der \u00dcberquerung der Puente Nuevo bis hin zur Entdeckung versteckter Aussichtspunkte, historischer Pl\u00e4tze oder weniger bekannter Ecken ist alles darauf ausgerichtet, dass Sie ein einzigartiges und unvergessliches Abenteuer in einer der sch\u00f6nsten St\u00e4dte Andalusiens erleben.<\/p>\t\t\t\t\t\t\t\t<\/div>\n\t\t\t\t<\/div>\n\t\t\t\t<\/div>\n\t\t<div class=\"elementor-element elementor-element-59efc91a e-con-full e-flex e-con e-child\" data-id=\"59efc91a\" data-element_type=\"container\" data-e-type=\"container\" data-settings=\"{&quot;background_background&quot;:&quot;classic&quot;}\">\n\t\t\t\t<div class=\"elementor-element elementor-element-52596f30 elementor-widget elementor-widget-heading\" data-id=\"52596f30\" data-element_type=\"widget\" data-e-type=\"widget\" data-widget_type=\"heading.default\">\n\t\t\t\t<div class=\"elementor-widget-container\">\n\t\t\t\t\t<h2 class=\"elementor-heading-title elementor-size-default\">Private Touren in Ronda:<br>Ideal f\u00fcr jeden Anlass<\/h2>\t\t\t\t<\/div>\n\t\t\t\t<\/div>\n\t\t\t\t<div class=\"elementor-element elementor-element-17158ee9 elementor-widget elementor-widget-text-editor\" data-id=\"17158ee9\" data-element_type=\"widget\" data-e-type=\"widget\" data-widget_type=\"text-editor.default\">\n\t\t\t\t<div class=\"elementor-widget-container\">\n\t\t\t\t\t\t\t\t\t<p data-start=\"97\" data-end=\"240\">Die gef\u00fchrte Tuk-Tuk-Tour ist nicht nur eine originelle Art, Ronda kennenzulernen, sondern auch eine perfekte Option, um besondere Momente zu feiern.<\/p><p data-start=\"97\" data-end=\"240\"><br><\/p>\n<p data-start=\"242\" data-end=\"508\" data-is-last-node=\"\" data-is-only-node=\"\">Genie\u00dfen Sie einen unvergesslichen Sonnenuntergang \u00fcber dem Tajo, organisieren Sie eine Geburtstagsfeier mit der Familie oder \u00fcberraschen Sie Ihre Freunde mit einem etwas anderen Abschied. Dieses auff\u00e4llige und lustige Fahrzeug bleibt nicht unbemerkt und macht jeden Plan zu einem einzigartigen Erlebnis.<\/p>\t\t\t\t\t\t\t\t<\/div>\n\t\t\t\t<\/div>\n\t\t\t\t<\/div>\n\t\t<div class=\"elementor-element elementor-element-27e6f828 e-con-full e-flex e-con e-child\" data-id=\"27e6f828\" data-element_type=\"container\" data-e-type=\"container\" data-settings=\"{&quot;background_background&quot;:&quot;classic&quot;}\">\n\t\t\t\t<div class=\"elementor-element elementor-element-46922e0 elementor-widget elementor-widget-heading\" data-id=\"46922e0\" data-element_type=\"widget\" data-e-type=\"widget\" data-widget_type=\"heading.default\">\n\t\t\t\t<div class=\"elementor-widget-container\">\n\t\t\t\t\t<h2 class=\"elementor-heading-title elementor-size-default\">Buchungen und Verf\u00fcgbarkeit<\/h2>\t\t\t\t<\/div>\n\t\t\t\t<\/div>\n\t\t\t\t<div class=\"elementor-element elementor-element-4c3c94c6 elementor-widget elementor-widget-text-editor\" data-id=\"4c3c94c6\" data-element_type=\"widget\" data-e-type=\"widget\" data-widget_type=\"text-editor.default\">\n\t\t\t\t<div class=\"elementor-widget-container\">\n\t\t\t\t\t\t\t\t\t<p data-pm-slice=\"1 1 []\"><span style=\"color: #ffffff;\">Bei der Buchung sichern Sie sich das komplette Fahrzeug (4 Pl\u00e4tze) und garantieren, dass das Tuk-Tuk exklusiv f\u00fcr Ihre Gruppe ist.&nbsp;<\/span><\/p><p data-pm-slice=\"1 1 []\"><span style=\"color: #ffffff;\"><br><\/span><\/p><p data-pm-slice=\"1 1 []\"><span style=\"color: #ffffff;\">F\u00fcr gr\u00f6\u00dfere Gruppen k\u00f6nnen mehrere Fahrzeuge mit <strong>vorheriger Ank\u00fcndigung und je nach Verf\u00fcgbarkeit<\/strong> reserviert werden.<\/span><\/p>\t\t\t\t\t\t\t\t<\/div>\n\t\t\t\t<\/div>\n\t\t\t\t<\/div>\n\t\t<div class=\"elementor-element elementor-element-73bdc380 e-con-full e-flex e-con e-child\" data-id=\"73bdc380\" data-element_type=\"container\" data-e-type=\"container\" data-settings=\"{&quot;background_background&quot;:&quot;classic&quot;}\">\n\t\t\t\t<div class=\"elementor-element elementor-element-70f90c3 elementor-widget elementor-widget-heading\" data-id=\"70f90c3\" data-element_type=\"widget\" data-e-type=\"widget\" data-widget_type=\"heading.default\">\n\t\t\t\t<div class=\"elementor-widget-container\">\n\t\t\t\t\t<h2 class=\"elementor-heading-title elementor-size-default\">Gestalten Sie Ihr Abenteuer in Ronda<\/h2>\t\t\t\t<\/div>\n\t\t\t\t<\/div>\n\t\t\t\t<div class=\"elementor-element elementor-element-120da0f0 elementor-widget elementor-widget-text-editor\" data-id=\"120da0f0\" data-element_type=\"widget\" data-e-type=\"widget\" data-widget_type=\"text-editor.default\">\n\t\t\t\t<div class=\"elementor-widget-container\">\n\t\t\t\t\t\t\t\t\t<p data-pm-slice=\"1 1 []\"><span style=\"color: #ffffff;\">Kontaktieren Sie uns und personalisieren Sie Ihre Tour, um ein authentisches Erlebnis mit unseren <strong>privaten Touren in Ronda<\/strong> zu erleben. <\/span><\/p><p data-pm-slice=\"1 1 []\"> <\/p><p data-pm-slice=\"1 1 []\"><span style=\"color: #ffffff; font-style: inherit; font-weight: inherit; text-align: var(--text-align);\">Egal, ob Sie die Geschichte erkunden, die pulsierende K\u00fcste genie\u00dfen oder versteckte Ecken entdecken m\u00f6chten, wir sind hier, um Ihren Besuch unvergesslich zu machen.<\/span><\/p>\t\t\t\t\t\t\t\t<\/div>\n\t\t\t\t<\/div>\n\t\t\t\t<\/div>\n\t\t\t\t<\/div>\n\t\t<div class=\"elementor-element elementor-element-270e9a e-flex e-con-boxed e-con e-parent\" data-id=\"270e9a\" data-element_type=\"container\" data-e-type=\"container\" data-settings=\"{&quot;background_background&quot;:&quot;classic&quot;}\">\n\t\t\t\t\t<div class=\"e-con-inner\">\n\t\t\t\t<div class=\"elementor-element elementor-element-20348892 elementor-widget elementor-widget-heading\" data-id=\"20348892\" data-element_type=\"widget\" data-e-type=\"widget\" data-widget_type=\"heading.default\">\n\t\t\t\t<div class=\"elementor-widget-container\">\n\t\t\t\t\t<h2 class=\"elementor-heading-title elementor-size-default\"><a href=\"https:\/\/walktuk.com\/de\/reserva\/\">Buchen Sie jetzt und entdecken Sie Ronda wie nie zuvor mit unseren privaten Tuk-Tuk-Touren!<\/a><\/h2>\t\t\t\t<\/div>\n\t\t\t\t<\/div>\n\t\t\t\t\t<\/div>\n\t\t\t\t<\/div>\n\t\t\t\t<\/div>\n\t\t","protected":false},"excerpt":{"rendered":"<p>PRIVATE TOUREN IN RONDA Ein privates, \u00f6kologisches Erlebnis in Ihrem eigenen Tempo KONTAKTIEREN SIE UNS Entdecken Sie Ronda wie nie zuvor mit unseren privaten Touren im elektrischen Tuk-Tuk.&nbsp;Erleben Sie ein exklusives Erlebnis und erkunden Sie dieses andalusische Juwel mit allem Komfort, Privatsph\u00e4re und in Ihrem eigenen Tempo. Tauchen Sie ein in die Geschichte, die Landschaften [&hellip;]<\/p>\n","protected":false},"author":1,"featured_media":0,"parent":9333,"menu_order":0,"comment_status":"closed","ping_status":"closed","template":"","meta":{"site-sidebar-layout":"no-sidebar","site-content-layout":"page-builder","ast-site-content-layout":"full-width-container","site-content-style":"default","site-sidebar-style":"default","ast-global-header-display":"","ast-banner-title-visibility":"","ast-main-header-display":"","ast-hfb-above-header-display":"","ast-hfb-below-header-display":"","ast-hfb-mobile-header-display":"","site-post-title":"disabled","ast-breadcrumbs-content":"","ast-featured-img":"disabled","footer-sml-layout":"","ast-disable-related-posts":"","theme-transparent-header-meta":"","adv-header-id-meta":"","stick-header-meta":"","header-above-stick-meta":"","header-main-stick-meta":"","header-below-stick-meta":"","astra-migrate-meta-layouts":"default","ast-page-background-enabled":"default","ast-page-background-meta":{"desktop":{"background-color":"var(--ast-global-color-5)","background-image":"","background-repeat":"repeat","background-position":"center center","background-size":"auto","background-attachment":"scroll","background-type":"","background-media":"","overlay-type":"","overlay-color":"","overlay-opacity":"","overlay-gradient":""},"tablet":{"background-color":"","background-image":"","background-repeat":"repeat","background-position":"center center","background-size":"auto","background-attachment":"scroll","background-type":"","background-media":"","overlay-type":"","overlay-color":"","overlay-opacity":"","overlay-gradient":""},"mobile":{"background-color":"","background-image":"","background-repeat":"repeat","background-position":"center center","background-size":"auto","background-attachment":"scroll","background-type":"","background-media":"","overlay-type":"","overlay-color":"","overlay-opacity":"","overlay-gradient":""}},"ast-content-background-meta":{"desktop":{"background-color":"var(--ast-global-color-4)","background-image":"","background-repeat":"repeat","background-position":"center center","background-size":"auto","background-attachment":"scroll","background-type":"","background-media":"","overlay-type":"","overlay-color":"","overlay-opacity":"","overlay-gradient":""},"tablet":{"background-color":"var(--ast-global-color-4)","background-image":"","background-repeat":"repeat","background-position":"center center","background-size":"auto","background-attachment":"scroll","background-type":"","background-media":"","overlay-type":"","overlay-color":"","overlay-opacity":"","overlay-gradient":""},"mobile":{"background-color":"var(--ast-global-color-4)","background-image":"","background-repeat":"repeat","background-position":"center center","background-size":"auto","background-attachment":"scroll","background-type":"","background-media":"","overlay-type":"","overlay-color":"","overlay-opacity":"","overlay-gradient":""}},"footnotes":""},"class_list":["post-8647","page","type-page","status-publish","hentry"],"aioseo_notices":[],"_links":{"self":[{"href":"https:\/\/walktuk.com\/de\/wp-json\/wp\/v2\/pages\/8647","targetHints":{"allow":["GET"]}}],"collection":[{"href":"https:\/\/walktuk.com\/de\/wp-json\/wp\/v2\/pages"}],"about":[{"href":"https:\/\/walktuk.com\/de\/wp-json\/wp\/v2\/types\/page"}],"author":[{"embeddable":true,"href":"https:\/\/walktuk.com\/de\/wp-json\/wp\/v2\/users\/1"}],"replies":[{"embeddable":true,"href":"https:\/\/walktuk.com\/de\/wp-json\/wp\/v2\/comments?post=8647"}],"version-history":[{"count":8,"href":"https:\/\/walktuk.com\/de\/wp-json\/wp\/v2\/pages\/8647\/revisions"}],"predecessor-version":[{"id":10909,"href":"https:\/\/walktuk.com\/de\/wp-json\/wp\/v2\/pages\/8647\/revisions\/10909"}],"up":[{"embeddable":true,"href":"https:\/\/walktuk.com\/de\/wp-json\/wp\/v2\/pages\/9333"}],"wp:attachment":[{"href":"https:\/\/walktuk.com\/de\/wp-json\/wp\/v2\/media?parent=8647"}],"curies":[{"name":"wp","href":"https:\/\/api.w.org\/{rel}","templated":true}]}}