{"id":9078,"date":"2025-06-07T09:03:24","date_gmt":"2025-06-07T07:03:24","guid":{"rendered":"https:\/\/walktuk.com\/tours\/"},"modified":"2026-01-30T13:34:12","modified_gmt":"2026-01-30T12:34:12","slug":"tours","status":"publish","type":"page","link":"https:\/\/walktuk.com\/de\/tours\/","title":{"rendered":"Tours mit dem Tuk-Tuk"},"content":{"rendered":"\t\t<div data-elementor-type=\"wp-page\" data-elementor-id=\"9078\" class=\"elementor elementor-9078 elementor-7295\">\n\t\t\t\t<div class=\"elementor-element elementor-element-ea8cd17 e-flex e-con-boxed e-con e-parent\" data-id=\"ea8cd17\" data-element_type=\"container\" data-e-type=\"container\" data-settings=\"{&quot;background_background&quot;:&quot;classic&quot;}\">\n\t\t\t\t\t<div class=\"e-con-inner\">\n\t\t\t\t<div class=\"elementor-element elementor-element-c8102f2 elementor-widget elementor-widget-heading\" data-id=\"c8102f2\" data-element_type=\"widget\" data-e-type=\"widget\" data-widget_type=\"heading.default\">\n\t\t\t\t<div class=\"elementor-widget-container\">\n\t\t\t\t\t<h1 class=\"elementor-heading-title elementor-size-default\">Entdecken Sie Spanien mit unseren Tuk-Tuk-Touren <\/h1>\t\t\t\t<\/div>\n\t\t\t\t<\/div>\n\t\t\t\t\t<\/div>\n\t\t\t\t<\/div>\n\t\t<div class=\"elementor-element elementor-element-074d306 e-flex e-con-boxed e-con e-parent\" data-id=\"074d306\" data-element_type=\"container\" data-e-type=\"container\" data-settings=\"{&quot;background_background&quot;:&quot;classic&quot;}\">\n\t\t\t\t\t<div class=\"e-con-inner\">\n\t\t<a class=\"elementor-element elementor-element-39aee93 e-con-full e-flex e-con e-child\" data-id=\"39aee93\" data-element_type=\"container\" data-e-type=\"container\" href=\"https:\/\/walktuk.com\/de\/valencia\/\">\n\t\t\t\t<div class=\"elementor-element elementor-element-e94d214 elementor-widget elementor-widget-heading\" data-id=\"e94d214\" data-element_type=\"widget\" data-e-type=\"widget\" data-widget_type=\"heading.default\">\n\t\t\t\t<div class=\"elementor-widget-container\">\n\t\t\t\t\t<h2 class=\"elementor-heading-title elementor-size-default\"><u>VALENCIA<\/u><\/h2>\t\t\t\t<\/div>\n\t\t\t\t<\/div>\n\t\t\t\t<div class=\"elementor-element elementor-element-5d202d1 elementor-widget elementor-widget-image\" data-id=\"5d202d1\" data-element_type=\"widget\" data-e-type=\"widget\" data-widget_type=\"image.default\">\n\t\t\t\t<div class=\"elementor-widget-container\">\n\t\t\t\t\t\t\t\t\t\t\t\t\t\t\t<img decoding=\"async\" src=\"https:\/\/walktuk.com\/wp-content\/uploads\/elementor\/thumbs\/valencia-1049389_1280_1-1-r6y8eeidfefheq8507hkhxrfqq1xxrhciwnsk17ez8.jpg\" title=\"valencia-1049389_1280_1-1\" alt=\"valencia-1049389_1280_1-1\" loading=\"lazy\" \/>\t\t\t\t\t\t\t\t\t\t\t\t\t\t\t<\/div>\n\t\t\t\t<\/div>\n\t\t\t\t<div class=\"elementor-element elementor-element-1ad0b95 elementor-widget elementor-widget-heading\" data-id=\"1ad0b95\" data-element_type=\"widget\" data-e-type=\"widget\" data-widget_type=\"heading.default\">\n\t\t\t\t<div class=\"elementor-widget-container\">\n\t\t\t\t\t<h2 class=\"elementor-heading-title elementor-size-default\">Erkunden Sie Valencia mit dem Tuk-Tuk, die Stadt der K\u00fcnste und Wissenschaften, die Altstadt und die Mittelmeerstr\u00e4nde.\n<\/h2>\t\t\t\t<\/div>\n\t\t\t\t<\/div>\n\t\t\t\t<\/a>\n\t\t<a class=\"elementor-element elementor-element-da21607 e-con-full e-flex e-con e-child\" data-id=\"da21607\" data-element_type=\"container\" data-e-type=\"container\" href=\"https:\/\/walktuk.com\/de\/barcelona\/\">\n\t\t\t\t<div class=\"elementor-element elementor-element-e7ae05e elementor-widget elementor-widget-heading\" data-id=\"e7ae05e\" data-element_type=\"widget\" data-e-type=\"widget\" data-widget_type=\"heading.default\">\n\t\t\t\t<div class=\"elementor-widget-container\">\n\t\t\t\t\t<h2 class=\"elementor-heading-title elementor-size-default\"><u>BARCELONA<\/u><\/h2>\t\t\t\t<\/div>\n\t\t\t\t<\/div>\n\t\t\t\t<div class=\"elementor-element elementor-element-a7f1613 elementor-widget elementor-widget-image\" data-id=\"a7f1613\" data-element_type=\"widget\" data-e-type=\"widget\" data-widget_type=\"image.default\">\n\t\t\t\t<div class=\"elementor-widget-container\">\n\t\t\t\t\t\t\t\t\t\t\t\t\t\t\t<img decoding=\"async\" src=\"https:\/\/walktuk.com\/wp-content\/uploads\/elementor\/thumbs\/park-guell-barcelona-s-305364611-r91iasjo71ru744k7hsjtx7rlb0x7jl5a7ep6pdh1w.jpg\" title=\"Tuk Tuk Barcelona\" alt=\"Tuk Tuk Barcelona\" loading=\"lazy\" \/>\t\t\t\t\t\t\t\t\t\t\t\t\t\t\t<\/div>\n\t\t\t\t<\/div>\n\t\t\t\t<div class=\"elementor-element elementor-element-29635cd elementor-widget elementor-widget-heading\" data-id=\"29635cd\" data-element_type=\"widget\" data-e-type=\"widget\" data-widget_type=\"heading.default\">\n\t\t\t\t<div class=\"elementor-widget-container\">\n\t\t\t\t\t<h2 class=\"elementor-heading-title elementor-size-default\">Erleben Sie <b>Barcelona mit dem Tuk-Tuk<\/b>, die Sagrada Familia, das Gotische Viertel und die Str\u00e4nde des Mittelmeers.\n<\/h2>\t\t\t\t<\/div>\n\t\t\t\t<\/div>\n\t\t\t\t<\/a>\n\t\t<a class=\"elementor-element elementor-element-d4510cf e-con-full e-flex e-con e-child\" data-id=\"d4510cf\" data-element_type=\"container\" data-e-type=\"container\" href=\"https:\/\/walktuk.com\/de\/mallorca\/\">\n\t\t\t\t<div class=\"elementor-element elementor-element-f6de897 elementor-widget elementor-widget-heading\" data-id=\"f6de897\" data-element_type=\"widget\" data-e-type=\"widget\" data-widget_type=\"heading.default\">\n\t\t\t\t<div class=\"elementor-widget-container\">\n\t\t\t\t\t<h2 class=\"elementor-heading-title elementor-size-default\"><u>MALLORCA<\/u><\/h2>\t\t\t\t<\/div>\n\t\t\t\t<\/div>\n\t\t\t\t<div class=\"elementor-element elementor-element-d355d47 elementor-widget elementor-widget-image\" data-id=\"d355d47\" data-element_type=\"widget\" data-e-type=\"widget\" data-widget_type=\"image.default\">\n\t\t\t\t<div class=\"elementor-widget-container\">\n\t\t\t\t\t\t\t\t\t\t\t\t\t\t\t<img decoding=\"async\" src=\"https:\/\/walktuk.com\/wp-content\/uploads\/elementor\/thumbs\/catedral-santamaria-palma-s434080438-r6y8c4qewtbjcnix9q50z0ec2790c3gp7nwjsyko0k.jpg\" title=\"catedral-santamaria-palma-s434080438\" alt=\"catedral-santamaria-palma-s434080438\" loading=\"lazy\" \/>\t\t\t\t\t\t\t\t\t\t\t\t\t\t\t<\/div>\n\t\t\t\t<\/div>\n\t\t\t\t<div class=\"elementor-element elementor-element-2b90349 elementor-widget elementor-widget-heading\" data-id=\"2b90349\" data-element_type=\"widget\" data-e-type=\"widget\" data-widget_type=\"heading.default\">\n\t\t\t\t<div class=\"elementor-widget-container\">\n\t\t\t\t\t<h2 class=\"elementor-heading-title elementor-size-default\">Lernen Sie <b>Mallorca mit dem Tuk-Tuk<\/b> kennen, die Serra de Tramuntana, bezaubernde D\u00f6rfer und kristallklare Buchten.<\/h2>\t\t\t\t<\/div>\n\t\t\t\t<\/div>\n\t\t\t\t<\/a>\n\t\t<a class=\"elementor-element elementor-element-2b29f1a e-con-full e-flex e-con e-child\" data-id=\"2b29f1a\" data-element_type=\"container\" data-e-type=\"container\" href=\"https:\/\/walktuk.com\/de\/alicante\/\">\n\t\t\t\t<div class=\"elementor-element elementor-element-f4a277e elementor-widget elementor-widget-heading\" data-id=\"f4a277e\" data-element_type=\"widget\" data-e-type=\"widget\" data-widget_type=\"heading.default\">\n\t\t\t\t<div class=\"elementor-widget-container\">\n\t\t\t\t\t<h2 class=\"elementor-heading-title elementor-size-default\"><u>ALICANTE<\/u><\/h2>\t\t\t\t<\/div>\n\t\t\t\t<\/div>\n\t\t\t\t<div class=\"elementor-element elementor-element-9487836 elementor-widget elementor-widget-image\" data-id=\"9487836\" data-element_type=\"widget\" data-e-type=\"widget\" data-widget_type=\"image.default\">\n\t\t\t\t<div class=\"elementor-widget-container\">\n\t\t\t\t\t\t\t\t\t\t\t\t\t\t\t<img decoding=\"async\" src=\"https:\/\/walktuk.com\/wp-content\/uploads\/elementor\/thumbs\/alicante-01-1-r6y8hid60oolsbpnv1u68njafkqmdqtemaaknylkes.jpg\" title=\"alicante-01-1\" alt=\"alicante-01-1\" loading=\"lazy\" \/>\t\t\t\t\t\t\t\t\t\t\t\t\t\t\t<\/div>\n\t\t\t\t<\/div>\n\t\t\t\t<div class=\"elementor-element elementor-element-8efeffb elementor-widget elementor-widget-heading\" data-id=\"8efeffb\" data-element_type=\"widget\" data-e-type=\"widget\" data-widget_type=\"heading.default\">\n\t\t\t\t<div class=\"elementor-widget-container\">\n\t\t\t\t\t<h2 class=\"elementor-heading-title elementor-size-default\">Besuchen Sie <b>Alicante mit dem Tuk-Tuk<\/b>, das Castillo de Santa B\u00e1rbara, die Uferpromenade und die sonnigen Str\u00e4nde.<\/h2>\t\t\t\t<\/div>\n\t\t\t\t<\/div>\n\t\t\t\t<\/a>\n\t\t<a class=\"elementor-element elementor-element-3987964 e-con-full e-flex e-con e-child\" data-id=\"3987964\" data-element_type=\"container\" data-e-type=\"container\" href=\"https:\/\/walktuk.com\/de\/malaga\/\">\n\t\t\t\t<div class=\"elementor-element elementor-element-0eb6dbb elementor-widget elementor-widget-heading\" data-id=\"0eb6dbb\" data-element_type=\"widget\" data-e-type=\"widget\" data-widget_type=\"heading.default\">\n\t\t\t\t<div class=\"elementor-widget-container\">\n\t\t\t\t\t<h2 class=\"elementor-heading-title elementor-size-default\"><u>M\u00c1LAGA<\/u><\/h2>\t\t\t\t<\/div>\n\t\t\t\t<\/div>\n\t\t\t\t<div class=\"elementor-element elementor-element-8367a12 elementor-widget elementor-widget-image\" data-id=\"8367a12\" data-element_type=\"widget\" data-e-type=\"widget\" data-widget_type=\"image.default\">\n\t\t\t\t<div class=\"elementor-widget-container\">\n\t\t\t\t\t\t\t\t\t\t\t\t\t\t\t<img decoding=\"async\" src=\"https:\/\/walktuk.com\/wp-content\/uploads\/elementor\/thumbs\/visitar-malaga-getaround-1-1-r6y8acte02w1f63rmyie9gizo001soeyavjj657fro.jpg\" title=\"visitar-malaga-getaround-1-1\" alt=\"visitar-malaga-getaround-1-1\" loading=\"lazy\" \/>\t\t\t\t\t\t\t\t\t\t\t\t\t\t\t<\/div>\n\t\t\t\t<\/div>\n\t\t\t\t<div class=\"elementor-element elementor-element-ea1c99a elementor-widget elementor-widget-heading\" data-id=\"ea1c99a\" data-element_type=\"widget\" data-e-type=\"widget\" data-widget_type=\"heading.default\">\n\t\t\t\t<div class=\"elementor-widget-container\">\n\t\t\t\t\t<h2 class=\"elementor-heading-title elementor-size-default\">Erkunden Sie <b>M\u00e1laga mit dem Tuk-Tuk<\/b>, das historische Zentrum, die Alcazaba und genie\u00dfen Sie das andalusische Ambiente.<\/h2>\t\t\t\t<\/div>\n\t\t\t\t<\/div>\n\t\t\t\t<\/a>\n\t\t<a class=\"elementor-element elementor-element-4c1b8c7 e-con-full e-flex e-con e-child\" data-id=\"4c1b8c7\" data-element_type=\"container\" data-e-type=\"container\" href=\"https:\/\/walktuk.com\/de\/ronda\/\">\n\t\t\t\t<div class=\"elementor-element elementor-element-0794915 elementor-widget elementor-widget-heading\" data-id=\"0794915\" data-element_type=\"widget\" data-e-type=\"widget\" data-widget_type=\"heading.default\">\n\t\t\t\t<div class=\"elementor-widget-container\">\n\t\t\t\t\t<h2 class=\"elementor-heading-title elementor-size-default\"><u>RONDA<\/u><\/h2>\t\t\t\t<\/div>\n\t\t\t\t<\/div>\n\t\t\t\t<div class=\"elementor-element elementor-element-2e1bf1d elementor-widget elementor-widget-image\" data-id=\"2e1bf1d\" data-element_type=\"widget\" data-e-type=\"widget\" data-widget_type=\"image.default\">\n\t\t\t\t<div class=\"elementor-widget-container\">\n\t\t\t\t\t\t\t\t\t\t\t\t\t\t\t<img decoding=\"async\" src=\"https:\/\/walktuk.com\/wp-content\/uploads\/elementor\/thumbs\/ronda-1-r6y8g3lvrmr4ddre3fwbi0cecrosu37wfb2cr0otqs.jpg\" title=\"ronda-1\" alt=\"ronda-1\" loading=\"lazy\" \/>\t\t\t\t\t\t\t\t\t\t\t\t\t\t\t<\/div>\n\t\t\t\t<\/div>\n\t\t\t\t<div class=\"elementor-element elementor-element-9f1b046 elementor-widget elementor-widget-heading\" data-id=\"9f1b046\" data-element_type=\"widget\" data-e-type=\"widget\" data-widget_type=\"heading.default\">\n\t\t\t\t<div class=\"elementor-widget-container\">\n\t\t\t\t\t<h2 class=\"elementor-heading-title elementor-size-default\">Entdecken Sie <b>Ronda mit dem Tuk-Tuk<\/b>, die Puente Nuevo, die Berglandschaften und die reiche Geschichte dieser Stadt.<\/h2>\t\t\t\t<\/div>\n\t\t\t\t<\/div>\n\t\t\t\t<\/a>\n\t\t<a class=\"elementor-element elementor-element-ef29f86 e-con-full e-flex e-con e-child\" data-id=\"ef29f86\" data-element_type=\"container\" data-e-type=\"container\" href=\"https:\/\/walktuk.com\/de\/madrid\/\">\n\t\t\t\t<div class=\"elementor-element elementor-element-7a417a0 elementor-widget elementor-widget-heading\" data-id=\"7a417a0\" data-element_type=\"widget\" data-e-type=\"widget\" data-widget_type=\"heading.default\">\n\t\t\t\t<div class=\"elementor-widget-container\">\n\t\t\t\t\t<h2 class=\"elementor-heading-title elementor-size-default\"><u>MADRID<\/u><\/h2>\t\t\t\t<\/div>\n\t\t\t\t<\/div>\n\t\t\t\t<div class=\"elementor-element elementor-element-ec10f86 elementor-widget elementor-widget-image\" data-id=\"ec10f86\" data-element_type=\"widget\" data-e-type=\"widget\" data-widget_type=\"image.default\">\n\t\t\t\t<div class=\"elementor-widget-container\">\n\t\t\t\t\t\t\t\t\t\t\t\t\t\t\t<img decoding=\"async\" src=\"https:\/\/walktuk.com\/wp-content\/uploads\/elementor\/thumbs\/que-ver-y-hacer-en-madrid-gran-via-1-r6y8izxyu8py63ju66zwos0kajejkhq3tnh90qe4k4.jpg\" title=\"que-ver-y-hacer-en-madrid-gran-via-1\" alt=\"que-ver-y-hacer-en-madrid-gran-via-1\" loading=\"lazy\" \/>\t\t\t\t\t\t\t\t\t\t\t\t\t\t\t<\/div>\n\t\t\t\t<\/div>\n\t\t\t\t<div class=\"elementor-element elementor-element-2daf23f elementor-widget elementor-widget-heading\" data-id=\"2daf23f\" data-element_type=\"widget\" data-e-type=\"widget\" data-widget_type=\"heading.default\">\n\t\t\t\t<div class=\"elementor-widget-container\">\n\t\t\t\t\t<h2 class=\"elementor-heading-title elementor-size-default\">Erkunde Madrid mit dem Tuk-Tuk: historische Pl\u00e4tze, ikonische Monumente und einzigartige Ecken der spanischen Hauptstadt.<\/h2>\t\t\t\t<\/div>\n\t\t\t\t<\/div>\n\t\t\t\t<\/a>\n\t\t<div class=\"elementor-element elementor-element-56d86a5 e-con-full e-flex e-con e-child\" data-id=\"56d86a5\" data-element_type=\"container\" data-e-type=\"container\">\n\t\t\t\t<div class=\"elementor-element elementor-element-ee52082 elementor-widget elementor-widget-heading\" data-id=\"ee52082\" data-element_type=\"widget\" data-e-type=\"widget\" data-widget_type=\"heading.default\">\n\t\t\t\t<div class=\"elementor-widget-container\">\n\t\t\t\t\t<h2 class=\"elementor-heading-title elementor-size-default\"><u>SEVILLA<\/u><\/h2>\t\t\t\t<\/div>\n\t\t\t\t<\/div>\n\t\t\t\t<div class=\"elementor-element elementor-element-ed2016a elementor-widget elementor-widget-image\" data-id=\"ed2016a\" data-element_type=\"widget\" data-e-type=\"widget\" data-widget_type=\"image.default\">\n\t\t\t\t<div class=\"elementor-widget-container\">\n\t\t\t\t\t\t\t\t\t\t\t\t\t\t\t<img decoding=\"async\" src=\"https:\/\/walktuk.com\/wp-content\/uploads\/elementor\/thumbs\/que-ver-en-sevilla-rhpebci5nit86ind5d5xzsv9w4idr4j2gsqvbvbkpg.jpg\" title=\"Tuk-Tuk Sevilla\" alt=\"Tuk-Tuk Sevilla\" loading=\"lazy\" \/>\t\t\t\t\t\t\t\t\t\t\t\t\t\t\t<\/div>\n\t\t\t\t<\/div>\n\t\t\t\t<div class=\"elementor-element elementor-element-2d57245 elementor-widget elementor-widget-heading\" data-id=\"2d57245\" data-element_type=\"widget\" data-e-type=\"widget\" data-widget_type=\"heading.default\">\n\t\t\t\t<div class=\"elementor-widget-container\">\n\t\t\t\t\t<h2 class=\"elementor-heading-title elementor-size-default\">Demn\u00e4chst... <\/h2>\t\t\t\t<\/div>\n\t\t\t\t<\/div>\n\t\t\t\t<\/div>\n\t\t\t\t\t<\/div>\n\t\t\t\t<\/div>\n\t\t<div class=\"elementor-element elementor-element-0086c30 e-flex e-con-boxed e-con e-parent\" data-id=\"0086c30\" data-element_type=\"container\" data-e-type=\"container\" data-settings=\"{&quot;background_background&quot;:&quot;classic&quot;}\">\n\t\t\t\t\t<div class=\"e-con-inner\">\n\t\t\t\t<div class=\"elementor-element elementor-element-768825a elementor-widget elementor-widget-heading\" data-id=\"768825a\" data-element_type=\"widget\" data-e-type=\"widget\" data-widget_type=\"heading.default\">\n\t\t\t\t<div class=\"elementor-widget-container\">\n\t\t\t\t\t<h2 class=\"elementor-heading-title elementor-size-default\"><a href=\"https:\/\/walktuk.com\/de\/reserva\/\">Sind Sie bereit f\u00fcr ein unvergessliches Erlebnis?<br> <br><b>Buchen Sie hier unsere<\/b> Touren mit dem elektrischen Tuk-Tuk und entdecken Sie den Zauber jeder Stadt mit WalkTuk.<\/a><\/h2>\t\t\t\t<\/div>\n\t\t\t\t<\/div>\n\t\t\t\t\t<\/div>\n\t\t\t\t<\/div>\n\t\t\t\t<\/div>\n\t\t","protected":false},"excerpt":{"rendered":"<p>Entdecken Sie Spanien mit unseren Tuk-Tuk-Touren VALENCIA Erkunden Sie Valencia mit dem Tuk-Tuk, die Stadt der K\u00fcnste und Wissenschaften, die Altstadt und die Mittelmeerstr\u00e4nde. BARCELONA Erleben Sie Barcelona mit dem Tuk-Tuk, die Sagrada Familia, das Gotische Viertel und die Str\u00e4nde des Mittelmeers. MALLORCA Lernen Sie Mallorca mit dem Tuk-Tuk kennen, die Serra de Tramuntana, bezaubernde [&hellip;]<\/p>\n","protected":false},"author":1,"featured_media":0,"parent":0,"menu_order":0,"comment_status":"closed","ping_status":"closed","template":"","meta":{"site-sidebar-layout":"no-sidebar","site-content-layout":"page-builder","ast-site-content-layout":"full-width-container","site-content-style":"default","site-sidebar-style":"default","ast-global-header-display":"","ast-banner-title-visibility":"","ast-main-header-display":"","ast-hfb-above-header-display":"","ast-hfb-below-header-display":"","ast-hfb-mobile-header-display":"","site-post-title":"disabled","ast-breadcrumbs-content":"","ast-featured-img":"disabled","footer-sml-layout":"","ast-disable-related-posts":"","theme-transparent-header-meta":"","adv-header-id-meta":"","stick-header-meta":"","header-above-stick-meta":"","header-main-stick-meta":"","header-below-stick-meta":"","astra-migrate-meta-layouts":"default","ast-page-background-enabled":"default","ast-page-background-meta":{"desktop":{"background-color":"var(--ast-global-color-5)","background-image":"","background-repeat":"repeat","background-position":"center center","background-size":"auto","background-attachment":"scroll","background-type":"","background-media":"","overlay-type":"","overlay-color":"","overlay-opacity":"","overlay-gradient":""},"tablet":{"background-color":"","background-image":"","background-repeat":"repeat","background-position":"center center","background-size":"auto","background-attachment":"scroll","background-type":"","background-media":"","overlay-type":"","overlay-color":"","overlay-opacity":"","overlay-gradient":""},"mobile":{"background-color":"","background-image":"","background-repeat":"repeat","background-position":"center center","background-size":"auto","background-attachment":"scroll","background-type":"","background-media":"","overlay-type":"","overlay-color":"","overlay-opacity":"","overlay-gradient":""}},"ast-content-background-meta":{"desktop":{"background-color":"var(--ast-global-color-4)","background-image":"","background-repeat":"repeat","background-position":"center center","background-size":"auto","background-attachment":"scroll","background-type":"","background-media":"","overlay-type":"","overlay-color":"","overlay-opacity":"","overlay-gradient":""},"tablet":{"background-color":"var(--ast-global-color-4)","background-image":"","background-repeat":"repeat","background-position":"center center","background-size":"auto","background-attachment":"scroll","background-type":"","background-media":"","overlay-type":"","overlay-color":"","overlay-opacity":"","overlay-gradient":""},"mobile":{"background-color":"var(--ast-global-color-4)","background-image":"","background-repeat":"repeat","background-position":"center center","background-size":"auto","background-attachment":"scroll","background-type":"","background-media":"","overlay-type":"","overlay-color":"","overlay-opacity":"","overlay-gradient":""}},"footnotes":""},"class_list":["post-9078","page","type-page","status-publish","hentry"],"aioseo_notices":[],"_links":{"self":[{"href":"https:\/\/walktuk.com\/de\/wp-json\/wp\/v2\/pages\/9078","targetHints":{"allow":["GET"]}}],"collection":[{"href":"https:\/\/walktuk.com\/de\/wp-json\/wp\/v2\/pages"}],"about":[{"href":"https:\/\/walktuk.com\/de\/wp-json\/wp\/v2\/types\/page"}],"author":[{"embeddable":true,"href":"https:\/\/walktuk.com\/de\/wp-json\/wp\/v2\/users\/1"}],"replies":[{"embeddable":true,"href":"https:\/\/walktuk.com\/de\/wp-json\/wp\/v2\/comments?post=9078"}],"version-history":[{"count":9,"href":"https:\/\/walktuk.com\/de\/wp-json\/wp\/v2\/pages\/9078\/revisions"}],"predecessor-version":[{"id":11607,"href":"https:\/\/walktuk.com\/de\/wp-json\/wp\/v2\/pages\/9078\/revisions\/11607"}],"wp:attachment":[{"href":"https:\/\/walktuk.com\/de\/wp-json\/wp\/v2\/media?parent=9078"}],"curies":[{"name":"wp","href":"https:\/\/api.w.org\/{rel}","templated":true}]}}