{"id":9383,"date":"2025-05-26T20:31:31","date_gmt":"2025-05-26T18:31:31","guid":{"rendered":"https:\/\/walktuk.com\/privacidad\/"},"modified":"2026-01-23T18:08:13","modified_gmt":"2026-01-23T17:08:13","slug":"privacidad","status":"publish","type":"page","link":"https:\/\/walktuk.com\/de\/privacidad\/","title":{"rendered":"Datenschutzerkl\u00e4rung"},"content":{"rendered":"\n<h3 class=\"wp-block-heading\">EINLEITUNG<\/h3>\n\n\n\n<p>Wir bei Walk Tuk nehmen die Bed\u00fcrfnisse unserer Internetnutzer ernst und sind uns der Wichtigkeit eines strengen Schutzes der uns anvertrauten personenbezogenen Daten bewusst. Daher stellen wir Ihnen diese Datenschutzerkl\u00e4rung zur Verf\u00fcgung, um Sie \u00fcber unsere Richtlinien zur Verarbeitung personenbezogener Daten unserer Besucher und Nutzer zu informieren.<\/p>\n\n\n\n<p>Als Nutzer akzeptieren Sie diese Bedingungen durch das Lesen, Ansehen oder Durchsuchen der Website. Sollten Sie diesen Bedingungen nicht zustimmen, m\u00fcssen Sie die Website verlassen, ohne sie oder ihre Inhalte in irgendeiner Weise zu nutzen oder auf verlinkte Seiten zuzugreifen.<\/p>\n\n\n\n<h3 class=\"wp-block-heading\" id=\"responsable\">VERANTWORTLICHE STELLE<\/h3>\n\n\n\n<p>Inhaber der Website und Verantwortliche f\u00fcr die Datenverarbeitung ist WalkTuk, S.L., mit der spanischen Steuernummer (CIF) B19992031. Sie erreichen uns per E-Mail unter walktuk@gmail.com, telefonisch unter +34 617 604 203 oder per Post unter C\/Eugenio Gross 34, 8-30, 29009 M\u00e1laga, Spanien.<\/p>\n\n\n\n<h3 class=\"wp-block-heading\" id=\"finalidad\">ZWECK DER DATENVERARBEITUNG<\/h3>\n\n\n\n<p>Auf unseren Webseiten gibt es spezielle Bereiche, in denen Sie Ihre Daten eingeben k\u00f6nnen, um Aktualisierungen zu unserer Webseite und einigen unserer Programme zu erhalten. Wir versichern Ihnen, dass Ihre Angaben streng vertraulich behandelt werden.<\/p>\n\n\n\n<p>Die Daten werden so lange gespeichert, wie sie f\u00fcr den Zweck ben\u00f6tigt werden, f\u00fcr den sie erhoben wurden.<\/p>\n\n\n\n<p>Es werden keine automatisierten Entscheidungen auf Grundlage Ihrer Daten getroffen.<\/p>\n\n\n\n<p>Die Webseite verwendet m\u00f6glicherweise Cookies; bitte beachten Sie unsere Cookie-Richtlinie.<\/p>\n\n\n\n<h3 class=\"wp-block-heading\" id=\"legitimacion\">RECHTSGRUNDLAGE DER DATENVERARBEITUNG<\/h3>\n\n\n\n<p>Ihre Daten werden verwendet, weil Sie uns Ihre Einwilligung zur Nutzung der von Ihnen in den Formularen angegebenen Informationen f\u00fcr den jeweils angegebenen Zweck erteilen. Ihre Daten sind nur f\u00fcr die spezifischen Zwecke erforderlich, f\u00fcr die sie angefordert werden; ohne Ihre Angaben k\u00f6nnen die entsprechenden Dienste nicht bereitgestellt werden.<\/p>\n\n\n\n<h3 class=\"wp-block-heading\" id=\"transferencia\">DATEN\u00dcBERMITTLUNG UND -WEITERGABE<\/h3>\n\n\n\n<p>Wir verpflichten uns, sicherzustellen, dass die von Ihnen an Walk Tuk \u00fcbermittelten Daten unter keinen Umst\u00e4nden ohne Ihre vorherige Einwilligung an Dritte verkauft oder weitergegeben werden, es sei denn, Sie erteilen Ihre ausdr\u00fcckliche Einwilligung oder die Weitergabe ist gesetzlich vorgeschrieben.<\/p>\n\n\n\n<p>Unsere Website enth\u00e4lt Links zu Websites Dritter. Walk Tuk ist nicht f\u00fcr die Datenschutzrichtlinien und -praktiken dieser anderen Websites verantwortlich.<\/p>\n\n\n\n<h3 class=\"wp-block-heading\" id=\"derechos\">RECHTE DER BETROFFENEN PERSONEN<\/h3>\n\n\n\n<p>Sie haben das Recht, auf die in unseren Datenbanken \u00fcber Sie gespeicherten Informationen zuzugreifen, diese bei Fehlern zu korrigieren, zu l\u00f6schen, ihre Verarbeitung einzuschr\u00e4nken, der Verarbeitung zu widersprechen und Ihre Einwilligung zu widerrufen. Senden Sie dazu einfach eine E-Mail an walktuk@gmail.com. Wir beantworten gerne Ihre Fragen, Kommentare oder Anfragen.<\/p>\n\n\n\n<p>Weitere Informationen zu diesem Thema finden Sie auf der Website der spanischen Datenschutzbeh\u00f6rde (Agencia Espa\u00f1ola de Protecci\u00f3n de Datos). Dort haben Sie das Recht, eine Beschwerde einzureichen.<\/p>\n","protected":false},"excerpt":{"rendered":"<p>EINLEITUNG Wir bei Walk Tuk nehmen die Bed\u00fcrfnisse unserer Internetnutzer ernst und sind uns der Wichtigkeit eines strengen Schutzes der uns anvertrauten personenbezogenen Daten bewusst. Daher stellen wir Ihnen diese Datenschutzerkl\u00e4rung zur Verf\u00fcgung, um Sie \u00fcber unsere Richtlinien zur Verarbeitung personenbezogener Daten unserer Besucher und Nutzer zu informieren. Als Nutzer akzeptieren Sie diese Bedingungen durch [&hellip;]<\/p>\n","protected":false},"author":1,"featured_media":0,"parent":0,"menu_order":0,"comment_status":"closed","ping_status":"closed","template":"","meta":{"site-sidebar-layout":"default","site-content-layout":"","ast-site-content-layout":"default","site-content-style":"default","site-sidebar-style":"default","ast-global-header-display":"","ast-banner-title-visibility":"","ast-main-header-display":"","ast-hfb-above-header-display":"","ast-hfb-below-header-display":"","ast-hfb-mobile-header-display":"","site-post-title":"","ast-breadcrumbs-content":"","ast-featured-img":"","footer-sml-layout":"","ast-disable-related-posts":"","theme-transparent-header-meta":"","adv-header-id-meta":"","stick-header-meta":"","header-above-stick-meta":"","header-main-stick-meta":"","header-below-stick-meta":"","astra-migrate-meta-layouts":"set","ast-page-background-enabled":"default","ast-page-background-meta":{"desktop":{"background-color":"var(--ast-global-color-5)","background-image":"","background-repeat":"repeat","background-position":"center center","background-size":"auto","background-attachment":"scroll","background-type":"","background-media":"","overlay-type":"","overlay-color":"","overlay-opacity":"","overlay-gradient":""},"tablet":{"background-color":"","background-image":"","background-repeat":"repeat","background-position":"center center","background-size":"auto","background-attachment":"scroll","background-type":"","background-media":"","overlay-type":"","overlay-color":"","overlay-opacity":"","overlay-gradient":""},"mobile":{"background-color":"","background-image":"","background-repeat":"repeat","background-position":"center center","background-size":"auto","background-attachment":"scroll","background-type":"","background-media":"","overlay-type":"","overlay-color":"","overlay-opacity":"","overlay-gradient":""}},"ast-content-background-meta":{"desktop":{"background-color":"var(--ast-global-color-4)","background-image":"","background-repeat":"repeat","background-position":"center center","background-size":"auto","background-attachment":"scroll","background-type":"","background-media":"","overlay-type":"","overlay-color":"","overlay-opacity":"","overlay-gradient":""},"tablet":{"background-color":"var(--ast-global-color-4)","background-image":"","background-repeat":"repeat","background-position":"center center","background-size":"auto","background-attachment":"scroll","background-type":"","background-media":"","overlay-type":"","overlay-color":"","overlay-opacity":"","overlay-gradient":""},"mobile":{"background-color":"var(--ast-global-color-4)","background-image":"","background-repeat":"repeat","background-position":"center center","background-size":"auto","background-attachment":"scroll","background-type":"","background-media":"","overlay-type":"","overlay-color":"","overlay-opacity":"","overlay-gradient":""}},"footnotes":""},"class_list":["post-9383","page","type-page","status-publish","hentry"],"aioseo_notices":[],"_links":{"self":[{"href":"https:\/\/walktuk.com\/de\/wp-json\/wp\/v2\/pages\/9383","targetHints":{"allow":["GET"]}}],"collection":[{"href":"https:\/\/walktuk.com\/de\/wp-json\/wp\/v2\/pages"}],"about":[{"href":"https:\/\/walktuk.com\/de\/wp-json\/wp\/v2\/types\/page"}],"author":[{"embeddable":true,"href":"https:\/\/walktuk.com\/de\/wp-json\/wp\/v2\/users\/1"}],"replies":[{"embeddable":true,"href":"https:\/\/walktuk.com\/de\/wp-json\/wp\/v2\/comments?post=9383"}],"version-history":[{"count":2,"href":"https:\/\/walktuk.com\/de\/wp-json\/wp\/v2\/pages\/9383\/revisions"}],"predecessor-version":[{"id":11457,"href":"https:\/\/walktuk.com\/de\/wp-json\/wp\/v2\/pages\/9383\/revisions\/11457"}],"wp:attachment":[{"href":"https:\/\/walktuk.com\/de\/wp-json\/wp\/v2\/media?parent=9383"}],"curies":[{"name":"wp","href":"https:\/\/api.w.org\/{rel}","templated":true}]}}