{"id":9398,"date":"2025-05-26T20:31:31","date_gmt":"2025-05-26T18:31:31","guid":{"rendered":"https:\/\/walktuk.com\/cookies\/"},"modified":"2026-01-23T10:42:49","modified_gmt":"2026-01-23T09:42:49","slug":"cookies","status":"publish","type":"page","link":"https:\/\/walktuk.com\/de\/cookies\/","title":{"rendered":"Cookie-Richtlinie"},"content":{"rendered":"\n<h3 class=\"wp-block-heading\">Diese Website verwendet Cookies.<\/h3>\n\n\n\n<p>Gem\u00e4\u00df Gesetz 34\/2002 vom 11. Juli \u00fcber Dienste der Informationsgesellschaft und des elektronischen Gesch\u00e4ftsverkehrs (LSSICE) informieren wir Sie dar\u00fcber, dass diese Website, Walk Tuk, Cookies verwendet.<\/p>\n\n\n\n<p>Das LSSICE gilt f\u00fcr alle Arten von Dateien oder Ger\u00e4ten, die auf das Endger\u00e4t eines Nutzers heruntergeladen werden, um Daten zu speichern, die von der f\u00fcr die Installation verantwortlichen Stelle aktualisiert und abgerufen werden k\u00f6nnen. Ein Cookie ist eine dieser weit verbreiteten Dateien, die wir im Folgenden allgemein als Cookies bezeichnen.<\/p>\n\n\n\n<p>Cookies sind kleine Textdateien, die von einem Webserver an einen Browser gesendet werden, um die Nutzeraktivit\u00e4t auf einer Website zu speichern. Diese Informationen k\u00f6nnen dann beim sp\u00e4teren Besuch der verschiedenen Seiten des Servers, der die Cookies installiert hat, abgerufen werden.<\/p>\n\n\n\n<p>Cookies speichern typischerweise technische Informationen, pers\u00f6nliche Pr\u00e4ferenzen, Anpassungen von Inhalten, Nutzungsstatistiken, Links zu sozialen Medien, Zugangsdaten zu Benutzerkonten usw.<\/p>\n\n\n\n<h3 class=\"wp-block-heading\">Arten von Cookies<\/h3>\n\n\n\n<p>Nachfolgend finden Sie eine Klassifizierung von Cookies anhand verschiedener Kategorien. Es ist jedoch wichtig zu beachten, dass ein einzelner Cookie mehreren Kategorien angeh\u00f6ren kann.<\/p>\n\n\n\n<h2 class=\"wp-block-heading\">Laut der Stelle, die sie verwaltet:<\/h2>\n\n\n\n<ul class=\"wp-block-list\">\n<li>Erstanbieter-Cookies: Dies sind Cookies, die vom Herausgeber selbst auf dessen Endger\u00e4t gesendet werden und den vom Nutzer angeforderten Dienst bereitstellen.<\/li>\n\n\n\n<li>Drittanbieter-Cookies: Dies sind Cookies, die von einem anderen Unternehmen auf dessen Endger\u00e4t gesendet werden, das die \u00fcber die Cookies gewonnenen Daten verarbeitet.<\/li>\n<\/ul>\n\n\n\n<p>Werden Cookies zwar vom Herausgeber selbst installiert, die gesammelten Informationen aber von einem Drittanbieter verarbeitet, gelten sie nicht als Erstanbieter-Cookies.<\/p>\n\n\n\n<h2 class=\"wp-block-heading\">Nach ihrer Speicherdauer:<\/h2>\n\n\n\n<p>Je nach Speicherdauer auf dem Endger\u00e4t lassen sich folgende Cookies unterscheiden:<\/p>\n\n\n\n<ul class=\"wp-block-list\">\n<li>Sitzungs-Cookies: Diese Cookies erfassen und speichern Daten, solange der Nutzer eine Website besucht. Sie werden typischerweise verwendet, um Informationen zu speichern, die nur f\u00fcr die einmalige Bereitstellung des angeforderten Dienstes ben\u00f6tigt werden (z. B. eine Liste gekaufter Produkte).<\/li>\n\n\n\n<li>Persistente Cookies: Diese Cookies speichern Daten auf dem Ger\u00e4t des Nutzers und erm\u00f6glichen deren Zugriff und Verarbeitung f\u00fcr einen vom Cookie-Anbieter festgelegten Zeitraum, der von wenigen Minuten bis zu mehreren Jahren reichen kann.<\/li>\n<\/ul>\n\n\n\n<h2 class=\"wp-block-heading\">Nach ihrem Zweck<\/h2>\n\n\n\n<p>Je nach Zweck der Datenverarbeitung durch Cookies lassen sich folgende Arten unterscheiden:<\/p>\n\n\n\n<ul class=\"wp-block-list\">\n<li>Technische Cookies: Diese Cookies erm\u00f6glichen es dem Nutzer, auf einer Website, Plattform oder Anwendung zu navigieren und verschiedene Optionen oder Dienste zu nutzen, wie z. B. die Steuerung des Datenverkehrs und der Kommunikation, die Identifizierung der Sitzung, den Zugriff auf gesch\u00fctzte Bereiche, das Speichern von Artikeln im Warenkorb, den Abschluss des Kaufvorgangs, die Registrierung f\u00fcr oder Teilnahme an einer Veranstaltung, die Nutzung von Sicherheitsfunktionen beim Surfen, das Speichern von Inhalten zur Video- oder Audiowiedergabe oder das Teilen von Inhalten \u00fcber soziale Netzwerke.<\/li>\n\n\n\n<li>Personalisierungs-Cookies: Diese Cookies erm\u00f6glichen es dem Nutzer, auf den Dienst mit bestimmten vordefinierten allgemeinen Merkmalen zuzugreifen, die auf einer Reihe von Kriterien des Nutzerger\u00e4ts basieren, wie z. B. Sprache, Browsertyp, regionale Einstellungen usw. Analyse-Cookies: Diese Cookies erm\u00f6glichen es dem Verantwortlichen, das Verhalten von Nutzern auf den verlinkten Websites zu verfolgen und zu analysieren. Die durch diese Cookies gesammelten Informationen werden verwendet, um die Aktivit\u00e4t von Websites, Anwendungen oder Plattformen zu messen und Nutzungsprofile dieser Websites, Anwendungen und Plattformen zu erstellen, um auf Basis der Nutzerdatenanalyse Verbesserungen vorzunehmen.<\/li>\n\n\n\n<li>Personalisierungs-Cookies: Diese Cookies erm\u00f6glichen es dem Nutzer, auf den Diensten mit bestimmten vordefinierten allgemeinen Merkmalen zuzugreifen, die auf einer Reihe von Kriterien des Nutzerger\u00e4ts basieren, wie z. B. Sprache, Browsertyp, regionale Einstellungen usw.  Verhaltensbasierte <\/li>\n\n\n\n<li>Werbe-Cookies: Diese Cookies erm\u00f6glichen die optimale Verwaltung von Werbefl\u00e4chen, die der Herausgeber auf einer Website, in einer Anwendung oder auf einer Plattform, \u00fcber die der angeforderte Dienst bereitgestellt wird, eingebunden hat. Die Verwaltung erfolgt anhand von Kriterien wie den angezeigten Inhalten oder der H\u00e4ufigkeit der Anzeigenschaltung.<\/li>\n\n\n\n<li>Werbe-Cookies: Diese Cookies erm\u00f6glichen die optimale Verwaltung von Werbefl\u00e4chen, die der Herausgeber auf einer Website, in einer Anwendung oder auf einer Plattform, \u00fcber die der Dienst bereitgestellt wird, eingebunden hat.<\/li>\n<\/ul>\n\n\n\n<h3 class=\"wp-block-heading\">So deaktivieren Sie Cookies in g\u00e4ngigen Webbrowsern<\/h3>\n\n\n\n<p>Um die Cookie-Nutzung zu konfigurieren, folgen Sie den Anweisungen Ihres Browsers oder konsultieren Sie dessen Hilfe:<\/p>\n\n\n\n<ul class=\"wp-block-list\">\n<li><a href=\"https:\/\/support.apple.com\/es-es\/HT201265\">Safari<\/a><\/li>\n\n\n\n<li><a href=\"https:\/\/support.mozilla.org\/es\/kb\/habilitar-y-deshabilitar-cookies-sitios-web-rastrear-preferencias?redirectlocale=es&amp;redirectslug=habilitar-y-deshabilitar-cookies-que-los-sitios-we\">Firefox<\/a><\/li>\n\n\n\n<li><a href=\"https:\/\/support.google.com\/chrome\/answer\/95647?hl=es-es\">Chrome<\/a><\/li>\n\n\n\n<li><a href=\"https:\/\/www.opera.com\/help\/tutorials\/security\/privacy\/\">\u00d3pera<\/a><\/li>\n\n\n\n<li><a href=\"https:\/\/support.microsoft.com\/es-es\/help\/17442\/windows-internet-explorer-delete-manage-cookies\">Internet Explorer<\/a><\/li>\n\n\n\n<li><a href=\"https:\/\/privacy.microsoft.com\/es-es\/windows-10-microsoft-edge-and-privacy\">Edge<\/a><\/li>\n<\/ul>\n\n\n\n<h3 class=\"wp-block-heading\">Was passiert, wenn Cookies nicht akzeptiert werden?<\/h3>\n\n\n\n<p>Wenn Sie Cookies ablehnen, kann dies den Zugriff auf personalisierte Inhalte und Dienste verhindern.<\/p>\n\n\n\n<h3 class=\"wp-block-heading\">Aktualisierungen und \u00c4nderungen der Cookie-Richtlinie<\/h3>\n\n\n\n<p>Walk Tuk kann diese Cookie-Richtlinie gem\u00e4\u00df gesetzlichen und beh\u00f6rdlichen Vorgaben, zur Anpassung an die Vorgaben der spanischen Datenschutzbeh\u00f6rde, aus technischen Gr\u00fcnden oder aufgrund von Website-Umstrukturierungen \u00e4ndern. Wir empfehlen Ihnen daher, die Richtlinie regelm\u00e4\u00dfig zu besuchen.<\/p>\n\n\n\n<h3 class=\"wp-block-heading\">Kontakt<\/h3>\n\n\n\n<p>Bei Fragen zur Verwendung von Cookies kontaktieren Sie uns bitte unter folgender E-Mail-Adresse: walktuk@gmail.com.<\/p>\n","protected":false},"excerpt":{"rendered":"<p>Diese Website verwendet Cookies. Gem\u00e4\u00df Gesetz 34\/2002 vom 11. Juli \u00fcber Dienste der Informationsgesellschaft und des elektronischen Gesch\u00e4ftsverkehrs (LSSICE) informieren wir Sie dar\u00fcber, dass diese Website, Walk Tuk, Cookies verwendet. Das LSSICE gilt f\u00fcr alle Arten von Dateien oder Ger\u00e4ten, die auf das Endger\u00e4t eines Nutzers heruntergeladen werden, um Daten zu speichern, die von der [&hellip;]<\/p>\n","protected":false},"author":1,"featured_media":0,"parent":0,"menu_order":0,"comment_status":"closed","ping_status":"closed","template":"","meta":{"site-sidebar-layout":"default","site-content-layout":"","ast-site-content-layout":"default","site-content-style":"default","site-sidebar-style":"default","ast-global-header-display":"","ast-banner-title-visibility":"","ast-main-header-display":"","ast-hfb-above-header-display":"","ast-hfb-below-header-display":"","ast-hfb-mobile-header-display":"","site-post-title":"","ast-breadcrumbs-content":"","ast-featured-img":"","footer-sml-layout":"","ast-disable-related-posts":"","theme-transparent-header-meta":"","adv-header-id-meta":"","stick-header-meta":"","header-above-stick-meta":"","header-main-stick-meta":"","header-below-stick-meta":"","astra-migrate-meta-layouts":"set","ast-page-background-enabled":"default","ast-page-background-meta":{"desktop":{"background-color":"var(--ast-global-color-5)","background-image":"","background-repeat":"repeat","background-position":"center center","background-size":"auto","background-attachment":"scroll","background-type":"","background-media":"","overlay-type":"","overlay-color":"","overlay-opacity":"","overlay-gradient":""},"tablet":{"background-color":"","background-image":"","background-repeat":"repeat","background-position":"center center","background-size":"auto","background-attachment":"scroll","background-type":"","background-media":"","overlay-type":"","overlay-color":"","overlay-opacity":"","overlay-gradient":""},"mobile":{"background-color":"","background-image":"","background-repeat":"repeat","background-position":"center center","background-size":"auto","background-attachment":"scroll","background-type":"","background-media":"","overlay-type":"","overlay-color":"","overlay-opacity":"","overlay-gradient":""}},"ast-content-background-meta":{"desktop":{"background-color":"var(--ast-global-color-4)","background-image":"","background-repeat":"repeat","background-position":"center center","background-size":"auto","background-attachment":"scroll","background-type":"","background-media":"","overlay-type":"","overlay-color":"","overlay-opacity":"","overlay-gradient":""},"tablet":{"background-color":"var(--ast-global-color-4)","background-image":"","background-repeat":"repeat","background-position":"center center","background-size":"auto","background-attachment":"scroll","background-type":"","background-media":"","overlay-type":"","overlay-color":"","overlay-opacity":"","overlay-gradient":""},"mobile":{"background-color":"var(--ast-global-color-4)","background-image":"","background-repeat":"repeat","background-position":"center center","background-size":"auto","background-attachment":"scroll","background-type":"","background-media":"","overlay-type":"","overlay-color":"","overlay-opacity":"","overlay-gradient":""}},"footnotes":""},"class_list":["post-9398","page","type-page","status-publish","hentry"],"aioseo_notices":[],"_links":{"self":[{"href":"https:\/\/walktuk.com\/de\/wp-json\/wp\/v2\/pages\/9398","targetHints":{"allow":["GET"]}}],"collection":[{"href":"https:\/\/walktuk.com\/de\/wp-json\/wp\/v2\/pages"}],"about":[{"href":"https:\/\/walktuk.com\/de\/wp-json\/wp\/v2\/types\/page"}],"author":[{"embeddable":true,"href":"https:\/\/walktuk.com\/de\/wp-json\/wp\/v2\/users\/1"}],"replies":[{"embeddable":true,"href":"https:\/\/walktuk.com\/de\/wp-json\/wp\/v2\/comments?post=9398"}],"version-history":[{"count":2,"href":"https:\/\/walktuk.com\/de\/wp-json\/wp\/v2\/pages\/9398\/revisions"}],"predecessor-version":[{"id":11455,"href":"https:\/\/walktuk.com\/de\/wp-json\/wp\/v2\/pages\/9398\/revisions\/11455"}],"wp:attachment":[{"href":"https:\/\/walktuk.com\/de\/wp-json\/wp\/v2\/media?parent=9398"}],"curies":[{"name":"wp","href":"https:\/\/api.w.org\/{rel}","templated":true}]}}