{"id":9409,"date":"2025-05-26T20:31:31","date_gmt":"2025-05-26T18:31:31","guid":{"rendered":"https:\/\/walktuk.com\/aviso-legal\/"},"modified":"2025-12-18T13:12:00","modified_gmt":"2025-12-18T12:12:00","slug":"aviso-legal","status":"publish","type":"page","link":"https:\/\/walktuk.com\/de\/aviso-legal\/","title":{"rendered":"Rechtliche Hinweise"},"content":{"rendered":"\t\t<div data-elementor-type=\"wp-page\" data-elementor-id=\"9409\" class=\"elementor elementor-9409 elementor-7023\">\n\t\t\t\t<div class=\"elementor-element elementor-element-64b8b938 e-flex e-con-boxed e-con e-parent\" data-id=\"64b8b938\" data-element_type=\"container\" data-e-type=\"container\">\n\t\t\t\t\t<div class=\"e-con-inner\">\n\t\t\t\t<div class=\"elementor-element elementor-element-2b45fce6 elementor-widget elementor-widget-text-editor\" data-id=\"2b45fce6\" data-element_type=\"widget\" data-e-type=\"widget\" data-widget_type=\"text-editor.default\">\n\t\t\t\t<div class=\"elementor-widget-container\">\n\t\t\t\t\t\t\t\t\t<div class=\"elementor-element elementor-element-23b04d9 elementor-widget elementor-widget-heading\" data-id=\"23b04d9\" data-element_type=\"widget\" data-widget_type=\"heading.default\"><div class=\"elementor-widget-container\"><div class=\"elementor-element elementor-element-23b04d9 elementor-widget elementor-widget-heading\" data-id=\"23b04d9\" data-element_type=\"widget\" data-widget_type=\"heading.default\"><div class=\"elementor-widget-container\"><h2 class=\"elementor-heading-title elementor-size-default\">RECHTLICHER HINWEIS<\/h2><\/div><\/div><div class=\"elementor-element elementor-element-68471a74 elementor-widget elementor-widget-text-editor\" data-id=\"68471a74\" data-element_type=\"widget\" data-widget_type=\"text-editor.default\"><div class=\"elementor-widget-container\"><p>\u00a0<\/p><h3>DATEN DES WEBSITE-INHABERS<\/h3><p>Gem\u00e4\u00df Artikel 10 des Gesetzes 34\/2002 vom 11. Juli \u00fcber Dienste der Informationsgesellschaft und des elektronischen Gesch\u00e4ftsverkehrs informiert <strong>WalkTuk, S.L.<\/strong>, mit der Steuernummer (CIF) B19992031 (im Folgenden: <strong>WalkTuk<\/strong>), als Inhaber der Website <strong>walktuk.com<\/strong>, mit Sitz in C\/Eugenio Gross 34, 8-30, 29009 M\u00e1laga, E-Mail-Adresse <strong>walktuk@gmail.com<\/strong> und Telefonnummer +34 617604203, Sie hiermit \u00fcber die folgenden Informationen, die die Nutzungsbedingungen dieser Seite, die Haftungsbeschr\u00e4nkungen und die Pflichten der Nutzer der unter der Domain <strong>walktuk.com<\/strong> ver\u00f6ffentlichten Website regeln.<\/p><\/div><\/div><h3>NUTZUNGSBEDINGUNGEN<\/h3><p>Die Nutzung von <strong>walktuk.com<\/strong> verleiht dem Nutzer, unabh\u00e4ngig davon, ob es sich um eine nat\u00fcrliche oder juristische Person handelt, den Status eines Nutzers von <strong>walktuk.com<\/strong> und impliziert die uneingeschr\u00e4nkte Zustimmung zu allen Klauseln und allgemeinen Bedingungen dieses Rechtshinweises. Sollte der Nutzer mit den Klauseln und Nutzungsbedingungen dieses Rechtshinweises nicht einverstanden sein, ist die Nutzung von <strong>walktuk.com<\/strong> untersagt. Dieser Rechtshinweis kann \u00c4nderungen und Aktualisierungen unterliegen, sodass die von <strong>Walk Tuk<\/strong> ver\u00f6ffentlichte Version bei jedem Zugriff des Nutzers auf das Portal abweichen kann. Daher sollte der Nutzer den Rechtshinweis bei jedem Zugriff auf <strong>walktuk.com<\/strong> lesen.<\/p><p>\u00dcber walktuk.com erm\u00f6glicht Walk Tuk dem Nutzer den Zugriff auf und die Nutzung verschiedener Inhalte, die von <strong>Walk Tuk<\/strong> oder autorisierten Dritten online ver\u00f6ffentlicht werden.<\/p><p>Der Nutzer ist verpflichtet und erkl\u00e4rt sich damit einverstanden, <strong>walktuk.com<\/strong> und dessen Inhalte in \u00dcbereinstimmung mit geltendem Recht, diesem Rechtshinweis und allen anderen Hinweisen oder Anweisungen zu nutzen, die in diesem Rechtshinweis oder an anderer Stelle innerhalb der Inhalte von <strong>walktuk.com<\/strong> enthalten sind. Dies schlie\u00dft allgemein anerkannte Verhaltensstandards, Moralvorstellungen und gute Sitten ein. Der Nutzer verpflichtet sich insbesondere, die Inhalte nicht f\u00fcr rechtswidrige Zwecke oder Auswirkungen zu nutzen, die in diesem Rechtshinweis oder geltendem Recht verboten sind, die Rechte und Interessen Dritter beeintr\u00e4chtigen oder die normale Nutzung der Inhalte, der Computerhardware oder der auf von Walk Tuk, einem anderen Nutzer oder einem Internetnutzer (Hardware und Software) betriebenen oder gemieteten Computerhardware oder -ger\u00e4te gespeicherten Dokumente, Dateien und aller Arten von Inhalten beeintr\u00e4chtigen, deaktivieren, \u00fcberlasten oder behindern.<\/p><p>Der Nutzer verpflichtet sich, s\u00e4mtliche auf <strong>walktuk.com<\/strong> enthaltenen Materialien, wie Informationen, Texte, Daten, Inhalte, Nachrichten, Grafiken, Zeichnungen, Ton- und\/oder Bilddateien, Fotos, Aufnahmen, Software, Logos, Marken, Icons, Technologien, Links, Grafikdesign und Quellcode oder sonstige Materialien, auf die er als <strong>Nutzer<\/strong> von <strong>walktuk.com<\/strong> zugreift, nicht an Dritte weiterzugeben, zu verbreiten oder zug\u00e4nglich zu machen. Dar\u00fcber hinaus ist es dem Nutzer gem\u00e4\u00df den vorstehenden Bestimmungen untersagt:<\/p><ul><li>Die Inhalte zu reproduzieren, zu kopieren, zu verbreiten, zug\u00e4nglich zu machen oder anderweitig \u00f6ffentlich zu kommunizieren, zu transformieren oder zu ver\u00e4ndern, es sei denn, dies wurde von <strong>Walk Tuk<\/strong>, dem Inhaber der entsprechenden Rechte, ausdr\u00fccklich schriftlich genehmigt oder ist gesetzlich zul\u00e4ssig.<\/li><li>Das Entfernen, Manipulieren oder in irgendeiner Weise Ver\u00e4ndern des Urheberrechtsvermerks und anderer Kennzeichnungen bez\u00fcglich der Rechtevorbehalte von <strong>Walk Tuk<\/strong> oder seiner Eigent\u00fcmer, digitaler Fingerabdr\u00fccke und\/oder Kennungen, Wasserzeichen oder anderer technischer Mittel zu deren Erkennung ist untersagt.<\/li><\/ul><p>Die Nutzer m\u00fcssen es unterlassen, die Inhalte mit anderen Mitteln oder Verfahren als den hierf\u00fcr bereitgestellten oder auf den Webseiten, auf denen sich die Inhalte befinden, angegebenen Mitteln oder Verfahren zu erlangen oder auch nur zu versuchen, diese zu erlangen, oder allgemein mit den im Internet \u00fcblicherweise f\u00fcr diesen Zweck verwendeten Mitteln oder Verfahren, sofern diese kein Risiko einer Besch\u00e4digung oder Deaktivierung von <strong>walktuk.com<\/strong> und\/oder der Inhalte darstellen.<\/p><h3>GEISTIGES EIGENTUM<\/h3><p>Alle auf <strong>walktuk.com<\/strong> verwendeten Marken, Handelsnamen und sonstigen Kennzeichen sind Eigentum von <strong>Walk Tuk<\/strong> bzw. gegebenenfalls deren jeweiligen Inhabern. Die Nutzung des Portals und\/oder seiner Inhalte gew\u00e4hrt dem Nutzer keinerlei Rechte an diesen Marken, Handelsnamen und\/oder Kennzeichen und impliziert auch keine \u00dcbertragung von Nutzungsrechten an diesen Inhalten. Die Inhalte selbst sind geistiges Eigentum von <strong>Walk Tuk<\/strong> bzw. gegebenenfalls von Dritten. Die Rechte am geistigen Eigentum liegen daher bei <strong>Walk Tuk<\/strong> oder Dritten, die die Nutzung genehmigt haben und das ausschlie\u00dfliche Recht besitzen, die Inhalte in jeglicher Form zu verwerten, insbesondere die Rechte zur Vervielf\u00e4ltigung, Verbreitung, \u00f6ffentlichen Wiedergabe und Bearbeitung. Die unbefugte Nutzung der auf dieser Website enthaltenen Informationen sowie jede Verletzung der Rechte am geistigen oder gewerblichen Eigentum von <strong>Walk Tuk<\/strong> oder von Dritten, die auf <strong>walktuk.com<\/strong> Inhalte bereitgestellt haben, ziehen die gesetzlich vorgesehenen rechtlichen Konsequenzen nach sich.<\/p><h3>VERF\u00dcGBARKEIT VON WALKTUK.COM<\/h3><p><strong>Walk Tuk<\/strong> garantiert weder einen ununterbrochenen noch einen fehlerfreien Zugriff auf <strong>walktuk.com<\/strong> oder dessen Inhalte. Auch die Aktualit\u00e4t der Inhalte wird nicht garantiert, obwohl <strong>Walk Tuk<\/strong> alle Anstrengungen unternimmt, etwaige Probleme zu beheben oder zu aktualisieren. <strong>Walk Tuk<\/strong> haftet daher nicht f\u00fcr Sch\u00e4den oder Verluste jeglicher Art, die dem Nutzer durch Ausf\u00e4lle oder Unterbrechungen von Telekommunikationsnetzen entstehen, welche die Aussetzung, K\u00fcndigung oder Unterbrechung des Portaldienstes w\u00e4hrend oder vor dessen Bereitstellung verursachen.<\/p><p><strong>Walk Tuk<\/strong> schlie\u00dft, vorbehaltlich der gesetzlich vorgesehenen Ausnahmen, jegliche Haftung f\u00fcr Sch\u00e4den oder Verluste jeglicher Art aus, die auf die mangelnde Verf\u00fcgbarkeit, Kontinuit\u00e4t oder Qualit\u00e4t des Betriebs von <strong>walktuk.com<\/strong> und dessen Inhalten oder auf die Nichterf\u00fcllung der vom Nutzer in Bezug auf die N\u00fctzlichkeit von <strong>walktuk.com<\/strong> und dessen Inhalte gesetzten Erwartungen zur\u00fcckzuf\u00fchren sind.<\/p><p>Die auf dieser Website enthaltenen Hyperlinks dienen ausschlie\u00dflich dazu, den Nutzer \u00fcber das Vorhandensein anderer Websites mit Informationen zum Thema zu informieren. Diese Hyperlinks stellen keine Empfehlung oder einen Vorschlag dar.<\/p><p>Walk Tuk \u00fcbernimmt keine Verantwortung f\u00fcr die Inhalte der verlinkten Seiten, die Funktionalit\u00e4t oder N\u00fctzlichkeit der Hyperlinks oder die Ergebnisse, die durch deren Anklicken erzielt werden. <strong>Walk Tuk<\/strong> garantiert nicht die Virenfreiheit oder die Abwesenheit anderer sch\u00e4dlicher Elemente, die das Computersystem (Hardware und Software), Dokumente oder Dateien des Nutzers besch\u00e4digen k\u00f6nnten, und schlie\u00dft daher jegliche Haftung f\u00fcr Sch\u00e4den jeglicher Art aus, die dem Nutzer aus diesem Grund entstehen.<\/p><p>Der Zugriff auf <strong>walktuk.com<\/strong> verpflichtet<strong> Walk Tuk<\/strong> nicht zur \u00dcberwachung auf Viren, W\u00fcrmer oder andere sch\u00e4dliche Computerelemente. Es liegt in der Verantwortung des Nutzers, geeignete Tools zur Erkennung und Beseitigung von Schadsoftware bereitzustellen. <strong>Walk Tuk<\/strong> haftet daher nicht f\u00fcr Sicherheitsl\u00fccken, die w\u00e4hrend der Bereitstellung des Dienstes <strong>walktuk.com<\/strong> auftreten k\u00f6nnen, noch f\u00fcr Sch\u00e4den an den Computersystemen (Hard- und Software) des Nutzers oder Dritter oder an darauf gespeicherten Dateien oder Dokumenten, die durch Viren auf dem Computer des Nutzers, der f\u00fcr die Verbindung zu den Diensten und Inhalten der Website verwendet wird, Browserfehlfunktionen oder die Verwendung veralteter Browserversionen verursacht werden.<\/p><p>Die Bereitstellung des Dienstes <strong>walktuk.com<\/strong> und seiner Inhalte erfolgt grunds\u00e4tzlich unbefristet. Walk Tuk ist jedoch berechtigt, die Bereitstellung des Dienstes <strong>walktuk.com<\/strong> und\/oder seiner Inhalte jederzeit zu beenden oder auszusetzen. Soweit dies zumutbar ist, wird <strong>Walk Tuk<\/strong> die Beendigung oder Aussetzung von <strong>walktuk.com<\/strong> im Voraus ank\u00fcndigen.<\/p><h3>QUALIT\u00c4T VON WALKTUK.COM<\/h3><p>Aufgrund der dynamischen und sich st\u00e4ndig ver\u00e4ndernden Natur der Informationen und Dienstleistungen, die \u00fcber <strong>walktuk.com<\/strong> bereitgestellt werden, ist <strong>Walk Tuk<\/strong> stets bem\u00fcht, die vollst\u00e4ndige Richtigkeit, Genauigkeit, Zuverl\u00e4ssigkeit, N\u00fctzlichkeit und\/oder Aktualit\u00e4t der Inhalte zu gew\u00e4hrleisten, kann diese jedoch nicht garantieren. Die Informationen auf den Seiten dieses Portals dienen ausschlie\u00dflich Informations-, Beratungs-, Bildungs- und Werbezwecken. Sie stellen in keinem Fall eine verbindliche oder vertragliche Verpflichtung dar.<\/p><h3>HAFTUNGSBESCHR\u00c4NKUNG<\/h3><p><strong>Walk Tuk<\/strong> \u00fcbernimmt keine Haftung f\u00fcr Entscheidungen, die der Nutzer auf Grundlage dieser Informationen trifft, sowie f\u00fcr etwaige Tippfehler in den Dokumenten und Grafiken auf <strong>walktuk.com<\/strong>. Die Informationen k\u00f6nnen aufgrund von Erweiterung, Verbesserung, Korrektur oder Aktualisierung der Inhalte ohne vorherige Ank\u00fcndigung regelm\u00e4\u00dfig ge\u00e4ndert werden.<\/p><h3>BENACHRICHTIGUNGEN<\/h3><p>Alle Benachrichtigungen und Mitteilungen von <strong>Walk Tuk<\/strong> an den Nutzer gelten unabh\u00e4ngig vom verwendeten Kommunikationsweg als wirksam.<\/p><h3>GERICHTSSTAND<\/h3><p>F\u00fcr alle Streitigkeiten, die sich aus der Auslegung, Anwendung und Durchsetzung dieses Rechtshinweises ergeben, sowie f\u00fcr alle Anspr\u00fcche, die sich aus seiner Nutzung ergeben, unterwerfen sich alle Beteiligten der Gerichtsbarkeit der Gerichte der Provinz M\u00e1laga und verzichten ausdr\u00fccklich auf die Zust\u00e4ndigkeit jedes anderen Gerichtsstands.<\/p><h3>ANWENDBARES RECHT<\/h3><p>Dieser Rechtshinweis unterliegt dem geltenden spanischen Recht.<\/p><\/div><\/div>\t\t\t\t\t\t\t\t<\/div>\n\t\t\t\t<\/div>\n\t\t\t\t\t<\/div>\n\t\t\t\t<\/div>\n\t\t\t\t<\/div>\n\t\t","protected":false},"excerpt":{"rendered":"<p>RECHTLICHER HINWEIS \u00a0 DATEN DES WEBSITE-INHABERS Gem\u00e4\u00df Artikel 10 des Gesetzes 34\/2002 vom 11. Juli \u00fcber Dienste der Informationsgesellschaft und des elektronischen Gesch\u00e4ftsverkehrs informiert WalkTuk, S.L., mit der Steuernummer (CIF) B19992031 (im Folgenden: WalkTuk), als Inhaber der Website walktuk.com, mit Sitz in C\/Eugenio Gross 34, 8-30, 29009 M\u00e1laga, E-Mail-Adresse walktuk@gmail.com und Telefonnummer +34 617604203, Sie [&hellip;]<\/p>\n","protected":false},"author":1,"featured_media":0,"parent":0,"menu_order":0,"comment_status":"closed","ping_status":"closed","template":"elementor_header_footer","meta":{"site-sidebar-layout":"default","site-content-layout":"","ast-site-content-layout":"default","site-content-style":"default","site-sidebar-style":"default","ast-global-header-display":"","ast-banner-title-visibility":"","ast-main-header-display":"","ast-hfb-above-header-display":"","ast-hfb-below-header-display":"","ast-hfb-mobile-header-display":"","site-post-title":"","ast-breadcrumbs-content":"","ast-featured-img":"","footer-sml-layout":"","ast-disable-related-posts":"","theme-transparent-header-meta":"","adv-header-id-meta":"","stick-header-meta":"","header-above-stick-meta":"","header-main-stick-meta":"","header-below-stick-meta":"","astra-migrate-meta-layouts":"default","ast-page-background-enabled":"default","ast-page-background-meta":{"desktop":{"background-color":"var(--ast-global-color-5)","background-image":"","background-repeat":"repeat","background-position":"center center","background-size":"auto","background-attachment":"scroll","background-type":"","background-media":"","overlay-type":"","overlay-color":"","overlay-opacity":"","overlay-gradient":""},"tablet":{"background-color":"","background-image":"","background-repeat":"repeat","background-position":"center center","background-size":"auto","background-attachment":"scroll","background-type":"","background-media":"","overlay-type":"","overlay-color":"","overlay-opacity":"","overlay-gradient":""},"mobile":{"background-color":"","background-image":"","background-repeat":"repeat","background-position":"center center","background-size":"auto","background-attachment":"scroll","background-type":"","background-media":"","overlay-type":"","overlay-color":"","overlay-opacity":"","overlay-gradient":""}},"ast-content-background-meta":{"desktop":{"background-color":"var(--ast-global-color-4)","background-image":"","background-repeat":"repeat","background-position":"center center","background-size":"auto","background-attachment":"scroll","background-type":"","background-media":"","overlay-type":"","overlay-color":"","overlay-opacity":"","overlay-gradient":""},"tablet":{"background-color":"var(--ast-global-color-4)","background-image":"","background-repeat":"repeat","background-position":"center center","background-size":"auto","background-attachment":"scroll","background-type":"","background-media":"","overlay-type":"","overlay-color":"","overlay-opacity":"","overlay-gradient":""},"mobile":{"background-color":"var(--ast-global-color-4)","background-image":"","background-repeat":"repeat","background-position":"center center","background-size":"auto","background-attachment":"scroll","background-type":"","background-media":"","overlay-type":"","overlay-color":"","overlay-opacity":"","overlay-gradient":""}},"footnotes":""},"class_list":["post-9409","page","type-page","status-publish","hentry"],"aioseo_notices":[],"_links":{"self":[{"href":"https:\/\/walktuk.com\/de\/wp-json\/wp\/v2\/pages\/9409","targetHints":{"allow":["GET"]}}],"collection":[{"href":"https:\/\/walktuk.com\/de\/wp-json\/wp\/v2\/pages"}],"about":[{"href":"https:\/\/walktuk.com\/de\/wp-json\/wp\/v2\/types\/page"}],"author":[{"embeddable":true,"href":"https:\/\/walktuk.com\/de\/wp-json\/wp\/v2\/users\/1"}],"replies":[{"embeddable":true,"href":"https:\/\/walktuk.com\/de\/wp-json\/wp\/v2\/comments?post=9409"}],"version-history":[{"count":10,"href":"https:\/\/walktuk.com\/de\/wp-json\/wp\/v2\/pages\/9409\/revisions"}],"predecessor-version":[{"id":10735,"href":"https:\/\/walktuk.com\/de\/wp-json\/wp\/v2\/pages\/9409\/revisions\/10735"}],"wp:attachment":[{"href":"https:\/\/walktuk.com\/de\/wp-json\/wp\/v2\/media?parent=9409"}],"curies":[{"name":"wp","href":"https:\/\/api.w.org\/{rel}","templated":true}]}}