{"id":9458,"date":"2025-01-17T14:21:11","date_gmt":"2025-01-17T13:21:11","guid":{"rendered":"https:\/\/walktuk.com\/eventos\/"},"modified":"2025-12-13T19:19:13","modified_gmt":"2025-12-13T18:19:13","slug":"eventos","status":"publish","type":"page","link":"https:\/\/walktuk.com\/de\/eventos\/","title":{"rendered":"Veranstaltungen"},"content":{"rendered":"\t\t<div data-elementor-type=\"wp-page\" data-elementor-id=\"9458\" class=\"elementor elementor-9458 elementor-2822\">\n\t\t\t\t<div class=\"elementor-element elementor-element-10d35f4 e-flex e-con-boxed e-con e-parent\" data-id=\"10d35f4\" data-element_type=\"container\" data-e-type=\"container\" data-settings=\"{&quot;background_background&quot;:&quot;classic&quot;,&quot;shape_divider_bottom&quot;:&quot;opacity-fan&quot;}\">\n\t\t\t\t\t<div class=\"e-con-inner\">\n\t\t\t\t<div class=\"elementor-shape elementor-shape-bottom\" aria-hidden=\"true\" data-negative=\"false\">\n\t\t\t<svg xmlns=\"http:\/\/www.w3.org\/2000\/svg\" viewBox=\"0 0 283.5 19.6\" preserveAspectRatio=\"none\">\n\t<path class=\"elementor-shape-fill\" style=\"opacity:0.33\" d=\"M0 0L0 18.8 141.8 4.1 283.5 18.8 283.5 0z\"\/>\n\t<path class=\"elementor-shape-fill\" style=\"opacity:0.33\" d=\"M0 0L0 12.6 141.8 4 283.5 12.6 283.5 0z\"\/>\n\t<path class=\"elementor-shape-fill\" style=\"opacity:0.33\" d=\"M0 0L0 6.4 141.8 4 283.5 6.4 283.5 0z\"\/>\n\t<path class=\"elementor-shape-fill\" d=\"M0 0L0 1.2 141.8 4 283.5 1.2 283.5 0z\"\/>\n<\/svg>\t\t<\/div>\n\t\t\t\t<div class=\"elementor-element elementor-element-2d32bc7 elementor-widget elementor-widget-heading\" data-id=\"2d32bc7\" data-element_type=\"widget\" data-e-type=\"widget\" data-widget_type=\"heading.default\">\n\t\t\t\t<div class=\"elementor-widget-container\">\n\t\t\t\t\t<h1 class=\"elementor-heading-title elementor-size-default\"><b>VERANSTALTUNGEN MIT TUK TUK<\/b>: PERSONALISIERTE ERLEBNISSE IN GANZ <b>SPANIEN<\/b><\/h1>\t\t\t\t<\/div>\n\t\t\t\t<\/div>\n\t\t\t\t\t<\/div>\n\t\t\t\t<\/div>\n\t\t<div class=\"elementor-element elementor-element-92a1a63 e-flex e-con-boxed e-con e-parent\" data-id=\"92a1a63\" data-element_type=\"container\" data-e-type=\"container\" data-settings=\"{&quot;shape_divider_bottom&quot;:&quot;opacity-fan&quot;}\">\n\t\t\t\t\t<div class=\"e-con-inner\">\n\t\t\t\t<div class=\"elementor-shape elementor-shape-bottom\" aria-hidden=\"true\" data-negative=\"false\">\n\t\t\t<svg xmlns=\"http:\/\/www.w3.org\/2000\/svg\" viewBox=\"0 0 283.5 19.6\" preserveAspectRatio=\"none\">\n\t<path class=\"elementor-shape-fill\" style=\"opacity:0.33\" d=\"M0 0L0 18.8 141.8 4.1 283.5 18.8 283.5 0z\"\/>\n\t<path class=\"elementor-shape-fill\" style=\"opacity:0.33\" d=\"M0 0L0 12.6 141.8 4 283.5 12.6 283.5 0z\"\/>\n\t<path class=\"elementor-shape-fill\" style=\"opacity:0.33\" d=\"M0 0L0 6.4 141.8 4 283.5 6.4 283.5 0z\"\/>\n\t<path class=\"elementor-shape-fill\" d=\"M0 0L0 1.2 141.8 4 283.5 1.2 283.5 0z\"\/>\n<\/svg>\t\t<\/div>\n\t\t<div class=\"elementor-element elementor-element-7fb4f0d e-con-full e-flex e-con e-child\" data-id=\"7fb4f0d\" data-element_type=\"container\" data-e-type=\"container\">\n\t\t\t\t<div class=\"elementor-element elementor-element-8353129 elementor-invisible elementor-widget elementor-widget-text-editor\" data-id=\"8353129\" data-element_type=\"widget\" data-e-type=\"widget\" data-settings=\"{&quot;_animation&quot;:&quot;fadeInLeft&quot;}\" data-widget_type=\"text-editor.default\">\n\t\t\t\t<div class=\"elementor-widget-container\">\n\t\t\t\t\t\t\t\t\t<p>Bei <a href=\"https:\/\/walktuk.com\/de\/nuestra-empresa\/\">Walktuk<\/a> bieten wir Unternehmen und Privatpersonen die M\u00f6glichkeit, unsere elektrischen Tuk Tuks f\u00fcr eine Vielzahl von Veranstaltungen in ganz Spanien zu buchen. Ob als Shuttle-Service auf Ihren Veranstaltungen, um den Transport von G\u00e4sten effizient und umweltfreundlich zu gestalten, oder f\u00fcr die Gestaltung <strong data-start=\"468\" data-end=\"492\">personalisierter Touren<\/strong>, die auf die spezifischen Interessen jedes Unternehmens oder jeder Gruppe zugeschnitten sind \u2013 unsere Dienstleistungen sind darauf ausgerichtet, einzigartige und nachhaltige Erlebnisse zu bieten.<\/p>\t\t\t\t\t\t\t\t<\/div>\n\t\t\t\t<\/div>\n\t\t\t\t<\/div>\n\t\t<div class=\"elementor-element elementor-element-b9aec0a e-con-full e-flex e-con e-child\" data-id=\"b9aec0a\" data-element_type=\"container\" data-e-type=\"container\">\n\t\t\t\t<div class=\"elementor-element elementor-element-214e0ec elementor-invisible elementor-widget elementor-widget-image\" data-id=\"214e0ec\" data-element_type=\"widget\" data-e-type=\"widget\" data-settings=\"{&quot;_animation&quot;:&quot;fadeInRight&quot;}\" data-widget_type=\"image.default\">\n\t\t\t\t<div class=\"elementor-widget-container\">\n\t\t\t\t\t\t\t\t\t\t\t\t\t\t\t<img decoding=\"async\" src=\"https:\/\/walktuk.com\/wp-content\/uploads\/elementor\/thumbs\/8a03322c-9b0c-45aa-9f15-310568348a9d-1-r1htlmhuomtgjmwkfj6k45eitgqdd7yvz1loxb3re8.jpg\" title=\"San Miguel Walktuk\" alt=\"San Miguel Walktuk\" loading=\"lazy\" \/>\t\t\t\t\t\t\t\t\t\t\t\t\t\t\t<\/div>\n\t\t\t\t<\/div>\n\t\t\t\t<\/div>\n\t\t\t\t\t<\/div>\n\t\t\t\t<\/div>\n\t\t<div class=\"elementor-element elementor-element-c7c6a1f e-flex e-con-boxed e-con e-parent\" data-id=\"c7c6a1f\" data-element_type=\"container\" data-e-type=\"container\" data-settings=\"{&quot;background_background&quot;:&quot;classic&quot;}\">\n\t\t\t\t\t<div class=\"e-con-inner\">\n\t\t\t\t<div class=\"elementor-element elementor-element-d375cc7 elementor-widget elementor-widget-text-editor\" data-id=\"d375cc7\" data-element_type=\"widget\" data-e-type=\"widget\" data-widget_type=\"text-editor.default\">\n\t\t\t\t<div class=\"elementor-widget-container\">\n\t\t\t\t\t\t\t\t\t<h3 data-start=\"301\" data-end=\"328\"><span style=\"color: #ffffff;\"><strong data-start=\"301\" data-end=\"328\"><u>Serviceleistungen f\u00fcr Veranstaltungen:<\/u><\/strong><\/span><\/h3><p data-start=\"332\" data-end=\"493\"><span style=\"color: #ffffff;\"><strong data-start=\"332\" data-end=\"358\">Nachhaltiger Transport:<\/strong> Wir erleichtern den Transport Ihrer G\u00e4ste auf originelle und umweltfreundliche Weise und sorgen so vom ersten Moment an f\u00fcr ein unvergessliches Erlebnis.<\/span><\/p><p data-start=\"332\" data-end=\"493\"><span style=\"color: #ffffff;\"> <\/span><\/p><p data-start=\"497\" data-end=\"706\"><span style=\"color: #ffffff;\"><strong data-start=\"497\" data-end=\"522\">Personalisierte Touren:<\/strong> Wir gestalten ma\u00dfgeschneiderte Touren, die die Interessen und Bed\u00fcrfnisse Ihres Unternehmens oder Ihrer Gruppe widerspiegeln, sei es f\u00fcr Teambuilding-Aktivit\u00e4ten, kulturelle Besichtigungen oder andere Initiativen.<\/span><\/p><p data-start=\"497\" data-end=\"706\"><span style=\"color: #ffffff;\"> <\/span><\/p><p data-start=\"710\" data-end=\"923\"><span style=\"color: #ffffff;\"><strong data-start=\"710\" data-end=\"743\">Teambuilding-Aktivit\u00e4ten:<\/strong> Wir f\u00f6rdern den Zusammenhalt und den Teamgeist durch speziell auf Ihre Gruppe zugeschnittene Aktivit\u00e4ten und bieten so eine innovative M\u00f6glichkeit zur St\u00e4rkung der Arbeitsbeziehungen.<\/span><\/p>\t\t\t\t\t\t\t\t<\/div>\n\t\t\t\t<\/div>\n\t\t\t\t<div class=\"elementor-element elementor-element-52ffb97 elementor-widget elementor-widget-text-editor\" data-id=\"52ffb97\" data-element_type=\"widget\" data-e-type=\"widget\" data-widget_type=\"text-editor.default\">\n\t\t\t\t<div class=\"elementor-widget-container\">\n\t\t\t\t\t\t\t\t\t<h3 data-start=\"925\" data-end=\"954\"><span style=\"color: #ffffff;\"><strong data-start=\"925\" data-end=\"954\"><u>Zus\u00e4tzliche Erlebnisse:<\/u><\/strong><\/span><\/h3><p data-start=\"958\" data-end=\"1179\"><span style=\"color: #ffffff;\"><strong data-start=\"958\" data-end=\"996\">Personalisierte Stadtf\u00fchrungen:<\/strong> Wir bieten ma\u00dfgeschneiderte Touren an, um die Stadt zu erkunden, in der Ihre Veranstaltung stattfindet, und erm\u00f6glichen Ihren G\u00e4sten, die wichtigsten Sehensw\u00fcrdigkeiten und verborgenen Ecken der Stadt zu entdecken.<\/span><\/p><p data-start=\"958\" data-end=\"1179\"><span style=\"color: #ffffff; font-style: inherit; text-align: var(--text-align);\" data-start=\"1183\" data-end=\"1206\"> <\/span><\/p><p data-start=\"958\" data-end=\"1179\"><span style=\"color: #ffffff; font-style: inherit; text-align: var(--text-align);\" data-start=\"1183\" data-end=\"1206\">Markenwerbung:<\/span><span style=\"color: #ffffff; font-style: inherit; font-weight: inherit; text-align: var(--text-align);\"> Wir personalisieren unsere <\/span><strong style=\"color: #ffffff; font-style: inherit; text-align: var(--text-align);\" data-start=\"1231\" data-end=\"1243\">Tuk Tuks<\/strong><span style=\"color: #ffffff; font-style: inherit; font-weight: inherit; text-align: var(--text-align);\"> mit dem Image Ihres Unternehmens, die in den belebtesten Gegenden der Stadt verkehren oder w\u00e4hrend Messen und Kongressen an strategischen Punkten geparkt werden, wodurch die Sichtbarkeit Ihrer Marke auf innovative Weise erh\u00f6ht wird.<\/span><\/p>\t\t\t\t\t\t\t\t<\/div>\n\t\t\t\t<\/div>\n\t\t\t\t<div class=\"elementor-element elementor-element-c872336 elementor-widget elementor-widget-text-editor\" data-id=\"c872336\" data-element_type=\"widget\" data-e-type=\"widget\" data-widget_type=\"text-editor.default\">\n\t\t\t\t<div class=\"elementor-widget-container\">\n\t\t\t\t\t\t\t\t\t<h3 data-start=\"1276\" data-end=\"1324\"><span style=\"color: #ffffff;\"><u>Unternehmen, die uns bereits vertraut haben:<\/u><\/span><\/h3><p data-start=\"1326\" data-end=\"1462\"><span style=\"color: #ffffff;\">Zahlreiche Marken und Veranstaltungen haben unsere <strong data-start=\"1374\" data-end=\"1386\">Tuk Tuks<\/strong> gew\u00e4hlt, um das Erlebnis ihrer Teilnehmer zu verbessern. Einige davon sind:<\/span><\/p><p data-start=\"1464\" data-end=\"1644\"><span style=\"color: #ffffff;\"><strong data-start=\"1466\" data-end=\"1480\"> <\/strong><\/span><\/p><p data-start=\"1464\" data-end=\"1644\"><span style=\"color: #ffffff;\"><strong data-start=\"1466\" data-end=\"1480\">San Miguel<\/strong>: Wir bieten Transportservice f\u00fcr Ihre Veranstaltung in <strong data-start=\"1538\" data-end=\"1561\">M\u00e1laga, am Muelle 1<\/strong>, und gew\u00e4hrleisten so eine effiziente Logistik und ein einzigartiges Erlebnis f\u00fcr die Teilnehmer.<\/span><\/p><p data-start=\"1464\" data-end=\"1644\"><span style=\"color: #ffffff;\"><strong data-start=\"0\" data-end=\"18\" data-is-only-node=\"\">Selvatic Fest:<\/strong> Wir nehmen an Ihren Konzerten in M\u00e1laga teil und bieten umweltfreundliche und personalisierte Transfers f\u00fcr die Festivalbesucher. Dar\u00fcber hinaus bieten wir <strong data-start=\"162\" data-end=\"182\">Tuk-Tuk-Touren<\/strong> an, damit die Besucher die Stadt vor oder nach der Veranstaltung auf einzigartige Weise entdecken k\u00f6nnen. <\/span><\/p>\t\t\t\t\t\t\t\t<\/div>\n\t\t\t\t<\/div>\n\t\t\t\t<div class=\"elementor-element elementor-element-87dc0a3 elementor-invisible elementor-widget elementor-widget-image\" data-id=\"87dc0a3\" data-element_type=\"widget\" data-e-type=\"widget\" data-settings=\"{&quot;_animation&quot;:&quot;fadeInUp&quot;}\" data-widget_type=\"image.default\">\n\t\t\t\t<div class=\"elementor-widget-container\">\n\t\t\t\t\t\t\t\t\t\t\t\t\t\t\t<img fetchpriority=\"high\" decoding=\"async\" width=\"768\" height=\"568\" src=\"https:\/\/walktuk.com\/wp-content\/uploads\/2025\/02\/54bb2e25-a046-43f4-958e-e1941e13732b-1-768x568.jpg\" class=\"attachment-medium_large size-medium_large wp-image-4882\" alt=\"Veranstaltungen\" srcset=\"https:\/\/walktuk.com\/wp-content\/uploads\/2025\/02\/54bb2e25-a046-43f4-958e-e1941e13732b-1-768x568.jpg 768w, https:\/\/walktuk.com\/wp-content\/uploads\/2025\/02\/54bb2e25-a046-43f4-958e-e1941e13732b-1-300x222.jpg 300w, https:\/\/walktuk.com\/wp-content\/uploads\/2025\/02\/54bb2e25-a046-43f4-958e-e1941e13732b-1-1024x757.jpg 1024w, https:\/\/walktuk.com\/wp-content\/uploads\/2025\/02\/54bb2e25-a046-43f4-958e-e1941e13732b-1.jpg 1321w\" sizes=\"(max-width: 768px) 100vw, 768px\" \/>\t\t\t\t\t\t\t\t\t\t\t\t\t\t\t<\/div>\n\t\t\t\t<\/div>\n\t\t\t\t<div class=\"elementor-element elementor-element-e7eb46c elementor-widget elementor-widget-text-editor\" data-id=\"e7eb46c\" data-element_type=\"widget\" data-e-type=\"widget\" data-widget_type=\"text-editor.default\">\n\t\t\t\t<div class=\"elementor-widget-container\">\n\t\t\t\t\t\t\t\t\t<p><span style=\"color: #ffffff;\">Unsere elektrischen <strong data-start=\"2160\" data-end=\"2172\">Tuk Tuks<\/strong> verleihen Ihrer Veranstaltung nicht nur eine besondere Note, sondern unterstreichen auch Ihr Engagement f\u00fcr Nachhaltigkeit und Umwelt. Wir sind in ganz Spanien t\u00e4tig und passen uns den Besonderheiten jedes Ortes an, um einen einwandfreien Service zu bieten.<\/span><\/p><p><span style=\"color: #ffffff;\"> <\/span><\/p><p><span style=\"color: #ffffff;\"><img decoding=\"async\" class=\"emoji\" role=\"img\" draggable=\"false\" src=\"https:\/\/s.w.org\/images\/core\/emoji\/15.0.3\/svg\/1f4e9.svg\" alt=\"\ud83d\udce9\"> <strong data-start=\"2097\" data-end=\"2213\">F\u00fcr weitere Informationen oder um ein individuelles Angebot anzufordern, z\u00f6gern Sie bitte nicht, uns zu kontaktieren.<\/strong> Wir sind hier, um Ihnen zu helfen, Ihre Veranstaltung zu einem unvergesslichen Erlebnis zu machen.<\/span><\/p>\t\t\t\t\t\t\t\t<\/div>\n\t\t\t\t<\/div>\n\t\t\t\t\t<\/div>\n\t\t\t\t<\/div>\n\t\t\t\t<\/div>\n\t\t","protected":false},"excerpt":{"rendered":"<p>VERANSTALTUNGEN MIT TUK TUK: PERSONALISIERTE ERLEBNISSE IN GANZ SPANIEN Bei Walktuk bieten wir Unternehmen und Privatpersonen die M\u00f6glichkeit, unsere elektrischen Tuk Tuks f\u00fcr eine Vielzahl von Veranstaltungen in ganz Spanien zu buchen. Ob als Shuttle-Service auf Ihren Veranstaltungen, um den Transport von G\u00e4sten effizient und umweltfreundlich zu gestalten, oder f\u00fcr die Gestaltung personalisierter Touren, die [&hellip;]<\/p>\n","protected":false},"author":1,"featured_media":0,"parent":0,"menu_order":0,"comment_status":"closed","ping_status":"closed","template":"","meta":{"site-sidebar-layout":"no-sidebar","site-content-layout":"page-builder","ast-site-content-layout":"full-width-container","site-content-style":"default","site-sidebar-style":"default","ast-global-header-display":"","ast-banner-title-visibility":"","ast-main-header-display":"","ast-hfb-above-header-display":"","ast-hfb-below-header-display":"","ast-hfb-mobile-header-display":"","site-post-title":"disabled","ast-breadcrumbs-content":"","ast-featured-img":"disabled","footer-sml-layout":"","ast-disable-related-posts":"","theme-transparent-header-meta":"","adv-header-id-meta":"","stick-header-meta":"","header-above-stick-meta":"","header-main-stick-meta":"","header-below-stick-meta":"","astra-migrate-meta-layouts":"default","ast-page-background-enabled":"default","ast-page-background-meta":{"desktop":{"background-color":"var(--ast-global-color-5)","background-image":"","background-repeat":"repeat","background-position":"center center","background-size":"auto","background-attachment":"scroll","background-type":"","background-media":"","overlay-type":"","overlay-color":"","overlay-opacity":"","overlay-gradient":""},"tablet":{"background-color":"","background-image":"","background-repeat":"repeat","background-position":"center center","background-size":"auto","background-attachment":"scroll","background-type":"","background-media":"","overlay-type":"","overlay-color":"","overlay-opacity":"","overlay-gradient":""},"mobile":{"background-color":"","background-image":"","background-repeat":"repeat","background-position":"center center","background-size":"auto","background-attachment":"scroll","background-type":"","background-media":"","overlay-type":"","overlay-color":"","overlay-opacity":"","overlay-gradient":""}},"ast-content-background-meta":{"desktop":{"background-color":"var(--ast-global-color-4)","background-image":"","background-repeat":"repeat","background-position":"center center","background-size":"auto","background-attachment":"scroll","background-type":"","background-media":"","overlay-type":"","overlay-color":"","overlay-opacity":"","overlay-gradient":""},"tablet":{"background-color":"var(--ast-global-color-4)","background-image":"","background-repeat":"repeat","background-position":"center center","background-size":"auto","background-attachment":"scroll","background-type":"","background-media":"","overlay-type":"","overlay-color":"","overlay-opacity":"","overlay-gradient":""},"mobile":{"background-color":"var(--ast-global-color-4)","background-image":"","background-repeat":"repeat","background-position":"center center","background-size":"auto","background-attachment":"scroll","background-type":"","background-media":"","overlay-type":"","overlay-color":"","overlay-opacity":"","overlay-gradient":""}},"footnotes":""},"class_list":["post-9458","page","type-page","status-publish","hentry"],"aioseo_notices":[],"_links":{"self":[{"href":"https:\/\/walktuk.com\/de\/wp-json\/wp\/v2\/pages\/9458","targetHints":{"allow":["GET"]}}],"collection":[{"href":"https:\/\/walktuk.com\/de\/wp-json\/wp\/v2\/pages"}],"about":[{"href":"https:\/\/walktuk.com\/de\/wp-json\/wp\/v2\/types\/page"}],"author":[{"embeddable":true,"href":"https:\/\/walktuk.com\/de\/wp-json\/wp\/v2\/users\/1"}],"replies":[{"embeddable":true,"href":"https:\/\/walktuk.com\/de\/wp-json\/wp\/v2\/comments?post=9458"}],"version-history":[{"count":8,"href":"https:\/\/walktuk.com\/de\/wp-json\/wp\/v2\/pages\/9458\/revisions"}],"predecessor-version":[{"id":10660,"href":"https:\/\/walktuk.com\/de\/wp-json\/wp\/v2\/pages\/9458\/revisions\/10660"}],"wp:attachment":[{"href":"https:\/\/walktuk.com\/de\/wp-json\/wp\/v2\/media?parent=9458"}],"curies":[{"name":"wp","href":"https:\/\/api.w.org\/{rel}","templated":true}]}}