{"id":9532,"date":"2025-07-27T11:23:26","date_gmt":"2025-07-27T09:23:26","guid":{"rendered":"https:\/\/walktuk.com\/alicante\/tour-privado-en-tuk-tuk\/"},"modified":"2026-01-22T16:15:09","modified_gmt":"2026-01-22T15:15:09","slug":"tour-tuk-tuk-privado","status":"publish","type":"page","link":"https:\/\/walktuk.com\/de\/alicante\/tour-tuk-tuk-privado\/","title":{"rendered":"Private Tuk-Tuk-Tour"},"content":{"rendered":"\t\t<div data-elementor-type=\"wp-page\" data-elementor-id=\"9532\" class=\"elementor elementor-9532 elementor-9479\">\n\t\t\t\t<div class=\"elementor-element elementor-element-26e3d9a7 e-flex e-con-boxed e-con e-parent\" data-id=\"26e3d9a7\" data-element_type=\"container\" data-e-type=\"container\" data-settings=\"{&quot;background_background&quot;:&quot;classic&quot;,&quot;shape_divider_bottom&quot;:&quot;opacity-fan&quot;}\">\n\t\t\t\t\t<div class=\"e-con-inner\">\n\t\t\t\t<div class=\"elementor-shape elementor-shape-bottom\" aria-hidden=\"true\" data-negative=\"false\">\n\t\t\t<svg xmlns=\"http:\/\/www.w3.org\/2000\/svg\" viewBox=\"0 0 283.5 19.6\" preserveAspectRatio=\"none\">\n\t<path class=\"elementor-shape-fill\" style=\"opacity:0.33\" d=\"M0 0L0 18.8 141.8 4.1 283.5 18.8 283.5 0z\"\/>\n\t<path class=\"elementor-shape-fill\" style=\"opacity:0.33\" d=\"M0 0L0 12.6 141.8 4 283.5 12.6 283.5 0z\"\/>\n\t<path class=\"elementor-shape-fill\" style=\"opacity:0.33\" d=\"M0 0L0 6.4 141.8 4 283.5 6.4 283.5 0z\"\/>\n\t<path class=\"elementor-shape-fill\" d=\"M0 0L0 1.2 141.8 4 283.5 1.2 283.5 0z\"\/>\n<\/svg>\t\t<\/div>\n\t\t\t\t<div class=\"elementor-element elementor-element-19d14baa elementor-widget elementor-widget-heading\" data-id=\"19d14baa\" data-element_type=\"widget\" data-e-type=\"widget\" data-widget_type=\"heading.default\">\n\t\t\t\t<div class=\"elementor-widget-container\">\n\t\t\t\t\t<h1 class=\"elementor-heading-title elementor-size-default\"><u><b>PRIVATE TUK-TUK-TOUR<\/b><\/u><\/h1>\t\t\t\t<\/div>\n\t\t\t\t<\/div>\n\t\t\t\t<div class=\"elementor-element elementor-element-ba22fcb elementor-widget elementor-widget-heading\" data-id=\"ba22fcb\" data-element_type=\"widget\" data-e-type=\"widget\" data-widget_type=\"heading.default\">\n\t\t\t\t<div class=\"elementor-widget-container\">\n\t\t\t\t\t<h2 class=\"elementor-heading-title elementor-size-default\">Entdecken Sie Alicante auf Ihre Weise <\/h2>\t\t\t\t<\/div>\n\t\t\t\t<\/div>\n\t\t\t\t<div class=\"elementor-element elementor-element-10e6e50 elementor-align-left elementor-widget elementor-widget-button\" data-id=\"10e6e50\" data-element_type=\"widget\" data-e-type=\"widget\" data-widget_type=\"button.default\">\n\t\t\t\t<div class=\"elementor-widget-container\">\n\t\t\t\t\t\t\t\t\t<div class=\"elementor-button-wrapper\">\n\t\t\t\t\t<a class=\"elementor-button elementor-button-link elementor-size-sm\" href=\"https:\/\/walktuk.com\/de\/contacto\/\">\n\t\t\t\t\t\t<span class=\"elementor-button-content-wrapper\">\n\t\t\t\t\t\t\t\t\t<span class=\"elementor-button-text\">KONTAKTIERE UNS<\/span>\n\t\t\t\t\t<\/span>\n\t\t\t\t\t<\/a>\n\t\t\t\t<\/div>\n\t\t\t\t\t\t\t\t<\/div>\n\t\t\t\t<\/div>\n\t\t\t\t\t<\/div>\n\t\t\t\t<\/div>\n\t\t<div class=\"elementor-element elementor-element-476046d1 e-flex e-con-boxed e-con e-parent\" data-id=\"476046d1\" data-element_type=\"container\" data-e-type=\"container\">\n\t\t\t\t\t<div class=\"e-con-inner\">\n\t\t<div class=\"elementor-element elementor-element-55803c8b e-con-full e-flex e-con e-child\" data-id=\"55803c8b\" data-element_type=\"container\" data-e-type=\"container\">\n\t\t\t\t<div class=\"elementor-element elementor-element-69b2af28 elementor-widget elementor-widget-text-editor\" data-id=\"69b2af28\" data-element_type=\"widget\" data-e-type=\"widget\" data-widget_type=\"text-editor.default\">\n\t\t\t\t<div class=\"elementor-widget-container\">\n\t\t\t\t\t\t\t\t\t<p data-start=\"158\" data-end=\"440\"><strong data-start=\"158\" data-end=\"254\">Erkunden Sie Alicante auf einzigartige und pers\u00f6nliche Weise mit unserer privaten Tuk-Tuk-Tour.<\/strong><\/p>\n<p data-start=\"158\" data-end=\"440\"><br><\/p><p data-start=\"158\" data-end=\"440\">Entdecken Sie die mediterrane Essenz der Stadt, w\u00e4hrend Sie durch die historischen Stra\u00dfen, die lebendigen Pl\u00e4tze und die spektakul\u00e4ren Ausblicke auf das Meer fahren, alles bequem von einem elektrischen <strong>Tuk-Tuk<\/strong> aus.<\/p>\n<p data-start=\"442\" data-end=\"737\">Unsere <strong>private Tuk-Tuk-Tour<\/strong> ist darauf ausgelegt, Ihnen ein exklusives Erlebnis zu bieten, das auf Ihre Interessen und Ihr Tempo zugeschnitten ist. Ein erfahrener <strong>lokaler Guide<\/strong> \u2013 der mehrere Sprachen beherrscht \u2013 begleitet Sie w\u00e4hrend der gesamten Tour und teilt mit Ihnen Geschichte<span style=\"font-style: inherit; font-weight: inherit;\">n, Kuriosit\u00e4ten und Ecken, die nur die Einwohner von Alicante kennen.<\/span><\/p><p data-start=\"442\" data-end=\"737\"><span style=\"font-style: inherit; font-weight: inherit;\"><br><\/span><\/p>\n<p data-start=\"739\" data-end=\"1140\">Egal, ob Sie <strong>Alicante<\/strong> zum ersten Mal besuchen oder es aus einer anderen Perspektive neu entdecken m\u00f6chten, unsere <strong>private Tuk-Tuk-Tour<\/strong> bietet Ihnen die perfekte Kombination aus Kultur, Komfort und Spa\u00df.<\/p>\n<p data-start=\"739\" data-end=\"1140\">Fahren Sie durch das bezaubernde <strong data-start=\"962\" data-end=\"986\">Barrio de Santa Cruz<\/strong>, bewundern Sie die Aussicht von der <strong data-start=\"1015\" data-end=\"1044\">Burg Santa B\u00e1rbara<\/strong> oder verlieren Sie sich zwischen Pl\u00e4tzen, Gassen und Monumenten, die Alicante zu einer unvergesslichen Stadt machen.<\/p>\t\t\t\t\t\t\t\t<\/div>\n\t\t\t\t<\/div>\n\t\t\t\t<\/div>\n\t\t<div class=\"elementor-element elementor-element-4638698d e-con-full e-flex e-con e-child\" data-id=\"4638698d\" data-element_type=\"container\" data-e-type=\"container\">\n\t\t\t\t<div class=\"elementor-element elementor-element-3c315a19 elementor-widget elementor-widget-image\" data-id=\"3c315a19\" data-element_type=\"widget\" data-e-type=\"widget\" data-widget_type=\"image.default\">\n\t\t\t\t<div class=\"elementor-widget-container\">\n\t\t\t\t\t\t\t\t\t\t\t\t\t\t\t<img fetchpriority=\"high\" decoding=\"async\" width=\"1536\" height=\"1152\" src=\"https:\/\/walktuk.com\/wp-content\/uploads\/2025\/02\/Copia-de-78c295b5-f703-4ee3-a3ef-3c12adf39f06-1-1536x1152.jpg\" class=\"attachment-1536x1536 size-1536x1536 wp-image-4870\" alt=\"private touren in palma\" srcset=\"https:\/\/walktuk.com\/wp-content\/uploads\/2025\/02\/Copia-de-78c295b5-f703-4ee3-a3ef-3c12adf39f06-1-1536x1152.jpg 1536w, https:\/\/walktuk.com\/wp-content\/uploads\/2025\/02\/Copia-de-78c295b5-f703-4ee3-a3ef-3c12adf39f06-1-300x225.jpg 300w, https:\/\/walktuk.com\/wp-content\/uploads\/2025\/02\/Copia-de-78c295b5-f703-4ee3-a3ef-3c12adf39f06-1-1024x768.jpg 1024w, https:\/\/walktuk.com\/wp-content\/uploads\/2025\/02\/Copia-de-78c295b5-f703-4ee3-a3ef-3c12adf39f06-1-768x576.jpg 768w, https:\/\/walktuk.com\/wp-content\/uploads\/2025\/02\/Copia-de-78c295b5-f703-4ee3-a3ef-3c12adf39f06-1.jpg 2048w\" sizes=\"(max-width: 1536px) 100vw, 1536px\" \/>\t\t\t\t\t\t\t\t\t\t\t\t\t\t\t<\/div>\n\t\t\t\t<\/div>\n\t\t\t\t<\/div>\n\t\t\t\t\t<\/div>\n\t\t\t\t<\/div>\n\t\t<div class=\"elementor-element elementor-element-7492a5ce e-con-full e-flex e-con e-parent\" data-id=\"7492a5ce\" data-element_type=\"container\" data-e-type=\"container\" data-settings=\"{&quot;background_background&quot;:&quot;classic&quot;}\">\n\t\t<div class=\"elementor-element elementor-element-41ee7db4 e-con-full e-flex e-con e-child\" data-id=\"41ee7db4\" data-element_type=\"container\" data-e-type=\"container\" data-settings=\"{&quot;background_background&quot;:&quot;classic&quot;}\">\n\t\t\t\t<div class=\"elementor-element elementor-element-43d422cd elementor-widget elementor-widget-heading\" data-id=\"43d422cd\" data-element_type=\"widget\" data-e-type=\"widget\" data-widget_type=\"heading.default\">\n\t\t\t\t<div class=\"elementor-widget-container\">\n\t\t\t\t\t<h2 class=\"elementor-heading-title elementor-size-default\">Private Tuk-Tuk-Tour:<br>Ein exklusives und flexibles Erlebnis<\/h2>\t\t\t\t<\/div>\n\t\t\t\t<\/div>\n\t\t\t\t<div class=\"elementor-element elementor-element-3c37969a elementor-widget elementor-widget-text-editor\" data-id=\"3c37969a\" data-element_type=\"widget\" data-e-type=\"widget\" data-widget_type=\"text-editor.default\">\n\t\t\t\t<div class=\"elementor-widget-container\">\n\t\t\t\t\t\t\t\t\t<p data-start=\"172\" data-end=\"490\"><strong data-start=\"172\" data-end=\"316\">Unsere privaten Tuk-Tuk-Touren durch Alicante sind ideal f\u00fcr Familien, Freunde oder Paare, die die Stadt in ihrem eigenen Tempo erkunden m\u00f6chten.<\/strong><br data-start=\"316\" data-end=\"319\">W\u00e4hrend +1 Stunde entdecken Sie die ber\u00fchmtesten Orte von Alicante mit der Freiheit, anzuhalten, um Fotos zu machen, die Aussicht zu genie\u00dfen und jede Ecke ohne Eile zu erleben.<\/p><p data-start=\"492\" data-end=\"801\">Diese <strong data-start=\"497\" data-end=\"524\">private Tuk-Tuk-Tour<\/strong> bietet Ihnen ein v\u00f6llig personalisiertes Erlebnis. Die Route kann an Ihre Vorlieben angepasst werden: von der Erkundung der bezaubernden <strong data-start=\"650\" data-end=\"667\">Altstadt<\/strong> und des <strong data-start=\"673\" data-end=\"697\">Barrio de Santa Cruz<\/strong> bis zum Aufstieg zur <strong data-start=\"717\" data-end=\"746\">Burg Santa B\u00e1rbara<\/strong> oder der Fahrt entlang der K\u00fcste neben dem <strong data-start=\"777\" data-end=\"800\">Playa del Postiguet<\/strong>.<\/p><p data-start=\"803\" data-end=\"905\">Alles ist darauf ausgelegt, dass Sie ein komfortables, exklusives und authentisches Abenteuer durch das Beste von <strong>Alicante<\/strong> erleben.<\/p>\t\t\t\t\t\t\t\t<\/div>\n\t\t\t\t<\/div>\n\t\t\t\t<\/div>\n\t\t<div class=\"elementor-element elementor-element-5a1b6e6b e-con-full e-flex e-con e-child\" data-id=\"5a1b6e6b\" data-element_type=\"container\" data-e-type=\"container\" data-settings=\"{&quot;background_background&quot;:&quot;classic&quot;}\">\n\t\t\t\t<div class=\"elementor-element elementor-element-69cae6d6 elementor-widget elementor-widget-heading\" data-id=\"69cae6d6\" data-element_type=\"widget\" data-e-type=\"widget\" data-widget_type=\"heading.default\">\n\t\t\t\t<div class=\"elementor-widget-container\">\n\t\t\t\t\t<h2 class=\"elementor-heading-title elementor-size-default\">Private Tuk-Tuk-Tour:<br>Ideal f\u00fcr jeden Anlass<\/h2>\t\t\t\t<\/div>\n\t\t\t\t<\/div>\n\t\t\t\t<div class=\"elementor-element elementor-element-31e9df9f elementor-widget elementor-widget-text-editor\" data-id=\"31e9df9f\" data-element_type=\"widget\" data-e-type=\"widget\" data-widget_type=\"text-editor.default\">\n\t\t\t\t<div class=\"elementor-widget-container\">\n\t\t\t\t\t\t\t\t\t<p data-start=\"145\" data-end=\"296\"><strong data-start=\"145\" data-end=\"296\">Die private Tuk-Tuk-Tour<\/strong> ist nicht nur eine originelle Art, <strong data-start=\"145\" data-end=\"296\">Alicante<\/strong> kennenzulernen, sondern auch eine ausgezeichnete Option, um besondere Anl\u00e4sse zu feiern.<\/p><p data-start=\"145\" data-end=\"296\"> <\/p><p data-start=\"298\" data-end=\"550\">Genie\u00dfen Sie eine Fahrt bei Sonnenuntergang, feiern Sie einen Geburtstag mit der Familie oder \u00fcberraschen Sie Ihre Freunde bei einem Junggesellenabschied.<\/p><p data-start=\"298\" data-end=\"550\"> <\/p><p data-start=\"298\" data-end=\"550\">Dieses farbenfrohe, lustige und umweltfreundliche Transportmittel bleibt nicht unbemerkt und macht jeden Moment zu einem unvergesslichen Erlebnis.<\/p>\t\t\t\t\t\t\t\t<\/div>\n\t\t\t\t<\/div>\n\t\t\t\t<\/div>\n\t\t<div class=\"elementor-element elementor-element-7653aa4b e-con-full e-flex e-con e-child\" data-id=\"7653aa4b\" data-element_type=\"container\" data-e-type=\"container\" data-settings=\"{&quot;background_background&quot;:&quot;classic&quot;}\">\n\t\t\t\t<div class=\"elementor-element elementor-element-31d1a270 elementor-widget elementor-widget-heading\" data-id=\"31d1a270\" data-element_type=\"widget\" data-e-type=\"widget\" data-widget_type=\"heading.default\">\n\t\t\t\t<div class=\"elementor-widget-container\">\n\t\t\t\t\t<h2 class=\"elementor-heading-title elementor-size-default\">Reservierungen und Verf\u00fcgbarkeit<\/h2>\t\t\t\t<\/div>\n\t\t\t\t<\/div>\n\t\t\t\t<div class=\"elementor-element elementor-element-3707a9b5 elementor-widget elementor-widget-text-editor\" data-id=\"3707a9b5\" data-element_type=\"widget\" data-e-type=\"widget\" data-widget_type=\"text-editor.default\">\n\t\t\t\t<div class=\"elementor-widget-container\">\n\t\t\t\t\t\t\t\t\t<p data-pm-slice=\"1 1 []\"><span style=\"color: #ffffff;\">Mit der Buchung sichern Sie sich das komplette Fahrzeug (4 Pl\u00e4tze) und garantieren, dass das Tuk-Tuk exklusiv f\u00fcr Ihre Gruppe ist. <\/span><\/p><p data-pm-slice=\"1 1 []\"><span style=\"color: #ffffff;\"> <\/span><\/p><p data-pm-slice=\"1 1 []\"><span style=\"color: #ffffff;\">F\u00fcr gr\u00f6\u00dfere Gruppen k\u00f6nnen mehrere Fahrzeuge mit <strong>vorheriger Ank\u00fcndigung und je nach Verf\u00fcgbarkeit<\/strong> reserviert werden.<\/span><\/p>\t\t\t\t\t\t\t\t<\/div>\n\t\t\t\t<\/div>\n\t\t\t\t<\/div>\n\t\t<div class=\"elementor-element elementor-element-253ef7a3 e-con-full e-flex e-con e-child\" data-id=\"253ef7a3\" data-element_type=\"container\" data-e-type=\"container\" data-settings=\"{&quot;background_background&quot;:&quot;classic&quot;}\">\n\t\t\t\t<div class=\"elementor-element elementor-element-5f564ace elementor-widget elementor-widget-heading\" data-id=\"5f564ace\" data-element_type=\"widget\" data-e-type=\"widget\" data-widget_type=\"heading.default\">\n\t\t\t\t<div class=\"elementor-widget-container\">\n\t\t\t\t\t<h2 class=\"elementor-heading-title elementor-size-default\">Gestalten Sie Ihr Abenteuer in Alicante<\/h2>\t\t\t\t<\/div>\n\t\t\t\t<\/div>\n\t\t\t\t<div class=\"elementor-element elementor-element-18aa3300 elementor-widget elementor-widget-text-editor\" data-id=\"18aa3300\" data-element_type=\"widget\" data-e-type=\"widget\" data-widget_type=\"text-editor.default\">\n\t\t\t\t<div class=\"elementor-widget-container\">\n\t\t\t\t\t\t\t\t\t<p data-start=\"206\" data-end=\"335\"><strong data-start=\"206\" data-end=\"335\"><a href=\"https:\/\/walktuk.com\/de\/contacto-alicante\/\">Kontaktieren Sie uns<\/a><\/strong> und personalisieren Sie Ihre Tour, um mit unserer <strong data-start=\"206\" data-end=\"335\">privaten Tuk-Tuk-Tour<\/strong> durch <strong data-start=\"206\" data-end=\"335\">Alicante<\/strong> ein authentisches Erlebnis zu erleben.<\/p>\n<p data-start=\"337\" data-end=\"504\">Egal, ob Sie die Geschichte erkunden, die pulsierende K\u00fcste genie\u00dfen oder versteckte Ecken entdecken m\u00f6chten, wir sind hier, um Ihren Besuch zu einem unvergesslichen Erlebnis zu machen.<\/p>\t\t\t\t\t\t\t\t<\/div>\n\t\t\t\t<\/div>\n\t\t\t\t<\/div>\n\t\t\t\t<\/div>\n\t\t<div class=\"elementor-element elementor-element-51496389 e-flex e-con-boxed e-con e-parent\" data-id=\"51496389\" data-element_type=\"container\" data-e-type=\"container\" data-settings=\"{&quot;background_background&quot;:&quot;classic&quot;}\">\n\t\t\t\t\t<div class=\"e-con-inner\">\n\t\t\t\t<div class=\"elementor-element elementor-element-76940d2d elementor-widget elementor-widget-heading\" data-id=\"76940d2d\" data-element_type=\"widget\" data-e-type=\"widget\" data-widget_type=\"heading.default\">\n\t\t\t\t<div class=\"elementor-widget-container\">\n\t\t\t\t\t<h2 class=\"elementor-heading-title elementor-size-default\"><a href=\"https:\/\/walktuk.com\/de\/reserva\/\">Buchen Sie jetzt und entdecken Sie Alicante wie nie zuvor mit unserer privaten Tuk-Tuk-Tour!<\/a><\/h2>\t\t\t\t<\/div>\n\t\t\t\t<\/div>\n\t\t\t\t\t<\/div>\n\t\t\t\t<\/div>\n\t\t\t\t<\/div>\n\t\t","protected":false},"excerpt":{"rendered":"<p>PRIVATE TUK-TUK-TOUR Entdecken Sie Alicante auf Ihre Weise KONTAKTIERE UNS Erkunden Sie Alicante auf einzigartige und pers\u00f6nliche Weise mit unserer privaten Tuk-Tuk-Tour. Entdecken Sie die mediterrane Essenz der Stadt, w\u00e4hrend Sie durch die historischen Stra\u00dfen, die lebendigen Pl\u00e4tze und die spektakul\u00e4ren Ausblicke auf das Meer fahren, alles bequem von einem elektrischen Tuk-Tuk aus. Unsere private [&hellip;]<\/p>\n","protected":false},"author":1,"featured_media":0,"parent":9516,"menu_order":0,"comment_status":"closed","ping_status":"closed","template":"","meta":{"site-sidebar-layout":"no-sidebar","site-content-layout":"page-builder","ast-site-content-layout":"full-width-container","site-content-style":"default","site-sidebar-style":"default","ast-global-header-display":"","ast-banner-title-visibility":"","ast-main-header-display":"","ast-hfb-above-header-display":"","ast-hfb-below-header-display":"","ast-hfb-mobile-header-display":"","site-post-title":"disabled","ast-breadcrumbs-content":"","ast-featured-img":"disabled","footer-sml-layout":"","ast-disable-related-posts":"","theme-transparent-header-meta":"","adv-header-id-meta":"","stick-header-meta":"","header-above-stick-meta":"","header-main-stick-meta":"","header-below-stick-meta":"","astra-migrate-meta-layouts":"default","ast-page-background-enabled":"default","ast-page-background-meta":{"desktop":{"background-color":"var(--ast-global-color-5)","background-image":"","background-repeat":"repeat","background-position":"center center","background-size":"auto","background-attachment":"scroll","background-type":"","background-media":"","overlay-type":"","overlay-color":"","overlay-opacity":"","overlay-gradient":""},"tablet":{"background-color":"","background-image":"","background-repeat":"repeat","background-position":"center center","background-size":"auto","background-attachment":"scroll","background-type":"","background-media":"","overlay-type":"","overlay-color":"","overlay-opacity":"","overlay-gradient":""},"mobile":{"background-color":"","background-image":"","background-repeat":"repeat","background-position":"center center","background-size":"auto","background-attachment":"scroll","background-type":"","background-media":"","overlay-type":"","overlay-color":"","overlay-opacity":"","overlay-gradient":""}},"ast-content-background-meta":{"desktop":{"background-color":"var(--ast-global-color-4)","background-image":"","background-repeat":"repeat","background-position":"center center","background-size":"auto","background-attachment":"scroll","background-type":"","background-media":"","overlay-type":"","overlay-color":"","overlay-opacity":"","overlay-gradient":""},"tablet":{"background-color":"var(--ast-global-color-4)","background-image":"","background-repeat":"repeat","background-position":"center center","background-size":"auto","background-attachment":"scroll","background-type":"","background-media":"","overlay-type":"","overlay-color":"","overlay-opacity":"","overlay-gradient":""},"mobile":{"background-color":"var(--ast-global-color-4)","background-image":"","background-repeat":"repeat","background-position":"center center","background-size":"auto","background-attachment":"scroll","background-type":"","background-media":"","overlay-type":"","overlay-color":"","overlay-opacity":"","overlay-gradient":""}},"footnotes":""},"class_list":["post-9532","page","type-page","status-publish","hentry"],"aioseo_notices":[],"_links":{"self":[{"href":"https:\/\/walktuk.com\/de\/wp-json\/wp\/v2\/pages\/9532","targetHints":{"allow":["GET"]}}],"collection":[{"href":"https:\/\/walktuk.com\/de\/wp-json\/wp\/v2\/pages"}],"about":[{"href":"https:\/\/walktuk.com\/de\/wp-json\/wp\/v2\/types\/page"}],"author":[{"embeddable":true,"href":"https:\/\/walktuk.com\/de\/wp-json\/wp\/v2\/users\/1"}],"replies":[{"embeddable":true,"href":"https:\/\/walktuk.com\/de\/wp-json\/wp\/v2\/comments?post=9532"}],"version-history":[{"count":9,"href":"https:\/\/walktuk.com\/de\/wp-json\/wp\/v2\/pages\/9532\/revisions"}],"predecessor-version":[{"id":10888,"href":"https:\/\/walktuk.com\/de\/wp-json\/wp\/v2\/pages\/9532\/revisions\/10888"}],"up":[{"embeddable":true,"href":"https:\/\/walktuk.com\/de\/wp-json\/wp\/v2\/pages\/9516"}],"wp:attachment":[{"href":"https:\/\/walktuk.com\/de\/wp-json\/wp\/v2\/media?parent=9532"}],"curies":[{"name":"wp","href":"https:\/\/api.w.org\/{rel}","templated":true}]}}