{"id":9924,"date":"2025-08-03T19:11:06","date_gmt":"2025-08-03T17:11:06","guid":{"rendered":"https:\/\/walktuk.com\/tour-privado-en-tuk-tuk\/"},"modified":"2025-12-28T00:04:29","modified_gmt":"2025-12-27T23:04:29","slug":"tour-tuk-tuk-privado","status":"publish","type":"page","link":"https:\/\/walktuk.com\/de\/barcelona\/tour-tuk-tuk-privado\/","title":{"rendered":"Private Tour im Tuk Tuk"},"content":{"rendered":"\t\t<div data-elementor-type=\"wp-page\" data-elementor-id=\"9924\" class=\"elementor elementor-9924 elementor-9629\">\n\t\t\t\t<div class=\"elementor-element elementor-element-7102ddcc e-flex e-con-boxed e-con e-parent\" data-id=\"7102ddcc\" data-element_type=\"container\" data-e-type=\"container\" data-settings=\"{&quot;background_background&quot;:&quot;classic&quot;}\">\n\t\t\t\t\t<div class=\"e-con-inner\">\n\t\t\t\t<div class=\"elementor-element elementor-element-168421d4 elementor-widget elementor-widget-heading\" data-id=\"168421d4\" data-element_type=\"widget\" data-e-type=\"widget\" data-widget_type=\"heading.default\">\n\t\t\t\t<div class=\"elementor-widget-container\">\n\t\t\t\t\t<h1 class=\"elementor-heading-title elementor-size-default\"><b>PRIVATE TOUR IM TUK TUK BARCELONA <br><\/b>Erlebe die Stadt in deinem eigenen Tempo<\/h1>\t\t\t\t<\/div>\n\t\t\t\t<\/div>\n\t\t\t\t<div class=\"elementor-element elementor-element-2de664c1 elementor-widget-divider--view-line elementor-widget elementor-widget-divider\" data-id=\"2de664c1\" data-element_type=\"widget\" data-e-type=\"widget\" data-widget_type=\"divider.default\">\n\t\t\t\t<div class=\"elementor-widget-container\">\n\t\t\t\t\t\t\t<div class=\"elementor-divider\">\n\t\t\t<span class=\"elementor-divider-separator\">\n\t\t\t\t\t\t<\/span>\n\t\t<\/div>\n\t\t\t\t\t\t<\/div>\n\t\t\t\t<\/div>\n\t\t\t\t<div class=\"elementor-element elementor-element-55ec2dfe elementor-align-left elementor-widget elementor-widget-button\" data-id=\"55ec2dfe\" data-element_type=\"widget\" data-e-type=\"widget\" data-widget_type=\"button.default\">\n\t\t\t\t<div class=\"elementor-widget-container\">\n\t\t\t\t\t\t\t\t\t<div class=\"elementor-button-wrapper\">\n\t\t\t\t\t<a class=\"elementor-button elementor-button-link elementor-size-sm\" href=\"https:\/\/walktuk.com\/de\/contacto\/\">\n\t\t\t\t\t\t<span class=\"elementor-button-content-wrapper\">\n\t\t\t\t\t\t\t\t\t<span class=\"elementor-button-text\">KONTAKTIERE UNS<\/span>\n\t\t\t\t\t<\/span>\n\t\t\t\t\t<\/a>\n\t\t\t\t<\/div>\n\t\t\t\t\t\t\t\t<\/div>\n\t\t\t\t<\/div>\n\t\t\t\t\t<\/div>\n\t\t\t\t<\/div>\n\t\t<div class=\"elementor-element elementor-element-18dd880b e-flex e-con-boxed e-con e-parent\" data-id=\"18dd880b\" data-element_type=\"container\" data-e-type=\"container\">\n\t\t\t\t\t<div class=\"e-con-inner\">\n\t\t\t\t<div class=\"elementor-element elementor-element-47c15d53 elementor-widget elementor-widget-text-editor\" data-id=\"47c15d53\" data-element_type=\"widget\" data-e-type=\"widget\" data-widget_type=\"text-editor.default\">\n\t\t\t\t<div class=\"elementor-widget-container\">\n\t\t\t\t\t\t\t\t\t<p data-start=\"125\" data-end=\"437\"><strong data-start=\"125\" data-end=\"233\">Entdecke Barcelona auf exklusive und pers\u00f6nliche Weise mit unseren privaten Touren in elektrischen Tuk Tuks.<\/strong><\/p><p data-start=\"125\" data-end=\"437\"><b><br data-start=\"233\" data-end=\"236\"><\/b>Mit einer Kapazit\u00e4t von bis zu 4 Personen pro Fahrzeug sind sie die perfekte Option f\u00fcr kleine Gruppen, Familien, Freunde oder Paare, die die Stadt genie\u00dfen m\u00f6chten, ohne die Tour mit Fremden zu teilen.<\/p><p data-start=\"125\" data-end=\"437\"> <\/p><p data-start=\"439\" data-end=\"857\">Bei einer <strong data-start=\"445\" data-end=\"472\">privaten Tour im Tuk Tuk<\/strong> entscheidest du, wie du das Erlebnis gestaltest: Du kannst einer unserer empfohlenen Routen folgen oder eine Route nach Ma\u00df erstellen, indem du die Orte ausw\u00e4hlst, die dich am meisten interessieren, und jeder Station so viel Zeit widmest, wie du m\u00f6chtest. Von den historischen Ecken des Barri G\u00f2tic bis zu den Panoramablicken von Montju\u00efc oder dem modernistischen Charme des Passeig de Gr\u00e0cia wird die gesamte Tour an dich angepasst.<\/p><p data-start=\"439\" data-end=\"857\"> <\/p><p data-start=\"859\" data-end=\"1284\">Dar\u00fcber hinaus steht dir die exklusive Betreuung durch einen Guide-Fahrer zur Verf\u00fcgung, der dir Kuriosit\u00e4ten, Anekdoten und historische Fakten in der Sprache deiner Wahl erz\u00e4hlt, da wir die <strong data-start=\"1034\" data-end=\"1075\">gr\u00f6\u00dfte Sprachenvielfalt auf dem Markt<\/strong> anbieten. Ohne Eile, ohne feste Zeiten und mit dem Komfort eines 100 % elektrischen Fahrzeugs, das Zugang zu Fu\u00dfg\u00e4ngerzonen und engen Gassen hat, damit du Barcelona so nah, authentisch und nachhaltig wie m\u00f6glich erleben kannst.<\/p>\t\t\t\t\t\t\t\t<\/div>\n\t\t\t\t<\/div>\n\t\t\t\t\t<\/div>\n\t\t\t\t<\/div>\n\t\t<div class=\"elementor-element elementor-element-2f498877 e-flex e-con-boxed e-con e-parent\" data-id=\"2f498877\" data-element_type=\"container\" data-e-type=\"container\">\n\t\t\t\t\t<div class=\"e-con-inner\">\n\t\t<a class=\"elementor-element elementor-element-6b9c72c8 e-con-full e-flex e-con e-child\" data-id=\"6b9c72c8\" data-element_type=\"container\" data-e-type=\"container\" data-settings=\"{&quot;background_background&quot;:&quot;classic&quot;}\" href=\"https:\/\/walktuk.com\/de\/barcelona\/tour-tuk-tuk-1h\/\">\n\t\t\t\t<div class=\"elementor-element elementor-element-31c185b6 elementor-view-default elementor-widget elementor-widget-icon\" data-id=\"31c185b6\" data-element_type=\"widget\" data-e-type=\"widget\" data-widget_type=\"icon.default\">\n\t\t\t\t<div class=\"elementor-widget-container\">\n\t\t\t\t\t\t\t<div class=\"elementor-icon-wrapper\">\n\t\t\t<div class=\"elementor-icon\">\n\t\t\t<svg aria-hidden=\"true\" class=\"e-font-icon-svg e-fas-map\" viewBox=\"0 0 576 512\" xmlns=\"http:\/\/www.w3.org\/2000\/svg\"><path d=\"M0 117.66v346.32c0 11.32 11.43 19.06 21.94 14.86L160 416V32L20.12 87.95A32.006 32.006 0 0 0 0 117.66zM192 416l192 64V96L192 32v384zM554.06 33.16L416 96v384l139.88-55.95A31.996 31.996 0 0 0 576 394.34V48.02c0-11.32-11.43-19.06-21.94-14.86z\"><\/path><\/svg>\t\t\t<\/div>\n\t\t<\/div>\n\t\t\t\t\t\t<\/div>\n\t\t\t\t<\/div>\n\t\t\t\t<div class=\"elementor-element elementor-element-b59e756 elementor-widget elementor-widget-heading\" data-id=\"b59e756\" data-element_type=\"widget\" data-e-type=\"widget\" data-widget_type=\"heading.default\">\n\t\t\t\t<div class=\"elementor-widget-container\">\n\t\t\t\t\t<h2 class=\"elementor-heading-title elementor-size-default\">Tour im Tuk Tuk<\/h2>\t\t\t\t<\/div>\n\t\t\t\t<\/div>\n\t\t\t\t<div class=\"elementor-element elementor-element-7c24fa8c elementor-widget elementor-widget-heading\" data-id=\"7c24fa8c\" data-element_type=\"widget\" data-e-type=\"widget\" data-widget_type=\"heading.default\">\n\t\t\t\t<div class=\"elementor-widget-container\">\n\t\t\t\t\t<h2 class=\"elementor-heading-title elementor-size-default\">1 Stunde barcelonesisches Lebensgef\u00fchl<\/h2>\t\t\t\t<\/div>\n\t\t\t\t<\/div>\n\t\t\t\t<div class=\"elementor-element elementor-element-681a162b elementor-widget elementor-widget-text-editor\" data-id=\"681a162b\" data-element_type=\"widget\" data-e-type=\"widget\" data-widget_type=\"text-editor.default\">\n\t\t\t\t<div class=\"elementor-widget-container\">\n\t\t\t\t\t\t\t\t\t<div id=\"c1168\" class=\"col col-sm-12 col-md-6 palette_color_5\">\n<div id=\"m3519\" class=\"module text\">\n<p data-start=\"144\" data-end=\"425\"><strong data-start=\"144\" data-end=\"185\">Tauche ein in die Geschichte Barcelonas<\/strong> mit einer Tour, die f\u00fcr diejenigen konzipiert wurde, die das Wesentliche der Stadt in kurzer Zeit entdecken m\u00f6chten. Diese 1-st\u00fcndige Tour beinhaltet Ausblicke auf Wahrzeichen wie die Sagrada Familia, die Casa Batll\u00f3, den Arc de Triomf und die Pla\u00e7a Catalunya.<\/p><p data-start=\"144\" data-end=\"425\"><br><\/p>\n<p data-start=\"427\" data-end=\"631\">Perfekt f\u00fcr diejenigen, die eine schnelle, aber umfassende Einf\u00fchrung w\u00fcnschen. Diese Tour erm\u00f6glicht es dir, die Seele Barcelonas kennenzulernen und gleichzeitig den Komfort und die Nachhaltigkeit unserer elektrischen Tuk Tuks zu genie\u00dfen.<\/p>\n<\/div>\n<\/div>\t\t\t\t\t\t\t\t<\/div>\n\t\t\t\t<\/div>\n\t\t\t\t<\/a>\n\t\t<a class=\"elementor-element elementor-element-33638566 e-con-full e-flex e-con e-child\" data-id=\"33638566\" data-element_type=\"container\" data-e-type=\"container\" data-settings=\"{&quot;background_background&quot;:&quot;classic&quot;}\" href=\"https:\/\/walktuk.com\/de\/barcelona\/tour-tuk-tuk-2h\/\">\n\t\t\t\t<div class=\"elementor-element elementor-element-3dd13238 elementor-view-default elementor-widget elementor-widget-icon\" data-id=\"3dd13238\" data-element_type=\"widget\" data-e-type=\"widget\" data-widget_type=\"icon.default\">\n\t\t\t\t<div class=\"elementor-widget-container\">\n\t\t\t\t\t\t\t<div class=\"elementor-icon-wrapper\">\n\t\t\t<div class=\"elementor-icon\">\n\t\t\t<svg aria-hidden=\"true\" class=\"e-font-icon-svg e-fas-map\" viewBox=\"0 0 576 512\" xmlns=\"http:\/\/www.w3.org\/2000\/svg\"><path d=\"M0 117.66v346.32c0 11.32 11.43 19.06 21.94 14.86L160 416V32L20.12 87.95A32.006 32.006 0 0 0 0 117.66zM192 416l192 64V96L192 32v384zM554.06 33.16L416 96v384l139.88-55.95A31.996 31.996 0 0 0 576 394.34V48.02c0-11.32-11.43-19.06-21.94-14.86z\"><\/path><\/svg>\t\t\t<\/div>\n\t\t<\/div>\n\t\t\t\t\t\t<\/div>\n\t\t\t\t<\/div>\n\t\t\t\t<div class=\"elementor-element elementor-element-77f84be4 elementor-widget elementor-widget-heading\" data-id=\"77f84be4\" data-element_type=\"widget\" data-e-type=\"widget\" data-widget_type=\"heading.default\">\n\t\t\t\t<div class=\"elementor-widget-container\">\n\t\t\t\t\t<h2 class=\"elementor-heading-title elementor-size-default\">Komplette Tour im Tuk Tuk<\/h2>\t\t\t\t<\/div>\n\t\t\t\t<\/div>\n\t\t\t\t<div class=\"elementor-element elementor-element-a98c0e4 elementor-widget elementor-widget-heading\" data-id=\"a98c0e4\" data-element_type=\"widget\" data-e-type=\"widget\" data-widget_type=\"heading.default\">\n\t\t\t\t<div class=\"elementor-widget-container\">\n\t\t\t\t\t<h2 class=\"elementor-heading-title elementor-size-default\">2 Stunden Barcelona von A bis Z erkunden<\/h2>\t\t\t\t<\/div>\n\t\t\t\t<\/div>\n\t\t\t\t<div class=\"elementor-element elementor-element-39abc1b3 elementor-widget elementor-widget-text-editor\" data-id=\"39abc1b3\" data-element_type=\"widget\" data-e-type=\"widget\" data-widget_type=\"text-editor.default\">\n\t\t\t\t<div class=\"elementor-widget-container\">\n\t\t\t\t\t\t\t\t\t<div id=\"c1168\" class=\"col col-sm-12 col-md-6 palette_color_5\">\n<div id=\"m3519\" class=\"module text\">\n<div id=\"r1589\" class=\"row palette_color_4\">\n<div class=\"container container-fixed\">\n<div id=\"c1619\" class=\"col col-sm-12 col-md-6 palette_color_5\">\n<div id=\"m3326\" class=\"module text\">\n<p data-start=\"96\" data-end=\"294\"><strong data-start=\"96\" data-end=\"131\">Lerne jede Facette Barcelonas kennen<\/strong> auf einer kompletten Tour, die von der majest\u00e4tischen Sagrada Familia und dem eleganten Passeig de Gr\u00e0cia bis zum historischen Montju\u00efc mit seinen Aussichtspunkten und Monumenten f\u00fchrt.<\/p><p data-start=\"96\" data-end=\"294\"><br><\/p>\n<p data-start=\"296\" data-end=\"521\">Spaziere durch das pulsierende Barri G\u00f2tic und El Born, sp\u00fcre die einzigartige Atmosph\u00e4re von La Rambla und betrachte das Mittelmeer vom Port Vell aus. Diese 2-st\u00fcndige Tour f\u00e4ngt die modernistische, historische und K\u00fcstenessenz der Stadt ein.<\/p>\n<\/div>\n<\/div>\n<\/div>\n<\/div>\n<div id=\"r3339\" class=\"row palette_color_4 bgfilter\">\n<div class=\"container container-fixed colsStack\">\n<div id=\"c1255\" class=\"col col-md-6 col-lg-6 col-sm-12\">&nbsp;<\/div>\n<\/div>\n<\/div>\n<\/div>\n<\/div>\t\t\t\t\t\t\t\t<\/div>\n\t\t\t\t<\/div>\n\t\t\t\t<\/a>\n\t\t\t\t\t<\/div>\n\t\t\t\t<\/div>\n\t\t<div class=\"elementor-element elementor-element-616ac76a e-flex e-con-boxed e-con e-parent\" data-id=\"616ac76a\" data-element_type=\"container\" data-e-type=\"container\" data-settings=\"{&quot;background_background&quot;:&quot;classic&quot;}\">\n\t\t\t\t\t<div class=\"e-con-inner\">\n\t\t\t\t<div class=\"elementor-element elementor-element-1b3b429a elementor-widget elementor-widget-heading\" data-id=\"1b3b429a\" data-element_type=\"widget\" data-e-type=\"widget\" data-widget_type=\"heading.default\">\n\t\t\t\t<div class=\"elementor-widget-container\">\n\t\t\t\t\t<h2 class=\"elementor-heading-title elementor-size-default\"><a href=\"https:\/\/walktuk.com\/de\/reserva\/\">Gestalte dein einzigartiges Erlebnis<br>IN BARCELONA<\/a><\/h2>\t\t\t\t<\/div>\n\t\t\t\t<\/div>\n\t\t\t\t\t<\/div>\n\t\t\t\t<\/div>\n\t\t\t\t<\/div>\n\t\t","protected":false},"excerpt":{"rendered":"<p>PRIVATE TOUR IM TUK TUK BARCELONA Erlebe die Stadt in deinem eigenen Tempo KONTAKTIERE UNS Entdecke Barcelona auf exklusive und pers\u00f6nliche Weise mit unseren privaten Touren in elektrischen Tuk Tuks. Mit einer Kapazit\u00e4t von bis zu 4 Personen pro Fahrzeug sind sie die perfekte Option f\u00fcr kleine Gruppen, Familien, Freunde oder Paare, die die Stadt [&hellip;]<\/p>\n","protected":false},"author":1,"featured_media":0,"parent":9941,"menu_order":0,"comment_status":"closed","ping_status":"closed","template":"","meta":{"site-sidebar-layout":"no-sidebar","site-content-layout":"page-builder","ast-site-content-layout":"full-width-container","site-content-style":"default","site-sidebar-style":"default","ast-global-header-display":"","ast-banner-title-visibility":"","ast-main-header-display":"","ast-hfb-above-header-display":"","ast-hfb-below-header-display":"","ast-hfb-mobile-header-display":"","site-post-title":"disabled","ast-breadcrumbs-content":"","ast-featured-img":"disabled","footer-sml-layout":"","ast-disable-related-posts":"","theme-transparent-header-meta":"","adv-header-id-meta":"","stick-header-meta":"","header-above-stick-meta":"","header-main-stick-meta":"","header-below-stick-meta":"","astra-migrate-meta-layouts":"default","ast-page-background-enabled":"default","ast-page-background-meta":{"desktop":{"background-color":"var(--ast-global-color-5)","background-image":"","background-repeat":"repeat","background-position":"center center","background-size":"auto","background-attachment":"scroll","background-type":"","background-media":"","overlay-type":"","overlay-color":"","overlay-opacity":"","overlay-gradient":""},"tablet":{"background-color":"","background-image":"","background-repeat":"repeat","background-position":"center center","background-size":"auto","background-attachment":"scroll","background-type":"","background-media":"","overlay-type":"","overlay-color":"","overlay-opacity":"","overlay-gradient":""},"mobile":{"background-color":"","background-image":"","background-repeat":"repeat","background-position":"center center","background-size":"auto","background-attachment":"scroll","background-type":"","background-media":"","overlay-type":"","overlay-color":"","overlay-opacity":"","overlay-gradient":""}},"ast-content-background-meta":{"desktop":{"background-color":"var(--ast-global-color-4)","background-image":"","background-repeat":"repeat","background-position":"center center","background-size":"auto","background-attachment":"scroll","background-type":"","background-media":"","overlay-type":"","overlay-color":"","overlay-opacity":"","overlay-gradient":""},"tablet":{"background-color":"var(--ast-global-color-4)","background-image":"","background-repeat":"repeat","background-position":"center center","background-size":"auto","background-attachment":"scroll","background-type":"","background-media":"","overlay-type":"","overlay-color":"","overlay-opacity":"","overlay-gradient":""},"mobile":{"background-color":"var(--ast-global-color-4)","background-image":"","background-repeat":"repeat","background-position":"center center","background-size":"auto","background-attachment":"scroll","background-type":"","background-media":"","overlay-type":"","overlay-color":"","overlay-opacity":"","overlay-gradient":""}},"footnotes":""},"class_list":["post-9924","page","type-page","status-publish","hentry"],"aioseo_notices":[],"_links":{"self":[{"href":"https:\/\/walktuk.com\/de\/wp-json\/wp\/v2\/pages\/9924","targetHints":{"allow":["GET"]}}],"collection":[{"href":"https:\/\/walktuk.com\/de\/wp-json\/wp\/v2\/pages"}],"about":[{"href":"https:\/\/walktuk.com\/de\/wp-json\/wp\/v2\/types\/page"}],"author":[{"embeddable":true,"href":"https:\/\/walktuk.com\/de\/wp-json\/wp\/v2\/users\/1"}],"replies":[{"embeddable":true,"href":"https:\/\/walktuk.com\/de\/wp-json\/wp\/v2\/comments?post=9924"}],"version-history":[{"count":9,"href":"https:\/\/walktuk.com\/de\/wp-json\/wp\/v2\/pages\/9924\/revisions"}],"predecessor-version":[{"id":10912,"href":"https:\/\/walktuk.com\/de\/wp-json\/wp\/v2\/pages\/9924\/revisions\/10912"}],"up":[{"embeddable":true,"href":"https:\/\/walktuk.com\/de\/wp-json\/wp\/v2\/pages\/9941"}],"wp:attachment":[{"href":"https:\/\/walktuk.com\/de\/wp-json\/wp\/v2\/media?parent=9924"}],"curies":[{"name":"wp","href":"https:\/\/api.w.org\/{rel}","templated":true}]}}