{"id":8627,"date":"2025-07-01T17:56:34","date_gmt":"2025-07-01T17:56:34","guid":{"rendered":"https:\/\/walktuk.com\/valencia\/paseo-en-barco\/"},"modified":"2025-07-13T16:54:07","modified_gmt":"2025-07-13T16:54:07","slug":"giro-in-barca","status":"publish","type":"page","link":"https:\/\/walktuk.com\/it\/valencia\/giro-in-barca\/","title":{"rendered":"Giro in barca"},"content":{"rendered":"\t\t<div data-elementor-type=\"wp-page\" data-elementor-id=\"8627\" class=\"elementor elementor-8627 elementor-8503\">\n\t\t\t\t<div class=\"elementor-element elementor-element-7820760 e-flex e-con-boxed e-con e-parent\" data-id=\"7820760\" data-element_type=\"container\" data-e-type=\"container\" data-settings=\"{&quot;background_background&quot;:&quot;classic&quot;}\">\n\t\t\t\t\t<div class=\"e-con-inner\">\n\t\t\t\t<div class=\"elementor-element elementor-element-e5820c8 elementor-widget elementor-widget-heading\" data-id=\"e5820c8\" data-element_type=\"widget\" data-e-type=\"widget\" data-widget_type=\"heading.default\">\n\t\t\t\t<div class=\"elementor-widget-container\">\n\t\t\t\t\t<h1 class=\"elementor-heading-title elementor-size-default\">Giro in barca lungo la costa di Valencia:<br>Tour privati di 2 e 4 ore<\/h1>\t\t\t\t<\/div>\n\t\t\t\t<\/div>\n\t\t\t\t\t<\/div>\n\t\t\t\t<\/div>\n\t\t<div class=\"elementor-element elementor-element-364512a e-flex e-con-boxed e-con e-parent\" data-id=\"364512a\" data-element_type=\"container\" data-e-type=\"container\" data-settings=\"{&quot;background_background&quot;:&quot;classic&quot;,&quot;shape_divider_bottom&quot;:&quot;opacity-fan&quot;}\">\n\t\t\t\t\t<div class=\"e-con-inner\">\n\t\t\t\t<div class=\"elementor-shape elementor-shape-bottom\" aria-hidden=\"true\" data-negative=\"false\">\n\t\t\t<svg xmlns=\"http:\/\/www.w3.org\/2000\/svg\" viewBox=\"0 0 283.5 19.6\" preserveAspectRatio=\"none\">\n\t<path class=\"elementor-shape-fill\" style=\"opacity:0.33\" d=\"M0 0L0 18.8 141.8 4.1 283.5 18.8 283.5 0z\"\/>\n\t<path class=\"elementor-shape-fill\" style=\"opacity:0.33\" d=\"M0 0L0 12.6 141.8 4 283.5 12.6 283.5 0z\"\/>\n\t<path class=\"elementor-shape-fill\" style=\"opacity:0.33\" d=\"M0 0L0 6.4 141.8 4 283.5 6.4 283.5 0z\"\/>\n\t<path class=\"elementor-shape-fill\" d=\"M0 0L0 1.2 141.8 4 283.5 1.2 283.5 0z\"\/>\n<\/svg>\t\t<\/div>\n\t\t<div class=\"elementor-element elementor-element-7782ed0 e-con-full e-flex e-con e-child\" data-id=\"7782ed0\" data-element_type=\"container\" data-e-type=\"container\">\n\t\t\t\t<div class=\"elementor-element elementor-element-09e9cf2 elementor-widget elementor-widget-heading\" data-id=\"09e9cf2\" data-element_type=\"widget\" data-e-type=\"widget\" data-widget_type=\"heading.default\">\n\t\t\t\t<div class=\"elementor-widget-container\">\n\t\t\t\t\t<h2 class=\"elementor-heading-title elementor-size-default\">Goditi un giro in barca lungo la costa di Valencia<\/h2>\t\t\t\t<\/div>\n\t\t\t\t<\/div>\n\t\t\t\t<div class=\"elementor-element elementor-element-141d7cd elementor-widget elementor-widget-text-editor\" data-id=\"141d7cd\" data-element_type=\"widget\" data-e-type=\"widget\" data-widget_type=\"text-editor.default\">\n\t\t\t\t<div class=\"elementor-widget-container\">\n\t\t\t\t\t\t\t\t\t<p data-start=\"156\" data-end=\"501\">Scopri Valencia da una prospettiva unica, combinando l&#8217;energia delle sue strade con la serenit\u00e0 del Mar Mediterraneo. Il nostro giro in barca privato, in collaborazione con <em data-start=\"330\" data-end=\"341\">MyBestDay<\/em>, ti invita a vivere un&#8217;esperienza diversa: navigare lungo la costa valenciana in totale esclusivit\u00e0, senza fretta n\u00e9 affollamento, solo tu, il mare e il tuo gruppo.<\/p><p data-start=\"156\" data-end=\"501\"><br><\/p>\n<p data-start=\"503\" data-end=\"885\">Lasciati trasportare dalla brezza marina mentre ti godi viste impareggiabili dello skyline della citt\u00e0, getta l&#8217;ancora in acque cristalline per fare un bagno e brinda a bordo con una bevanda fresca. Tutto \u00e8 pensato per farti staccare, rilassare e vivere il Mediterraneo a modo tuo.<\/p><p data-start=\"503\" data-end=\"885\"><br><\/p>\n<p data-start=\"503\" data-end=\"885\"><strong>Con una capacit\u00e0 massima di 10 persone per imbarcazione<\/strong>, \u00e8 l&#8217;opzione ideale per coppie, gruppi di amici o famiglie che cercano qualcosa di pi\u00f9 di una semplice gita.<\/p>\t\t\t\t\t\t\t\t<\/div>\n\t\t\t\t<\/div>\n\t\t\t\t<\/div>\n\t\t<div class=\"elementor-element elementor-element-0f80e09 e-con-full e-flex e-con e-child\" data-id=\"0f80e09\" data-element_type=\"container\" data-e-type=\"container\">\n\t\t\t\t<div class=\"elementor-element elementor-element-b58a00f elementor-widget elementor-widget-image\" data-id=\"b58a00f\" data-element_type=\"widget\" data-e-type=\"widget\" data-widget_type=\"image.default\">\n\t\t\t\t<div class=\"elementor-widget-container\">\n\t\t\t\t\t\t\t\t\t\t\t\t\t\t\t<img decoding=\"async\" src=\"https:\/\/walktuk.com\/wp-content\/uploads\/elementor\/thumbs\/WhatsApp-Image-2025-06-16-at-10.13.45-r84oofcp76k8iprhcakb46ltpgk6m8j0cwv2ilk7i8.jpg\" title=\"WhatsApp Image 2025-06-16 at 10.13.45\" alt=\"WhatsApp Image 2025-06-16 at 10.13.45\" loading=\"lazy\" \/>\t\t\t\t\t\t\t\t\t\t\t\t\t\t\t<\/div>\n\t\t\t\t<\/div>\n\t\t\t\t<\/div>\n\t\t<div class=\"elementor-element elementor-element-7407321 e-con-full e-flex e-con e-child\" data-id=\"7407321\" data-element_type=\"container\" data-e-type=\"container\">\n\t\t\t\t<div class=\"elementor-element elementor-element-26b1553 elementor-widget elementor-widget-image\" data-id=\"26b1553\" data-element_type=\"widget\" data-e-type=\"widget\" data-widget_type=\"image.default\">\n\t\t\t\t<div class=\"elementor-widget-container\">\n\t\t\t\t\t\t\t\t\t\t\t\t\t\t\t<img decoding=\"async\" src=\"https:\/\/walktuk.com\/wp-content\/uploads\/elementor\/thumbs\/WhatsApp-Image-2025-06-16-at-09.57.31-1-r84orz6r0nf8dolslttkjacihv23p2mi6hl3s8ao00.jpg\" title=\"WhatsApp Image 2025-06-16 at 09.57.31 (1)\" alt=\"WhatsApp Image 2025-06-16 at 09.57.31 (1)\" loading=\"lazy\" \/>\t\t\t\t\t\t\t\t\t\t\t\t\t\t\t<\/div>\n\t\t\t\t<\/div>\n\t\t\t\t<\/div>\n\t\t<div class=\"elementor-element elementor-element-51edcc1 e-con-full e-flex e-con e-child\" data-id=\"51edcc1\" data-element_type=\"container\" data-e-type=\"container\">\n\t\t\t\t<div class=\"elementor-element elementor-element-6ab8a5f elementor-widget elementor-widget-heading\" data-id=\"6ab8a5f\" data-element_type=\"widget\" data-e-type=\"widget\" data-widget_type=\"heading.default\">\n\t\t\t\t<div class=\"elementor-widget-container\">\n\t\t\t\t\t<h2 class=\"elementor-heading-title elementor-size-default\">Opzioni di giro in barca: tour di 2 e 4 ore\n\n<\/h2>\t\t\t\t<\/div>\n\t\t\t\t<\/div>\n\t\t\t\t<div class=\"elementor-element elementor-element-7ad1fc5 elementor-widget elementor-widget-text-editor\" data-id=\"7ad1fc5\" data-element_type=\"widget\" data-e-type=\"widget\" data-widget_type=\"text-editor.default\">\n\t\t\t\t<div class=\"elementor-widget-container\">\n\t\t\t\t\t\t\t\t\t<p data-start=\"162\" data-end=\"293\">Ti offriamo due tour in barca pensati per adattarsi al tuo ritmo e a ci\u00f2 che stai cercando per la tua giornata perfetta in mare:<\/p><ul data-start=\"295\" data-end=\"804\"><li data-start=\"295\" data-end=\"528\"><p data-start=\"297\" data-end=\"528\"><strong data-start=\"297\" data-end=\"316\">Tour di 2 ore<\/strong><br data-start=\"316\" data-end=\"319\">Ideale per chi vuole staccare per un paio d&#8217;ore, godersi la brezza marina, fare un bagno rinfrescante in alto mare e rilassarsi con una bevanda a bordo mentre naviga lungo la costa di Valencia.<\/p><\/li><li data-start=\"530\" data-end=\"804\"><p data-start=\"532\" data-end=\"804\"><strong data-start=\"532\" data-end=\"551\">Tour di 4 ore<\/strong><br data-start=\"551\" data-end=\"554\">Un&#8217;esperienza pi\u00f9 completa per chi desidera assaporare il Mediterraneo con calma. Questa traversata include pi\u00f9 tempo di navigazione, soste per il bagno, snack a bordo e la possibilit\u00e0 di praticare attivit\u00e0 come paddle surf* in zone tranquille.<\/p><\/li><\/ul><p data-start=\"808\" data-end=\"859\">*Il paddle surf non \u00e8 incluso nel prezzo base.<\/p>\t\t\t\t\t\t\t\t<\/div>\n\t\t\t\t<\/div>\n\t\t\t\t<\/div>\n\t\t<div class=\"elementor-element elementor-element-9a6be3c e-con-full e-flex e-con e-child\" data-id=\"9a6be3c\" data-element_type=\"container\" data-e-type=\"container\">\n\t\t\t\t<div class=\"elementor-element elementor-element-ce9f490 elementor-widget elementor-widget-heading\" data-id=\"ce9f490\" data-element_type=\"widget\" data-e-type=\"widget\" data-widget_type=\"heading.default\">\n\t\t\t\t<div class=\"elementor-widget-container\">\n\t\t\t\t\t<h2 class=\"elementor-heading-title elementor-size-default\">Cosa include il nostro giro in barca privato?\n\n<\/h2>\t\t\t\t<\/div>\n\t\t\t\t<\/div>\n\t\t\t\t<div class=\"elementor-element elementor-element-b051162 elementor-widget elementor-widget-text-editor\" data-id=\"b051162\" data-element_type=\"widget\" data-e-type=\"widget\" data-widget_type=\"text-editor.default\">\n\t\t\t\t<div class=\"elementor-widget-container\">\n\t\t\t\t\t\t\t\t\t<p><strong data-start=\"178\" data-end=\"218\">Barca privata con skipper professionista<\/strong><br data-start=\"218\" data-end=\"221\">Naviga in totale tranquillit\u00e0 accompagnato da uno skipper esperto che conosce alla perfezione la costa valenciana.<\/p><p><br><\/p>\n<p><strong data-start=\"1121\" data-end=\"1167\">Capacit\u00e0 per gruppi fino a 10 persone<\/strong><br data-start=\"1167\" data-end=\"1170\">Perfetto per godersi un&#8217;esperienza in famiglia, con amici o in piccoli eventi privati in totale comfort.<\/p><p><br><\/p>\n<p data-start=\"178\" data-end=\"337\"><strong data-start=\"341\" data-end=\"375\">Bevande fresche e snack a bordo<\/strong><br data-start=\"375\" data-end=\"378\">Goditi bibite e stuzzichini mentre ti rilassi al sole o ammiri il panorama dal ponte.<\/p><p data-start=\"178\" data-end=\"337\"><br><\/p>\n<p data-start=\"483\" data-end=\"648\"><strong data-start=\"483\" data-end=\"516\">Soste per il bagno in alto mare<\/strong><br data-start=\"516\" data-end=\"519\">Gettiamo l&#8217;ancora in zone tranquille per permetterti di fare un tuffo in acque cristalline e goderti il Mediterraneo come si deve.<\/p><p data-start=\"483\" data-end=\"648\"><br><\/p>\n<p data-start=\"652\" data-end=\"837\"><strong data-start=\"652\" data-end=\"702\">Possibilit\u00e0 di combinare con un tour in tuk tuk<\/strong><br data-start=\"702\" data-end=\"705\">Inizia la giornata a Valencia navigando lungo la sua costa e finisci esplorando via terra. Un&#8217;esperienza completa e perfettamente coordinata.<\/p>\t\t\t\t\t\t\t\t<\/div>\n\t\t\t\t<\/div>\n\t\t\t\t<\/div>\n\t\t<div class=\"elementor-element elementor-element-da2440b e-con-full e-flex e-con e-child\" data-id=\"da2440b\" data-element_type=\"container\" data-e-type=\"container\">\n\t\t\t\t<div class=\"elementor-element elementor-element-aaf5c41 elementor-widget elementor-widget-image\" data-id=\"aaf5c41\" data-element_type=\"widget\" data-e-type=\"widget\" data-widget_type=\"image.default\">\n\t\t\t\t<div class=\"elementor-widget-container\">\n\t\t\t\t\t\t\t\t\t\t\t\t\t\t\t<img decoding=\"async\" src=\"https:\/\/walktuk.com\/wp-content\/uploads\/elementor\/thumbs\/WhatsApp-Image-2025-06-16-at-09.57.29-r84otncf61pl0q6eujtoyv60iitldp9bqrc6hxtgxs.jpg\" title=\"WhatsApp Image 2025-06-16 at 09.57.29\" alt=\"WhatsApp Image 2025-06-16 at 09.57.29\" loading=\"lazy\" \/>\t\t\t\t\t\t\t\t\t\t\t\t\t\t\t<\/div>\n\t\t\t\t<\/div>\n\t\t\t\t<\/div>\n\t\t\t\t\t<\/div>\n\t\t\t\t<\/div>\n\t\t<div class=\"elementor-element elementor-element-d2339c6 e-flex e-con-boxed e-con e-parent\" data-id=\"d2339c6\" data-element_type=\"container\" data-e-type=\"container\">\n\t\t\t\t\t<div class=\"e-con-inner\">\n\t\t\t\t<div class=\"elementor-element elementor-element-b8ed162 elementor-widget elementor-widget-heading\" data-id=\"b8ed162\" data-element_type=\"widget\" data-e-type=\"widget\" data-widget_type=\"heading.default\">\n\t\t\t\t<div class=\"elementor-widget-container\">\n\t\t\t\t\t<h2 class=\"elementor-heading-title elementor-size-default\">Prenota oggi stesso il tuo giro in barca a Valencia!<\/h2>\t\t\t\t<\/div>\n\t\t\t\t<\/div>\n\t\t\t\t<div class=\"elementor-element elementor-element-60974d2 elementor-widget elementor-widget-text-editor\" data-id=\"60974d2\" data-element_type=\"widget\" data-e-type=\"widget\" data-widget_type=\"text-editor.default\">\n\t\t\t\t<div class=\"elementor-widget-container\">\n\t\t\t\t\t\t\t\t\t<p data-start=\"143\" data-end=\"489\">Non pensarci pi\u00f9: il piano perfetto ti sta aspettando. Prenota ora il tuo giro in barca a Valencia e vivi un&#8217;esperienza esclusiva in mare con skipper, bevanda e sosta per il bagno.<\/p><p data-start=\"143\" data-end=\"489\"><br data-start=\"327\" data-end=\"330\">Vuoi il pacchetto completo? Aggiungi il nostro tour in tuk tuk e goditi Valencia via terra e via mare in un solo giorno. Posti limitati, prenota ora e assicurati la tua data!<\/p>\t\t\t\t\t\t\t\t<\/div>\n\t\t\t\t<\/div>\n\t\t\t\t<div class=\"elementor-element elementor-element-56865e1 elementor-widget elementor-widget-image\" data-id=\"56865e1\" data-element_type=\"widget\" data-e-type=\"widget\" data-widget_type=\"image.default\">\n\t\t\t\t<div class=\"elementor-widget-container\">\n\t\t\t\t\t\t\t\t\t\t\t\t\t\t\t<img fetchpriority=\"high\" decoding=\"async\" width=\"1024\" height=\"768\" src=\"https:\/\/walktuk.com\/wp-content\/uploads\/2025\/07\/WhatsApp-Image-2025-06-16-at-09.57.27-1-1024x768.jpg\" class=\"attachment-large size-large wp-image-8534\" alt=\"\" srcset=\"https:\/\/walktuk.com\/wp-content\/uploads\/2025\/07\/WhatsApp-Image-2025-06-16-at-09.57.27-1-1024x768.jpg 1024w, https:\/\/walktuk.com\/wp-content\/uploads\/2025\/07\/WhatsApp-Image-2025-06-16-at-09.57.27-1-300x225.jpg 300w, https:\/\/walktuk.com\/wp-content\/uploads\/2025\/07\/WhatsApp-Image-2025-06-16-at-09.57.27-1-768x576.jpg 768w, https:\/\/walktuk.com\/wp-content\/uploads\/2025\/07\/WhatsApp-Image-2025-06-16-at-09.57.27-1-1536x1152.jpg 1536w, https:\/\/walktuk.com\/wp-content\/uploads\/2025\/07\/WhatsApp-Image-2025-06-16-at-09.57.27-1.jpg 2048w\" sizes=\"(max-width: 1024px) 100vw, 1024px\" \/>\t\t\t\t\t\t\t\t\t\t\t\t\t\t\t<\/div>\n\t\t\t\t<\/div>\n\t\t\t\t\t<\/div>\n\t\t\t\t<\/div>\n\t\t<div class=\"elementor-element elementor-element-a4abfe5 e-flex e-con-boxed e-con e-parent\" data-id=\"a4abfe5\" data-element_type=\"container\" data-e-type=\"container\" data-settings=\"{&quot;background_background&quot;:&quot;classic&quot;}\">\n\t\t\t\t\t<div class=\"e-con-inner\">\n\t\t\t\t<div class=\"elementor-element elementor-element-50475a8 elementor-widget elementor-widget-heading\" data-id=\"50475a8\" data-element_type=\"widget\" data-e-type=\"widget\" data-widget_type=\"heading.default\">\n\t\t\t\t<div class=\"elementor-widget-container\">\n\t\t\t\t\t<h2 class=\"elementor-heading-title elementor-size-default\">Prenota ora il tuo giro in barca a Valencia e vivi un'esperienza indimenticabile!<\/h2>\t\t\t\t<\/div>\n\t\t\t\t<\/div>\n\t\t\t\t\t<\/div>\n\t\t\t\t<\/div>\n\t\t\t\t<\/div>\n\t\t","protected":false},"excerpt":{"rendered":"<p>Giro in barca lungo la costa di Valencia:Tour privati di 2 e 4 ore Goditi un giro in barca lungo la costa di Valencia Scopri Valencia da una prospettiva unica, combinando l&#8217;energia delle sue strade con la serenit\u00e0 del Mar Mediterraneo. Il nostro giro in barca privato, in collaborazione con MyBestDay, ti invita a vivere [&hellip;]<\/p>\n","protected":false},"author":1,"featured_media":0,"parent":6060,"menu_order":0,"comment_status":"closed","ping_status":"closed","template":"","meta":{"site-sidebar-layout":"no-sidebar","site-content-layout":"page-builder","ast-site-content-layout":"full-width-container","site-content-style":"default","site-sidebar-style":"default","ast-global-header-display":"","ast-banner-title-visibility":"","ast-main-header-display":"","ast-hfb-above-header-display":"","ast-hfb-below-header-display":"","ast-hfb-mobile-header-display":"","site-post-title":"disabled","ast-breadcrumbs-content":"","ast-featured-img":"disabled","footer-sml-layout":"","ast-disable-related-posts":"","theme-transparent-header-meta":"","adv-header-id-meta":"","stick-header-meta":"","header-above-stick-meta":"","header-main-stick-meta":"","header-below-stick-meta":"","astra-migrate-meta-layouts":"default","ast-page-background-enabled":"default","ast-page-background-meta":{"desktop":{"background-color":"var(--ast-global-color-5)","background-image":"","background-repeat":"repeat","background-position":"center center","background-size":"auto","background-attachment":"scroll","background-type":"","background-media":"","overlay-type":"","overlay-color":"","overlay-opacity":"","overlay-gradient":""},"tablet":{"background-color":"","background-image":"","background-repeat":"repeat","background-position":"center center","background-size":"auto","background-attachment":"scroll","background-type":"","background-media":"","overlay-type":"","overlay-color":"","overlay-opacity":"","overlay-gradient":""},"mobile":{"background-color":"","background-image":"","background-repeat":"repeat","background-position":"center center","background-size":"auto","background-attachment":"scroll","background-type":"","background-media":"","overlay-type":"","overlay-color":"","overlay-opacity":"","overlay-gradient":""}},"ast-content-background-meta":{"desktop":{"background-color":"var(--ast-global-color-4)","background-image":"","background-repeat":"repeat","background-position":"center center","background-size":"auto","background-attachment":"scroll","background-type":"","background-media":"","overlay-type":"","overlay-color":"","overlay-opacity":"","overlay-gradient":""},"tablet":{"background-color":"var(--ast-global-color-4)","background-image":"","background-repeat":"repeat","background-position":"center center","background-size":"auto","background-attachment":"scroll","background-type":"","background-media":"","overlay-type":"","overlay-color":"","overlay-opacity":"","overlay-gradient":""},"mobile":{"background-color":"var(--ast-global-color-4)","background-image":"","background-repeat":"repeat","background-position":"center center","background-size":"auto","background-attachment":"scroll","background-type":"","background-media":"","overlay-type":"","overlay-color":"","overlay-opacity":"","overlay-gradient":""}},"footnotes":""},"class_list":["post-8627","page","type-page","status-publish","hentry"],"aioseo_notices":[],"_links":{"self":[{"href":"https:\/\/walktuk.com\/it\/wp-json\/wp\/v2\/pages\/8627","targetHints":{"allow":["GET"]}}],"collection":[{"href":"https:\/\/walktuk.com\/it\/wp-json\/wp\/v2\/pages"}],"about":[{"href":"https:\/\/walktuk.com\/it\/wp-json\/wp\/v2\/types\/page"}],"author":[{"embeddable":true,"href":"https:\/\/walktuk.com\/it\/wp-json\/wp\/v2\/users\/1"}],"replies":[{"embeddable":true,"href":"https:\/\/walktuk.com\/it\/wp-json\/wp\/v2\/comments?post=8627"}],"version-history":[{"count":4,"href":"https:\/\/walktuk.com\/it\/wp-json\/wp\/v2\/pages\/8627\/revisions"}],"predecessor-version":[{"id":8918,"href":"https:\/\/walktuk.com\/it\/wp-json\/wp\/v2\/pages\/8627\/revisions\/8918"}],"up":[{"embeddable":true,"href":"https:\/\/walktuk.com\/it\/wp-json\/wp\/v2\/pages\/6060"}],"wp:attachment":[{"href":"https:\/\/walktuk.com\/it\/wp-json\/wp\/v2\/media?parent=8627"}],"curies":[{"name":"wp","href":"https:\/\/api.w.org\/{rel}","templated":true}]}}