{"id":8637,"date":"2025-06-26T09:38:08","date_gmt":"2025-06-26T07:38:08","guid":{"rendered":"https:\/\/walktuk.com\/tours-privados-tuk-tuk\/"},"modified":"2026-01-22T16:16:36","modified_gmt":"2026-01-22T15:16:36","slug":"tour-tuk-tuk-privado","status":"publish","type":"page","link":"https:\/\/walktuk.com\/it\/ronda\/tour-tuk-tuk-privado\/","title":{"rendered":"Tour privati"},"content":{"rendered":"\t\t<div data-elementor-type=\"wp-page\" data-elementor-id=\"8637\" class=\"elementor elementor-8637 elementor-8264\">\n\t\t\t\t<div class=\"elementor-element elementor-element-7454d056 e-flex e-con-boxed e-con e-parent\" data-id=\"7454d056\" data-element_type=\"container\" data-e-type=\"container\" data-settings=\"{&quot;background_background&quot;:&quot;classic&quot;,&quot;shape_divider_bottom&quot;:&quot;opacity-fan&quot;}\">\n\t\t\t\t\t<div class=\"e-con-inner\">\n\t\t\t\t<div class=\"elementor-shape elementor-shape-bottom\" aria-hidden=\"true\" data-negative=\"false\">\n\t\t\t<svg xmlns=\"http:\/\/www.w3.org\/2000\/svg\" viewBox=\"0 0 283.5 19.6\" preserveAspectRatio=\"none\">\n\t<path class=\"elementor-shape-fill\" style=\"opacity:0.33\" d=\"M0 0L0 18.8 141.8 4.1 283.5 18.8 283.5 0z\"\/>\n\t<path class=\"elementor-shape-fill\" style=\"opacity:0.33\" d=\"M0 0L0 12.6 141.8 4 283.5 12.6 283.5 0z\"\/>\n\t<path class=\"elementor-shape-fill\" style=\"opacity:0.33\" d=\"M0 0L0 6.4 141.8 4 283.5 6.4 283.5 0z\"\/>\n\t<path class=\"elementor-shape-fill\" d=\"M0 0L0 1.2 141.8 4 283.5 1.2 283.5 0z\"\/>\n<\/svg>\t\t<\/div>\n\t\t\t\t<div class=\"elementor-element elementor-element-255627df elementor-widget elementor-widget-heading\" data-id=\"255627df\" data-element_type=\"widget\" data-e-type=\"widget\" data-widget_type=\"heading.default\">\n\t\t\t\t<div class=\"elementor-widget-container\">\n\t\t\t\t\t<h1 class=\"elementor-heading-title elementor-size-default\"><u><b>TOUR PRIVATO IN TUK TUK RONDA<\/b><\/u><\/h1>\t\t\t\t<\/div>\n\t\t\t\t<\/div>\n\t\t\t\t<div class=\"elementor-element elementor-element-1a56a1ca elementor-widget elementor-widget-heading\" data-id=\"1a56a1ca\" data-element_type=\"widget\" data-e-type=\"widget\" data-widget_type=\"heading.default\">\n\t\t\t\t<div class=\"elementor-widget-container\">\n\t\t\t\t\t<h2 class=\"elementor-heading-title elementor-size-default\">Un'esperienza privata, ecologica e al tuo ritmo\n<\/h2>\t\t\t\t<\/div>\n\t\t\t\t<\/div>\n\t\t\t\t<div class=\"elementor-element elementor-element-91a5075 elementor-align-left elementor-widget elementor-widget-button\" data-id=\"91a5075\" data-element_type=\"widget\" data-e-type=\"widget\" data-widget_type=\"button.default\">\n\t\t\t\t<div class=\"elementor-widget-container\">\n\t\t\t\t\t\t\t\t\t<div class=\"elementor-button-wrapper\">\n\t\t\t\t\t<a class=\"elementor-button elementor-button-link elementor-size-sm\" href=\"https:\/\/walktuk.com\/it\/contacto\/\">\n\t\t\t\t\t\t<span class=\"elementor-button-content-wrapper\">\n\t\t\t\t\t\t\t\t\t<span class=\"elementor-button-text\">CONTATTACI<\/span>\n\t\t\t\t\t<\/span>\n\t\t\t\t\t<\/a>\n\t\t\t\t<\/div>\n\t\t\t\t\t\t\t\t<\/div>\n\t\t\t\t<\/div>\n\t\t\t\t\t<\/div>\n\t\t\t\t<\/div>\n\t\t<div class=\"elementor-element elementor-element-26d989ca e-flex e-con-boxed e-con e-parent\" data-id=\"26d989ca\" data-element_type=\"container\" data-e-type=\"container\">\n\t\t\t\t\t<div class=\"e-con-inner\">\n\t\t<div class=\"elementor-element elementor-element-1cc89e e-con-full e-flex e-con e-child\" data-id=\"1cc89e\" data-element_type=\"container\" data-e-type=\"container\">\n\t\t\t\t<div class=\"elementor-element elementor-element-98e8101 elementor-widget elementor-widget-text-editor\" data-id=\"98e8101\" data-element_type=\"widget\" data-e-type=\"widget\" data-widget_type=\"text-editor.default\">\n\t\t\t\t<div class=\"elementor-widget-container\">\n\t\t\t\t\t\t\t\t\t<p data-start=\"281\" data-end=\"585\"><strong data-start=\"281\" data-end=\"366\">Scopri Ronda come mai prima d&#8217;ora con i nostri tour privati in tuk tuk elettrico.<\/strong>&nbsp;<span style=\"font-style: inherit; font-weight: inherit;\">Vivi un&#8217;esperienza esclusiva visitando questo gioiello andaluso in totale comodit\u00e0, privacy e al tuo ritmo. Immergiti nella sua storia, nei suoi paesaggi e nella sua essenza unica da una prospettiva diversa e sostenibile.<\/span><\/p>\n<p data-start=\"281\" data-end=\"585\"><br><\/p>\n<p data-start=\"587\" data-end=\"850\">I nostri tour sono progettati per offrirti un&#8217;esperienza personalizzata in cui ogni dettaglio si adatta a te. Una guida locale esperta ti accompagner\u00e0 in ogni momento, condividendo con te aneddoti, segreti e curiosit\u00e0 che solo un vero ronde\u00f1o conosce.<\/p>\n<p data-start=\"587\" data-end=\"850\"><br><\/p>\n<p data-start=\"852\" data-end=\"1095\">Esplorerai i luoghi pi\u00f9 emblematici di Ronda, come il Puente Nuevo, il centro storico, i bagni arabi o i punti panoramici pi\u00f9 impressionanti del Tajo, mentre scopri angoli meno conosciuti che sorprendono per la loro bellezza e autenticit\u00e0.<\/p>\n<p data-start=\"852\" data-end=\"1095\"><br><\/p>\n<p data-start=\"1097\" data-end=\"1419\">Che sia la tua prima volta a Ronda o che tu voglia riscoprirla da una prospettiva intima e rilassata, i nostri tour privati sono la combinazione perfetta di cultura, paesaggio ed emozione. Ideale per coppie, famiglie o piccoli gruppi che desiderano un&#8217;esperienza unica, senza folla e con la libert\u00e0 di godersi ogni sosta.<\/p>\n<p data-start=\"1097\" data-end=\"1419\"><br><\/p>\n<p data-start=\"1421\" data-end=\"1470\"><strong data-start=\"1421\" data-end=\"1470\">Sali a bordo, rilassati e lascia che Ronda ti conquisti.<\/strong><\/p>\t\t\t\t\t\t\t\t<\/div>\n\t\t\t\t<\/div>\n\t\t\t\t<\/div>\n\t\t<div class=\"elementor-element elementor-element-6f4a38b4 e-con-full e-flex e-con e-child\" data-id=\"6f4a38b4\" data-element_type=\"container\" data-e-type=\"container\">\n\t\t\t\t<div class=\"elementor-element elementor-element-25ff16ff elementor-widget elementor-widget-image\" data-id=\"25ff16ff\" data-element_type=\"widget\" data-e-type=\"widget\" data-widget_type=\"image.default\">\n\t\t\t\t<div class=\"elementor-widget-container\">\n\t\t\t\t\t\t\t\t\t\t\t\t\t\t\t<img fetchpriority=\"high\" decoding=\"async\" width=\"1152\" height=\"1536\" src=\"https:\/\/walktuk.com\/wp-content\/uploads\/2025\/06\/1750349126341-1152x1536.jpg\" class=\"attachment-1536x1536 size-1536x1536 wp-image-8197\" alt=\"\" srcset=\"https:\/\/walktuk.com\/wp-content\/uploads\/2025\/06\/1750349126341-1152x1536.jpg 1152w, https:\/\/walktuk.com\/wp-content\/uploads\/2025\/06\/1750349126341-225x300.jpg 225w, https:\/\/walktuk.com\/wp-content\/uploads\/2025\/06\/1750349126341-768x1024.jpg 768w, https:\/\/walktuk.com\/wp-content\/uploads\/2025\/06\/1750349126341-1536x2048.jpg 1536w, https:\/\/walktuk.com\/wp-content\/uploads\/2025\/06\/1750349126341-scaled.jpg 1920w\" sizes=\"(max-width: 1152px) 100vw, 1152px\" \/>\t\t\t\t\t\t\t\t\t\t\t\t\t\t\t<\/div>\n\t\t\t\t<\/div>\n\t\t\t\t<\/div>\n\t\t\t\t\t<\/div>\n\t\t\t\t<\/div>\n\t\t<div class=\"elementor-element elementor-element-b7c5f77 e-con-full e-flex e-con e-parent\" data-id=\"b7c5f77\" data-element_type=\"container\" data-e-type=\"container\" data-settings=\"{&quot;background_background&quot;:&quot;classic&quot;}\">\n\t\t<div class=\"elementor-element elementor-element-637ff5b3 e-con-full e-flex e-con e-child\" data-id=\"637ff5b3\" data-element_type=\"container\" data-e-type=\"container\" data-settings=\"{&quot;background_background&quot;:&quot;classic&quot;}\">\n\t\t\t\t<div class=\"elementor-element elementor-element-564c2a10 elementor-widget elementor-widget-heading\" data-id=\"564c2a10\" data-element_type=\"widget\" data-e-type=\"widget\" data-widget_type=\"heading.default\">\n\t\t\t\t<div class=\"elementor-widget-container\">\n\t\t\t\t\t<h2 class=\"elementor-heading-title elementor-size-default\">Tour privati a Ronda:<br>Un'esperienza esclusiva e flessibile<\/h2>\t\t\t\t<\/div>\n\t\t\t\t<\/div>\n\t\t\t\t<div class=\"elementor-element elementor-element-20233460 elementor-widget elementor-widget-text-editor\" data-id=\"20233460\" data-element_type=\"widget\" data-e-type=\"widget\" data-widget_type=\"text-editor.default\">\n\t\t\t\t<div class=\"elementor-widget-container\">\n\t\t\t\t\t\t\t\t\t<p data-start=\"170\" data-end=\"518\">I nostri tour privati a Ronda sono ideali per coppie, famiglie o gruppi di amici che vogliono scoprire la citt\u00e0 in totale libert\u00e0 e senza condividere il veicolo con sconosciuti. Per pi\u00f9 di un&#8217;ora, visiterai i luoghi pi\u00f9 emblematici di Ronda con la possibilit\u00e0 di fare soste per scattare foto e goderti il panorama al tuo ritmo.<\/p><p data-start=\"520\" data-end=\"912\" data-is-last-node=\"\" data-is-only-node=\"\">Questo tour in tuk tuk elettrico ti offre un&#8217;esperienza totalmente personalizzata, con un itinerario che pu\u00f2 essere adattato ai tuoi interessi. Dall&#8217;esplorazione del centro storico all&#8217;attraversamento del Puente Nuevo, fino alla scoperta di punti panoramici nascosti, piazze storiche o angoli meno conosciuti, tutto \u00e8 pensato per farti vivere un&#8217;avventura unica e indimenticabile in una delle citt\u00e0 pi\u00f9 belle dell&#8217;Andalusia.<\/p>\t\t\t\t\t\t\t\t<\/div>\n\t\t\t\t<\/div>\n\t\t\t\t<\/div>\n\t\t<div class=\"elementor-element elementor-element-59efc91a e-con-full e-flex e-con e-child\" data-id=\"59efc91a\" data-element_type=\"container\" data-e-type=\"container\" data-settings=\"{&quot;background_background&quot;:&quot;classic&quot;}\">\n\t\t\t\t<div class=\"elementor-element elementor-element-52596f30 elementor-widget elementor-widget-heading\" data-id=\"52596f30\" data-element_type=\"widget\" data-e-type=\"widget\" data-widget_type=\"heading.default\">\n\t\t\t\t<div class=\"elementor-widget-container\">\n\t\t\t\t\t<h2 class=\"elementor-heading-title elementor-size-default\">Tour Privati a Ronda:<br>Ideale per ogni occasione<\/h2>\t\t\t\t<\/div>\n\t\t\t\t<\/div>\n\t\t\t\t<div class=\"elementor-element elementor-element-17158ee9 elementor-widget elementor-widget-text-editor\" data-id=\"17158ee9\" data-element_type=\"widget\" data-e-type=\"widget\" data-widget_type=\"text-editor.default\">\n\t\t\t\t<div class=\"elementor-widget-container\">\n\t\t\t\t\t\t\t\t\t<p data-start=\"97\" data-end=\"240\">Il tour guidato in tuk tuk non \u00e8 solo un modo originale di conoscere Ronda, ma anche un&#8217;opzione perfetta per celebrare momenti speciali.<\/p><p data-start=\"97\" data-end=\"240\"><br><\/p>\n<p data-start=\"242\" data-end=\"508\" data-is-last-node=\"\" data-is-only-node=\"\">Goditi un tramonto indimenticabile sul Tajo, organizza una festa di compleanno in famiglia o sorprendi i tuoi amici con un addio al celibato\/nubilato diverso. Questo veicolo appariscente e divertente non passa inosservato e trasforma qualsiasi piano in un&#8217;esperienza unica.<\/p>\t\t\t\t\t\t\t\t<\/div>\n\t\t\t\t<\/div>\n\t\t\t\t<\/div>\n\t\t<div class=\"elementor-element elementor-element-27e6f828 e-con-full e-flex e-con e-child\" data-id=\"27e6f828\" data-element_type=\"container\" data-e-type=\"container\" data-settings=\"{&quot;background_background&quot;:&quot;classic&quot;}\">\n\t\t\t\t<div class=\"elementor-element elementor-element-46922e0 elementor-widget elementor-widget-heading\" data-id=\"46922e0\" data-element_type=\"widget\" data-e-type=\"widget\" data-widget_type=\"heading.default\">\n\t\t\t\t<div class=\"elementor-widget-container\">\n\t\t\t\t\t<h2 class=\"elementor-heading-title elementor-size-default\">Prenotazioni e disponibilit\u00e0<\/h2>\t\t\t\t<\/div>\n\t\t\t\t<\/div>\n\t\t\t\t<div class=\"elementor-element elementor-element-4c3c94c6 elementor-widget elementor-widget-text-editor\" data-id=\"4c3c94c6\" data-element_type=\"widget\" data-e-type=\"widget\" data-widget_type=\"text-editor.default\">\n\t\t\t\t<div class=\"elementor-widget-container\">\n\t\t\t\t\t\t\t\t\t<p data-pm-slice=\"1 1 []\"><span style=\"color: #ffffff;\">Prenotando, ti assicuri l&#8217;intero veicolo (4 posti), garantendo che il tuk tuk sia esclusivo per il tuo gruppo.&nbsp;<\/span><\/p><p data-pm-slice=\"1 1 []\"><span style=\"color: #ffffff;\"><br><\/span><\/p><p data-pm-slice=\"1 1 []\"><span style=\"color: #ffffff;\">Per gruppi pi\u00f9 grandi, \u00e8 possibile prenotare pi\u00f9 veicoli con <strong>preavviso e in base alla disponibilit\u00e0<\/strong>.<\/span><\/p>\t\t\t\t\t\t\t\t<\/div>\n\t\t\t\t<\/div>\n\t\t\t\t<\/div>\n\t\t<div class=\"elementor-element elementor-element-73bdc380 e-con-full e-flex e-con e-child\" data-id=\"73bdc380\" data-element_type=\"container\" data-e-type=\"container\" data-settings=\"{&quot;background_background&quot;:&quot;classic&quot;}\">\n\t\t\t\t<div class=\"elementor-element elementor-element-70f90c3 elementor-widget elementor-widget-heading\" data-id=\"70f90c3\" data-element_type=\"widget\" data-e-type=\"widget\" data-widget_type=\"heading.default\">\n\t\t\t\t<div class=\"elementor-widget-container\">\n\t\t\t\t\t<h2 class=\"elementor-heading-title elementor-size-default\">Progetta la tua avventura a Ronda<\/h2>\t\t\t\t<\/div>\n\t\t\t\t<\/div>\n\t\t\t\t<div class=\"elementor-element elementor-element-120da0f0 elementor-widget elementor-widget-text-editor\" data-id=\"120da0f0\" data-element_type=\"widget\" data-e-type=\"widget\" data-widget_type=\"text-editor.default\">\n\t\t\t\t<div class=\"elementor-widget-container\">\n\t\t\t\t\t\t\t\t\t<p data-pm-slice=\"1 1 []\"><span style=\"color: #ffffff;\">Contattaci e personalizza il tuo tour per vivere un&#8217;esperienza autentica con i nostri <strong>tour privati a Ronda<\/strong>. <\/span><\/p><p data-pm-slice=\"1 1 []\"> <\/p><p data-pm-slice=\"1 1 []\"><span style=\"color: #ffffff; font-style: inherit; font-weight: inherit; text-align: var(--text-align);\">Che tu voglia esplorare la sua storia, goderti la sua vivace costa o scoprire angoli nascosti, siamo qui per rendere la tua visita indimenticabile.<\/span><\/p>\t\t\t\t\t\t\t\t<\/div>\n\t\t\t\t<\/div>\n\t\t\t\t<\/div>\n\t\t\t\t<\/div>\n\t\t<div class=\"elementor-element elementor-element-270e9a e-flex e-con-boxed e-con e-parent\" data-id=\"270e9a\" data-element_type=\"container\" data-e-type=\"container\" data-settings=\"{&quot;background_background&quot;:&quot;classic&quot;}\">\n\t\t\t\t\t<div class=\"e-con-inner\">\n\t\t\t\t<div class=\"elementor-element elementor-element-20348892 elementor-widget elementor-widget-heading\" data-id=\"20348892\" data-element_type=\"widget\" data-e-type=\"widget\" data-widget_type=\"heading.default\">\n\t\t\t\t<div class=\"elementor-widget-container\">\n\t\t\t\t\t<h2 class=\"elementor-heading-title elementor-size-default\"><a href=\"https:\/\/walktuk.com\/it\/reserva\/\">Prenota ora e scopri Ronda come mai prima d'ora con i nostri tour privati in tuk tuk!<\/a><\/h2>\t\t\t\t<\/div>\n\t\t\t\t<\/div>\n\t\t\t\t\t<\/div>\n\t\t\t\t<\/div>\n\t\t\t\t<\/div>\n\t\t","protected":false},"excerpt":{"rendered":"<p>TOUR PRIVATO IN TUK TUK RONDA Un&#8217;esperienza privata, ecologica e al tuo ritmo CONTATTACI Scopri Ronda come mai prima d&#8217;ora con i nostri tour privati in tuk tuk elettrico.&nbsp;Vivi un&#8217;esperienza esclusiva visitando questo gioiello andaluso in totale comodit\u00e0, privacy e al tuo ritmo. Immergiti nella sua storia, nei suoi paesaggi e nella sua essenza unica [&hellip;]<\/p>\n","protected":false},"author":1,"featured_media":0,"parent":9336,"menu_order":0,"comment_status":"closed","ping_status":"closed","template":"","meta":{"site-sidebar-layout":"no-sidebar","site-content-layout":"page-builder","ast-site-content-layout":"full-width-container","site-content-style":"default","site-sidebar-style":"default","ast-global-header-display":"","ast-banner-title-visibility":"","ast-main-header-display":"","ast-hfb-above-header-display":"","ast-hfb-below-header-display":"","ast-hfb-mobile-header-display":"","site-post-title":"disabled","ast-breadcrumbs-content":"","ast-featured-img":"disabled","footer-sml-layout":"","ast-disable-related-posts":"","theme-transparent-header-meta":"","adv-header-id-meta":"","stick-header-meta":"","header-above-stick-meta":"","header-main-stick-meta":"","header-below-stick-meta":"","astra-migrate-meta-layouts":"default","ast-page-background-enabled":"default","ast-page-background-meta":{"desktop":{"background-color":"var(--ast-global-color-5)","background-image":"","background-repeat":"repeat","background-position":"center center","background-size":"auto","background-attachment":"scroll","background-type":"","background-media":"","overlay-type":"","overlay-color":"","overlay-opacity":"","overlay-gradient":""},"tablet":{"background-color":"","background-image":"","background-repeat":"repeat","background-position":"center center","background-size":"auto","background-attachment":"scroll","background-type":"","background-media":"","overlay-type":"","overlay-color":"","overlay-opacity":"","overlay-gradient":""},"mobile":{"background-color":"","background-image":"","background-repeat":"repeat","background-position":"center center","background-size":"auto","background-attachment":"scroll","background-type":"","background-media":"","overlay-type":"","overlay-color":"","overlay-opacity":"","overlay-gradient":""}},"ast-content-background-meta":{"desktop":{"background-color":"var(--ast-global-color-4)","background-image":"","background-repeat":"repeat","background-position":"center center","background-size":"auto","background-attachment":"scroll","background-type":"","background-media":"","overlay-type":"","overlay-color":"","overlay-opacity":"","overlay-gradient":""},"tablet":{"background-color":"var(--ast-global-color-4)","background-image":"","background-repeat":"repeat","background-position":"center center","background-size":"auto","background-attachment":"scroll","background-type":"","background-media":"","overlay-type":"","overlay-color":"","overlay-opacity":"","overlay-gradient":""},"mobile":{"background-color":"var(--ast-global-color-4)","background-image":"","background-repeat":"repeat","background-position":"center center","background-size":"auto","background-attachment":"scroll","background-type":"","background-media":"","overlay-type":"","overlay-color":"","overlay-opacity":"","overlay-gradient":""}},"footnotes":""},"class_list":["post-8637","page","type-page","status-publish","hentry"],"aioseo_notices":[],"_links":{"self":[{"href":"https:\/\/walktuk.com\/it\/wp-json\/wp\/v2\/pages\/8637","targetHints":{"allow":["GET"]}}],"collection":[{"href":"https:\/\/walktuk.com\/it\/wp-json\/wp\/v2\/pages"}],"about":[{"href":"https:\/\/walktuk.com\/it\/wp-json\/wp\/v2\/types\/page"}],"author":[{"embeddable":true,"href":"https:\/\/walktuk.com\/it\/wp-json\/wp\/v2\/users\/1"}],"replies":[{"embeddable":true,"href":"https:\/\/walktuk.com\/it\/wp-json\/wp\/v2\/comments?post=8637"}],"version-history":[{"count":6,"href":"https:\/\/walktuk.com\/it\/wp-json\/wp\/v2\/pages\/8637\/revisions"}],"predecessor-version":[{"id":11404,"href":"https:\/\/walktuk.com\/it\/wp-json\/wp\/v2\/pages\/8637\/revisions\/11404"}],"up":[{"embeddable":true,"href":"https:\/\/walktuk.com\/it\/wp-json\/wp\/v2\/pages\/9336"}],"wp:attachment":[{"href":"https:\/\/walktuk.com\/it\/wp-json\/wp\/v2\/media?parent=8637"}],"curies":[{"name":"wp","href":"https:\/\/api.w.org\/{rel}","templated":true}]}}