{"id":9396,"date":"2025-05-26T20:31:31","date_gmt":"2025-05-26T18:31:31","guid":{"rendered":"https:\/\/walktuk.com\/cookies\/"},"modified":"2026-01-23T18:21:21","modified_gmt":"2026-01-23T17:21:21","slug":"cookies","status":"publish","type":"page","link":"https:\/\/walktuk.com\/it\/cookies\/","title":{"rendered":"Politica dei cookie"},"content":{"rendered":"\n<h3 class=\"wp-block-heading\">Questo sito utilizza i cookie<\/h3>\n\n\n\n<p>En cumplimiento de la Ley 34\/2002 de 11 de julio de Servicios de la Sociedad de la Informaci\u00f3n y de Comercio Electr\u00f3nico (LSSICE), te informamos de que este sitio web Walk Tuk utiliza cookies.<\/p>\n\n\n\n<p>La LSSICE si applica a qualsiasi tipo di file o dispositivo scaricato sul terminale di un utente al fine di memorizzare dati che possono essere aggiornati e recuperati dall&#8217;entit\u00e0 responsabile della sua installazione. Un cookie \u00e8 uno di questi file ampiamente utilizzati, che chiameremo genericamente cookie.<\/p>\n\n\n\n<p>I cookie sono piccoli file di testo inviati a un browser da un server web per registrare l&#8217;attivit\u00e0 dell&#8217;utente su un sito web, in modo che tali informazioni possano essere recuperate in seguito durante la navigazione nelle diverse pagine collegate al server che li ha installati.<\/p>\n\n\n\n<p>I cookie in genere memorizzano informazioni tecniche, preferenze personali, personalizzazione dei contenuti, statistiche di utilizzo, link ai social media, accesso agli account utente, ecc.<\/p>\n\n\n\n<h3 class=\"wp-block-heading\">Tipi di cookie<\/h3>\n\n\n\n<p>Di seguito \u00e8 riportata una classificazione dei cookie in base a diverse categorie. Tuttavia, \u00e8 importante notare che un singolo cookie pu\u00f2 appartenere a pi\u00f9 di una categoria.<\/p>\n\n\n\n<h2 class=\"wp-block-heading\">A seconda del soggetto che li gestisce:<\/h2>\n\n\n\n<ul class=\"wp-block-list\">\n<li>Cookie di prima parte: si tratta di cookie inviati al terminale dell&#8217;utente da un computer o dominio gestito dall&#8217;editore stesso, dal quale viene fornito il servizio richiesto dall&#8217;utente.<\/li>\n\n\n\n<li>Cookie di terze parti: si tratta di cookie inviati al terminale dell&#8217;utente da un computer o dominio non gestito dall&#8217;editore, ma da un&#8217;altra entit\u00e0 che elabora i dati ottenuti tramite i cookie.<\/li>\n<\/ul>\n\n\n\n<p>Se i cookie vengono installati da un computer o dominio gestito dall&#8217;editore stesso, ma le informazioni raccolte tramite essi sono gestite da una terza parte, non sono considerati cookie di prima parte.<\/p>\n\n\n\n<h2 class=\"wp-block-heading\">In base alla durata della loro attivit\u00e0:<\/h2>\n\n\n\n<p>A seconda della durata della loro attivit\u00e0 sul terminale, possiamo distinguere tra:<\/p>\n\n\n\n<ul class=\"wp-block-list\">\n<li>Cookie di sessione: si tratta di un tipo di cookie progettato per raccogliere e memorizzare dati mentre l&#8217;utente accede a un sito web. In genere vengono utilizzati per memorizzare informazioni necessarie solo per fornire il servizio richiesto dall&#8217;utente in una singola occasione (ad esempio, un elenco di prodotti acquistati).<\/li>\n\n\n\n<li>Cookie persistenti: si tratta di un tipo di cookie in cui i dati rimangono memorizzati sul dispositivo dell&#8217;utente e possono essere consultati ed elaborati per un periodo definito dal fornitore del cookie, che pu\u00f2 variare da pochi minuti a diversi anni.<\/li>\n<\/ul>\n\n\n\n<h2 class=\"wp-block-heading\">In base alla finalit\u00e0<\/h2>\n\n\n\n<p>A seconda dello scopo per cui vengono elaborati i dati ottenuti tramite i cookie, possiamo distinguere tra:<\/p>\n\n\n\n<ul class=\"wp-block-list\">\n<li>Cookie tecnici: si tratta di cookie che consentono all&#8217;utente di navigare attraverso un sito web, una piattaforma o un&#8217;applicazione e di utilizzare le diverse opzioni o servizi disponibili, come il controllo del traffico e della comunicazione dei dati, l&#8217;identificazione della sessione, l&#8217;accesso ad aree riservate, la memorizzazione degli articoli in un ordine, il completamento della procedura di acquisto, la registrazione o la partecipazione a un evento, l&#8217;utilizzo di funzionalit\u00e0 di sicurezza durante la navigazione, la memorizzazione di contenuti per la riproduzione di video o audio o la condivisione di contenuti attraverso i social network.<\/li>\n\n\n\n<li>Cookie tecnici: si tratta di cookie che consentono all&#8217;utente di navigare attraverso un sito web, una piattaforma o un&#8217;applicazione e di utilizzare le diverse opzioni o servizi disponibili, come il controllo del traffico e della comunicazione dei dati, l&#8217;identificazione della sessione, l&#8217;accesso alle aree riservate, la memorizzazione degli articoli in un ordine, il completamento della procedura di acquisto, la registrazione o la partecipazione a un evento, l&#8217;utilizzo di funzionalit\u00e0 di sicurezza durante la navigazione, la memorizzazione di contenuti per la riproduzione di video o audio o la condivisione di contenuti attraverso i social network. Cookie di personalizzazione: questi cookie consentono agli utenti di accedere al servizio con determinate caratteristiche generali predefinite in base a criteri quali la lingua, il tipo di browser e le impostazioni regionali.<\/li>\n\n\n\n<li>Cookie analitici: questi cookie consentono al proprietario del sito web di monitorare e analizzare il comportamento degli utenti sui siti web a cui sono collegati. Le informazioni raccolte tramite questi cookie vengono utilizzate per misurare l&#8217;attivit\u00e0 del sito web, dell&#8217;applicazione o della piattaforma e per creare profili di navigazione degli utenti. Questi dati vengono quindi utilizzati per migliorare il servizio.<\/li>\n\n\n\n<li>Cookie pubblicitari: questi cookie consentono la gestione pi\u00f9 efficace degli spazi pubblicitari che l&#8217;editore pu\u00f2 aver incluso su un sito web, un&#8217;applicazione o una piattaforma che fornisce il servizio richiesto, in base a criteri quali il contenuto visualizzato o la frequenza con cui vengono mostrati gli annunci.<\/li>\n<\/ul>\n\n\n\n<ul class=\"wp-block-list\">\n<li>Cookie di pubblicit\u00e0 comportamentale: questi cookie consentono la gestione pi\u00f9 efficace degli spazi pubblicitari che l&#8217;editore pu\u00f2 aver inserito in un sito web, applicazione o piattaforma da cui viene fornito il servizio richiesto. Questi cookie memorizzano informazioni sul comportamento dell&#8217;utente, ottenute attraverso l&#8217;osservazione continua delle abitudini di navigazione, consentendo lo sviluppo di un profilo specifico per visualizzare annunci pubblicitari basati su tale profilo.<\/li>\n<\/ul>\n\n\n\n<h3 class=\"wp-block-heading\">Come disabilitare i cookie nei principali browser web<\/h3>\n\n\n\n<p>Per configurare l&#8217;utilizzo dei cookie, segui le istruzioni del tuo browser o consulta la relativa sezione di aiuto:<\/p>\n\n\n\n<ul class=\"wp-block-list\">\n<li><a href=\"https:\/\/support.apple.com\/es-es\/HT201265\">Safari<\/a><\/li>\n\n\n\n<li><a href=\"https:\/\/support.mozilla.org\/es\/kb\/habilitar-y-deshabilitar-cookies-sitios-web-rastrear-preferencias?redirectlocale=es&amp;redirectslug=habilitar-y-deshabilitar-cookies-que-los-sitios-we\">Firefox<\/a><\/li>\n\n\n\n<li><a href=\"https:\/\/support.google.com\/chrome\/answer\/95647?hl=es-es\">Chrome<\/a><\/li>\n\n\n\n<li><a href=\"https:\/\/www.opera.com\/help\/tutorials\/security\/privacy\/\">\u00d3pera<\/a><\/li>\n\n\n\n<li><a href=\"https:\/\/support.microsoft.com\/es-es\/help\/17442\/windows-internet-explorer-delete-manage-cookies\">Internet Explorer<\/a><\/li>\n\n\n\n<li><a href=\"https:\/\/privacy.microsoft.com\/es-es\/windows-10-microsoft-edge-and-privacy\">Edge<\/a><\/li>\n<\/ul>\n\n\n\n<h3 class=\"wp-block-heading\">Cosa succede se non si accettano i cookie?<\/h3>\n\n\n\n<p>Rifiutare i cookie potrebbe impedire l&#8217;accesso a contenuti e servizi personalizzati.<\/p>\n\n\n\n<h3 class=\"wp-block-heading\">Aggiornamenti e modifiche alla politica sui cookie<\/h3>\n\n\n\n<p>Walk Tuk pu\u00f2 modificare la presente politica sui cookie in conformit\u00e0 con i requisiti legali e normativi, per adattarla alle istruzioni emanate dall&#8217;Agenzia spagnola per la protezione dei dati, per motivi tecnici o a causa di riorganizzazione del sito web. Pertanto, ti consigliamo di consultarla periodicamente.<\/p>\n\n\n\n<h3 class=\"wp-block-heading\">Contatti<\/h3>\n\n\n\n<p>Per qualsiasi domanda su come utilizziamo i cookie, vi preghiamo di scriverci al seguente indirizzo email: walktuk@gmail.com.<\/p>\n","protected":false},"excerpt":{"rendered":"<p>Questo sito utilizza i cookie En cumplimiento de la Ley 34\/2002 de 11 de julio de Servicios de la Sociedad de la Informaci\u00f3n y de Comercio Electr\u00f3nico (LSSICE), te informamos de que este sitio web Walk Tuk utiliza cookies. La LSSICE si applica a qualsiasi tipo di file o dispositivo scaricato sul terminale di un [&hellip;]<\/p>\n","protected":false},"author":1,"featured_media":0,"parent":0,"menu_order":0,"comment_status":"closed","ping_status":"closed","template":"","meta":{"site-sidebar-layout":"default","site-content-layout":"","ast-site-content-layout":"default","site-content-style":"default","site-sidebar-style":"default","ast-global-header-display":"","ast-banner-title-visibility":"","ast-main-header-display":"","ast-hfb-above-header-display":"","ast-hfb-below-header-display":"","ast-hfb-mobile-header-display":"","site-post-title":"","ast-breadcrumbs-content":"","ast-featured-img":"","footer-sml-layout":"","ast-disable-related-posts":"","theme-transparent-header-meta":"","adv-header-id-meta":"","stick-header-meta":"","header-above-stick-meta":"","header-main-stick-meta":"","header-below-stick-meta":"","astra-migrate-meta-layouts":"set","ast-page-background-enabled":"default","ast-page-background-meta":{"desktop":{"background-color":"var(--ast-global-color-5)","background-image":"","background-repeat":"repeat","background-position":"center center","background-size":"auto","background-attachment":"scroll","background-type":"","background-media":"","overlay-type":"","overlay-color":"","overlay-opacity":"","overlay-gradient":""},"tablet":{"background-color":"","background-image":"","background-repeat":"repeat","background-position":"center center","background-size":"auto","background-attachment":"scroll","background-type":"","background-media":"","overlay-type":"","overlay-color":"","overlay-opacity":"","overlay-gradient":""},"mobile":{"background-color":"","background-image":"","background-repeat":"repeat","background-position":"center center","background-size":"auto","background-attachment":"scroll","background-type":"","background-media":"","overlay-type":"","overlay-color":"","overlay-opacity":"","overlay-gradient":""}},"ast-content-background-meta":{"desktop":{"background-color":"var(--ast-global-color-4)","background-image":"","background-repeat":"repeat","background-position":"center center","background-size":"auto","background-attachment":"scroll","background-type":"","background-media":"","overlay-type":"","overlay-color":"","overlay-opacity":"","overlay-gradient":""},"tablet":{"background-color":"var(--ast-global-color-4)","background-image":"","background-repeat":"repeat","background-position":"center center","background-size":"auto","background-attachment":"scroll","background-type":"","background-media":"","overlay-type":"","overlay-color":"","overlay-opacity":"","overlay-gradient":""},"mobile":{"background-color":"var(--ast-global-color-4)","background-image":"","background-repeat":"repeat","background-position":"center center","background-size":"auto","background-attachment":"scroll","background-type":"","background-media":"","overlay-type":"","overlay-color":"","overlay-opacity":"","overlay-gradient":""}},"footnotes":""},"class_list":["post-9396","page","type-page","status-publish","hentry"],"aioseo_notices":[],"_links":{"self":[{"href":"https:\/\/walktuk.com\/it\/wp-json\/wp\/v2\/pages\/9396","targetHints":{"allow":["GET"]}}],"collection":[{"href":"https:\/\/walktuk.com\/it\/wp-json\/wp\/v2\/pages"}],"about":[{"href":"https:\/\/walktuk.com\/it\/wp-json\/wp\/v2\/types\/page"}],"author":[{"embeddable":true,"href":"https:\/\/walktuk.com\/it\/wp-json\/wp\/v2\/users\/1"}],"replies":[{"embeddable":true,"href":"https:\/\/walktuk.com\/it\/wp-json\/wp\/v2\/comments?post=9396"}],"version-history":[{"count":2,"href":"https:\/\/walktuk.com\/it\/wp-json\/wp\/v2\/pages\/9396\/revisions"}],"predecessor-version":[{"id":11463,"href":"https:\/\/walktuk.com\/it\/wp-json\/wp\/v2\/pages\/9396\/revisions\/11463"}],"wp:attachment":[{"href":"https:\/\/walktuk.com\/it\/wp-json\/wp\/v2\/media?parent=9396"}],"curies":[{"name":"wp","href":"https:\/\/api.w.org\/{rel}","templated":true}]}}