{"id":9407,"date":"2025-05-26T20:31:31","date_gmt":"2025-05-26T18:31:31","guid":{"rendered":"https:\/\/walktuk.com\/aviso-legal\/"},"modified":"2026-01-02T18:22:19","modified_gmt":"2026-01-02T17:22:19","slug":"aviso-legal","status":"publish","type":"page","link":"https:\/\/walktuk.com\/it\/aviso-legal\/","title":{"rendered":"Avviso legale"},"content":{"rendered":"\t\t<div data-elementor-type=\"wp-page\" data-elementor-id=\"9407\" class=\"elementor elementor-9407 elementor-7023\">\n\t\t\t\t<div class=\"elementor-element elementor-element-5d3b82cc e-flex e-con-boxed e-con e-parent\" data-id=\"5d3b82cc\" data-element_type=\"container\" data-e-type=\"container\">\n\t\t\t\t\t<div class=\"e-con-inner\">\n\t\t\t\t<div class=\"elementor-element elementor-element-2101bbf elementor-widget elementor-widget-heading\" data-id=\"2101bbf\" data-element_type=\"widget\" data-e-type=\"widget\" data-widget_type=\"heading.default\">\n\t\t\t\t<div class=\"elementor-widget-container\">\n\t\t\t\t\t<h2 class=\"elementor-heading-title elementor-size-default\">AVVISO LEGALE<\/h2>\t\t\t\t<\/div>\n\t\t\t\t<\/div>\n\t\t\t\t<div class=\"elementor-element elementor-element-983bf00 elementor-widget elementor-widget-text-editor\" data-id=\"983bf00\" data-element_type=\"widget\" data-e-type=\"widget\" data-widget_type=\"text-editor.default\">\n\t\t\t\t<div class=\"elementor-widget-container\">\n\t\t\t\t\t\t\t\t\t<div class=\"elementor-element elementor-element-23b04d9 elementor-widget elementor-widget-heading\" data-id=\"23b04d9\" data-element_type=\"widget\" data-widget_type=\"heading.default\"><div class=\"elementor-widget-container\"><h4 class=\"elementor-heading-title elementor-size-default\"><span style=\"font-size: 1.5em; font-weight: bold;\">DATI IDENTIFICATIVI DEL TITOLARE DEL SITO WEB<\/span><\/h4><\/div><\/div><div class=\"elementor-element elementor-element-68471a74 elementor-widget elementor-widget-text-editor\" data-id=\"68471a74\" data-element_type=\"widget\" data-widget_type=\"text-editor.default\"><div class=\"elementor-widget-container\"><p>In ottemperanza all&#8217;obbligo di informazione previsto dall&#8217;articolo 10 della Legge 34\/2002 dell&#8217;11 luglio sui Servizi della Societ\u00e0 dell&#8217;Informazione e del Commercio Elettronico, <strong>WalkTuk<\/strong>, S.L., con Partita IVA <strong>(CIF) B19992031<\/strong>, di seguito denominata <strong>Walk Tuk<\/strong>, in qualit\u00e0 di titolare del sito web <strong>walktuk.com<\/strong>, con sede legale in <strong>C\/Eugenio Gross 34, 8-30, 29009 Malaga, CAP 29009 Malaga<\/strong>, indirizzo email <strong>walktuk@gmail.com<\/strong> e numero di telefono <strong>+34 617 60 42 03<\/strong>, con la presente informa l&#8217;utente delle seguenti informazioni che costituiscono e regolano le condizioni d&#8217;uso di questa pagina, le limitazioni di responsabilit\u00e0 e gli obblighi che gli utenti del sito web pubblicato sotto il nome di dominio <strong>walktuk.com<\/strong> assumono e accettano di rispettare.<\/p><h3>TERMINI DI UTILIZZO<\/h3><p>L&#8217;utilizzo di <strong>walktuk.com<\/strong> conferisce lo status di Utente di <strong>walktuk.com<\/strong>, sia esso persona fisica o giuridica, e implica necessariamente l&#8217;accettazione piena e incondizionata di tutte le clausole e condizioni generali contenute nel presente Avviso Legale. Qualora l&#8217;Utente non accetti le clausole e le condizioni d&#8217;uso contenute nel presente Avviso Legale, \u00e8 pregato di astenersi dall&#8217;utilizzo di <strong>walktuk.com<\/strong>. Il presente Avviso Legale \u00e8 soggetto a modifiche e aggiornamenti, pertanto la versione pubblicata da <strong>Walk Tuk<\/strong> potrebbe differire ogni volta che l&#8217;Utente accede al Portale. Pertanto, l&#8217;Utente \u00e8 tenuto a leggere attentamente l&#8217;Informativa Legale ogni volta che accede a <strong>walktuk.com<\/strong>.<\/p><p>Tramite <strong>walktuk.com<\/strong>, <strong>Walk Tuk<\/strong> fornisce all&#8217;Utente l&#8217;accesso e l&#8217;utilizzo di vari Contenuti pubblicati online da <strong>Walk Tuk<\/strong> o da terze parti autorizzate.<\/p><p>L&#8217;Utente \u00e8 tenuto e accetta di utilizzare <strong>walktuk.com<\/strong> e i suoi Contenuti in conformit\u00e0 con la legge applicabile, con la presente Nota Legale e con qualsiasi altro avviso o istruzione fornita, sia tramite la presente Nota Legale che altrove all&#8217;interno dei Contenuti di <strong>walktuk.com<\/strong>, inclusi gli standard di condotta, moralit\u00e0 e buone abitudini generalmente accettati. A tal fine, l&#8217;Utente accetta e accetta di NON utilizzare alcun Contenuto per scopi o effetti illeciti, proibiti dalla presente Nota Legale o dalla legge applicabile, lesivi dei diritti e degli interessi di terzi o che possano in qualsiasi modo danneggiare, disabilitare, sovraccaricare, compromettere o impedire il normale utilizzo dei Contenuti, delle apparecchiature informatiche o dei documenti, file e di tutti i tipi di contenuti memorizzati su qualsiasi apparecchiatura informatica di propriet\u00e0 o sotto contratto da <strong>Walk Tuk<\/strong>, da un altro UTENTE o da qualsiasi utente di Internet (hardware e software).<\/p><p>L&#8217;Utente accetta e si impegna a non trasmettere, diffondere o rendere disponibile a terzi alcun tipo di materiale contenuto su <strong>walktuk.com<\/strong>, quali informazioni, testi, dati, contenuti, messaggi, grafica, disegni, file audio e\/o immagini, fotografie, registrazioni, software, loghi, marchi, icone, tecnologia, fotografie, software, link, grafica e codice sorgente, o qualsiasi altro materiale a cui abbia accesso in qualit\u00e0 di Utente di <strong>walktuk.com<\/strong>, senza che questo elenco sia esaustivo. Inoltre, in conformit\u00e0 con quanto sopra, l&#8217;Utente non pu\u00f2:<\/p><ul><li>\u00c8 vietata la riproduzione, la copia, la distribuzione, la messa a disposizione o in altro modo la comunicazione pubblica, la trasformazione o la modifica dei Contenuti, salvo espressa autorizzazione scritta di <strong>Walk Tuk<\/strong>, titolare dei diritti, o salvo quanto legalmente consentito.<\/li><li>\u00c8 altres\u00ec vietata la rimozione, la manipolazione o l&#8217;alterazione del copyright e di altre informazioni identificative relative alla riserva di diritti di <strong>Walk Tuk<\/strong> o dei suoi titolari, impronte digitali e\/o identificatori, filigrane o qualsiasi altro mezzo tecnico predisposto per il loro riconoscimento.<\/li><\/ul><p>Gli utenti devono astenersi dall&#8217;ottenere o anche solo tentare di ottenere i Contenuti utilizzando mezzi o procedure diversi da quelli resi disponibili a tale scopo o indicati sulle pagine web in cui si trovano i Contenuti o, in generale, da quelli comunemente utilizzati su Internet a tale scopo, a condizione che non comportino un rischio di danneggiamento o disattivazione di <strong>walktuk.com<\/strong> e\/o dei Contenuti.<\/p><h3>PROPRIET\u00c0 INTELLETTUALE<\/h3><p>Tutti i marchi, nomi commerciali o segni distintivi di qualsiasi tipo presenti su <strong>walktuk.com<\/strong> sono di propriet\u00e0 di <strong>Walk Tuk<\/strong> o, ove applicabile, dei rispettivi titolari. L&#8217;utilizzo o l&#8217;accesso al Portale e\/o ai suoi Contenuti non conferisce all&#8217;Utente alcun diritto su tali marchi, nomi commerciali e\/o segni distintivi, n\u00e9 implica il trasferimento all&#8217;Utente di eventuali diritti di sfruttamento esistenti o potenzialmente esistenti su tali Contenuti. Allo stesso modo, i Contenuti sono propriet\u00e0 intellettuale di <strong>Walk Tuk<\/strong> o, ove applicabile, di terzi. Pertanto, i diritti di Propriet\u00e0 Intellettuale appartengono a <strong>Walk Tuk<\/strong> o a terzi che ne hanno autorizzato l&#8217;utilizzo, i quali detengono il diritto esclusivo di sfruttare tali Contenuti in qualsiasi forma, e in particolare i diritti di riproduzione, distribuzione, comunicazione pubblica e trasformazione. L&#8217;uso non autorizzato delle informazioni contenute in questo sito web, nonch\u00e9 qualsiasi violazione dei diritti di Propriet\u00e0 Intellettuale o Industriale di <strong>Walk Tuk<\/strong> o di terzi presenti su <strong>walktuk.com<\/strong> che hanno contribuito ai Contenuti, dar\u00e0 luogo alle responsabilit\u00e0 legalmente stabilite.<\/p><h3>DISPONIBILIT\u00c0 DI WALKTUK.COM<\/h3><p><strong>Walk Tuk<\/strong>\u00a0non garantisce l&#8217;accesso ininterrotto o privo di errori a <strong>walktuk.com<\/strong> o ai suoi contenuti, n\u00e9 che i contenuti siano aggiornati, sebbene si impegni a fare tutto il possibile per evitare, correggere o aggiornare eventuali problemi. Pertanto, <strong>Walk Tuk<\/strong> non \u00e8 responsabile per eventuali danni o perdite di qualsiasi tipo subiti dall&#8217;Utente derivanti da guasti o disconnessioni nelle reti di telecomunicazione che causino la sospensione, la cancellazione o l&#8217;interruzione del servizio del portale durante o prima della sua fornitura.<\/p><p><strong>Walk Tuk<\/strong> esclude, salvo quanto previsto dalla legge applicabile, qualsiasi responsabilit\u00e0 per danni di qualsiasi tipo derivanti dalla indisponibilit\u00e0, dalla mancanza di continuit\u00e0 o dalla scarsa qualit\u00e0 del funzionamento di <strong>walktuk.com<\/strong> e dei suoi Contenuti, o dal mancato rispetto di qualsiasi aspettativa di utilit\u00e0 che l&#8217;UTENTE possa aver attribuito a <strong>walktuk.com<\/strong> e ai suoi Contenuti.<\/p><p>La funzione dei collegamenti ipertestuali presenti su questo sito web \u00e8 esclusivamente quella di informare l&#8217;Utente dell&#8217;esistenza di altri siti web contenenti informazioni sull&#8217;argomento. Questi collegamenti ipertestuali non costituiscono alcun suggerimento o raccomandazione.<\/p><p><strong>Walk Tuk<\/strong> non \u00e8 responsabile del contenuto delle pagine collegate, del funzionamento o dell&#8217;utilit\u00e0 dei collegamenti ipertestuali, n\u00e9 dei risultati ottenuti da tali collegamenti. <strong>Walk Tuk<\/strong> non garantisce l&#8217;assenza di virus o altri elementi dannosi che possano causare danni al sistema informatico dell&#8217;Utente (hardware e software), ai documenti o ai file, e pertanto esclude qualsiasi responsabilit\u00e0 per danni di qualsiasi tipo causati all&#8217;Utente per questo motivo.<\/p><p>L&#8217;accesso a <strong>walktuk.com<\/strong> non implica alcun obbligo da parte di <strong>Walk Tuk<\/strong> di garantire l&#8217;assenza di virus, worm o altri elementi informatici dannosi. \u00c8 responsabilit\u00e0 dell&#8217;Utente, in ogni caso, disporre di strumenti adeguati per il rilevamento e la disinfezione di software dannosi. Pertanto, <strong>Walk Tuk<\/strong> non \u00e8 responsabile per eventuali violazioni della sicurezza che possano verificarsi durante la fornitura del servizio <strong>walktuk.com<\/strong>, n\u00e9 per eventuali danni che possano essere causati ai sistemi informatici (hardware e software) dell&#8217;Utente o di terzi, o a file o documenti in essi memorizzati, a causa della presenza di virus sul computer dell&#8217;Utente utilizzato per connettersi ai servizi e ai contenuti del sito web, di un browser malfunzionante o dell&#8217;utilizzo di versioni obsolete del browser.<\/p><p>La fornitura del servizio walktuk.com e dei suoi Contenuti \u00e8, in linea di principio, a tempo indeterminato. Tuttavia, <strong>Walk Tuk<\/strong> \u00e8 autorizzata a interrompere o sospendere la fornitura del servizio <strong>walktuk.com<\/strong> e\/o di qualsiasi suo Contenuto in qualsiasi momento. Ove ragionevolmente possibile, <strong>Walk Tuk<\/strong> dar\u00e0 preavviso della cessazione o sospensione di <strong>walktuk.com<\/strong>.<\/p><h3>QUALIT\u00c0 DI WALKTUK.COM<\/h3><p>Data la natura dinamica e in continua evoluzione delle informazioni e dei servizi forniti tramite <strong>walktuk.com<\/strong>, <strong>Walk Tuk<\/strong> compie ogni sforzo, ma non garantisce la completa veridicit\u00e0, accuratezza, affidabilit\u00e0, utilit\u00e0 e\/o tempestivit\u00e0 dei Contenuti. Le informazioni contenute nelle pagine di questo Portale hanno esclusivamente scopo informativo, consultivo, educativo e pubblicitario. In nessun caso costituiscono un impegno vincolante o contrattuale.<\/p><h3>LIMITAZIONE DI RESPONSABILIT\u00c0<\/h3><p><strong>Walk Tuk<\/strong> esclude ogni responsabilit\u00e0 per le decisioni che l&#8217;Utente potrebbe prendere sulla base di queste informazioni, nonch\u00e9 per eventuali errori tipografici che potrebbero apparire nei documenti e nella grafica di <strong>walktuk.com<\/strong>. Le informazioni sono soggette a modifiche periodiche senza preavviso a causa di ampliamenti, miglioramenti, correzioni o aggiornamenti dei Contenuti.<\/p><h3>NOTIFICHE<\/h3><p>Tutte le notifiche e le comunicazioni di <strong>Walk Tuk<\/strong> all&#8217;Utente, indipendentemente dal mezzo utilizzato, saranno considerate efficaci a tutti gli effetti.<\/p><h3>GIURISDIZIONE<\/h3><p>Per qualsiasi questione derivante dall&#8217;interpretazione, applicazione e applicazione del presente Avviso Legale, nonch\u00e9 per qualsiasi reclamo che possa sorgere dal suo utilizzo, tutte le parti coinvolte si sottopongono alla giurisdizione dei Tribunali della provincia di Malaga, rinunciando espressamente a qualsiasi altra giurisdizione applicabile.<\/p><h3>LEGGE APPLICABILE<\/h3><p>Il presente Avviso Legale \u00e8 regolato dalla legge spagnola vigente.<\/p><\/div><\/div>\t\t\t\t\t\t\t\t<\/div>\n\t\t\t\t<\/div>\n\t\t\t\t\t<\/div>\n\t\t\t\t<\/div>\n\t\t\t\t<\/div>\n\t\t","protected":false},"excerpt":{"rendered":"<p>AVVISO LEGALE DATI IDENTIFICATIVI DEL TITOLARE DEL SITO WEB In ottemperanza all&#8217;obbligo di informazione previsto dall&#8217;articolo 10 della Legge 34\/2002 dell&#8217;11 luglio sui Servizi della Societ\u00e0 dell&#8217;Informazione e del Commercio Elettronico, WalkTuk, S.L., con Partita IVA (CIF) B19992031, di seguito denominata Walk Tuk, in qualit\u00e0 di titolare del sito web walktuk.com, con sede legale in [&hellip;]<\/p>\n","protected":false},"author":1,"featured_media":0,"parent":0,"menu_order":0,"comment_status":"closed","ping_status":"closed","template":"elementor_header_footer","meta":{"site-sidebar-layout":"default","site-content-layout":"","ast-site-content-layout":"default","site-content-style":"default","site-sidebar-style":"default","ast-global-header-display":"","ast-banner-title-visibility":"","ast-main-header-display":"","ast-hfb-above-header-display":"","ast-hfb-below-header-display":"","ast-hfb-mobile-header-display":"","site-post-title":"","ast-breadcrumbs-content":"","ast-featured-img":"","footer-sml-layout":"","ast-disable-related-posts":"","theme-transparent-header-meta":"","adv-header-id-meta":"","stick-header-meta":"","header-above-stick-meta":"","header-main-stick-meta":"","header-below-stick-meta":"","astra-migrate-meta-layouts":"default","ast-page-background-enabled":"default","ast-page-background-meta":{"desktop":{"background-color":"var(--ast-global-color-5)","background-image":"","background-repeat":"repeat","background-position":"center center","background-size":"auto","background-attachment":"scroll","background-type":"","background-media":"","overlay-type":"","overlay-color":"","overlay-opacity":"","overlay-gradient":""},"tablet":{"background-color":"","background-image":"","background-repeat":"repeat","background-position":"center center","background-size":"auto","background-attachment":"scroll","background-type":"","background-media":"","overlay-type":"","overlay-color":"","overlay-opacity":"","overlay-gradient":""},"mobile":{"background-color":"","background-image":"","background-repeat":"repeat","background-position":"center center","background-size":"auto","background-attachment":"scroll","background-type":"","background-media":"","overlay-type":"","overlay-color":"","overlay-opacity":"","overlay-gradient":""}},"ast-content-background-meta":{"desktop":{"background-color":"var(--ast-global-color-4)","background-image":"","background-repeat":"repeat","background-position":"center center","background-size":"auto","background-attachment":"scroll","background-type":"","background-media":"","overlay-type":"","overlay-color":"","overlay-opacity":"","overlay-gradient":""},"tablet":{"background-color":"var(--ast-global-color-4)","background-image":"","background-repeat":"repeat","background-position":"center center","background-size":"auto","background-attachment":"scroll","background-type":"","background-media":"","overlay-type":"","overlay-color":"","overlay-opacity":"","overlay-gradient":""},"mobile":{"background-color":"var(--ast-global-color-4)","background-image":"","background-repeat":"repeat","background-position":"center center","background-size":"auto","background-attachment":"scroll","background-type":"","background-media":"","overlay-type":"","overlay-color":"","overlay-opacity":"","overlay-gradient":""}},"footnotes":""},"class_list":["post-9407","page","type-page","status-publish","hentry"],"aioseo_notices":[],"_links":{"self":[{"href":"https:\/\/walktuk.com\/it\/wp-json\/wp\/v2\/pages\/9407","targetHints":{"allow":["GET"]}}],"collection":[{"href":"https:\/\/walktuk.com\/it\/wp-json\/wp\/v2\/pages"}],"about":[{"href":"https:\/\/walktuk.com\/it\/wp-json\/wp\/v2\/types\/page"}],"author":[{"embeddable":true,"href":"https:\/\/walktuk.com\/it\/wp-json\/wp\/v2\/users\/1"}],"replies":[{"embeddable":true,"href":"https:\/\/walktuk.com\/it\/wp-json\/wp\/v2\/comments?post=9407"}],"version-history":[{"count":7,"href":"https:\/\/walktuk.com\/it\/wp-json\/wp\/v2\/pages\/9407\/revisions"}],"predecessor-version":[{"id":11048,"href":"https:\/\/walktuk.com\/it\/wp-json\/wp\/v2\/pages\/9407\/revisions\/11048"}],"wp:attachment":[{"href":"https:\/\/walktuk.com\/it\/wp-json\/wp\/v2\/media?parent=9407"}],"curies":[{"name":"wp","href":"https:\/\/api.w.org\/{rel}","templated":true}]}}