{"id":9456,"date":"2025-01-17T14:21:11","date_gmt":"2025-01-17T13:21:11","guid":{"rendered":"https:\/\/walktuk.com\/eventos\/"},"modified":"2025-12-13T19:19:13","modified_gmt":"2025-12-13T18:19:13","slug":"eventos","status":"publish","type":"page","link":"https:\/\/walktuk.com\/it\/eventos\/","title":{"rendered":"Eventi"},"content":{"rendered":"\t\t<div data-elementor-type=\"wp-page\" data-elementor-id=\"9456\" class=\"elementor elementor-9456 elementor-2822\">\n\t\t\t\t<div class=\"elementor-element elementor-element-10d35f4 e-flex e-con-boxed e-con e-parent\" data-id=\"10d35f4\" data-element_type=\"container\" data-e-type=\"container\" data-settings=\"{&quot;background_background&quot;:&quot;classic&quot;,&quot;shape_divider_bottom&quot;:&quot;opacity-fan&quot;}\">\n\t\t\t\t\t<div class=\"e-con-inner\">\n\t\t\t\t<div class=\"elementor-shape elementor-shape-bottom\" aria-hidden=\"true\" data-negative=\"false\">\n\t\t\t<svg xmlns=\"http:\/\/www.w3.org\/2000\/svg\" viewBox=\"0 0 283.5 19.6\" preserveAspectRatio=\"none\">\n\t<path class=\"elementor-shape-fill\" style=\"opacity:0.33\" d=\"M0 0L0 18.8 141.8 4.1 283.5 18.8 283.5 0z\"\/>\n\t<path class=\"elementor-shape-fill\" style=\"opacity:0.33\" d=\"M0 0L0 12.6 141.8 4 283.5 12.6 283.5 0z\"\/>\n\t<path class=\"elementor-shape-fill\" style=\"opacity:0.33\" d=\"M0 0L0 6.4 141.8 4 283.5 6.4 283.5 0z\"\/>\n\t<path class=\"elementor-shape-fill\" d=\"M0 0L0 1.2 141.8 4 283.5 1.2 283.5 0z\"\/>\n<\/svg>\t\t<\/div>\n\t\t\t\t<div class=\"elementor-element elementor-element-2d32bc7 elementor-widget elementor-widget-heading\" data-id=\"2d32bc7\" data-element_type=\"widget\" data-e-type=\"widget\" data-widget_type=\"heading.default\">\n\t\t\t\t<div class=\"elementor-widget-container\">\n\t\t\t\t\t<h1 class=\"elementor-heading-title elementor-size-default\"><b>EVENTI CON TUK TUK<\/b>: ESPERIENZE PERSONALIZZATE IN TUTTA <b>LA SPAGNA<\/b><\/h1>\t\t\t\t<\/div>\n\t\t\t\t<\/div>\n\t\t\t\t\t<\/div>\n\t\t\t\t<\/div>\n\t\t<div class=\"elementor-element elementor-element-92a1a63 e-flex e-con-boxed e-con e-parent\" data-id=\"92a1a63\" data-element_type=\"container\" data-e-type=\"container\" data-settings=\"{&quot;shape_divider_bottom&quot;:&quot;opacity-fan&quot;}\">\n\t\t\t\t\t<div class=\"e-con-inner\">\n\t\t\t\t<div class=\"elementor-shape elementor-shape-bottom\" aria-hidden=\"true\" data-negative=\"false\">\n\t\t\t<svg xmlns=\"http:\/\/www.w3.org\/2000\/svg\" viewBox=\"0 0 283.5 19.6\" preserveAspectRatio=\"none\">\n\t<path class=\"elementor-shape-fill\" style=\"opacity:0.33\" d=\"M0 0L0 18.8 141.8 4.1 283.5 18.8 283.5 0z\"\/>\n\t<path class=\"elementor-shape-fill\" style=\"opacity:0.33\" d=\"M0 0L0 12.6 141.8 4 283.5 12.6 283.5 0z\"\/>\n\t<path class=\"elementor-shape-fill\" style=\"opacity:0.33\" d=\"M0 0L0 6.4 141.8 4 283.5 6.4 283.5 0z\"\/>\n\t<path class=\"elementor-shape-fill\" d=\"M0 0L0 1.2 141.8 4 283.5 1.2 283.5 0z\"\/>\n<\/svg>\t\t<\/div>\n\t\t<div class=\"elementor-element elementor-element-7fb4f0d e-con-full e-flex e-con e-child\" data-id=\"7fb4f0d\" data-element_type=\"container\" data-e-type=\"container\">\n\t\t\t\t<div class=\"elementor-element elementor-element-8353129 elementor-invisible elementor-widget elementor-widget-text-editor\" data-id=\"8353129\" data-element_type=\"widget\" data-e-type=\"widget\" data-settings=\"{&quot;_animation&quot;:&quot;fadeInLeft&quot;}\" data-widget_type=\"text-editor.default\">\n\t\t\t\t<div class=\"elementor-widget-container\">\n\t\t\t\t\t\t\t\t\t<p>In <a href=\"https:\/\/walktuk.com\/it\/nuestra-empresa\/\">Walktuk<\/a>, offriamo ad aziende e privati la possibilit\u00e0 di prenotare i nostri tuk tuk elettrici per un&#8217;ampia variet\u00e0 di eventi in tutta la Spagna. Che si tratti di utilizzarli come navetta nei vostri eventi, facilitando il trasporto degli invitati in modo efficiente ed ecologico, o di progettare <strong data-start=\"468\" data-end=\"492\">tour personalizzati<\/strong> che si adattino agli interessi specifici di ogni azienda o gruppo, i nostri servizi sono pensati per offrire esperienze uniche e sostenibili.<\/p>\t\t\t\t\t\t\t\t<\/div>\n\t\t\t\t<\/div>\n\t\t\t\t<\/div>\n\t\t<div class=\"elementor-element elementor-element-b9aec0a e-con-full e-flex e-con e-child\" data-id=\"b9aec0a\" data-element_type=\"container\" data-e-type=\"container\">\n\t\t\t\t<div class=\"elementor-element elementor-element-214e0ec elementor-invisible elementor-widget elementor-widget-image\" data-id=\"214e0ec\" data-element_type=\"widget\" data-e-type=\"widget\" data-settings=\"{&quot;_animation&quot;:&quot;fadeInRight&quot;}\" data-widget_type=\"image.default\">\n\t\t\t\t<div class=\"elementor-widget-container\">\n\t\t\t\t\t\t\t\t\t\t\t\t\t\t\t<img decoding=\"async\" src=\"https:\/\/walktuk.com\/wp-content\/uploads\/elementor\/thumbs\/8a03322c-9b0c-45aa-9f15-310568348a9d-1-r1htlmhuomtgjmwkfj6k45eitgqdd7yvz1loxb3re8.jpg\" title=\"san miguel walktuk\" alt=\"san miguel walktuk\" loading=\"lazy\" \/>\t\t\t\t\t\t\t\t\t\t\t\t\t\t\t<\/div>\n\t\t\t\t<\/div>\n\t\t\t\t<\/div>\n\t\t\t\t\t<\/div>\n\t\t\t\t<\/div>\n\t\t<div class=\"elementor-element elementor-element-c7c6a1f e-flex e-con-boxed e-con e-parent\" data-id=\"c7c6a1f\" data-element_type=\"container\" data-e-type=\"container\" data-settings=\"{&quot;background_background&quot;:&quot;classic&quot;}\">\n\t\t\t\t\t<div class=\"e-con-inner\">\n\t\t\t\t<div class=\"elementor-element elementor-element-d375cc7 elementor-widget elementor-widget-text-editor\" data-id=\"d375cc7\" data-element_type=\"widget\" data-e-type=\"widget\" data-widget_type=\"text-editor.default\">\n\t\t\t\t<div class=\"elementor-widget-container\">\n\t\t\t\t\t\t\t\t\t<h3 data-start=\"301\" data-end=\"328\"><span style=\"color: #ffffff;\"><strong data-start=\"301\" data-end=\"328\"><u>Servizi per eventi:<\/u><\/strong><\/span><\/h3><p data-start=\"332\" data-end=\"493\"><span style=\"color: #ffffff;\"><strong data-start=\"332\" data-end=\"358\">Trasporto sostenibile:<\/strong> Facilitiamo il trasferimento dei vostri ospiti in modo originale ed ecologico, assicurando un&#8217;esperienza memorabile fin dal primo momento.<\/span><\/p><p data-start=\"332\" data-end=\"493\"><span style=\"color: #ffffff;\"> <\/span><\/p><p data-start=\"497\" data-end=\"706\"><span style=\"color: #ffffff;\"><strong data-start=\"497\" data-end=\"522\">Tour personalizzati:<\/strong> Progettiamo percorsi su misura che riflettono gli interessi e le esigenze della vostra azienda o gruppo, sia per attivit\u00e0 di team building, visite culturali o qualsiasi altra iniziativa.<\/span><\/p><p data-start=\"497\" data-end=\"706\"><span style=\"color: #ffffff;\"> <\/span><\/p><p data-start=\"710\" data-end=\"923\"><span style=\"color: #ffffff;\"><strong data-start=\"710\" data-end=\"743\">Attivit\u00e0 di team building:<\/strong> Promuoviamo la coesione e lo spirito di squadra attraverso attivit\u00e0 progettate specificamente per il vostro gruppo, offrendo un modo innovativo per rafforzare le relazioni lavorative.<\/span><\/p>\t\t\t\t\t\t\t\t<\/div>\n\t\t\t\t<\/div>\n\t\t\t\t<div class=\"elementor-element elementor-element-52ffb97 elementor-widget elementor-widget-text-editor\" data-id=\"52ffb97\" data-element_type=\"widget\" data-e-type=\"widget\" data-widget_type=\"text-editor.default\">\n\t\t\t\t<div class=\"elementor-widget-container\">\n\t\t\t\t\t\t\t\t\t<h3 data-start=\"925\" data-end=\"954\"><span style=\"color: #ffffff;\"><strong data-start=\"925\" data-end=\"954\"><u>Esperienze aggiuntive:<\/u><\/strong><\/span><\/h3><p data-start=\"958\" data-end=\"1179\"><span style=\"color: #ffffff;\"><strong data-start=\"958\" data-end=\"996\">Visite turistiche personalizzate:<\/strong> Offriamo tour su misura per esplorare la citt\u00e0 in cui si svolge il vostro evento, permettendo ai vostri ospiti di scoprire i punti pi\u00f9 emblematici e gli angoli nascosti della localit\u00e0.<\/span><\/p><p data-start=\"958\" data-end=\"1179\"><span style=\"color: #ffffff; font-style: inherit; text-align: var(--text-align);\" data-start=\"1183\" data-end=\"1206\"> <\/span><\/p><p data-start=\"958\" data-end=\"1179\"><span style=\"color: #ffffff; font-style: inherit; text-align: var(--text-align);\" data-start=\"1183\" data-end=\"1206\">Promozione del marchio:<\/span><span style=\"color: #ffffff; font-style: inherit; font-weight: inherit; text-align: var(--text-align);\"> Personalizziamo i nostri <\/span><strong style=\"color: #ffffff; font-style: inherit; text-align: var(--text-align);\" data-start=\"1231\" data-end=\"1243\">tuk tuk<\/strong><span style=\"color: #ffffff; font-style: inherit; font-weight: inherit; text-align: var(--text-align);\"> con l&#8217;immagine della vostra azienda, circolando nelle aree pi\u00f9 frequentate della citt\u00e0 o parcheggiati in punti strategici durante fiere e congressi, aumentando la visibilit\u00e0 del vostro marchio in modo innovativo.<\/span><\/p>\t\t\t\t\t\t\t\t<\/div>\n\t\t\t\t<\/div>\n\t\t\t\t<div class=\"elementor-element elementor-element-c872336 elementor-widget elementor-widget-text-editor\" data-id=\"c872336\" data-element_type=\"widget\" data-e-type=\"widget\" data-widget_type=\"text-editor.default\">\n\t\t\t\t<div class=\"elementor-widget-container\">\n\t\t\t\t\t\t\t\t\t<h3 data-start=\"1276\" data-end=\"1324\"><span style=\"color: #ffffff;\"><u>Aziende che si sono gi\u00e0 affidate a noi:<\/u><\/span><\/h3><p data-start=\"1326\" data-end=\"1462\"><span style=\"color: #ffffff;\">Numerosi marchi ed eventi hanno scelto i nostri <strong data-start=\"1374\" data-end=\"1386\">tuk tuk<\/strong> per migliorare l&#8217;esperienza dei loro partecipanti. Alcuni di essi includono:<\/span><\/p><p data-start=\"1464\" data-end=\"1644\"><span style=\"color: #ffffff;\"><strong data-start=\"1466\" data-end=\"1480\"> <\/strong><\/span><\/p><p data-start=\"1464\" data-end=\"1644\"><span style=\"color: #ffffff;\"><strong data-start=\"1466\" data-end=\"1480\">San Miguel<\/strong>: Forniamo un servizio di trasporto per il loro evento a <strong data-start=\"1538\" data-end=\"1561\">Malaga, nel Muelle 1<\/strong>, garantendo una logistica efficiente e un&#8217;esperienza unica per i partecipanti.<\/span><\/p><p data-start=\"1464\" data-end=\"1644\"><span style=\"color: #ffffff;\"><strong data-start=\"0\" data-end=\"18\" data-is-only-node=\"\">Selvatic Fest:<\/strong> Partecipiamo ai loro concerti a Malaga, offrendo trasferimenti ecologici e personalizzati per i partecipanti al festival. Inoltre, offriamo <strong data-start=\"162\" data-end=\"182\">tour in tuk tuk<\/strong> affinch\u00e9 i partecipanti possano scoprire la citt\u00e0 in modo unico prima o dopo l&#8217;evento. <\/span><\/p>\t\t\t\t\t\t\t\t<\/div>\n\t\t\t\t<\/div>\n\t\t\t\t<div class=\"elementor-element elementor-element-87dc0a3 elementor-invisible elementor-widget elementor-widget-image\" data-id=\"87dc0a3\" data-element_type=\"widget\" data-e-type=\"widget\" data-settings=\"{&quot;_animation&quot;:&quot;fadeInUp&quot;}\" data-widget_type=\"image.default\">\n\t\t\t\t<div class=\"elementor-widget-container\">\n\t\t\t\t\t\t\t\t\t\t\t\t\t\t\t<img fetchpriority=\"high\" decoding=\"async\" width=\"768\" height=\"568\" src=\"https:\/\/walktuk.com\/wp-content\/uploads\/2025\/02\/54bb2e25-a046-43f4-958e-e1941e13732b-1-768x568.jpg\" class=\"attachment-medium_large size-medium_large wp-image-4883\" alt=\"eventi\" srcset=\"https:\/\/walktuk.com\/wp-content\/uploads\/2025\/02\/54bb2e25-a046-43f4-958e-e1941e13732b-1-768x568.jpg 768w, https:\/\/walktuk.com\/wp-content\/uploads\/2025\/02\/54bb2e25-a046-43f4-958e-e1941e13732b-1-300x222.jpg 300w, https:\/\/walktuk.com\/wp-content\/uploads\/2025\/02\/54bb2e25-a046-43f4-958e-e1941e13732b-1-1024x757.jpg 1024w, https:\/\/walktuk.com\/wp-content\/uploads\/2025\/02\/54bb2e25-a046-43f4-958e-e1941e13732b-1.jpg 1321w\" sizes=\"(max-width: 768px) 100vw, 768px\" \/>\t\t\t\t\t\t\t\t\t\t\t\t\t\t\t<\/div>\n\t\t\t\t<\/div>\n\t\t\t\t<div class=\"elementor-element elementor-element-e7eb46c elementor-widget elementor-widget-text-editor\" data-id=\"e7eb46c\" data-element_type=\"widget\" data-e-type=\"widget\" data-widget_type=\"text-editor.default\">\n\t\t\t\t<div class=\"elementor-widget-container\">\n\t\t\t\t\t\t\t\t\t<p><span style=\"color: #ffffff;\">I nostri <strong data-start=\"2160\" data-end=\"2172\">tuk tuk<\/strong> elettrici non solo aggiungono un tocco distintivo al vostro evento, ma rafforzano anche il vostro impegno per la sostenibilit\u00e0 e l&#8217;ambiente. Operiamo in tutto il territorio spagnolo, adattandoci alle particolarit\u00e0 di ogni localit\u00e0 per offrire un servizio impeccabile.<\/span><\/p><p><span style=\"color: #ffffff;\"> <\/span><\/p><p><span style=\"color: #ffffff;\"><img decoding=\"async\" class=\"emoji\" role=\"img\" draggable=\"false\" src=\"https:\/\/s.w.org\/images\/core\/emoji\/15.0.3\/svg\/1f4e9.svg\" alt=\"\ud83d\udce9\"> <strong data-start=\"2097\" data-end=\"2213\">Per maggiori informazioni o per richiedere un preventivo personalizzato, non esitate a contattarci.<\/strong> Siamo qui per aiutarvi a rendere il vostro evento un&#8217;esperienza indimenticabile.<\/span><\/p>\t\t\t\t\t\t\t\t<\/div>\n\t\t\t\t<\/div>\n\t\t\t\t\t<\/div>\n\t\t\t\t<\/div>\n\t\t\t\t<\/div>\n\t\t","protected":false},"excerpt":{"rendered":"<p>EVENTI CON TUK TUK: ESPERIENZE PERSONALIZZATE IN TUTTA LA SPAGNA In Walktuk, offriamo ad aziende e privati la possibilit\u00e0 di prenotare i nostri tuk tuk elettrici per un&#8217;ampia variet\u00e0 di eventi in tutta la Spagna. Che si tratti di utilizzarli come navetta nei vostri eventi, facilitando il trasporto degli invitati in modo efficiente ed ecologico, [&hellip;]<\/p>\n","protected":false},"author":1,"featured_media":0,"parent":0,"menu_order":0,"comment_status":"closed","ping_status":"closed","template":"","meta":{"site-sidebar-layout":"no-sidebar","site-content-layout":"page-builder","ast-site-content-layout":"full-width-container","site-content-style":"default","site-sidebar-style":"default","ast-global-header-display":"","ast-banner-title-visibility":"","ast-main-header-display":"","ast-hfb-above-header-display":"","ast-hfb-below-header-display":"","ast-hfb-mobile-header-display":"","site-post-title":"disabled","ast-breadcrumbs-content":"","ast-featured-img":"disabled","footer-sml-layout":"","ast-disable-related-posts":"","theme-transparent-header-meta":"","adv-header-id-meta":"","stick-header-meta":"","header-above-stick-meta":"","header-main-stick-meta":"","header-below-stick-meta":"","astra-migrate-meta-layouts":"set","ast-page-background-enabled":"default","ast-page-background-meta":{"desktop":{"background-color":"var(--ast-global-color-5)","background-image":"","background-repeat":"repeat","background-position":"center center","background-size":"auto","background-attachment":"scroll","background-type":"","background-media":"","overlay-type":"","overlay-color":"","overlay-opacity":"","overlay-gradient":""},"tablet":{"background-color":"","background-image":"","background-repeat":"repeat","background-position":"center center","background-size":"auto","background-attachment":"scroll","background-type":"","background-media":"","overlay-type":"","overlay-color":"","overlay-opacity":"","overlay-gradient":""},"mobile":{"background-color":"","background-image":"","background-repeat":"repeat","background-position":"center center","background-size":"auto","background-attachment":"scroll","background-type":"","background-media":"","overlay-type":"","overlay-color":"","overlay-opacity":"","overlay-gradient":""}},"ast-content-background-meta":{"desktop":{"background-color":"var(--ast-global-color-4)","background-image":"","background-repeat":"repeat","background-position":"center center","background-size":"auto","background-attachment":"scroll","background-type":"","background-media":"","overlay-type":"","overlay-color":"","overlay-opacity":"","overlay-gradient":""},"tablet":{"background-color":"var(--ast-global-color-4)","background-image":"","background-repeat":"repeat","background-position":"center center","background-size":"auto","background-attachment":"scroll","background-type":"","background-media":"","overlay-type":"","overlay-color":"","overlay-opacity":"","overlay-gradient":""},"mobile":{"background-color":"var(--ast-global-color-4)","background-image":"","background-repeat":"repeat","background-position":"center center","background-size":"auto","background-attachment":"scroll","background-type":"","background-media":"","overlay-type":"","overlay-color":"","overlay-opacity":"","overlay-gradient":""}},"footnotes":""},"class_list":["post-9456","page","type-page","status-publish","hentry"],"aioseo_notices":[],"_links":{"self":[{"href":"https:\/\/walktuk.com\/it\/wp-json\/wp\/v2\/pages\/9456","targetHints":{"allow":["GET"]}}],"collection":[{"href":"https:\/\/walktuk.com\/it\/wp-json\/wp\/v2\/pages"}],"about":[{"href":"https:\/\/walktuk.com\/it\/wp-json\/wp\/v2\/types\/page"}],"author":[{"embeddable":true,"href":"https:\/\/walktuk.com\/it\/wp-json\/wp\/v2\/users\/1"}],"replies":[{"embeddable":true,"href":"https:\/\/walktuk.com\/it\/wp-json\/wp\/v2\/comments?post=9456"}],"version-history":[{"count":5,"href":"https:\/\/walktuk.com\/it\/wp-json\/wp\/v2\/pages\/9456\/revisions"}],"predecessor-version":[{"id":10659,"href":"https:\/\/walktuk.com\/it\/wp-json\/wp\/v2\/pages\/9456\/revisions\/10659"}],"wp:attachment":[{"href":"https:\/\/walktuk.com\/it\/wp-json\/wp\/v2\/media?parent=9456"}],"curies":[{"name":"wp","href":"https:\/\/api.w.org\/{rel}","templated":true}]}}