{"id":9530,"date":"2025-07-27T11:23:26","date_gmt":"2025-07-27T09:23:26","guid":{"rendered":"https:\/\/walktuk.com\/alicante\/tour-privado-en-tuk-tuk\/"},"modified":"2026-01-22T16:15:09","modified_gmt":"2026-01-22T15:15:09","slug":"tour-tuk-tuk-privado","status":"publish","type":"page","link":"https:\/\/walktuk.com\/it\/alicante\/tour-tuk-tuk-privado\/","title":{"rendered":"tour privato in tuk tuk"},"content":{"rendered":"\t\t<div data-elementor-type=\"wp-page\" data-elementor-id=\"9530\" class=\"elementor elementor-9530 elementor-9479\">\n\t\t\t\t<div class=\"elementor-element elementor-element-26e3d9a7 e-flex e-con-boxed e-con e-parent\" data-id=\"26e3d9a7\" data-element_type=\"container\" data-e-type=\"container\" data-settings=\"{&quot;background_background&quot;:&quot;classic&quot;,&quot;shape_divider_bottom&quot;:&quot;opacity-fan&quot;}\">\n\t\t\t\t\t<div class=\"e-con-inner\">\n\t\t\t\t<div class=\"elementor-shape elementor-shape-bottom\" aria-hidden=\"true\" data-negative=\"false\">\n\t\t\t<svg xmlns=\"http:\/\/www.w3.org\/2000\/svg\" viewBox=\"0 0 283.5 19.6\" preserveAspectRatio=\"none\">\n\t<path class=\"elementor-shape-fill\" style=\"opacity:0.33\" d=\"M0 0L0 18.8 141.8 4.1 283.5 18.8 283.5 0z\"\/>\n\t<path class=\"elementor-shape-fill\" style=\"opacity:0.33\" d=\"M0 0L0 12.6 141.8 4 283.5 12.6 283.5 0z\"\/>\n\t<path class=\"elementor-shape-fill\" style=\"opacity:0.33\" d=\"M0 0L0 6.4 141.8 4 283.5 6.4 283.5 0z\"\/>\n\t<path class=\"elementor-shape-fill\" d=\"M0 0L0 1.2 141.8 4 283.5 1.2 283.5 0z\"\/>\n<\/svg>\t\t<\/div>\n\t\t\t\t<div class=\"elementor-element elementor-element-19d14baa elementor-widget elementor-widget-heading\" data-id=\"19d14baa\" data-element_type=\"widget\" data-e-type=\"widget\" data-widget_type=\"heading.default\">\n\t\t\t\t<div class=\"elementor-widget-container\">\n\t\t\t\t\t<h1 class=\"elementor-heading-title elementor-size-default\"><u><b>TOUR PRIVATO IN TUK TUK ALICANTE<\/b><\/u><\/h1>\t\t\t\t<\/div>\n\t\t\t\t<\/div>\n\t\t\t\t<div class=\"elementor-element elementor-element-ba22fcb elementor-widget elementor-widget-heading\" data-id=\"ba22fcb\" data-element_type=\"widget\" data-e-type=\"widget\" data-widget_type=\"heading.default\">\n\t\t\t\t<div class=\"elementor-widget-container\">\n\t\t\t\t\t<h2 class=\"elementor-heading-title elementor-size-default\">Scopri Alicante a modo tuo <\/h2>\t\t\t\t<\/div>\n\t\t\t\t<\/div>\n\t\t\t\t<div class=\"elementor-element elementor-element-10e6e50 elementor-align-left elementor-widget elementor-widget-button\" data-id=\"10e6e50\" data-element_type=\"widget\" data-e-type=\"widget\" data-widget_type=\"button.default\">\n\t\t\t\t<div class=\"elementor-widget-container\">\n\t\t\t\t\t\t\t\t\t<div class=\"elementor-button-wrapper\">\n\t\t\t\t\t<a class=\"elementor-button elementor-button-link elementor-size-sm\" href=\"https:\/\/walktuk.com\/it\/contacto\/\">\n\t\t\t\t\t\t<span class=\"elementor-button-content-wrapper\">\n\t\t\t\t\t\t\t\t\t<span class=\"elementor-button-text\">CONTATTACI<\/span>\n\t\t\t\t\t<\/span>\n\t\t\t\t\t<\/a>\n\t\t\t\t<\/div>\n\t\t\t\t\t\t\t\t<\/div>\n\t\t\t\t<\/div>\n\t\t\t\t\t<\/div>\n\t\t\t\t<\/div>\n\t\t<div class=\"elementor-element elementor-element-476046d1 e-flex e-con-boxed e-con e-parent\" data-id=\"476046d1\" data-element_type=\"container\" data-e-type=\"container\">\n\t\t\t\t\t<div class=\"e-con-inner\">\n\t\t<div class=\"elementor-element elementor-element-55803c8b e-con-full e-flex e-con e-child\" data-id=\"55803c8b\" data-element_type=\"container\" data-e-type=\"container\">\n\t\t\t\t<div class=\"elementor-element elementor-element-69b2af28 elementor-widget elementor-widget-text-editor\" data-id=\"69b2af28\" data-element_type=\"widget\" data-e-type=\"widget\" data-widget_type=\"text-editor.default\">\n\t\t\t\t<div class=\"elementor-widget-container\">\n\t\t\t\t\t\t\t\t\t<p data-start=\"158\" data-end=\"440\"><strong data-start=\"158\" data-end=\"254\">Esplora Alicante in modo unico e personalizzato con il nostro tour privato in tuk tuk.<\/strong><\/p>\n<p data-start=\"158\" data-end=\"440\"><br><\/p><p data-start=\"158\" data-end=\"440\">Scopri l&#8217;essenza mediterranea della citt\u00e0 percorrendo le sue strade storiche, le piazze piene di vita e le spettacolari viste sul mare, tutto dalla comodit\u00e0 di un <strong>tuk tuk<\/strong> elettrico.<\/p>\n<p data-start=\"442\" data-end=\"737\">Il nostro <strong>tour privato in tuk tuk<\/strong> \u00e8 progettato per offrirti un&#8217;esperienza esclusiva, adattata ai tuoi interessi e al tuo ritmo. Un <strong>guida locale<\/strong> esperta, che parla diverse lingue, ti accompagner\u00e0 durante tutto il tour, condividendo con te storie<span style=\"font-style: inherit; font-weight: inherit;\">, curiosit\u00e0 e angoli che solo gli abitanti di Alicante conoscono.<\/span><\/p><p data-start=\"442\" data-end=\"737\"><span style=\"font-style: inherit; font-weight: inherit;\"><br><\/span><\/p>\n<p data-start=\"739\" data-end=\"1140\">Sia che tu visiti <strong>Alicante<\/strong> per la prima volta o che tu voglia riscoprirla da un&#8217;altra prospettiva, il nostro <strong>tour privato in tuk tuk<\/strong> ti offre la combinazione perfetta di cultura, comfort e divertimento.<\/p>\n<p data-start=\"739\" data-end=\"1140\">Percorri l&#8217;incantevole <strong data-start=\"962\" data-end=\"986\">Barrio de Santa Cruz<\/strong>, ammira le viste dal <strong data-start=\"1015\" data-end=\"1044\">Castillo de Santa B\u00e1rbara<\/strong> o perditi tra piazze, vicoli e monumenti che rendono Alicante una citt\u00e0 indimenticabile.<\/p>\t\t\t\t\t\t\t\t<\/div>\n\t\t\t\t<\/div>\n\t\t\t\t<\/div>\n\t\t<div class=\"elementor-element elementor-element-4638698d e-con-full e-flex e-con e-child\" data-id=\"4638698d\" data-element_type=\"container\" data-e-type=\"container\">\n\t\t\t\t<div class=\"elementor-element elementor-element-3c315a19 elementor-widget elementor-widget-image\" data-id=\"3c315a19\" data-element_type=\"widget\" data-e-type=\"widget\" data-widget_type=\"image.default\">\n\t\t\t\t<div class=\"elementor-widget-container\">\n\t\t\t\t\t\t\t\t\t\t\t\t\t\t\t<img fetchpriority=\"high\" decoding=\"async\" width=\"1536\" height=\"1152\" src=\"https:\/\/walktuk.com\/wp-content\/uploads\/2025\/02\/Copia-de-78c295b5-f703-4ee3-a3ef-3c12adf39f06-1-1536x1152.jpg\" class=\"attachment-1536x1536 size-1536x1536 wp-image-4871\" alt=\"tours privati in palma\" srcset=\"https:\/\/walktuk.com\/wp-content\/uploads\/2025\/02\/Copia-de-78c295b5-f703-4ee3-a3ef-3c12adf39f06-1-1536x1152.jpg 1536w, https:\/\/walktuk.com\/wp-content\/uploads\/2025\/02\/Copia-de-78c295b5-f703-4ee3-a3ef-3c12adf39f06-1-300x225.jpg 300w, https:\/\/walktuk.com\/wp-content\/uploads\/2025\/02\/Copia-de-78c295b5-f703-4ee3-a3ef-3c12adf39f06-1-1024x768.jpg 1024w, https:\/\/walktuk.com\/wp-content\/uploads\/2025\/02\/Copia-de-78c295b5-f703-4ee3-a3ef-3c12adf39f06-1-768x576.jpg 768w, https:\/\/walktuk.com\/wp-content\/uploads\/2025\/02\/Copia-de-78c295b5-f703-4ee3-a3ef-3c12adf39f06-1.jpg 2048w\" sizes=\"(max-width: 1536px) 100vw, 1536px\" \/>\t\t\t\t\t\t\t\t\t\t\t\t\t\t\t<\/div>\n\t\t\t\t<\/div>\n\t\t\t\t<\/div>\n\t\t\t\t\t<\/div>\n\t\t\t\t<\/div>\n\t\t<div class=\"elementor-element elementor-element-7492a5ce e-con-full e-flex e-con e-parent\" data-id=\"7492a5ce\" data-element_type=\"container\" data-e-type=\"container\" data-settings=\"{&quot;background_background&quot;:&quot;classic&quot;}\">\n\t\t<div class=\"elementor-element elementor-element-41ee7db4 e-con-full e-flex e-con e-child\" data-id=\"41ee7db4\" data-element_type=\"container\" data-e-type=\"container\" data-settings=\"{&quot;background_background&quot;:&quot;classic&quot;}\">\n\t\t\t\t<div class=\"elementor-element elementor-element-43d422cd elementor-widget elementor-widget-heading\" data-id=\"43d422cd\" data-element_type=\"widget\" data-e-type=\"widget\" data-widget_type=\"heading.default\">\n\t\t\t\t<div class=\"elementor-widget-container\">\n\t\t\t\t\t<h2 class=\"elementor-heading-title elementor-size-default\">Tour privato in tuk tuk:<br>Un'esperienza esclusiva e flessibile<\/h2>\t\t\t\t<\/div>\n\t\t\t\t<\/div>\n\t\t\t\t<div class=\"elementor-element elementor-element-3c37969a elementor-widget elementor-widget-text-editor\" data-id=\"3c37969a\" data-element_type=\"widget\" data-e-type=\"widget\" data-widget_type=\"text-editor.default\">\n\t\t\t\t<div class=\"elementor-widget-container\">\n\t\t\t\t\t\t\t\t\t<p data-start=\"172\" data-end=\"490\"><strong data-start=\"172\" data-end=\"316\">I nostri tour privati in tuk tuk per Alicante sono ideali per famiglie, amici o coppie che desiderano esplorare la citt\u00e0 al proprio ritmo.<\/strong><br data-start=\"316\" data-end=\"319\">Per oltre un&#8217;ora, scoprirai i luoghi pi\u00f9 emblematici di Alicante con la libert\u00e0 di fermarti per scattare foto, goderti il panorama e vivere ogni angolo senza fretta.<\/p><p data-start=\"492\" data-end=\"801\">Questo <strong data-start=\"497\" data-end=\"524\">tour privato in tuk tuk<\/strong> ti offre un&#8217;esperienza totalmente personalizzata. L&#8217;itinerario pu\u00f2 essere adattato ai tuoi gusti: dal percorrere l&#8217;incantevole <strong data-start=\"650\" data-end=\"667\">centro storico<\/strong> e il <strong data-start=\"673\" data-end=\"697\">Barrio de Santa Cruz<\/strong>, fino a salire al <strong data-start=\"717\" data-end=\"746\">Castillo de Santa B\u00e1rbara<\/strong> o costeggiare la costa lungo la <strong data-start=\"777\" data-end=\"800\">Playa del Postiguet<\/strong>.<\/p><p data-start=\"803\" data-end=\"905\">Tutto \u00e8 progettato per farti vivere un&#8217;avventura comoda, esclusiva e autentica alla scoperta del meglio di <strong>Alicante<\/strong>.<\/p>\t\t\t\t\t\t\t\t<\/div>\n\t\t\t\t<\/div>\n\t\t\t\t<\/div>\n\t\t<div class=\"elementor-element elementor-element-5a1b6e6b e-con-full e-flex e-con e-child\" data-id=\"5a1b6e6b\" data-element_type=\"container\" data-e-type=\"container\" data-settings=\"{&quot;background_background&quot;:&quot;classic&quot;}\">\n\t\t\t\t<div class=\"elementor-element elementor-element-69cae6d6 elementor-widget elementor-widget-heading\" data-id=\"69cae6d6\" data-element_type=\"widget\" data-e-type=\"widget\" data-widget_type=\"heading.default\">\n\t\t\t\t<div class=\"elementor-widget-container\">\n\t\t\t\t\t<h2 class=\"elementor-heading-title elementor-size-default\">Tour Privato in tuk tuk:<br>Ideale per ogni occasione<\/h2>\t\t\t\t<\/div>\n\t\t\t\t<\/div>\n\t\t\t\t<div class=\"elementor-element elementor-element-31e9df9f elementor-widget elementor-widget-text-editor\" data-id=\"31e9df9f\" data-element_type=\"widget\" data-e-type=\"widget\" data-widget_type=\"text-editor.default\">\n\t\t\t\t<div class=\"elementor-widget-container\">\n\t\t\t\t\t\t\t\t\t<p data-start=\"145\" data-end=\"296\"><strong data-start=\"145\" data-end=\"296\">Il tour privato in tuk tuk<\/strong> non \u00e8 solo un modo originale per conoscere <strong data-start=\"145\" data-end=\"296\">Alicante<\/strong>, ma anche un&#8217;ottima opzione per celebrare occasioni speciali.<\/p><p data-start=\"145\" data-end=\"296\"> <\/p><p data-start=\"298\" data-end=\"550\">Goditi una passeggiata al tramonto, festeggia un compleanno in famiglia o sorprendi i tuoi amici con un addio al celibato.<\/p><p data-start=\"298\" data-end=\"550\"> <\/p><p data-start=\"298\" data-end=\"550\">Questo mezzo di trasporto appariscente, divertente ed ecologico non passa inosservato e trasforma ogni momento in un&#8217;esperienza indimenticabile.<\/p>\t\t\t\t\t\t\t\t<\/div>\n\t\t\t\t<\/div>\n\t\t\t\t<\/div>\n\t\t<div class=\"elementor-element elementor-element-7653aa4b e-con-full e-flex e-con e-child\" data-id=\"7653aa4b\" data-element_type=\"container\" data-e-type=\"container\" data-settings=\"{&quot;background_background&quot;:&quot;classic&quot;}\">\n\t\t\t\t<div class=\"elementor-element elementor-element-31d1a270 elementor-widget elementor-widget-heading\" data-id=\"31d1a270\" data-element_type=\"widget\" data-e-type=\"widget\" data-widget_type=\"heading.default\">\n\t\t\t\t<div class=\"elementor-widget-container\">\n\t\t\t\t\t<h2 class=\"elementor-heading-title elementor-size-default\">Prenotazioni e disponibilit\u00e0<\/h2>\t\t\t\t<\/div>\n\t\t\t\t<\/div>\n\t\t\t\t<div class=\"elementor-element elementor-element-3707a9b5 elementor-widget elementor-widget-text-editor\" data-id=\"3707a9b5\" data-element_type=\"widget\" data-e-type=\"widget\" data-widget_type=\"text-editor.default\">\n\t\t\t\t<div class=\"elementor-widget-container\">\n\t\t\t\t\t\t\t\t\t<p data-pm-slice=\"1 1 []\"><span style=\"color: #ffffff;\">Prenotando, ti assicuri l&#8217;intero veicolo (4 posti), garantendo che il tuk tuk sia esclusivo per il tuo gruppo. <\/span><\/p><p data-pm-slice=\"1 1 []\"><span style=\"color: #ffffff;\"> <\/span><\/p><p data-pm-slice=\"1 1 []\"><span style=\"color: #ffffff;\">Per gruppi pi\u00f9 grandi, \u00e8 possibile prenotare pi\u00f9 veicoli con <strong>preavviso e in base alla disponibilit\u00e0<\/strong>.<\/span><\/p>\t\t\t\t\t\t\t\t<\/div>\n\t\t\t\t<\/div>\n\t\t\t\t<\/div>\n\t\t<div class=\"elementor-element elementor-element-253ef7a3 e-con-full e-flex e-con e-child\" data-id=\"253ef7a3\" data-element_type=\"container\" data-e-type=\"container\" data-settings=\"{&quot;background_background&quot;:&quot;classic&quot;}\">\n\t\t\t\t<div class=\"elementor-element elementor-element-5f564ace elementor-widget elementor-widget-heading\" data-id=\"5f564ace\" data-element_type=\"widget\" data-e-type=\"widget\" data-widget_type=\"heading.default\">\n\t\t\t\t<div class=\"elementor-widget-container\">\n\t\t\t\t\t<h2 class=\"elementor-heading-title elementor-size-default\">Progetta la tua avventura ad Alicante<\/h2>\t\t\t\t<\/div>\n\t\t\t\t<\/div>\n\t\t\t\t<div class=\"elementor-element elementor-element-18aa3300 elementor-widget elementor-widget-text-editor\" data-id=\"18aa3300\" data-element_type=\"widget\" data-e-type=\"widget\" data-widget_type=\"text-editor.default\">\n\t\t\t\t<div class=\"elementor-widget-container\">\n\t\t\t\t\t\t\t\t\t<p data-start=\"206\" data-end=\"335\"><strong data-start=\"206\" data-end=\"335\"><a href=\"https:\/\/walktuk.com\/it\/contacto-alicante\/\">Contattaci<\/a><\/strong> e personalizza il tuo tour per vivere un&#8217;esperienza autentica con il nostro <strong data-start=\"206\" data-end=\"335\">tour privato in tuk tuk<\/strong> per <strong data-start=\"206\" data-end=\"335\">Alicante.<\/strong><\/p>\n<p data-start=\"337\" data-end=\"504\">Sia che tu voglia esplorare la sua storia, goderti la vivace costa o scoprire angoli nascosti, siamo qui per rendere la tua visita un&#8217;esperienza indimenticabile.<\/p>\t\t\t\t\t\t\t\t<\/div>\n\t\t\t\t<\/div>\n\t\t\t\t<\/div>\n\t\t\t\t<\/div>\n\t\t<div class=\"elementor-element elementor-element-51496389 e-flex e-con-boxed e-con e-parent\" data-id=\"51496389\" data-element_type=\"container\" data-e-type=\"container\" data-settings=\"{&quot;background_background&quot;:&quot;classic&quot;}\">\n\t\t\t\t\t<div class=\"e-con-inner\">\n\t\t\t\t<div class=\"elementor-element elementor-element-76940d2d elementor-widget elementor-widget-heading\" data-id=\"76940d2d\" data-element_type=\"widget\" data-e-type=\"widget\" data-widget_type=\"heading.default\">\n\t\t\t\t<div class=\"elementor-widget-container\">\n\t\t\t\t\t<h2 class=\"elementor-heading-title elementor-size-default\"><a href=\"https:\/\/walktuk.com\/it\/reserva\/\">Prenota ora e scopri Alicante come mai prima d'ora con il nostro tour privato in tuk tuk!<\/a><\/h2>\t\t\t\t<\/div>\n\t\t\t\t<\/div>\n\t\t\t\t\t<\/div>\n\t\t\t\t<\/div>\n\t\t\t\t<\/div>\n\t\t","protected":false},"excerpt":{"rendered":"<p>TOUR PRIVATO IN TUK TUK ALICANTE Scopri Alicante a modo tuo CONTATTACI Esplora Alicante in modo unico e personalizzato con il nostro tour privato in tuk tuk. Scopri l&#8217;essenza mediterranea della citt\u00e0 percorrendo le sue strade storiche, le piazze piene di vita e le spettacolari viste sul mare, tutto dalla comodit\u00e0 di un tuk tuk [&hellip;]<\/p>\n","protected":false},"author":1,"featured_media":0,"parent":9514,"menu_order":0,"comment_status":"closed","ping_status":"closed","template":"","meta":{"site-sidebar-layout":"no-sidebar","site-content-layout":"page-builder","ast-site-content-layout":"full-width-container","site-content-style":"default","site-sidebar-style":"default","ast-global-header-display":"","ast-banner-title-visibility":"","ast-main-header-display":"","ast-hfb-above-header-display":"","ast-hfb-below-header-display":"","ast-hfb-mobile-header-display":"","site-post-title":"disabled","ast-breadcrumbs-content":"","ast-featured-img":"disabled","footer-sml-layout":"","ast-disable-related-posts":"","theme-transparent-header-meta":"","adv-header-id-meta":"","stick-header-meta":"","header-above-stick-meta":"","header-main-stick-meta":"","header-below-stick-meta":"","astra-migrate-meta-layouts":"default","ast-page-background-enabled":"default","ast-page-background-meta":{"desktop":{"background-color":"var(--ast-global-color-5)","background-image":"","background-repeat":"repeat","background-position":"center center","background-size":"auto","background-attachment":"scroll","background-type":"","background-media":"","overlay-type":"","overlay-color":"","overlay-opacity":"","overlay-gradient":""},"tablet":{"background-color":"","background-image":"","background-repeat":"repeat","background-position":"center center","background-size":"auto","background-attachment":"scroll","background-type":"","background-media":"","overlay-type":"","overlay-color":"","overlay-opacity":"","overlay-gradient":""},"mobile":{"background-color":"","background-image":"","background-repeat":"repeat","background-position":"center center","background-size":"auto","background-attachment":"scroll","background-type":"","background-media":"","overlay-type":"","overlay-color":"","overlay-opacity":"","overlay-gradient":""}},"ast-content-background-meta":{"desktop":{"background-color":"var(--ast-global-color-4)","background-image":"","background-repeat":"repeat","background-position":"center center","background-size":"auto","background-attachment":"scroll","background-type":"","background-media":"","overlay-type":"","overlay-color":"","overlay-opacity":"","overlay-gradient":""},"tablet":{"background-color":"var(--ast-global-color-4)","background-image":"","background-repeat":"repeat","background-position":"center center","background-size":"auto","background-attachment":"scroll","background-type":"","background-media":"","overlay-type":"","overlay-color":"","overlay-opacity":"","overlay-gradient":""},"mobile":{"background-color":"var(--ast-global-color-4)","background-image":"","background-repeat":"repeat","background-position":"center center","background-size":"auto","background-attachment":"scroll","background-type":"","background-media":"","overlay-type":"","overlay-color":"","overlay-opacity":"","overlay-gradient":""}},"footnotes":""},"class_list":["post-9530","page","type-page","status-publish","hentry"],"aioseo_notices":[],"_links":{"self":[{"href":"https:\/\/walktuk.com\/it\/wp-json\/wp\/v2\/pages\/9530","targetHints":{"allow":["GET"]}}],"collection":[{"href":"https:\/\/walktuk.com\/it\/wp-json\/wp\/v2\/pages"}],"about":[{"href":"https:\/\/walktuk.com\/it\/wp-json\/wp\/v2\/types\/page"}],"author":[{"embeddable":true,"href":"https:\/\/walktuk.com\/it\/wp-json\/wp\/v2\/users\/1"}],"replies":[{"embeddable":true,"href":"https:\/\/walktuk.com\/it\/wp-json\/wp\/v2\/comments?post=9530"}],"version-history":[{"count":6,"href":"https:\/\/walktuk.com\/it\/wp-json\/wp\/v2\/pages\/9530\/revisions"}],"predecessor-version":[{"id":11389,"href":"https:\/\/walktuk.com\/it\/wp-json\/wp\/v2\/pages\/9530\/revisions\/11389"}],"up":[{"embeddable":true,"href":"https:\/\/walktuk.com\/it\/wp-json\/wp\/v2\/pages\/9514"}],"wp:attachment":[{"href":"https:\/\/walktuk.com\/it\/wp-json\/wp\/v2\/media?parent=9530"}],"curies":[{"name":"wp","href":"https:\/\/api.w.org\/{rel}","templated":true}]}}