{"id":9957,"date":"2025-08-03T19:11:06","date_gmt":"2025-08-03T17:11:06","guid":{"rendered":"https:\/\/walktuk.com\/barcelona\/tour-privado-en-tuk-tuk\/"},"modified":"2025-12-13T19:12:23","modified_gmt":"2025-12-13T18:12:23","slug":"tour-tuk-tuk-privado","status":"publish","type":"page","link":"https:\/\/walktuk.com\/it\/barcelona\/tour-tuk-tuk-privado\/","title":{"rendered":"Tour privato in tuk tuk"},"content":{"rendered":"\t\t<div data-elementor-type=\"wp-page\" data-elementor-id=\"9957\" class=\"elementor elementor-9957 elementor-9629\">\n\t\t\t\t<div class=\"elementor-element elementor-element-7102ddcc e-flex e-con-boxed e-con e-parent\" data-id=\"7102ddcc\" data-element_type=\"container\" data-e-type=\"container\" data-settings=\"{&quot;background_background&quot;:&quot;classic&quot;}\">\n\t\t\t\t\t<div class=\"e-con-inner\">\n\t\t\t\t<div class=\"elementor-element elementor-element-168421d4 elementor-widget elementor-widget-heading\" data-id=\"168421d4\" data-element_type=\"widget\" data-e-type=\"widget\" data-widget_type=\"heading.default\">\n\t\t\t\t<div class=\"elementor-widget-container\">\n\t\t\t\t\t<h1 class=\"elementor-heading-title elementor-size-default\"><b>TOUR PRIVATO IN TUK TUK BARCELLONA <br><\/b>Vivi la citt\u00e0 al tuo ritmo<\/h1>\t\t\t\t<\/div>\n\t\t\t\t<\/div>\n\t\t\t\t<div class=\"elementor-element elementor-element-2de664c1 elementor-widget-divider--view-line elementor-widget elementor-widget-divider\" data-id=\"2de664c1\" data-element_type=\"widget\" data-e-type=\"widget\" data-widget_type=\"divider.default\">\n\t\t\t\t<div class=\"elementor-widget-container\">\n\t\t\t\t\t\t\t<div class=\"elementor-divider\">\n\t\t\t<span class=\"elementor-divider-separator\">\n\t\t\t\t\t\t<\/span>\n\t\t<\/div>\n\t\t\t\t\t\t<\/div>\n\t\t\t\t<\/div>\n\t\t\t\t<div class=\"elementor-element elementor-element-55ec2dfe elementor-align-left elementor-widget elementor-widget-button\" data-id=\"55ec2dfe\" data-element_type=\"widget\" data-e-type=\"widget\" data-widget_type=\"button.default\">\n\t\t\t\t<div class=\"elementor-widget-container\">\n\t\t\t\t\t\t\t\t\t<div class=\"elementor-button-wrapper\">\n\t\t\t\t\t<a class=\"elementor-button elementor-button-link elementor-size-sm\" href=\"https:\/\/walktuk.com\/it\/contacto\/\">\n\t\t\t\t\t\t<span class=\"elementor-button-content-wrapper\">\n\t\t\t\t\t\t\t\t\t<span class=\"elementor-button-text\">CONTATTACI<\/span>\n\t\t\t\t\t<\/span>\n\t\t\t\t\t<\/a>\n\t\t\t\t<\/div>\n\t\t\t\t\t\t\t\t<\/div>\n\t\t\t\t<\/div>\n\t\t\t\t\t<\/div>\n\t\t\t\t<\/div>\n\t\t<div class=\"elementor-element elementor-element-18dd880b e-flex e-con-boxed e-con e-parent\" data-id=\"18dd880b\" data-element_type=\"container\" data-e-type=\"container\">\n\t\t\t\t\t<div class=\"e-con-inner\">\n\t\t\t\t<div class=\"elementor-element elementor-element-47c15d53 elementor-widget elementor-widget-text-editor\" data-id=\"47c15d53\" data-element_type=\"widget\" data-e-type=\"widget\" data-widget_type=\"text-editor.default\">\n\t\t\t\t<div class=\"elementor-widget-container\">\n\t\t\t\t\t\t\t\t\t<p data-start=\"125\" data-end=\"437\"><strong data-start=\"125\" data-end=\"233\">Scopri Barcellona in modo esclusivo e personalizzato con i nostri tour privati in tuk tuk elettrici.<\/strong><\/p><p data-start=\"125\" data-end=\"437\"><b><br data-start=\"233\" data-end=\"236\"><\/b>Con una capacit\u00e0 massima di 4 persone per veicolo, sono l&#8217;opzione perfetta per piccoli gruppi, famiglie, amici o coppie che desiderano godersi la citt\u00e0 senza condividere il percorso con sconosciuti.<\/p><p data-start=\"125\" data-end=\"437\"> <\/p><p data-start=\"439\" data-end=\"857\">In un <strong data-start=\"445\" data-end=\"472\">tour privato in tuk tuk<\/strong> tu decidi come vivere l&#8217;esperienza: puoi seguire uno dei nostri itinerari consigliati o creare un percorso su misura, scegliendo i luoghi che pi\u00f9 ti interessano e dedicando il tempo che desideri a ogni fermata. Dai luoghi storici del Barrio G\u00f3tico alle viste panoramiche di Montju\u00efc o al fascino modernista del Passeig de Gr\u00e0cia, l&#8217;intero percorso si adatta a te.<\/p><p data-start=\"439\" data-end=\"857\"> <\/p><p data-start=\"859\" data-end=\"1284\">Inoltre, potrai contare sull&#8217;attenzione esclusiva di una guida-autista che ti racconter\u00e0 curiosit\u00e0, aneddoti e dati storici nella lingua che preferisci, poich\u00e9 offriamo la <strong data-start=\"1034\" data-end=\"1075\">maggiore variet\u00e0 di lingue sul mercato<\/strong>. Senza fretta, senza orari fissi e con la comodit\u00e0 di un veicolo 100% elettrico che accede a zone pedonali e strette, per vivere Barcellona nel modo pi\u00f9 vicino, autentico e sostenibile possibile.<\/p>\t\t\t\t\t\t\t\t<\/div>\n\t\t\t\t<\/div>\n\t\t\t\t\t<\/div>\n\t\t\t\t<\/div>\n\t\t<div class=\"elementor-element elementor-element-2f498877 e-flex e-con-boxed e-con e-parent\" data-id=\"2f498877\" data-element_type=\"container\" data-e-type=\"container\">\n\t\t\t\t\t<div class=\"e-con-inner\">\n\t\t<a class=\"elementor-element elementor-element-6b9c72c8 e-con-full e-flex e-con e-child\" data-id=\"6b9c72c8\" data-element_type=\"container\" data-e-type=\"container\" data-settings=\"{&quot;background_background&quot;:&quot;classic&quot;}\" href=\"https:\/\/walktuk.com\/it\/barcelona\/tour-tuk-tuk-1h\/\">\n\t\t\t\t<div class=\"elementor-element elementor-element-31c185b6 elementor-view-default elementor-widget elementor-widget-icon\" data-id=\"31c185b6\" data-element_type=\"widget\" data-e-type=\"widget\" data-widget_type=\"icon.default\">\n\t\t\t\t<div class=\"elementor-widget-container\">\n\t\t\t\t\t\t\t<div class=\"elementor-icon-wrapper\">\n\t\t\t<div class=\"elementor-icon\">\n\t\t\t<svg aria-hidden=\"true\" class=\"e-font-icon-svg e-fas-map\" viewBox=\"0 0 576 512\" xmlns=\"http:\/\/www.w3.org\/2000\/svg\"><path d=\"M0 117.66v346.32c0 11.32 11.43 19.06 21.94 14.86L160 416V32L20.12 87.95A32.006 32.006 0 0 0 0 117.66zM192 416l192 64V96L192 32v384zM554.06 33.16L416 96v384l139.88-55.95A31.996 31.996 0 0 0 576 394.34V48.02c0-11.32-11.43-19.06-21.94-14.86z\"><\/path><\/svg>\t\t\t<\/div>\n\t\t<\/div>\n\t\t\t\t\t\t<\/div>\n\t\t\t\t<\/div>\n\t\t\t\t<div class=\"elementor-element elementor-element-b59e756 elementor-widget elementor-widget-heading\" data-id=\"b59e756\" data-element_type=\"widget\" data-e-type=\"widget\" data-widget_type=\"heading.default\">\n\t\t\t\t<div class=\"elementor-widget-container\">\n\t\t\t\t\t<h2 class=\"elementor-heading-title elementor-size-default\">Tour in tuk tuk<\/h2>\t\t\t\t<\/div>\n\t\t\t\t<\/div>\n\t\t\t\t<div class=\"elementor-element elementor-element-7c24fa8c elementor-widget elementor-widget-heading\" data-id=\"7c24fa8c\" data-element_type=\"widget\" data-e-type=\"widget\" data-widget_type=\"heading.default\">\n\t\t\t\t<div class=\"elementor-widget-container\">\n\t\t\t\t\t<h2 class=\"elementor-heading-title elementor-size-default\">1 ora di essenza barcellonese<\/h2>\t\t\t\t<\/div>\n\t\t\t\t<\/div>\n\t\t\t\t<div class=\"elementor-element elementor-element-681a162b elementor-widget elementor-widget-text-editor\" data-id=\"681a162b\" data-element_type=\"widget\" data-e-type=\"widget\" data-widget_type=\"text-editor.default\">\n\t\t\t\t<div class=\"elementor-widget-container\">\n\t\t\t\t\t\t\t\t\t<div id=\"c1168\" class=\"col col-sm-12 col-md-6 palette_color_5\">\n<div id=\"m3519\" class=\"module text\">\n<p data-start=\"144\" data-end=\"425\"><strong data-start=\"144\" data-end=\"185\">Immergiti nella storia di Barcellona<\/strong> con un tour pensato per chi vuole scoprire l&#8217;essenziale della citt\u00e0 in poco tempo. Questo tour di 1 ora include viste di luoghi emblematici come la Sagrada Familia, la Casa Batll\u00f3, l&#8217;Arc de Triomf e Pla\u00e7a Catalunya.<\/p><p data-start=\"144\" data-end=\"425\"><br><\/p>\n<p data-start=\"427\" data-end=\"631\">Perfetto per chi desidera un&#8217;introduzione rapida ma completa, questo tour ti permette di conoscere l&#8217;anima di Barcellona mentre ti godi la comodit\u00e0 e la sostenibilit\u00e0 dei nostri tuk tuk elettrici.<\/p>\n<\/div>\n<\/div>\t\t\t\t\t\t\t\t<\/div>\n\t\t\t\t<\/div>\n\t\t\t\t<\/a>\n\t\t<a class=\"elementor-element elementor-element-33638566 e-con-full e-flex e-con e-child\" data-id=\"33638566\" data-element_type=\"container\" data-e-type=\"container\" data-settings=\"{&quot;background_background&quot;:&quot;classic&quot;}\" href=\"https:\/\/walktuk.com\/it\/barcelona\/tour-tuk-tuk-2h\/\">\n\t\t\t\t<div class=\"elementor-element elementor-element-3dd13238 elementor-view-default elementor-widget elementor-widget-icon\" data-id=\"3dd13238\" data-element_type=\"widget\" data-e-type=\"widget\" data-widget_type=\"icon.default\">\n\t\t\t\t<div class=\"elementor-widget-container\">\n\t\t\t\t\t\t\t<div class=\"elementor-icon-wrapper\">\n\t\t\t<div class=\"elementor-icon\">\n\t\t\t<svg aria-hidden=\"true\" class=\"e-font-icon-svg e-fas-map\" viewBox=\"0 0 576 512\" xmlns=\"http:\/\/www.w3.org\/2000\/svg\"><path d=\"M0 117.66v346.32c0 11.32 11.43 19.06 21.94 14.86L160 416V32L20.12 87.95A32.006 32.006 0 0 0 0 117.66zM192 416l192 64V96L192 32v384zM554.06 33.16L416 96v384l139.88-55.95A31.996 31.996 0 0 0 576 394.34V48.02c0-11.32-11.43-19.06-21.94-14.86z\"><\/path><\/svg>\t\t\t<\/div>\n\t\t<\/div>\n\t\t\t\t\t\t<\/div>\n\t\t\t\t<\/div>\n\t\t\t\t<div class=\"elementor-element elementor-element-77f84be4 elementor-widget elementor-widget-heading\" data-id=\"77f84be4\" data-element_type=\"widget\" data-e-type=\"widget\" data-widget_type=\"heading.default\">\n\t\t\t\t<div class=\"elementor-widget-container\">\n\t\t\t\t\t<h2 class=\"elementor-heading-title elementor-size-default\">Tour completo in tuk tuk<\/h2>\t\t\t\t<\/div>\n\t\t\t\t<\/div>\n\t\t\t\t<div class=\"elementor-element elementor-element-a98c0e4 elementor-widget elementor-widget-heading\" data-id=\"a98c0e4\" data-element_type=\"widget\" data-e-type=\"widget\" data-widget_type=\"heading.default\">\n\t\t\t\t<div class=\"elementor-widget-container\">\n\t\t\t\t\t<h2 class=\"elementor-heading-title elementor-size-default\">2 ore alla scoperta di Barcellona da cima a fondo<\/h2>\t\t\t\t<\/div>\n\t\t\t\t<\/div>\n\t\t\t\t<div class=\"elementor-element elementor-element-39abc1b3 elementor-widget elementor-widget-text-editor\" data-id=\"39abc1b3\" data-element_type=\"widget\" data-e-type=\"widget\" data-widget_type=\"text-editor.default\">\n\t\t\t\t<div class=\"elementor-widget-container\">\n\t\t\t\t\t\t\t\t\t<div id=\"c1168\" class=\"col col-sm-12 col-md-6 palette_color_5\">\n<div id=\"m3519\" class=\"module text\">\n<div id=\"r1589\" class=\"row palette_color_4\">\n<div class=\"container container-fixed\">\n<div id=\"c1619\" class=\"col col-sm-12 col-md-6 palette_color_5\">\n<div id=\"m3326\" class=\"module text\">\n<p data-start=\"96\" data-end=\"294\"><strong data-start=\"96\" data-end=\"131\">Scopri ogni aspetto di Barcellona<\/strong> in un tour completo che spazia dalla maestosa Sagrada Familia all&#8217;elegante Passeig de Gr\u00e0cia, fino alla storica Montju\u00efc, con i suoi belvedere e monumenti.<\/p><p data-start=\"96\" data-end=\"294\"><br><\/p>\n<p data-start=\"296\" data-end=\"521\">Passeggia per il vivace Barrio G\u00f3tico e il Born, respira l&#8217;atmosfera unica de La Rambla e ammira il Mediterraneo dal Port Vell. Questo tour di 2 ore cattura l&#8217;essenza modernista, storica e costiera della citt\u00e0.<\/p>\n<\/div>\n<\/div>\n<\/div>\n<\/div>\n<div id=\"r3339\" class=\"row palette_color_4 bgfilter\">\n<div class=\"container container-fixed colsStack\">\n<div id=\"c1255\" class=\"col col-md-6 col-lg-6 col-sm-12\">&nbsp;<\/div>\n<\/div>\n<\/div>\n<\/div>\n<\/div>\t\t\t\t\t\t\t\t<\/div>\n\t\t\t\t<\/div>\n\t\t\t\t<\/a>\n\t\t\t\t\t<\/div>\n\t\t\t\t<\/div>\n\t\t<div class=\"elementor-element elementor-element-616ac76a e-flex e-con-boxed e-con e-parent\" data-id=\"616ac76a\" data-element_type=\"container\" data-e-type=\"container\" data-settings=\"{&quot;background_background&quot;:&quot;classic&quot;}\">\n\t\t\t\t\t<div class=\"e-con-inner\">\n\t\t\t\t<div class=\"elementor-element elementor-element-1b3b429a elementor-widget elementor-widget-heading\" data-id=\"1b3b429a\" data-element_type=\"widget\" data-e-type=\"widget\" data-widget_type=\"heading.default\">\n\t\t\t\t<div class=\"elementor-widget-container\">\n\t\t\t\t\t<h2 class=\"elementor-heading-title elementor-size-default\"><a href=\"https:\/\/walktuk.com\/it\/reserva\/\">Progetta la tua esperienza unica<br>A BARCELLONA<\/a><\/h2>\t\t\t\t<\/div>\n\t\t\t\t<\/div>\n\t\t\t\t\t<\/div>\n\t\t\t\t<\/div>\n\t\t\t\t<\/div>\n\t\t","protected":false},"excerpt":{"rendered":"<p>TOUR PRIVATO IN TUK TUK BARCELLONA Vivi la citt\u00e0 al tuo ritmo CONTATTACI Scopri Barcellona in modo esclusivo e personalizzato con i nostri tour privati in tuk tuk elettrici. Con una capacit\u00e0 massima di 4 persone per veicolo, sono l&#8217;opzione perfetta per piccoli gruppi, famiglie, amici o coppie che desiderano godersi la citt\u00e0 senza condividere [&hellip;]<\/p>\n","protected":false},"author":1,"featured_media":0,"parent":9938,"menu_order":0,"comment_status":"closed","ping_status":"closed","template":"","meta":{"site-sidebar-layout":"no-sidebar","site-content-layout":"page-builder","ast-site-content-layout":"full-width-container","site-content-style":"default","site-sidebar-style":"default","ast-global-header-display":"","ast-banner-title-visibility":"","ast-main-header-display":"","ast-hfb-above-header-display":"","ast-hfb-below-header-display":"","ast-hfb-mobile-header-display":"","site-post-title":"disabled","ast-breadcrumbs-content":"","ast-featured-img":"disabled","footer-sml-layout":"","ast-disable-related-posts":"","theme-transparent-header-meta":"","adv-header-id-meta":"","stick-header-meta":"","header-above-stick-meta":"","header-main-stick-meta":"","header-below-stick-meta":"","astra-migrate-meta-layouts":"default","ast-page-background-enabled":"default","ast-page-background-meta":{"desktop":{"background-color":"var(--ast-global-color-5)","background-image":"","background-repeat":"repeat","background-position":"center center","background-size":"auto","background-attachment":"scroll","background-type":"","background-media":"","overlay-type":"","overlay-color":"","overlay-opacity":"","overlay-gradient":""},"tablet":{"background-color":"","background-image":"","background-repeat":"repeat","background-position":"center center","background-size":"auto","background-attachment":"scroll","background-type":"","background-media":"","overlay-type":"","overlay-color":"","overlay-opacity":"","overlay-gradient":""},"mobile":{"background-color":"","background-image":"","background-repeat":"repeat","background-position":"center center","background-size":"auto","background-attachment":"scroll","background-type":"","background-media":"","overlay-type":"","overlay-color":"","overlay-opacity":"","overlay-gradient":""}},"ast-content-background-meta":{"desktop":{"background-color":"var(--ast-global-color-4)","background-image":"","background-repeat":"repeat","background-position":"center center","background-size":"auto","background-attachment":"scroll","background-type":"","background-media":"","overlay-type":"","overlay-color":"","overlay-opacity":"","overlay-gradient":""},"tablet":{"background-color":"var(--ast-global-color-4)","background-image":"","background-repeat":"repeat","background-position":"center center","background-size":"auto","background-attachment":"scroll","background-type":"","background-media":"","overlay-type":"","overlay-color":"","overlay-opacity":"","overlay-gradient":""},"mobile":{"background-color":"var(--ast-global-color-4)","background-image":"","background-repeat":"repeat","background-position":"center center","background-size":"auto","background-attachment":"scroll","background-type":"","background-media":"","overlay-type":"","overlay-color":"","overlay-opacity":"","overlay-gradient":""}},"footnotes":""},"class_list":["post-9957","page","type-page","status-publish","hentry"],"aioseo_notices":[],"_links":{"self":[{"href":"https:\/\/walktuk.com\/it\/wp-json\/wp\/v2\/pages\/9957","targetHints":{"allow":["GET"]}}],"collection":[{"href":"https:\/\/walktuk.com\/it\/wp-json\/wp\/v2\/pages"}],"about":[{"href":"https:\/\/walktuk.com\/it\/wp-json\/wp\/v2\/types\/page"}],"author":[{"embeddable":true,"href":"https:\/\/walktuk.com\/it\/wp-json\/wp\/v2\/users\/1"}],"replies":[{"embeddable":true,"href":"https:\/\/walktuk.com\/it\/wp-json\/wp\/v2\/comments?post=9957"}],"version-history":[{"count":6,"href":"https:\/\/walktuk.com\/it\/wp-json\/wp\/v2\/pages\/9957\/revisions"}],"predecessor-version":[{"id":10630,"href":"https:\/\/walktuk.com\/it\/wp-json\/wp\/v2\/pages\/9957\/revisions\/10630"}],"up":[{"embeddable":true,"href":"https:\/\/walktuk.com\/it\/wp-json\/wp\/v2\/pages\/9938"}],"wp:attachment":[{"href":"https:\/\/walktuk.com\/it\/wp-json\/wp\/v2\/media?parent=9957"}],"curies":[{"name":"wp","href":"https:\/\/api.w.org\/{rel}","templated":true}]}}