{"id":11017,"date":"2025-12-05T13:52:18","date_gmt":"2025-12-05T12:52:18","guid":{"rendered":"https:\/\/walktuk.com\/malaga\/tour-privado\/"},"modified":"2026-01-22T16:14:20","modified_gmt":"2026-01-22T15:14:20","slug":"tour-privado","status":"publish","type":"page","link":"https:\/\/walktuk.com\/pt-pt\/malaga\/tour-privado\/","title":{"rendered":"Tour Privado"},"content":{"rendered":"\t\t<div data-elementor-type=\"wp-page\" data-elementor-id=\"11017\" class=\"elementor elementor-11017 elementor-10521\">\n\t\t\t\t<div class=\"elementor-element elementor-element-656baeba e-flex e-con-boxed e-con e-parent\" data-id=\"656baeba\" data-element_type=\"container\" data-e-type=\"container\" data-settings=\"{&quot;background_background&quot;:&quot;slideshow&quot;,&quot;background_slideshow_gallery&quot;:[{&quot;id&quot;:4612,&quot;url&quot;:&quot;https:\\\/\\\/walktuk.com\\\/wp-content\\\/uploads\\\/2025\\\/01\\\/banner-6__msi___jpg.jpg&quot;},{&quot;id&quot;:8450,&quot;url&quot;:&quot;https:\\\/\\\/walktuk.com\\\/wp-content\\\/uploads\\\/2025\\\/06\\\/WhatsApp-Image-2025-06-16-at-10.14.10.jpg&quot;}],&quot;background_slideshow_slide_duration&quot;:4000,&quot;background_slideshow_loop&quot;:&quot;yes&quot;,&quot;background_slideshow_slide_transition&quot;:&quot;fade&quot;,&quot;background_slideshow_transition_duration&quot;:500}\">\n\t\t\t\t\t<div class=\"e-con-inner\">\n\t\t\t\t<div class=\"elementor-element elementor-element-76c22e4e elementor-widget elementor-widget-heading\" data-id=\"76c22e4e\" data-element_type=\"widget\" data-e-type=\"widget\" data-widget_type=\"heading.default\">\n\t\t\t\t<div class=\"elementor-widget-container\">\n\t\t\t\t\t<h1 class=\"elementor-heading-title elementor-size-default\">TOUR PRIVADO EM <b>TUK TUK M\u00c1LAGA<\/b><\/h1>\t\t\t\t<\/div>\n\t\t\t\t<\/div>\n\t\t\t\t<div class=\"elementor-element elementor-element-6e350917 elementor-widget-divider--view-line elementor-widget elementor-widget-divider\" data-id=\"6e350917\" data-element_type=\"widget\" data-e-type=\"widget\" data-widget_type=\"divider.default\">\n\t\t\t\t<div class=\"elementor-widget-container\">\n\t\t\t\t\t\t\t<div class=\"elementor-divider\">\n\t\t\t<span class=\"elementor-divider-separator\">\n\t\t\t\t\t\t<\/span>\n\t\t<\/div>\n\t\t\t\t\t\t<\/div>\n\t\t\t\t<\/div>\n\t\t\t\t<div class=\"elementor-element elementor-element-4596d5e4 elementor-align-left elementor-widget elementor-widget-button\" data-id=\"4596d5e4\" data-element_type=\"widget\" data-e-type=\"widget\" data-widget_type=\"button.default\">\n\t\t\t\t<div class=\"elementor-widget-container\">\n\t\t\t\t\t\t\t\t\t<div class=\"elementor-button-wrapper\">\n\t\t\t\t\t<a class=\"elementor-button elementor-button-link elementor-size-sm\" href=\"https:\/\/walktuk.com\/pt-pt\/contacto\/\">\n\t\t\t\t\t\t<span class=\"elementor-button-content-wrapper\">\n\t\t\t\t\t\t\t\t\t<span class=\"elementor-button-text\">CONTACTE-NOS<\/span>\n\t\t\t\t\t<\/span>\n\t\t\t\t\t<\/a>\n\t\t\t\t<\/div>\n\t\t\t\t\t\t\t\t<\/div>\n\t\t\t\t<\/div>\n\t\t\t\t\t<\/div>\n\t\t\t\t<\/div>\n\t\t<div class=\"elementor-element elementor-element-74ff9306 e-flex e-con-boxed e-con e-parent\" data-id=\"74ff9306\" data-element_type=\"container\" data-e-type=\"container\">\n\t\t\t\t\t<div class=\"e-con-inner\">\n\t\t\t\t<div class=\"elementor-element elementor-element-f3f6729 elementor-widget elementor-widget-heading\" data-id=\"f3f6729\" data-element_type=\"widget\" data-e-type=\"widget\" data-widget_type=\"heading.default\">\n\t\t\t\t<div class=\"elementor-widget-container\">\n\t\t\t\t\t<h2 class=\"elementor-heading-title elementor-size-default\">Descubra M\u00e1laga de forma exclusiva e personalizada com os nossos tours privados em tuk tuk el\u00e9tricos.<\/h2>\t\t\t\t<\/div>\n\t\t\t\t<\/div>\n\t\t\t\t<div class=\"elementor-element elementor-element-9bc8ba6 elementor-widget elementor-widget-text-editor\" data-id=\"9bc8ba6\" data-element_type=\"widget\" data-e-type=\"widget\" data-widget_type=\"text-editor.default\">\n\t\t\t\t<div class=\"elementor-widget-container\">\n\t\t\t\t\t\t\t\t\t<p data-start=\"312\" data-end=\"538\">Com capacidade para at\u00e9 <strong data-start=\"335\" data-end=\"362\">4 pessoas por ve\u00edculo<\/strong>, s\u00e3o a op\u00e7\u00e3o perfeita para grupos reduzidos, fam\u00edlias, amigos ou casais que querem desfrutar da cidade com total comodidade e sem partilhar o percurso com desconhecidos.<\/p><p data-start=\"312\" data-end=\"538\"> <\/p><p data-start=\"540\" data-end=\"996\">Num tour privado em tuk tuk, voc\u00ea decide como viver a experi\u00eancia: pode seguir um dos nossos <strong data-start=\"638\" data-end=\"666\">itiner\u00e1rios recomendados<\/strong> ou desenhar uma <strong data-start=\"681\" data-end=\"698\">rota \u00e0 medida<\/strong>, escolhendo os lugares que mais lhe interessem e o tempo que deseja dedicar a cada paragem. Desde o encanto do <strong data-start=\"810\" data-end=\"830\">Centro Hist\u00f3rico<\/strong> e da <strong data-start=\"835\" data-end=\"847\">Alcazaba<\/strong> at\u00e9 \u00e0s vistas desde <strong data-start=\"895\" data-end=\"909\">Gibralfaro<\/strong>, o <strong data-start=\"914\" data-end=\"928\">Muelle Uno<\/strong> ou a <strong data-start=\"934\" data-end=\"947\">Malagueta<\/strong>, todo o percurso se adapta completamente a si.<\/p><p data-start=\"540\" data-end=\"996\"> <\/p><p data-start=\"998\" data-end=\"1432\">Al\u00e9m disso, contar\u00e1 com a aten\u00e7\u00e3o exclusiva de um <strong data-start=\"1047\" data-end=\"1077\">guia-condutor profissional<\/strong> que lhe ir\u00e1 explicando curiosidades, anedotas e dados hist\u00f3ricos no <strong data-start=\"1149\" data-end=\"1173\">idioma que preferir<\/strong>, j\u00e1 que oferecemos uma <strong>ampla variedade de idiomas<\/strong>. Sem pressas, sem hor\u00e1rios r\u00edgidos e com a comodidade de um <strong data-start=\"1282\" data-end=\"1310\">ve\u00edculo 100% el\u00e9trico<\/strong>, que acede facilmente a zonas estreitas e centrais, para que viva M\u00e1laga de uma forma pr\u00f3xima, aut\u00eantica e sustent\u00e1vel.<\/p>\t\t\t\t\t\t\t\t<\/div>\n\t\t\t\t<\/div>\n\t\t\t\t\t<\/div>\n\t\t\t\t<\/div>\n\t\t<div class=\"elementor-element elementor-element-6a993566 e-flex e-con-boxed e-con e-parent\" data-id=\"6a993566\" data-element_type=\"container\" data-e-type=\"container\">\n\t\t\t\t\t<div class=\"e-con-inner\">\n\t\t<a class=\"elementor-element elementor-element-43e9d08b e-con-full e-flex e-con e-child\" data-id=\"43e9d08b\" data-element_type=\"container\" data-e-type=\"container\" data-settings=\"{&quot;background_background&quot;:&quot;classic&quot;}\" href=\"https:\/\/walktuk.com\/pt-pt\/malaga\/tour-tuk-tuk-1h\/\">\n\t\t\t\t<div class=\"elementor-element elementor-element-686d88b5 elementor-view-default elementor-widget elementor-widget-icon\" data-id=\"686d88b5\" data-element_type=\"widget\" data-e-type=\"widget\" data-widget_type=\"icon.default\">\n\t\t\t\t<div class=\"elementor-widget-container\">\n\t\t\t\t\t\t\t<div class=\"elementor-icon-wrapper\">\n\t\t\t<div class=\"elementor-icon\">\n\t\t\t<svg aria-hidden=\"true\" class=\"e-font-icon-svg e-fas-map\" viewBox=\"0 0 576 512\" xmlns=\"http:\/\/www.w3.org\/2000\/svg\"><path d=\"M0 117.66v346.32c0 11.32 11.43 19.06 21.94 14.86L160 416V32L20.12 87.95A32.006 32.006 0 0 0 0 117.66zM192 416l192 64V96L192 32v384zM554.06 33.16L416 96v384l139.88-55.95A31.996 31.996 0 0 0 576 394.34V48.02c0-11.32-11.43-19.06-21.94-14.86z\"><\/path><\/svg>\t\t\t<\/div>\n\t\t<\/div>\n\t\t\t\t\t\t<\/div>\n\t\t\t\t<\/div>\n\t\t\t\t<div class=\"elementor-element elementor-element-66e06d12 elementor-widget elementor-widget-heading\" data-id=\"66e06d12\" data-element_type=\"widget\" data-e-type=\"widget\" data-widget_type=\"heading.default\">\n\t\t\t\t<div class=\"elementor-widget-container\">\n\t\t\t\t\t<h2 class=\"elementor-heading-title elementor-size-default\">Tour Essencial<\/h2>\t\t\t\t<\/div>\n\t\t\t\t<\/div>\n\t\t\t\t<div class=\"elementor-element elementor-element-5e56cc2a elementor-widget elementor-widget-heading\" data-id=\"5e56cc2a\" data-element_type=\"widget\" data-e-type=\"widget\" data-widget_type=\"heading.default\">\n\t\t\t\t<div class=\"elementor-widget-container\">\n\t\t\t\t\t<h2 class=\"elementor-heading-title elementor-size-default\">1 hora de ess\u00eancia malaguenha<\/h2>\t\t\t\t<\/div>\n\t\t\t\t<\/div>\n\t\t\t\t<div class=\"elementor-element elementor-element-463ee6e6 elementor-widget elementor-widget-text-editor\" data-id=\"463ee6e6\" data-element_type=\"widget\" data-e-type=\"widget\" data-widget_type=\"text-editor.default\">\n\t\t\t\t<div class=\"elementor-widget-container\">\n\t\t\t\t\t\t\t\t\t<div id=\"c1168\" class=\"col col-sm-12 col-md-6 palette_color_5\"><div id=\"m3519\" class=\"module text\"><p data-start=\"243\" data-end=\"618\">Mergulhe na ess\u00eancia de <strong data-start=\"270\" data-end=\"280\">M\u00e1laga<\/strong> com o nosso tour desenhado para quem quer conhecer o mais representativo da cidade em apenas <strong data-start=\"379\" data-end=\"389\">1 hora<\/strong>. Este percurso leva-o a descobrir muitos dos lugares mais emblem\u00e1ticos e caracter\u00edsticos do litoral e do centro hist\u00f3rico, combinando hist\u00f3ria, panor\u00e2micas e arquitetura mediterr\u00e2nica.<\/p><p data-start=\"243\" data-end=\"618\"> <\/p><p data-start=\"620\" data-end=\"994\">Durante o tour, visitar\u00e1 pontos destacados como <strong data-start=\"669\" data-end=\"709\">La Farola e a Playa de la Malagueta<\/strong>, o <strong data-start=\"714\" data-end=\"740\">Castillo de Gibralfaro<\/strong>, os <strong data-start=\"746\" data-end=\"779\">Jardines de Pedro Luis Alonso<\/strong>, a <strong data-start=\"784\" data-end=\"818\">Plaza de Toros de La Malagueta<\/strong>, o <strong data-start=\"823\" data-end=\"843\">Parque de M\u00e1laga<\/strong> ou \u00e1reas culturais pr\u00f3ximas do porto, entre outros recantos emblem\u00e1ticos que transmitem a ess\u00eancia da cidade.<\/p><p data-start=\"620\" data-end=\"994\"> <\/p><p data-start=\"996\" data-end=\"1268\">Perfeito para quem deseja uma introdu\u00e7\u00e3o r\u00e1pida, mas completa a M\u00e1laga, este tour permite-lhe viver uma experi\u00eancia c\u00f3moda, divertida e sustent\u00e1vel a bordo dos nossos <strong data-start=\"1167\" data-end=\"1189\">tuk tuk el\u00e9tricos<\/strong>, sem pressas e com uma perspetiva \u00fanica.<\/p><\/div><\/div>\t\t\t\t\t\t\t\t<\/div>\n\t\t\t\t<\/div>\n\t\t\t\t<\/a>\n\t\t<a class=\"elementor-element elementor-element-5acc232 e-con-full e-flex e-con e-child\" data-id=\"5acc232\" data-element_type=\"container\" data-e-type=\"container\" data-settings=\"{&quot;background_background&quot;:&quot;classic&quot;}\" href=\"https:\/\/walktuk.com\/pt-pt\/malaga\/tour-tuk-tuk-2h\/\">\n\t\t\t\t<div class=\"elementor-element elementor-element-32bdb611 elementor-view-default elementor-widget elementor-widget-icon\" data-id=\"32bdb611\" data-element_type=\"widget\" data-e-type=\"widget\" data-widget_type=\"icon.default\">\n\t\t\t\t<div class=\"elementor-widget-container\">\n\t\t\t\t\t\t\t<div class=\"elementor-icon-wrapper\">\n\t\t\t<div class=\"elementor-icon\">\n\t\t\t<svg aria-hidden=\"true\" class=\"e-font-icon-svg e-fas-map\" viewBox=\"0 0 576 512\" xmlns=\"http:\/\/www.w3.org\/2000\/svg\"><path d=\"M0 117.66v346.32c0 11.32 11.43 19.06 21.94 14.86L160 416V32L20.12 87.95A32.006 32.006 0 0 0 0 117.66zM192 416l192 64V96L192 32v384zM554.06 33.16L416 96v384l139.88-55.95A31.996 31.996 0 0 0 576 394.34V48.02c0-11.32-11.43-19.06-21.94-14.86z\"><\/path><\/svg>\t\t\t<\/div>\n\t\t<\/div>\n\t\t\t\t\t\t<\/div>\n\t\t\t\t<\/div>\n\t\t\t\t<div class=\"elementor-element elementor-element-43f3707a elementor-widget elementor-widget-heading\" data-id=\"43f3707a\" data-element_type=\"widget\" data-e-type=\"widget\" data-widget_type=\"heading.default\">\n\t\t\t\t<div class=\"elementor-widget-container\">\n\t\t\t\t\t<h2 class=\"elementor-heading-title elementor-size-default\">Tour Completo<\/h2>\t\t\t\t<\/div>\n\t\t\t\t<\/div>\n\t\t\t\t<div class=\"elementor-element elementor-element-47f4fc15 elementor-widget elementor-widget-heading\" data-id=\"47f4fc15\" data-element_type=\"widget\" data-e-type=\"widget\" data-widget_type=\"heading.default\">\n\t\t\t\t<div class=\"elementor-widget-container\">\n\t\t\t\t\t<h2 class=\"elementor-heading-title elementor-size-default\">2 horas a explorar M\u00e1laga de ponta a ponta<\/h2>\t\t\t\t<\/div>\n\t\t\t\t<\/div>\n\t\t\t\t<div class=\"elementor-element elementor-element-4be9a5eb elementor-widget elementor-widget-text-editor\" data-id=\"4be9a5eb\" data-element_type=\"widget\" data-e-type=\"widget\" data-widget_type=\"text-editor.default\">\n\t\t\t\t<div class=\"elementor-widget-container\">\n\t\t\t\t\t\t\t\t\t<div id=\"c1168\" class=\"col col-sm-12 col-md-6 palette_color_5\"><div id=\"m3519\" class=\"module text\"><div id=\"r1589\" class=\"row palette_color_4\"><div class=\"container container-fixed\"><div id=\"c1619\" class=\"col col-sm-12 col-md-6 palette_color_5\"><div id=\"m3326\" class=\"module text\"><p data-start=\"205\" data-end=\"366\">Conhe\u00e7a <strong data-start=\"212\" data-end=\"237\">cada faceta de M\u00e1laga<\/strong> num tour completo que vai al\u00e9m do centro hist\u00f3rico e combina <strong data-start=\"305\" data-end=\"343\">mar, hist\u00f3ria, cultura e miradouros<\/strong> num mesmo percurso.<\/p><p data-start=\"368\" data-end=\"793\">Durante este <strong data-start=\"381\" data-end=\"400\">tour de 2 horas<\/strong>, descobrir\u00e1 os recantos mais <strong data-start=\"431\" data-end=\"456\">aut\u00eanticos e ic\u00f3nicos<\/strong> da cidade: desde a emblem\u00e1tica <strong data-start=\"492\" data-end=\"532\">La Farola e a Playa de la Malagueta<\/strong>, passando pelo acolhedor <strong data-start=\"558\" data-end=\"579\">Paseo del Limonar<\/strong>, o tradicional passeio mar\u00edtimo de <strong data-start=\"614\" data-end=\"629\">Pedregalejo<\/strong> ou os nost\u00e1lgicos <strong data-start=\"646\" data-end=\"666\">Ba\u00f1os del Carmen<\/strong> junto ao Mediterr\u00e2neo, at\u00e9 \u00e0s vistas panor\u00e2micas desde o <strong data-start=\"728\" data-end=\"754\">Castillo de Gibralfaro<\/strong>.<\/p><p data-start=\"368\" data-end=\"793\"> <\/p><p data-start=\"368\" data-end=\"793\">Percorrer\u00e1 tamb\u00e9m lugares culturais e emblem\u00e1ticos do centro como a <strong data-start=\"867\" data-end=\"901\">Plaza de Toros de La Malagueta<\/strong>, a <strong data-start=\"906\" data-end=\"928\">Plaza de la Merced<\/strong>, o <strong data-start=\"933\" data-end=\"953\">Parque de M\u00e1laga<\/strong> e finalizar\u00e1 junto ao moderno <strong data-start=\"986\" data-end=\"1012\">Centre Pompidou M\u00e1laga<\/strong> e o Muelle Uno, combinando o hist\u00f3rico com o contempor\u00e2neo.<\/p><p data-start=\"368\" data-end=\"793\"> <\/p><p data-start=\"795\" data-end=\"1113\">Este tour de <strong data-start=\"1128\" data-end=\"1139\">2 horas<\/strong> captura a ess\u00eancia costeira, cultural e monumental de M\u00e1laga, oferecendo-lhe uma experi\u00eancia <strong data-start=\"1230\" data-end=\"1263\">completa, c\u00f3moda e sustent\u00e1vel<\/strong> a bordo dos nossos <strong data-start=\"1284\" data-end=\"1306\">tuk tuk el\u00e9tricos<\/strong>, ideal para quem quer explorar o melhor da cidade sem pressas.<\/p><\/div><\/div><\/div><\/div><div id=\"r3339\" class=\"row palette_color_4 bgfilter\"><div class=\"container container-fixed colsStack\"><div id=\"c1255\" class=\"col col-md-6 col-lg-6 col-sm-12\"> <\/div><\/div><\/div><\/div><\/div>\t\t\t\t\t\t\t\t<\/div>\n\t\t\t\t<\/div>\n\t\t\t\t<\/a>\n\t\t\t\t\t<\/div>\n\t\t\t\t<\/div>\n\t\t<div class=\"elementor-element elementor-element-6bfa27bc e-flex e-con-boxed e-con e-parent\" data-id=\"6bfa27bc\" data-element_type=\"container\" data-e-type=\"container\" data-settings=\"{&quot;background_background&quot;:&quot;classic&quot;}\">\n\t\t\t\t\t<div class=\"e-con-inner\">\n\t\t\t\t<div class=\"elementor-element elementor-element-205de233 elementor-widget elementor-widget-heading\" data-id=\"205de233\" data-element_type=\"widget\" data-e-type=\"widget\" data-widget_type=\"heading.default\">\n\t\t\t\t<div class=\"elementor-widget-container\">\n\t\t\t\t\t<h2 class=\"elementor-heading-title elementor-size-default\"><a href=\"https:\/\/walktuk.com\/pt-pt\/reserva\/\">Desenhe a sua experi\u00eancia \u00fanica<br>EM M\u00c1LAGA<\/a><\/h2>\t\t\t\t<\/div>\n\t\t\t\t<\/div>\n\t\t\t\t\t<\/div>\n\t\t\t\t<\/div>\n\t\t\t\t<\/div>\n\t\t","protected":false},"excerpt":{"rendered":"<p>TOUR PRIVADO EM TUK TUK M\u00c1LAGA CONTACTE-NOS Descubra M\u00e1laga de forma exclusiva e personalizada com os nossos tours privados em tuk tuk el\u00e9tricos. Com capacidade para at\u00e9 4 pessoas por ve\u00edculo, s\u00e3o a op\u00e7\u00e3o perfeita para grupos reduzidos, fam\u00edlias, amigos ou casais que querem desfrutar da cidade com total comodidade e sem partilhar o percurso [&hellip;]<\/p>\n","protected":false},"author":1,"featured_media":0,"parent":9371,"menu_order":0,"comment_status":"closed","ping_status":"closed","template":"","meta":{"site-sidebar-layout":"no-sidebar","site-content-layout":"page-builder","ast-site-content-layout":"full-width-container","site-content-style":"default","site-sidebar-style":"default","ast-global-header-display":"","ast-banner-title-visibility":"","ast-main-header-display":"","ast-hfb-above-header-display":"","ast-hfb-below-header-display":"","ast-hfb-mobile-header-display":"","site-post-title":"disabled","ast-breadcrumbs-content":"","ast-featured-img":"disabled","footer-sml-layout":"","ast-disable-related-posts":"","theme-transparent-header-meta":"","adv-header-id-meta":"","stick-header-meta":"","header-above-stick-meta":"","header-main-stick-meta":"","header-below-stick-meta":"","astra-migrate-meta-layouts":"default","ast-page-background-enabled":"default","ast-page-background-meta":{"desktop":{"background-color":"var(--ast-global-color-5)","background-image":"","background-repeat":"repeat","background-position":"center center","background-size":"auto","background-attachment":"scroll","background-type":"","background-media":"","overlay-type":"","overlay-color":"","overlay-opacity":"","overlay-gradient":""},"tablet":{"background-color":"","background-image":"","background-repeat":"repeat","background-position":"center center","background-size":"auto","background-attachment":"scroll","background-type":"","background-media":"","overlay-type":"","overlay-color":"","overlay-opacity":"","overlay-gradient":""},"mobile":{"background-color":"","background-image":"","background-repeat":"repeat","background-position":"center center","background-size":"auto","background-attachment":"scroll","background-type":"","background-media":"","overlay-type":"","overlay-color":"","overlay-opacity":"","overlay-gradient":""}},"ast-content-background-meta":{"desktop":{"background-color":"var(--ast-global-color-4)","background-image":"","background-repeat":"repeat","background-position":"center center","background-size":"auto","background-attachment":"scroll","background-type":"","background-media":"","overlay-type":"","overlay-color":"","overlay-opacity":"","overlay-gradient":""},"tablet":{"background-color":"var(--ast-global-color-4)","background-image":"","background-repeat":"repeat","background-position":"center center","background-size":"auto","background-attachment":"scroll","background-type":"","background-media":"","overlay-type":"","overlay-color":"","overlay-opacity":"","overlay-gradient":""},"mobile":{"background-color":"var(--ast-global-color-4)","background-image":"","background-repeat":"repeat","background-position":"center center","background-size":"auto","background-attachment":"scroll","background-type":"","background-media":"","overlay-type":"","overlay-color":"","overlay-opacity":"","overlay-gradient":""}},"footnotes":""},"class_list":["post-11017","page","type-page","status-publish","hentry"],"aioseo_notices":[],"_links":{"self":[{"href":"https:\/\/walktuk.com\/pt-pt\/wp-json\/wp\/v2\/pages\/11017","targetHints":{"allow":["GET"]}}],"collection":[{"href":"https:\/\/walktuk.com\/pt-pt\/wp-json\/wp\/v2\/pages"}],"about":[{"href":"https:\/\/walktuk.com\/pt-pt\/wp-json\/wp\/v2\/types\/page"}],"author":[{"embeddable":true,"href":"https:\/\/walktuk.com\/pt-pt\/wp-json\/wp\/v2\/users\/1"}],"replies":[{"embeddable":true,"href":"https:\/\/walktuk.com\/pt-pt\/wp-json\/wp\/v2\/comments?post=11017"}],"version-history":[{"count":3,"href":"https:\/\/walktuk.com\/pt-pt\/wp-json\/wp\/v2\/pages\/11017\/revisions"}],"predecessor-version":[{"id":11385,"href":"https:\/\/walktuk.com\/pt-pt\/wp-json\/wp\/v2\/pages\/11017\/revisions\/11385"}],"up":[{"embeddable":true,"href":"https:\/\/walktuk.com\/pt-pt\/wp-json\/wp\/v2\/pages\/9371"}],"wp:attachment":[{"href":"https:\/\/walktuk.com\/pt-pt\/wp-json\/wp\/v2\/media?parent=11017"}],"curies":[{"name":"wp","href":"https:\/\/api.w.org\/{rel}","templated":true}]}}