{"id":11537,"date":"2026-01-18T17:56:31","date_gmt":"2026-01-18T16:56:31","guid":{"rendered":"https:\/\/walktuk.com\/tuk-tuk-madrid\/tour-privado-em-tuk-tuk\/"},"modified":"2026-01-30T21:38:05","modified_gmt":"2026-01-30T20:38:05","slug":"tour-tuk-tuk-privado","status":"publish","type":"page","link":"https:\/\/walktuk.com\/pt-pt\/madrid\/tour-tuk-tuk-privado\/","title":{"rendered":"Tour Privado em tuk tuk"},"content":{"rendered":"\t\t<div data-elementor-type=\"wp-page\" data-elementor-id=\"11537\" class=\"elementor elementor-11537 elementor-11250\">\n\t\t\t\t<div class=\"elementor-element elementor-element-700d4f31 e-flex e-con-boxed e-con e-parent\" data-id=\"700d4f31\" data-element_type=\"container\" data-e-type=\"container\" data-settings=\"{&quot;background_background&quot;:&quot;classic&quot;}\">\n\t\t\t\t\t<div class=\"e-con-inner\">\n\t\t\t\t<div class=\"elementor-element elementor-element-2a90ccdb elementor-widget elementor-widget-heading\" data-id=\"2a90ccdb\" data-element_type=\"widget\" data-e-type=\"widget\" data-widget_type=\"heading.default\">\n\t\t\t\t<div class=\"elementor-widget-container\">\n\t\t\t\t\t<h1 class=\"elementor-heading-title elementor-size-default\"><b>TOUR PRIVADO EM TUK TUK MADRID<\/b><\/h1>\t\t\t\t<\/div>\n\t\t\t\t<\/div>\n\t\t\t\t<div class=\"elementor-element elementor-element-913033b elementor-widget-divider--view-line elementor-widget elementor-widget-divider\" data-id=\"913033b\" data-element_type=\"widget\" data-e-type=\"widget\" data-widget_type=\"divider.default\">\n\t\t\t\t<div class=\"elementor-widget-container\">\n\t\t\t\t\t\t\t<div class=\"elementor-divider\">\n\t\t\t<span class=\"elementor-divider-separator\">\n\t\t\t\t\t\t<\/span>\n\t\t<\/div>\n\t\t\t\t\t\t<\/div>\n\t\t\t\t<\/div>\n\t\t\t\t<div class=\"elementor-element elementor-element-30374d23 elementor-align-left elementor-widget elementor-widget-button\" data-id=\"30374d23\" data-element_type=\"widget\" data-e-type=\"widget\" data-widget_type=\"button.default\">\n\t\t\t\t<div class=\"elementor-widget-container\">\n\t\t\t\t\t\t\t\t\t<div class=\"elementor-button-wrapper\">\n\t\t\t\t\t<a class=\"elementor-button elementor-button-link elementor-size-sm\" href=\"https:\/\/walktuk.com\/pt-pt\/contacto\/\">\n\t\t\t\t\t\t<span class=\"elementor-button-content-wrapper\">\n\t\t\t\t\t\t\t\t\t<span class=\"elementor-button-text\">CONTACTE-NOS<\/span>\n\t\t\t\t\t<\/span>\n\t\t\t\t\t<\/a>\n\t\t\t\t<\/div>\n\t\t\t\t\t\t\t\t<\/div>\n\t\t\t\t<\/div>\n\t\t\t\t\t<\/div>\n\t\t\t\t<\/div>\n\t\t<div class=\"elementor-element elementor-element-1b4705a6 e-flex e-con-boxed e-con e-parent\" data-id=\"1b4705a6\" data-element_type=\"container\" data-e-type=\"container\">\n\t\t\t\t\t<div class=\"e-con-inner\">\n\t\t\t\t<div class=\"elementor-element elementor-element-53ac8138 elementor-widget elementor-widget-text-editor\" data-id=\"53ac8138\" data-element_type=\"widget\" data-e-type=\"widget\" data-widget_type=\"text-editor.default\">\n\t\t\t\t<div class=\"elementor-widget-container\">\n\t\t\t\t\t\t\t\t\t<p data-start=\"275\" data-end=\"388\">Descubra <strong data-start=\"284\" data-end=\"294\">Madrid<\/strong> de forma <strong data-start=\"304\" data-end=\"333\">exclusiva e personalizada<\/strong> com os nossos <strong data-start=\"347\" data-end=\"387\">tours privados em tuk tuk el\u00e9tricos<\/strong>.<\/p><p data-start=\"275\" data-end=\"388\"> <\/p><p data-start=\"390\" data-end=\"618\">Com capacidade para at\u00e9 <strong data-start=\"413\" data-end=\"440\">4 pessoas por ve\u00edculo<\/strong>, s\u00e3o a op\u00e7\u00e3o ideal para grupos pequenos, fam\u00edlias, amigos ou casais que desejam desfrutar da cidade com total comodidade e <strong data-start=\"568\" data-end=\"617\">sem partilhar o percurso com outros viajantes<\/strong>.<\/p><p data-start=\"390\" data-end=\"618\"> <\/p><p data-start=\"620\" data-end=\"1639\">Num tour privado em tuk tuk, voc\u00ea decide como viver a experi\u00eancia: pode escolher entre os nossos <strong data-start=\"717\" data-end=\"759\">percursos recomendados de 1 ou 2 horas<\/strong> ou desenhar uma <strong data-start=\"774\" data-end=\"791\">rota \u00e0 medida<\/strong>, selecionando os lugares que mais lhe interessem e o tempo que deseja dedicar a cada paragem.<\/p><p data-start=\"620\" data-end=\"1639\"><br data-start=\"885\" data-end=\"888\">Desde os recantos hist\u00f3ricos do <strong data-start=\"540\" data-end=\"560\">centro de Madrid<\/strong> e o seu patrim\u00f3nio monumental, at\u00e9 zonas com car\u00e1cter pr\u00f3prio, grandes avenidas e espa\u00e7os verdes emblem\u00e1ticos, todo o percurso se adapta completamente a si.<\/p><p data-start=\"620\" data-end=\"1639\"> <\/p><p data-start=\"1641\" data-end=\"2075\">Al\u00e9m disso, contar\u00e1 com a aten\u00e7\u00e3o exclusiva de um <strong data-start=\"1690\" data-end=\"1720\">guia-condutor profissional<\/strong>, que lhe ir\u00e1 explicando curiosidades, anedotas e dados hist\u00f3ricos no <strong data-start=\"1793\" data-end=\"1817\">idioma que preferir<\/strong>, j\u00e1 que oferecemos uma ampla variedade de idiomas. Sem pressas, sem hor\u00e1rios r\u00edgidos e com a comodidade de um <strong data-start=\"1926\" data-end=\"1954\">ve\u00edculo 100% el\u00e9trico<\/strong>, capaz de aceder a zonas centrais e estreitas, para que viva Madrid de uma forma <strong data-start=\"2039\" data-end=\"2074\">pr\u00f3xima, aut\u00eantica e sustent\u00e1vel<\/strong>.<\/p>\t\t\t\t\t\t\t\t<\/div>\n\t\t\t\t<\/div>\n\t\t\t\t\t<\/div>\n\t\t\t\t<\/div>\n\t\t<div class=\"elementor-element elementor-element-5e11ec47 e-flex e-con-boxed e-con e-parent\" data-id=\"5e11ec47\" data-element_type=\"container\" data-e-type=\"container\">\n\t\t\t\t\t<div class=\"e-con-inner\">\n\t\t<a class=\"elementor-element elementor-element-30e4eb0f e-con-full e-flex e-con e-child\" data-id=\"30e4eb0f\" data-element_type=\"container\" data-e-type=\"container\" data-settings=\"{&quot;background_background&quot;:&quot;classic&quot;}\" href=\"https:\/\/walktuk.com\/pt-pt\/madrid\/tour-tuk-tuk-1h\/\">\n\t\t\t\t<div class=\"elementor-element elementor-element-5ef339b8 elementor-view-default elementor-widget elementor-widget-icon\" data-id=\"5ef339b8\" data-element_type=\"widget\" data-e-type=\"widget\" data-widget_type=\"icon.default\">\n\t\t\t\t<div class=\"elementor-widget-container\">\n\t\t\t\t\t\t\t<div class=\"elementor-icon-wrapper\">\n\t\t\t<div class=\"elementor-icon\">\n\t\t\t<svg aria-hidden=\"true\" class=\"e-font-icon-svg e-fas-map\" viewBox=\"0 0 576 512\" xmlns=\"http:\/\/www.w3.org\/2000\/svg\"><path d=\"M0 117.66v346.32c0 11.32 11.43 19.06 21.94 14.86L160 416V32L20.12 87.95A32.006 32.006 0 0 0 0 117.66zM192 416l192 64V96L192 32v384zM554.06 33.16L416 96v384l139.88-55.95A31.996 31.996 0 0 0 576 394.34V48.02c0-11.32-11.43-19.06-21.94-14.86z\"><\/path><\/svg>\t\t\t<\/div>\n\t\t<\/div>\n\t\t\t\t\t\t<\/div>\n\t\t\t\t<\/div>\n\t\t\t\t<div class=\"elementor-element elementor-element-48190012 elementor-widget elementor-widget-heading\" data-id=\"48190012\" data-element_type=\"widget\" data-e-type=\"widget\" data-widget_type=\"heading.default\">\n\t\t\t\t<div class=\"elementor-widget-container\">\n\t\t\t\t\t<h2 class=\"elementor-heading-title elementor-size-default\">Tour Hist\u00f3rico\n<\/h2>\t\t\t\t<\/div>\n\t\t\t\t<\/div>\n\t\t\t\t<div class=\"elementor-element elementor-element-7f3101d2 elementor-widget elementor-widget-heading\" data-id=\"7f3101d2\" data-element_type=\"widget\" data-e-type=\"widget\" data-widget_type=\"heading.default\">\n\t\t\t\t<div class=\"elementor-widget-container\">\n\t\t\t\t\t<h2 class=\"elementor-heading-title elementor-size-default\">1 hora a percorrer a hist\u00f3ria de Madrid<\/h2>\t\t\t\t<\/div>\n\t\t\t\t<\/div>\n\t\t\t\t<div class=\"elementor-element elementor-element-9aac639 elementor-widget elementor-widget-text-editor\" data-id=\"9aac639\" data-element_type=\"widget\" data-e-type=\"widget\" data-widget_type=\"text-editor.default\">\n\t\t\t\t<div class=\"elementor-widget-container\">\n\t\t\t\t\t\t\t\t\t<div id=\"c1168\" class=\"col col-sm-12 col-md-6 palette_color_5\"><div id=\"m3519\" class=\"module text\"><p data-start=\"279\" data-end=\"556\">Mergulhe na hist\u00f3ria de <strong data-start=\"307\" data-end=\"317\">Madrid<\/strong> com o nosso tour desenhado para quem quer conhecer o mais representativo da cidade em apenas <strong data-start=\"416\" data-end=\"426\">1 hora<\/strong>.<\/p><p data-start=\"279\" data-end=\"556\"> <\/p><p data-start=\"279\" data-end=\"556\">Este tour percorre o cora\u00e7\u00e3o hist\u00f3rico da capital, combinando patrim\u00f3nio, arquitetura e a vida urbana mais emblem\u00e1tica.<\/p><p data-start=\"279\" data-end=\"556\"> <\/p><p data-start=\"558\" data-end=\"796\">Durante o tour, visitar\u00e1 alguns dos pontos mais representativos do centro hist\u00f3rico, passando por pra\u00e7as monumentais, edif\u00edcios institucionais, zonas tradicionais e grandes avenidas que refletem a evolu\u00e7\u00e3o hist\u00f3rica da cidade.<\/p><p data-start=\"558\" data-end=\"796\"> <\/p><p data-start=\"798\" data-end=\"1042\">Perfeito para quem deseja uma introdu\u00e7\u00e3o r\u00e1pida, mas completa a Madrid, este tour permite-lhe desfrutar de uma experi\u00eancia c\u00f3moda, din\u00e2mica e sustent\u00e1vel a bordo dos nossos <strong data-start=\"975\" data-end=\"997\">tuk tuk el\u00e9tricos<\/strong>, sem pressas e com uma perspetiva diferente.<\/p><\/div><\/div>\t\t\t\t\t\t\t\t<\/div>\n\t\t\t\t<\/div>\n\t\t\t\t<\/a>\n\t\t<a class=\"elementor-element elementor-element-728adc47 e-con-full e-flex e-con e-child\" data-id=\"728adc47\" data-element_type=\"container\" data-e-type=\"container\" data-settings=\"{&quot;background_background&quot;:&quot;classic&quot;}\" href=\"https:\/\/walktuk.com\/pt-pt\/madrid\/tour-tuk-tuk-2h\/\">\n\t\t\t\t<div class=\"elementor-element elementor-element-6d187ea3 elementor-view-default elementor-widget elementor-widget-icon\" data-id=\"6d187ea3\" data-element_type=\"widget\" data-e-type=\"widget\" data-widget_type=\"icon.default\">\n\t\t\t\t<div class=\"elementor-widget-container\">\n\t\t\t\t\t\t\t<div class=\"elementor-icon-wrapper\">\n\t\t\t<div class=\"elementor-icon\">\n\t\t\t<svg aria-hidden=\"true\" class=\"e-font-icon-svg e-fas-map\" viewBox=\"0 0 576 512\" xmlns=\"http:\/\/www.w3.org\/2000\/svg\"><path d=\"M0 117.66v346.32c0 11.32 11.43 19.06 21.94 14.86L160 416V32L20.12 87.95A32.006 32.006 0 0 0 0 117.66zM192 416l192 64V96L192 32v384zM554.06 33.16L416 96v384l139.88-55.95A31.996 31.996 0 0 0 576 394.34V48.02c0-11.32-11.43-19.06-21.94-14.86z\"><\/path><\/svg>\t\t\t<\/div>\n\t\t<\/div>\n\t\t\t\t\t\t<\/div>\n\t\t\t\t<\/div>\n\t\t\t\t<div class=\"elementor-element elementor-element-582eb45a elementor-widget elementor-widget-heading\" data-id=\"582eb45a\" data-element_type=\"widget\" data-e-type=\"widget\" data-widget_type=\"heading.default\">\n\t\t\t\t<div class=\"elementor-widget-container\">\n\t\t\t\t\t<h2 class=\"elementor-heading-title elementor-size-default\">Tour Completo\n<\/h2>\t\t\t\t<\/div>\n\t\t\t\t<\/div>\n\t\t\t\t<div class=\"elementor-element elementor-element-5929ddf7 elementor-widget elementor-widget-heading\" data-id=\"5929ddf7\" data-element_type=\"widget\" data-e-type=\"widget\" data-widget_type=\"heading.default\">\n\t\t\t\t<div class=\"elementor-widget-container\">\n\t\t\t\t\t<h2 class=\"elementor-heading-title elementor-size-default\">2 horas a explorar Madrid em profundidade<\/h2>\t\t\t\t<\/div>\n\t\t\t\t<\/div>\n\t\t\t\t<div class=\"elementor-element elementor-element-751cf7b elementor-widget elementor-widget-text-editor\" data-id=\"751cf7b\" data-element_type=\"widget\" data-e-type=\"widget\" data-widget_type=\"text-editor.default\">\n\t\t\t\t<div class=\"elementor-widget-container\">\n\t\t\t\t\t\t\t\t\t<div id=\"c1168\" class=\"col col-sm-12 col-md-6 palette_color_5\"><div id=\"m3519\" class=\"module text\"><div id=\"r1589\" class=\"row palette_color_4\"><div class=\"container container-fixed\"><div id=\"c1619\" class=\"col col-sm-12 col-md-6 palette_color_5\"><div id=\"m3326\" class=\"module text\"><div class=\"flex flex-col text-sm pb-25\"><article class=\"text-token-text-primary w-full focus:outline-none [--shadow-height:45px] has-data-writing-block:pointer-events-none has-data-writing-block:-mt-(--shadow-height) has-data-writing-block:pt-(--shadow-height) [&amp;:has([data-writing-block])&gt;*]:pointer-events-auto scroll-mt-[calc(var(--header-height)+min(200px,max(70px,20svh)))]\" dir=\"auto\" tabindex=\"-1\" data-turn-id=\"request-6957c23b-748c-8331-bd04-e5930eed5858-7\" data-testid=\"conversation-turn-28\" data-scroll-anchor=\"true\" data-turn=\"assistant\"><div class=\"text-base my-auto mx-auto pb-10 [--thread-content-margin:--spacing(4)] @w-sm\/main:[--thread-content-margin:--spacing(6)] @w-lg\/main:[--thread-content-margin:--spacing(16)] px-(--thread-content-margin)\"><div class=\"[--thread-content-max-width:40rem] @w-lg\/main:[--thread-content-max-width:48rem] mx-auto max-w-(--thread-content-max-width) flex-1 group\/turn-messages focus-visible:outline-hidden relative flex w-full min-w-0 flex-col agent-turn\" tabindex=\"-1\"><div class=\"flex max-w-full flex-col grow\"><div class=\"min-h-8 text-message relative flex w-full flex-col items-end gap-2 text-start break-words whitespace-normal [.text-message+&amp;]:mt-1\" dir=\"auto\" data-message-author-role=\"assistant\" data-message-id=\"1d5496c9-dfd3-473f-b70f-5dcfbb6db0c5\" data-message-model-slug=\"gpt-5-2\"><div class=\"flex w-full flex-col gap-1 empty:hidden first:pt-[1px]\"><div class=\"markdown prose dark:prose-invert w-full break-words light markdown-new-styling\"><p data-start=\"1116\" data-end=\"1297\">Conhe\u00e7a cada faceta de <strong data-start=\"1138\" data-end=\"1148\">Madrid<\/strong> num tour completo que vai al\u00e9m do centro hist\u00f3rico e combina hist\u00f3ria, bairros com identidade, cultura e espa\u00e7os verdes num mesmo percurso.<\/p><p data-start=\"1116\" data-end=\"1297\"> <\/p><p data-start=\"1299\" data-end=\"1539\">Durante este tour de <strong data-start=\"1320\" data-end=\"1331\">2 horas<\/strong>, descobrir\u00e1 zonas emblem\u00e1ticas e contrastes \u00fanicos da cidade, percorrendo bairros tradicionais, grandes eixos urbanos, \u00e1reas culturais e recantos cheios de hist\u00f3ria que mostram o Madrid mais aut\u00eantico.<\/p><p data-start=\"1299\" data-end=\"1539\"> <\/p><p data-start=\"1541\" data-end=\"1765\">Este tour de 2 horas captura a ess\u00eancia hist\u00f3rica, cultural e urbana de Madrid, oferecendo-lhe uma experi\u00eancia completa, c\u00f3moda e sustent\u00e1vel a bordo dos nossos <strong data-start=\"1700\" data-end=\"1722\">tuk tuk el\u00e9tricos<\/strong>, ideal para explorar a cidade sem pressas.<\/p><\/div><\/div><\/div><\/div><\/div><\/div><\/article><\/div><\/div><\/div><\/div><\/div><\/div><\/div>\t\t\t\t\t\t\t\t<\/div>\n\t\t\t\t<\/div>\n\t\t\t\t<\/a>\n\t\t\t\t\t<\/div>\n\t\t\t\t<\/div>\n\t\t<div class=\"elementor-element elementor-element-4afebe59 e-flex e-con-boxed e-con e-parent\" data-id=\"4afebe59\" data-element_type=\"container\" data-e-type=\"container\" data-settings=\"{&quot;background_background&quot;:&quot;classic&quot;}\">\n\t\t\t\t\t<div class=\"e-con-inner\">\n\t\t\t\t<div class=\"elementor-element elementor-element-6ab27b53 elementor-widget elementor-widget-heading\" data-id=\"6ab27b53\" data-element_type=\"widget\" data-e-type=\"widget\" data-widget_type=\"heading.default\">\n\t\t\t\t<div class=\"elementor-widget-container\">\n\t\t\t\t\t<h2 class=\"elementor-heading-title elementor-size-default\"><a href=\"https:\/\/walktuk.com\/pt-pt\/reserva\/\">Crie a sua experi\u00eancia \u00fanica em Madrid<\/a><\/h2>\t\t\t\t<\/div>\n\t\t\t\t<\/div>\n\t\t\t\t\t<\/div>\n\t\t\t\t<\/div>\n\t\t\t\t<\/div>\n\t\t","protected":false},"excerpt":{"rendered":"<p>TOUR PRIVADO EM TUK TUK MADRID CONTACTE-NOS Descubra Madrid de forma exclusiva e personalizada com os nossos tours privados em tuk tuk el\u00e9tricos. Com capacidade para at\u00e9 4 pessoas por ve\u00edculo, s\u00e3o a op\u00e7\u00e3o ideal para grupos pequenos, fam\u00edlias, amigos ou casais que desejam desfrutar da cidade com total comodidade e sem partilhar o percurso [&hellip;]<\/p>\n","protected":false},"author":1,"featured_media":0,"parent":11233,"menu_order":0,"comment_status":"closed","ping_status":"closed","template":"","meta":{"site-sidebar-layout":"no-sidebar","site-content-layout":"page-builder","ast-site-content-layout":"full-width-container","site-content-style":"default","site-sidebar-style":"default","ast-global-header-display":"","ast-banner-title-visibility":"","ast-main-header-display":"","ast-hfb-above-header-display":"","ast-hfb-below-header-display":"","ast-hfb-mobile-header-display":"","site-post-title":"disabled","ast-breadcrumbs-content":"","ast-featured-img":"disabled","footer-sml-layout":"","ast-disable-related-posts":"","theme-transparent-header-meta":"","adv-header-id-meta":"","stick-header-meta":"","header-above-stick-meta":"","header-main-stick-meta":"","header-below-stick-meta":"","astra-migrate-meta-layouts":"default","ast-page-background-enabled":"default","ast-page-background-meta":{"desktop":{"background-color":"var(--ast-global-color-5)","background-image":"","background-repeat":"repeat","background-position":"center center","background-size":"auto","background-attachment":"scroll","background-type":"","background-media":"","overlay-type":"","overlay-color":"","overlay-opacity":"","overlay-gradient":""},"tablet":{"background-color":"","background-image":"","background-repeat":"repeat","background-position":"center center","background-size":"auto","background-attachment":"scroll","background-type":"","background-media":"","overlay-type":"","overlay-color":"","overlay-opacity":"","overlay-gradient":""},"mobile":{"background-color":"","background-image":"","background-repeat":"repeat","background-position":"center center","background-size":"auto","background-attachment":"scroll","background-type":"","background-media":"","overlay-type":"","overlay-color":"","overlay-opacity":"","overlay-gradient":""}},"ast-content-background-meta":{"desktop":{"background-color":"var(--ast-global-color-4)","background-image":"","background-repeat":"repeat","background-position":"center center","background-size":"auto","background-attachment":"scroll","background-type":"","background-media":"","overlay-type":"","overlay-color":"","overlay-opacity":"","overlay-gradient":""},"tablet":{"background-color":"var(--ast-global-color-4)","background-image":"","background-repeat":"repeat","background-position":"center center","background-size":"auto","background-attachment":"scroll","background-type":"","background-media":"","overlay-type":"","overlay-color":"","overlay-opacity":"","overlay-gradient":""},"mobile":{"background-color":"var(--ast-global-color-4)","background-image":"","background-repeat":"repeat","background-position":"center center","background-size":"auto","background-attachment":"scroll","background-type":"","background-media":"","overlay-type":"","overlay-color":"","overlay-opacity":"","overlay-gradient":""}},"footnotes":""},"class_list":["post-11537","page","type-page","status-publish","hentry"],"aioseo_notices":[],"_links":{"self":[{"href":"https:\/\/walktuk.com\/pt-pt\/wp-json\/wp\/v2\/pages\/11537","targetHints":{"allow":["GET"]}}],"collection":[{"href":"https:\/\/walktuk.com\/pt-pt\/wp-json\/wp\/v2\/pages"}],"about":[{"href":"https:\/\/walktuk.com\/pt-pt\/wp-json\/wp\/v2\/types\/page"}],"author":[{"embeddable":true,"href":"https:\/\/walktuk.com\/pt-pt\/wp-json\/wp\/v2\/users\/1"}],"replies":[{"embeddable":true,"href":"https:\/\/walktuk.com\/pt-pt\/wp-json\/wp\/v2\/comments?post=11537"}],"version-history":[{"count":5,"href":"https:\/\/walktuk.com\/pt-pt\/wp-json\/wp\/v2\/pages\/11537\/revisions"}],"predecessor-version":[{"id":11691,"href":"https:\/\/walktuk.com\/pt-pt\/wp-json\/wp\/v2\/pages\/11537\/revisions\/11691"}],"up":[{"embeddable":true,"href":"https:\/\/walktuk.com\/pt-pt\/wp-json\/wp\/v2\/pages\/11233"}],"wp:attachment":[{"href":"https:\/\/walktuk.com\/pt-pt\/wp-json\/wp\/v2\/media?parent=11537"}],"curies":[{"name":"wp","href":"https:\/\/api.w.org\/{rel}","templated":true}]}}