{"id":5120,"date":"2024-10-30T13:34:23","date_gmt":"2024-10-30T12:34:23","guid":{"rendered":"https:\/\/walktuk.com\/valencia\/visitas-privadas-personalizadas\/"},"modified":"2026-01-22T16:18:07","modified_gmt":"2026-01-22T15:18:07","slug":"tour-tuk-tuk-privado","status":"publish","type":"page","link":"https:\/\/walktuk.com\/pt-pt\/valencia\/tour-tuk-tuk-privado\/","title":{"rendered":"Tours Privados Personalizados"},"content":{"rendered":"\t\t<div data-elementor-type=\"wp-page\" data-elementor-id=\"5120\" class=\"elementor elementor-5120 elementor-1917\">\n\t\t\t\t<div class=\"elementor-element elementor-element-85ad6b3 e-flex e-con-boxed e-con e-parent\" data-id=\"85ad6b3\" data-element_type=\"container\" data-e-type=\"container\" data-settings=\"{&quot;background_background&quot;:&quot;slideshow&quot;,&quot;background_slideshow_gallery&quot;:[{&quot;id&quot;:4612,&quot;url&quot;:&quot;https:\\\/\\\/walktuk.com\\\/wp-content\\\/uploads\\\/2025\\\/01\\\/banner-6__msi___jpg.jpg&quot;},{&quot;id&quot;:8450,&quot;url&quot;:&quot;https:\\\/\\\/walktuk.com\\\/wp-content\\\/uploads\\\/2025\\\/06\\\/WhatsApp-Image-2025-06-16-at-10.14.10.jpg&quot;}],&quot;background_slideshow_slide_duration&quot;:4000,&quot;background_slideshow_loop&quot;:&quot;yes&quot;,&quot;background_slideshow_slide_transition&quot;:&quot;fade&quot;,&quot;background_slideshow_transition_duration&quot;:500}\">\n\t\t\t\t\t<div class=\"e-con-inner\">\n\t\t\t\t<div class=\"elementor-element elementor-element-fd3482d elementor-widget elementor-widget-heading\" data-id=\"fd3482d\" data-element_type=\"widget\" data-e-type=\"widget\" data-widget_type=\"heading.default\">\n\t\t\t\t<div class=\"elementor-widget-container\">\n\t\t\t\t\t<h1 class=\"elementor-heading-title elementor-size-default\">TOUR PRIVADO PERSONALIZADO EM VAL\u00caNCIA<\/h1>\t\t\t\t<\/div>\n\t\t\t\t<\/div>\n\t\t\t\t<div class=\"elementor-element elementor-element-f0e9a18 elementor-widget-divider--view-line elementor-widget elementor-widget-divider\" data-id=\"f0e9a18\" data-element_type=\"widget\" data-e-type=\"widget\" data-widget_type=\"divider.default\">\n\t\t\t\t<div class=\"elementor-widget-container\">\n\t\t\t\t\t\t\t<div class=\"elementor-divider\">\n\t\t\t<span class=\"elementor-divider-separator\">\n\t\t\t\t\t\t<\/span>\n\t\t<\/div>\n\t\t\t\t\t\t<\/div>\n\t\t\t\t<\/div>\n\t\t\t\t<div class=\"elementor-element elementor-element-7c52d58 elementor-align-left elementor-widget elementor-widget-button\" data-id=\"7c52d58\" data-element_type=\"widget\" data-e-type=\"widget\" data-widget_type=\"button.default\">\n\t\t\t\t<div class=\"elementor-widget-container\">\n\t\t\t\t\t\t\t\t\t<div class=\"elementor-button-wrapper\">\n\t\t\t\t\t<a class=\"elementor-button elementor-button-link elementor-size-sm\" href=\"https:\/\/walktuk.com\/pt-pt\/contacto\/\">\n\t\t\t\t\t\t<span class=\"elementor-button-content-wrapper\">\n\t\t\t\t\t\t\t\t\t<span class=\"elementor-button-text\">CONTACTE-NOS<\/span>\n\t\t\t\t\t<\/span>\n\t\t\t\t\t<\/a>\n\t\t\t\t<\/div>\n\t\t\t\t\t\t\t\t<\/div>\n\t\t\t\t<\/div>\n\t\t\t\t\t<\/div>\n\t\t\t\t<\/div>\n\t\t<div class=\"elementor-element elementor-element-a08de27 e-flex e-con-boxed e-con e-parent\" data-id=\"a08de27\" data-element_type=\"container\" data-e-type=\"container\">\n\t\t\t\t\t<div class=\"e-con-inner\">\n\t\t\t\t<div class=\"elementor-element elementor-element-bbc2620 elementor-widget elementor-widget-text-editor\" data-id=\"bbc2620\" data-element_type=\"widget\" data-e-type=\"widget\" data-widget_type=\"text-editor.default\">\n\t\t\t\t<div class=\"elementor-widget-container\">\n\t\t\t\t\t\t\t\t\t<p data-pm-slice=\"1 1 []\">Descubra <strong>Val\u00eancia<\/strong> de forma exclusiva e personalizada com os nossos <strong>tours privados em tuk tuk<\/strong> <strong>el\u00e9tricos<\/strong>. Contam com uma capacidade de at\u00e9 <strong>4 pessoas por ve\u00edculo<\/strong>, ideal para grupos, fam\u00edlias, amigos ou casais, estes percursos oferecem-lhe a liberdade de explorar a cidade ao seu ritmo. Este servi\u00e7o foi pensado para aqueles que desejam uma experi\u00eancia personalizada, onde o ritmo, os detalhes e as paragens se adaptam \u00e0s suas prefer\u00eancias.<\/p><p data-pm-slice=\"1 1 []\"> <\/p><p data-pm-slice=\"1 1 []\">E se quiser levar a sua aventura um passo mais al\u00e9m, agora pode <strong data-start=\"715\" data-end=\"768\">adicionar um passeio de barco pela costa de Val\u00eancia<\/strong>, uma experi\u00eancia \u00fanica em colabora\u00e7\u00e3o com a <em data-start=\"812\" data-end=\"823\"><b>MyBestDay<\/b><\/em>, dispon\u00edvel em formato de 2\u202fh ou 4\u202fh. A combina\u00e7\u00e3o perfeita de terra e mar no mesmo dia.<\/p><p data-pm-slice=\"1 1 []\"> <\/p><p data-pm-slice=\"1 1 []\"><strong data-start=\"868\" data-end=\"922\">Consulte os nossos packs especiais tuk tuk + barco<\/strong> e deixe-se surpreender por uma forma diferente e completa de desfrutar de Val\u00eancia, sempre com o conforto e a aten\u00e7\u00e3o personalizada que merece.<\/p>\t\t\t\t\t\t\t\t<\/div>\n\t\t\t\t<\/div>\n\t\t\t\t\t<\/div>\n\t\t\t\t<\/div>\n\t\t<div class=\"elementor-element elementor-element-a5edde8 e-flex e-con-boxed e-con e-parent\" data-id=\"a5edde8\" data-element_type=\"container\" data-e-type=\"container\">\n\t\t\t\t\t<div class=\"e-con-inner\">\n\t\t<a class=\"elementor-element elementor-element-a48a6ee e-con-full e-flex e-con e-child\" data-id=\"a48a6ee\" data-element_type=\"container\" data-e-type=\"container\" data-settings=\"{&quot;background_background&quot;:&quot;classic&quot;}\" href=\"https:\/\/walktuk.com\/pt-pt\/valencia\/tour-tuk-tuk-1h\/\">\n\t\t\t\t<div class=\"elementor-element elementor-element-446d591 elementor-view-default elementor-widget elementor-widget-icon\" data-id=\"446d591\" data-element_type=\"widget\" data-e-type=\"widget\" data-widget_type=\"icon.default\">\n\t\t\t\t<div class=\"elementor-widget-container\">\n\t\t\t\t\t\t\t<div class=\"elementor-icon-wrapper\">\n\t\t\t<div class=\"elementor-icon\">\n\t\t\t<svg aria-hidden=\"true\" class=\"e-font-icon-svg e-fas-map\" viewBox=\"0 0 576 512\" xmlns=\"http:\/\/www.w3.org\/2000\/svg\"><path d=\"M0 117.66v346.32c0 11.32 11.43 19.06 21.94 14.86L160 416V32L20.12 87.95A32.006 32.006 0 0 0 0 117.66zM192 416l192 64V96L192 32v384zM554.06 33.16L416 96v384l139.88-55.95A31.996 31.996 0 0 0 576 394.34V48.02c0-11.32-11.43-19.06-21.94-14.86z\"><\/path><\/svg>\t\t\t<\/div>\n\t\t<\/div>\n\t\t\t\t\t\t<\/div>\n\t\t\t\t<\/div>\n\t\t\t\t<div class=\"elementor-element elementor-element-71a8564 elementor-widget elementor-widget-heading\" data-id=\"71a8564\" data-element_type=\"widget\" data-e-type=\"widget\" data-widget_type=\"heading.default\">\n\t\t\t\t<div class=\"elementor-widget-container\">\n\t\t\t\t\t<h2 class=\"elementor-heading-title elementor-size-default\">Tour Hist\u00f3rico\n<\/h2>\t\t\t\t<\/div>\n\t\t\t\t<\/div>\n\t\t\t\t<div class=\"elementor-element elementor-element-30e48f6 elementor-widget elementor-widget-heading\" data-id=\"30e48f6\" data-element_type=\"widget\" data-e-type=\"widget\" data-widget_type=\"heading.default\">\n\t\t\t\t<div class=\"elementor-widget-container\">\n\t\t\t\t\t<h2 class=\"elementor-heading-title elementor-size-default\">1 hora de ess\u00eancia valenciana\n<\/h2>\t\t\t\t<\/div>\n\t\t\t\t<\/div>\n\t\t\t\t<div class=\"elementor-element elementor-element-2d1a494 elementor-widget elementor-widget-text-editor\" data-id=\"2d1a494\" data-element_type=\"widget\" data-e-type=\"widget\" data-widget_type=\"text-editor.default\">\n\t\t\t\t<div class=\"elementor-widget-container\">\n\t\t\t\t\t\t\t\t\t<div id=\"c1168\" class=\"col col-sm-12 col-md-6 palette_color_5\"><div id=\"m3519\" class=\"module text\"><p class=\"lightbodytext\">Mergulhe na hist\u00f3ria de Val\u00eancia com um tour desenhado para os amantes do passado. Este percurso de 1 hora inclui paragens em locais emblem\u00e1ticos como as Torres de Serrano, a Torre de Santa Catalina e o Mercado de Col\u00f3n. <\/p><p> <\/p><p class=\"lightbodytext\">Perfeito para quem deseja uma introdu\u00e7\u00e3o r\u00e1pida mas completa, este tour permite-lhe descobrir a alma do centro hist\u00f3rico enquanto desfruta do conforto e sustentabilidade dos nossos tuk-tuks el\u00e9tricos.<\/p><\/div><\/div>\t\t\t\t\t\t\t\t<\/div>\n\t\t\t\t<\/div>\n\t\t\t\t<\/a>\n\t\t<a class=\"elementor-element elementor-element-521d184 e-con-full e-flex e-con e-child\" data-id=\"521d184\" data-element_type=\"container\" data-e-type=\"container\" data-settings=\"{&quot;background_background&quot;:&quot;classic&quot;}\" href=\"https:\/\/walktuk.com\/pt-pt\/valencia\/tour-tuk-tuk-2h\/\">\n\t\t\t\t<div class=\"elementor-element elementor-element-8430f45 elementor-view-default elementor-widget elementor-widget-icon\" data-id=\"8430f45\" data-element_type=\"widget\" data-e-type=\"widget\" data-widget_type=\"icon.default\">\n\t\t\t\t<div class=\"elementor-widget-container\">\n\t\t\t\t\t\t\t<div class=\"elementor-icon-wrapper\">\n\t\t\t<div class=\"elementor-icon\">\n\t\t\t<svg aria-hidden=\"true\" class=\"e-font-icon-svg e-fas-map\" viewBox=\"0 0 576 512\" xmlns=\"http:\/\/www.w3.org\/2000\/svg\"><path d=\"M0 117.66v346.32c0 11.32 11.43 19.06 21.94 14.86L160 416V32L20.12 87.95A32.006 32.006 0 0 0 0 117.66zM192 416l192 64V96L192 32v384zM554.06 33.16L416 96v384l139.88-55.95A31.996 31.996 0 0 0 576 394.34V48.02c0-11.32-11.43-19.06-21.94-14.86z\"><\/path><\/svg>\t\t\t<\/div>\n\t\t<\/div>\n\t\t\t\t\t\t<\/div>\n\t\t\t\t<\/div>\n\t\t\t\t<div class=\"elementor-element elementor-element-b05398c elementor-widget elementor-widget-heading\" data-id=\"b05398c\" data-element_type=\"widget\" data-e-type=\"widget\" data-widget_type=\"heading.default\">\n\t\t\t\t<div class=\"elementor-widget-container\">\n\t\t\t\t\t<h2 class=\"elementor-heading-title elementor-size-default\">Tour Completo\n<\/h2>\t\t\t\t<\/div>\n\t\t\t\t<\/div>\n\t\t\t\t<div class=\"elementor-element elementor-element-016f2a6 elementor-widget elementor-widget-heading\" data-id=\"016f2a6\" data-element_type=\"widget\" data-e-type=\"widget\" data-widget_type=\"heading.default\">\n\t\t\t\t<div class=\"elementor-widget-container\">\n\t\t\t\t\t<h2 class=\"elementor-heading-title elementor-size-default\">2 horas a explorar Val\u00eancia de norte a sul<\/h2>\t\t\t\t<\/div>\n\t\t\t\t<\/div>\n\t\t\t\t<div class=\"elementor-element elementor-element-9372824 elementor-widget elementor-widget-text-editor\" data-id=\"9372824\" data-element_type=\"widget\" data-e-type=\"widget\" data-widget_type=\"text-editor.default\">\n\t\t\t\t<div class=\"elementor-widget-container\">\n\t\t\t\t\t\t\t\t\t<div id=\"c1168\" class=\"col col-sm-12 col-md-6 palette_color_5\"><div id=\"m3519\" class=\"module text\"><div id=\"r1589\" class=\"row palette_color_4\"><div class=\"container container-fixed\"><div id=\"c1619\" class=\"col col-sm-12 col-md-6 palette_color_5\"><div id=\"m3326\" class=\"module text\"><p class=\"lightbodytext\">Conhe\u00e7a cada faceta de Val\u00eancia num tour completo que inclui desde as hist\u00f3ricas Torres de Quart at\u00e9 \u00e0 ic\u00f3nica Cidade das Artes e das Ci\u00eancias.<\/p><p> <\/p><p class=\"lightbodytext\">Percorra as praias de Las Arenas e la Malvarrosa, explore o encanto do Bairro El Caba\u00f1al e maravilhe-se com a Ponte das Flores e o Mercado de Col\u00f3n. Este percurso de 2 horas captura a ess\u00eancia medieval, moderna e costeira da cidade. <\/p><\/div><\/div><\/div><\/div><div id=\"r3339\" class=\"row palette_color_4 bgfilter\"><div class=\"container container-fixed colsStack\"><div id=\"c1255\" class=\"col col-md-6 col-lg-6 col-sm-12\"> <\/div><\/div><\/div><\/div><\/div>\t\t\t\t\t\t\t\t<\/div>\n\t\t\t\t<\/div>\n\t\t\t\t<\/a>\n\t\t\t\t\t<\/div>\n\t\t\t\t<\/div>\n\t\t<div class=\"elementor-element elementor-element-b041f98 e-flex e-con-boxed e-con e-parent\" data-id=\"b041f98\" data-element_type=\"container\" data-e-type=\"container\" data-settings=\"{&quot;background_background&quot;:&quot;classic&quot;}\">\n\t\t\t\t\t<div class=\"e-con-inner\">\n\t\t<div class=\"elementor-element elementor-element-b4301d1 e-con-full e-flex e-con e-child\" data-id=\"b4301d1\" data-element_type=\"container\" data-e-type=\"container\">\n\t\t\t\t<div class=\"elementor-element elementor-element-efd9214 elementor-widget elementor-widget-image\" data-id=\"efd9214\" data-element_type=\"widget\" data-e-type=\"widget\" data-widget_type=\"image.default\">\n\t\t\t\t<div class=\"elementor-widget-container\">\n\t\t\t\t\t\t\t\t\t\t\t\t\t\t\t<img fetchpriority=\"high\" decoding=\"async\" width=\"768\" height=\"1024\" src=\"https:\/\/walktuk.com\/wp-content\/uploads\/2025\/06\/WhatsApp-Image-2025-06-16-at-10.14.10-1-768x1024.jpg\" class=\"attachment-medium_large size-medium_large wp-image-8464\" alt=\"\" srcset=\"https:\/\/walktuk.com\/wp-content\/uploads\/2025\/06\/WhatsApp-Image-2025-06-16-at-10.14.10-1-768x1024.jpg 768w, https:\/\/walktuk.com\/wp-content\/uploads\/2025\/06\/WhatsApp-Image-2025-06-16-at-10.14.10-1-225x300.jpg 225w, https:\/\/walktuk.com\/wp-content\/uploads\/2025\/06\/WhatsApp-Image-2025-06-16-at-10.14.10-1-1152x1536.jpg 1152w, https:\/\/walktuk.com\/wp-content\/uploads\/2025\/06\/WhatsApp-Image-2025-06-16-at-10.14.10-1.jpg 1536w\" sizes=\"(max-width: 768px) 100vw, 768px\" \/>\t\t\t\t\t\t\t\t\t\t\t\t\t\t\t<\/div>\n\t\t\t\t<\/div>\n\t\t\t\t<\/div>\n\t\t<div class=\"elementor-element elementor-element-5e66f2b e-con-full e-flex e-con e-child\" data-id=\"5e66f2b\" data-element_type=\"container\" data-e-type=\"container\" data-settings=\"{&quot;background_background&quot;:&quot;classic&quot;}\">\n\t\t\t\t<div class=\"elementor-element elementor-element-691cc02 elementor-view-default elementor-widget elementor-widget-icon\" data-id=\"691cc02\" data-element_type=\"widget\" data-e-type=\"widget\" data-widget_type=\"icon.default\">\n\t\t\t\t<div class=\"elementor-widget-container\">\n\t\t\t\t\t\t\t<div class=\"elementor-icon-wrapper\">\n\t\t\t<div class=\"elementor-icon\">\n\t\t\t<svg aria-hidden=\"true\" class=\"e-font-icon-svg e-fas-map\" viewBox=\"0 0 576 512\" xmlns=\"http:\/\/www.w3.org\/2000\/svg\"><path d=\"M0 117.66v346.32c0 11.32 11.43 19.06 21.94 14.86L160 416V32L20.12 87.95A32.006 32.006 0 0 0 0 117.66zM192 416l192 64V96L192 32v384zM554.06 33.16L416 96v384l139.88-55.95A31.996 31.996 0 0 0 576 394.34V48.02c0-11.32-11.43-19.06-21.94-14.86z\"><\/path><\/svg>\t\t\t<\/div>\n\t\t<\/div>\n\t\t\t\t\t\t<\/div>\n\t\t\t\t<\/div>\n\t\t\t\t<div class=\"elementor-element elementor-element-92e993d elementor-widget elementor-widget-heading\" data-id=\"92e993d\" data-element_type=\"widget\" data-e-type=\"widget\" data-widget_type=\"heading.default\">\n\t\t\t\t<div class=\"elementor-widget-container\">\n\t\t\t\t\t<h2 class=\"elementor-heading-title elementor-size-default\"><a href=\"https:\/\/walktuk.com\/pt-pt\/reserva\/\">Complemente o seu tour com uma experi\u00eancia de barco<\/a><\/h2>\t\t\t\t<\/div>\n\t\t\t\t<\/div>\n\t\t\t\t<div class=\"elementor-element elementor-element-0f29fe2 elementor-widget-divider--view-line elementor-widget elementor-widget-divider\" data-id=\"0f29fe2\" data-element_type=\"widget\" data-e-type=\"widget\" data-widget_type=\"divider.default\">\n\t\t\t\t<div class=\"elementor-widget-container\">\n\t\t\t\t\t\t\t<div class=\"elementor-divider\">\n\t\t\t<span class=\"elementor-divider-separator\">\n\t\t\t\t\t\t<\/span>\n\t\t<\/div>\n\t\t\t\t\t\t<\/div>\n\t\t\t\t<\/div>\n\t\t\t\t<div class=\"elementor-element elementor-element-bc7bec5 elementor-widget elementor-widget-text-editor\" data-id=\"bc7bec5\" data-element_type=\"widget\" data-e-type=\"widget\" data-widget_type=\"text-editor.default\">\n\t\t\t\t<div class=\"elementor-widget-container\">\n\t\t\t\t\t\t\t\t\t<p data-start=\"138\" data-end=\"906\">Leve a sua experi\u00eancia ao pr\u00f3ximo n\u00edvel combinando o seu tour em tuk tuk com um passeio de barco exclusivo pela costa valenciana, em colabora\u00e7\u00e3o com a nossa empresa associada <em data-start=\"360\" data-end=\"371\">MyBestDay<\/em>. Ao finalizar o seu percurso pela cidade, o seu guia lev\u00e1-lo-\u00e1 diretamente ao ponto de embarque, onde estar\u00e1 \u00e0 sua espera um barco privado com um skipper profissional.<\/p><p data-start=\"138\" data-end=\"906\"><br data-start=\"534\" data-end=\"537\">Poder\u00e1 escolher entre uma sa\u00edda de 2\u202fh ou de 4\u202fh, ambas perfeitas para relaxar, desfrutar do mar e contemplar Val\u00eancia de uma nova perspetiva. Durante a travessia poder\u00e1 beber algo a bordo, fundear para dar um mergulho em alto mar.<\/p><p data-start=\"138\" data-end=\"906\"> <\/p><p data-start=\"138\" data-end=\"906\">Uma combina\u00e7\u00e3o perfeita de terra e mar para que o seu dia seja inesquec\u00edvel.<\/p>\t\t\t\t\t\t\t\t<\/div>\n\t\t\t\t<\/div>\n\t\t\t\t<div class=\"elementor-element elementor-element-f7fef14 elementor-align-left elementor-widget elementor-widget-button\" data-id=\"f7fef14\" data-element_type=\"widget\" data-e-type=\"widget\" data-widget_type=\"button.default\">\n\t\t\t\t<div class=\"elementor-widget-container\">\n\t\t\t\t\t\t\t\t\t<div class=\"elementor-button-wrapper\">\n\t\t\t\t\t<a class=\"elementor-button elementor-button-link elementor-size-sm\" href=\"https:\/\/walktuk.com\/pt-pt\/valencia\/paseo-en-barco\/\">\n\t\t\t\t\t\t<span class=\"elementor-button-content-wrapper\">\n\t\t\t\t\t\t\t\t\t<span class=\"elementor-button-text\">MAIS INFORMA\u00c7\u00d5ES<\/span>\n\t\t\t\t\t<\/span>\n\t\t\t\t\t<\/a>\n\t\t\t\t<\/div>\n\t\t\t\t\t\t\t\t<\/div>\n\t\t\t\t<\/div>\n\t\t\t\t<\/div>\n\t\t\t\t\t<\/div>\n\t\t\t\t<\/div>\n\t\t<div class=\"elementor-element elementor-element-f9980f8 e-flex e-con-boxed e-con e-parent\" data-id=\"f9980f8\" data-element_type=\"container\" data-e-type=\"container\" data-settings=\"{&quot;background_background&quot;:&quot;classic&quot;}\">\n\t\t\t\t\t<div class=\"e-con-inner\">\n\t\t\t\t<div class=\"elementor-element elementor-element-99ad0a4 elementor-widget elementor-widget-heading\" data-id=\"99ad0a4\" data-element_type=\"widget\" data-e-type=\"widget\" data-widget_type=\"heading.default\">\n\t\t\t\t<div class=\"elementor-widget-container\">\n\t\t\t\t\t<h2 class=\"elementor-heading-title elementor-size-default\"><a href=\"https:\/\/walktuk.com\/pt-pt\/reserva\/\">Desenhe a sua experi\u00eancia \u00fanica<br>EM VAL\u00caNCIA<\/a><\/h2>\t\t\t\t<\/div>\n\t\t\t\t<\/div>\n\t\t\t\t\t<\/div>\n\t\t\t\t<\/div>\n\t\t\t\t<\/div>\n\t\t","protected":false},"excerpt":{"rendered":"<p>TOUR PRIVADO PERSONALIZADO EM VAL\u00caNCIA CONTACTE-NOS Descubra Val\u00eancia de forma exclusiva e personalizada com os nossos tours privados em tuk tuk el\u00e9tricos. Contam com uma capacidade de at\u00e9 4 pessoas por ve\u00edculo, ideal para grupos, fam\u00edlias, amigos ou casais, estes percursos oferecem-lhe a liberdade de explorar a cidade ao seu ritmo. Este servi\u00e7o foi pensado [&hellip;]<\/p>\n","protected":false},"author":1,"featured_media":0,"parent":6054,"menu_order":0,"comment_status":"closed","ping_status":"closed","template":"","meta":{"site-sidebar-layout":"no-sidebar","site-content-layout":"page-builder","ast-site-content-layout":"full-width-container","site-content-style":"unboxed","site-sidebar-style":"unboxed","ast-global-header-display":"","ast-banner-title-visibility":"","ast-main-header-display":"","ast-hfb-above-header-display":"","ast-hfb-below-header-display":"","ast-hfb-mobile-header-display":"","site-post-title":"disabled","ast-breadcrumbs-content":"","ast-featured-img":"disabled","footer-sml-layout":"","ast-disable-related-posts":"","theme-transparent-header-meta":"","adv-header-id-meta":"","stick-header-meta":"","header-above-stick-meta":"","header-main-stick-meta":"","header-below-stick-meta":"","astra-migrate-meta-layouts":"default","ast-page-background-enabled":"default","ast-page-background-meta":{"desktop":{"background-color":"var(--ast-global-color-5)","background-image":"","background-repeat":"repeat","background-position":"center center","background-size":"auto","background-attachment":"scroll","background-type":"","background-media":"","overlay-type":"","overlay-color":"","overlay-opacity":"","overlay-gradient":""},"tablet":{"background-color":"","background-image":"","background-repeat":"repeat","background-position":"center center","background-size":"auto","background-attachment":"scroll","background-type":"","background-media":"","overlay-type":"","overlay-color":"","overlay-opacity":"","overlay-gradient":""},"mobile":{"background-color":"","background-image":"","background-repeat":"repeat","background-position":"center center","background-size":"auto","background-attachment":"scroll","background-type":"","background-media":"","overlay-type":"","overlay-color":"","overlay-opacity":"","overlay-gradient":""}},"ast-content-background-meta":{"desktop":{"background-color":"var(--ast-global-color-4)","background-image":"","background-repeat":"repeat","background-position":"center center","background-size":"auto","background-attachment":"scroll","background-type":"","background-media":"","overlay-type":"","overlay-color":"","overlay-opacity":"","overlay-gradient":""},"tablet":{"background-color":"var(--ast-global-color-4)","background-image":"","background-repeat":"repeat","background-position":"center center","background-size":"auto","background-attachment":"scroll","background-type":"","background-media":"","overlay-type":"","overlay-color":"","overlay-opacity":"","overlay-gradient":""},"mobile":{"background-color":"var(--ast-global-color-4)","background-image":"","background-repeat":"repeat","background-position":"center center","background-size":"auto","background-attachment":"scroll","background-type":"","background-media":"","overlay-type":"","overlay-color":"","overlay-opacity":"","overlay-gradient":""}},"footnotes":""},"class_list":["post-5120","page","type-page","status-publish","hentry"],"aioseo_notices":[],"_links":{"self":[{"href":"https:\/\/walktuk.com\/pt-pt\/wp-json\/wp\/v2\/pages\/5120","targetHints":{"allow":["GET"]}}],"collection":[{"href":"https:\/\/walktuk.com\/pt-pt\/wp-json\/wp\/v2\/pages"}],"about":[{"href":"https:\/\/walktuk.com\/pt-pt\/wp-json\/wp\/v2\/types\/page"}],"author":[{"embeddable":true,"href":"https:\/\/walktuk.com\/pt-pt\/wp-json\/wp\/v2\/users\/1"}],"replies":[{"embeddable":true,"href":"https:\/\/walktuk.com\/pt-pt\/wp-json\/wp\/v2\/comments?post=5120"}],"version-history":[{"count":10,"href":"https:\/\/walktuk.com\/pt-pt\/wp-json\/wp\/v2\/pages\/5120\/revisions"}],"predecessor-version":[{"id":11433,"href":"https:\/\/walktuk.com\/pt-pt\/wp-json\/wp\/v2\/pages\/5120\/revisions\/11433"}],"up":[{"embeddable":true,"href":"https:\/\/walktuk.com\/pt-pt\/wp-json\/wp\/v2\/pages\/6054"}],"wp:attachment":[{"href":"https:\/\/walktuk.com\/pt-pt\/wp-json\/wp\/v2\/media?parent=5120"}],"curies":[{"name":"wp","href":"https:\/\/api.w.org\/{rel}","templated":true}]}}