{"id":5146,"date":"2025-02-12T12:28:50","date_gmt":"2025-02-12T11:28:50","guid":{"rendered":"https:\/\/walktuk.com\/visitas-privadas-a-palma\/"},"modified":"2026-01-22T16:17:42","modified_gmt":"2026-01-22T15:17:42","slug":"tour-tuk-tuk-privado","status":"publish","type":"page","link":"https:\/\/walktuk.com\/pt-pt\/mallorca\/tour-tuk-tuk-privado\/","title":{"rendered":"Visitas privadas a Palma"},"content":{"rendered":"\t\t<div data-elementor-type=\"wp-page\" data-elementor-id=\"5146\" class=\"elementor elementor-5146 elementor-3468\">\n\t\t\t\t<div class=\"elementor-element elementor-element-a60e9a1 e-flex e-con-boxed e-con e-parent\" data-id=\"a60e9a1\" data-element_type=\"container\" data-e-type=\"container\" data-settings=\"{&quot;background_background&quot;:&quot;classic&quot;,&quot;shape_divider_bottom&quot;:&quot;opacity-fan&quot;}\">\n\t\t\t\t\t<div class=\"e-con-inner\">\n\t\t\t\t<div class=\"elementor-shape elementor-shape-bottom\" aria-hidden=\"true\" data-negative=\"false\">\n\t\t\t<svg xmlns=\"http:\/\/www.w3.org\/2000\/svg\" viewBox=\"0 0 283.5 19.6\" preserveAspectRatio=\"none\">\n\t<path class=\"elementor-shape-fill\" style=\"opacity:0.33\" d=\"M0 0L0 18.8 141.8 4.1 283.5 18.8 283.5 0z\"\/>\n\t<path class=\"elementor-shape-fill\" style=\"opacity:0.33\" d=\"M0 0L0 12.6 141.8 4 283.5 12.6 283.5 0z\"\/>\n\t<path class=\"elementor-shape-fill\" style=\"opacity:0.33\" d=\"M0 0L0 6.4 141.8 4 283.5 6.4 283.5 0z\"\/>\n\t<path class=\"elementor-shape-fill\" d=\"M0 0L0 1.2 141.8 4 283.5 1.2 283.5 0z\"\/>\n<\/svg>\t\t<\/div>\n\t\t\t\t<div class=\"elementor-element elementor-element-75c2fa6 elementor-widget elementor-widget-heading\" data-id=\"75c2fa6\" data-element_type=\"widget\" data-e-type=\"widget\" data-widget_type=\"heading.default\">\n\t\t\t\t<div class=\"elementor-widget-container\">\n\t\t\t\t\t<h1 class=\"elementor-heading-title elementor-size-default\"><u><b>TOUR PRIVADO EM TUK TUK MAIORCA<\/b><\/u><\/h1>\t\t\t\t<\/div>\n\t\t\t\t<\/div>\n\t\t\t\t<div class=\"elementor-element elementor-element-d3fbc00 elementor-widget elementor-widget-heading\" data-id=\"d3fbc00\" data-element_type=\"widget\" data-e-type=\"widget\" data-widget_type=\"heading.default\">\n\t\t\t\t<div class=\"elementor-widget-container\">\n\t\t\t\t\t<h2 class=\"elementor-heading-title elementor-size-default\">Descobre Palma de Maiorca \u00e0 tua maneira <\/h2>\t\t\t\t<\/div>\n\t\t\t\t<\/div>\n\t\t\t\t<div class=\"elementor-element elementor-element-6462320 elementor-align-left elementor-widget elementor-widget-button\" data-id=\"6462320\" data-element_type=\"widget\" data-e-type=\"widget\" data-widget_type=\"button.default\">\n\t\t\t\t<div class=\"elementor-widget-container\">\n\t\t\t\t\t\t\t\t\t<div class=\"elementor-button-wrapper\">\n\t\t\t\t\t<a class=\"elementor-button elementor-button-link elementor-size-sm\" href=\"https:\/\/walktuk.com\/pt-pt\/contacto\/\">\n\t\t\t\t\t\t<span class=\"elementor-button-content-wrapper\">\n\t\t\t\t\t\t\t\t\t<span class=\"elementor-button-text\">CONTACTE-NOS<\/span>\n\t\t\t\t\t<\/span>\n\t\t\t\t\t<\/a>\n\t\t\t\t<\/div>\n\t\t\t\t\t\t\t\t<\/div>\n\t\t\t\t<\/div>\n\t\t\t\t\t<\/div>\n\t\t\t\t<\/div>\n\t\t<div class=\"elementor-element elementor-element-2bf63e7 e-flex e-con-boxed e-con e-parent\" data-id=\"2bf63e7\" data-element_type=\"container\" data-e-type=\"container\">\n\t\t\t\t\t<div class=\"e-con-inner\">\n\t\t<div class=\"elementor-element elementor-element-5506abc e-con-full e-flex e-con e-child\" data-id=\"5506abc\" data-element_type=\"container\" data-e-type=\"container\">\n\t\t\t\t<div class=\"elementor-element elementor-element-fa9182e elementor-widget elementor-widget-text-editor\" data-id=\"fa9182e\" data-element_type=\"widget\" data-e-type=\"widget\" data-widget_type=\"text-editor.default\">\n\t\t\t\t<div class=\"elementor-widget-container\">\n\t\t\t\t\t\t\t\t\t<p data-pm-slice=\"1 1 []\">Explore <strong>Palma de Maiorca<\/strong> de uma forma \u00fanica e personalizada com nossos <strong>passeios privados em Palma<\/strong> . Descubra a magia da ilha explorando suas ruas hist\u00f3ricas, pra\u00e7as vibrantes e vistas espetaculares do mar no conforto de um <strong>tuk tuk el\u00e9trico<\/strong> . <\/p><p data-pm-slice=\"1 1 []\"> <\/p><p>Nossos <strong>passeios guiados<\/strong> s\u00e3o projetados para lhe proporcionar uma experi\u00eancia exclusiva, onde cada detalhe \u00e9 adaptado \u00e0s suas prefer\u00eancias. Um <strong>guia local especializado<\/strong> , fluente em v\u00e1rios idiomas, acompanhar\u00e1 voc\u00ea durante todo o passeio para compartilhar hist\u00f3rias, curiosidades e segredos da cidade que s\u00f3 os moradores locais conhecem. <\/p><p> <\/p><p>Quer voc\u00ea esteja visitando <strong>Palma<\/strong> pela primeira vez ou queira redescobrir seus encantos de uma nova perspectiva, nossos <strong>passeios privados em Palma<\/strong> oferecem a combina\u00e7\u00e3o perfeita de aventura, cultura e divers\u00e3o. Sinta a brisa do mar enquanto passeia pelo centro hist\u00f3rico, maravilhe-se com a majestade da Catedral de Palma ou surpreenda-se com os recantos escondidos que fazem desta cidade um destino inesquec\u00edvel. <\/p>\t\t\t\t\t\t\t\t<\/div>\n\t\t\t\t<\/div>\n\t\t\t\t<\/div>\n\t\t<div class=\"elementor-element elementor-element-878d8bf e-con-full e-flex e-con e-child\" data-id=\"878d8bf\" data-element_type=\"container\" data-e-type=\"container\">\n\t\t\t\t<div class=\"elementor-element elementor-element-03801ab elementor-widget elementor-widget-image\" data-id=\"03801ab\" data-element_type=\"widget\" data-e-type=\"widget\" data-widget_type=\"image.default\">\n\t\t\t\t<div class=\"elementor-widget-container\">\n\t\t\t\t\t\t\t\t\t\t\t\t\t\t\t<img fetchpriority=\"high\" decoding=\"async\" width=\"1536\" height=\"1152\" src=\"https:\/\/walktuk.com\/wp-content\/uploads\/2025\/02\/Copia-de-78c295b5-f703-4ee3-a3ef-3c12adf39f06-1-1536x1152.jpg\" class=\"attachment-1536x1536 size-1536x1536 wp-image-4872\" alt=\"tours privados en palma\" srcset=\"https:\/\/walktuk.com\/wp-content\/uploads\/2025\/02\/Copia-de-78c295b5-f703-4ee3-a3ef-3c12adf39f06-1-1536x1152.jpg 1536w, https:\/\/walktuk.com\/wp-content\/uploads\/2025\/02\/Copia-de-78c295b5-f703-4ee3-a3ef-3c12adf39f06-1-300x225.jpg 300w, https:\/\/walktuk.com\/wp-content\/uploads\/2025\/02\/Copia-de-78c295b5-f703-4ee3-a3ef-3c12adf39f06-1-1024x768.jpg 1024w, https:\/\/walktuk.com\/wp-content\/uploads\/2025\/02\/Copia-de-78c295b5-f703-4ee3-a3ef-3c12adf39f06-1-768x576.jpg 768w, https:\/\/walktuk.com\/wp-content\/uploads\/2025\/02\/Copia-de-78c295b5-f703-4ee3-a3ef-3c12adf39f06-1.jpg 2048w\" sizes=\"(max-width: 1536px) 100vw, 1536px\" \/>\t\t\t\t\t\t\t\t\t\t\t\t\t\t\t<\/div>\n\t\t\t\t<\/div>\n\t\t\t\t<\/div>\n\t\t\t\t\t<\/div>\n\t\t\t\t<\/div>\n\t\t<div class=\"elementor-element elementor-element-eacb046 e-con-full e-flex e-con e-parent\" data-id=\"eacb046\" data-element_type=\"container\" data-e-type=\"container\" data-settings=\"{&quot;background_background&quot;:&quot;classic&quot;}\">\n\t\t<div class=\"elementor-element elementor-element-18d2352 e-con-full e-flex e-con e-child\" data-id=\"18d2352\" data-element_type=\"container\" data-e-type=\"container\" data-settings=\"{&quot;background_background&quot;:&quot;classic&quot;}\">\n\t\t\t\t<div class=\"elementor-element elementor-element-b9d6e28 elementor-widget elementor-widget-heading\" data-id=\"b9d6e28\" data-element_type=\"widget\" data-e-type=\"widget\" data-widget_type=\"heading.default\">\n\t\t\t\t<div class=\"elementor-widget-container\">\n\t\t\t\t\t<h2 class=\"elementor-heading-title elementor-size-default\">Passeios privados em Palma:<br>Uma experi\u00eancia exclusiva e flex\u00edvel<\/h2>\t\t\t\t<\/div>\n\t\t\t\t<\/div>\n\t\t\t\t<div class=\"elementor-element elementor-element-a8c2c1f elementor-widget elementor-widget-text-editor\" data-id=\"a8c2c1f\" data-element_type=\"widget\" data-e-type=\"widget\" data-widget_type=\"text-editor.default\">\n\t\t\t\t<div class=\"elementor-widget-container\">\n\t\t\t\t\t\t\t\t\t<p data-pm-slice=\"1 1 []\"><span style=\"color: #ffffff;\">Nossos <strong>passeios privados em Palma<\/strong> s\u00e3o perfeitos para fam\u00edlias, amigos ou casais que desejam explorar a cidade no seu pr\u00f3prio ritmo. Durante <strong>1 hora<\/strong> , voc\u00ea descobrir\u00e1 os locais mais emblem\u00e1ticos, com a op\u00e7\u00e3o de parar, tirar fotos e apreciar as vistas no seu pr\u00f3prio ritmo. <\/span><\/p><p data-pm-slice=\"1 1 []\"> <\/p><p><span style=\"color: #ffffff;\">Al\u00e9m disso, este <strong>passeio de tuk-tuk<\/strong> oferece uma <strong>experi\u00eancia personalizada<\/strong> , onde o itiner\u00e1rio pode ser adaptado \u00e0s suas prefer\u00eancias. Desde explorar o Centro Hist\u00f3rico at\u00e9 admirar o porto e as praias pr\u00f3ximas, tudo foi projetado para uma aventura inesquec\u00edvel. <\/span><\/p>\t\t\t\t\t\t\t\t<\/div>\n\t\t\t\t<\/div>\n\t\t\t\t<\/div>\n\t\t<div class=\"elementor-element elementor-element-a404368 e-con-full e-flex e-con e-child\" data-id=\"a404368\" data-element_type=\"container\" data-e-type=\"container\" data-settings=\"{&quot;background_background&quot;:&quot;classic&quot;}\">\n\t\t\t\t<div class=\"elementor-element elementor-element-3938f84 elementor-widget elementor-widget-heading\" data-id=\"3938f84\" data-element_type=\"widget\" data-e-type=\"widget\" data-widget_type=\"heading.default\">\n\t\t\t\t<div class=\"elementor-widget-container\">\n\t\t\t\t\t<h2 class=\"elementor-heading-title elementor-size-default\">Passeios Privados em Palma:<br>Ideal para qualquer ocasi\u00e3o<\/h2>\t\t\t\t<\/div>\n\t\t\t\t<\/div>\n\t\t\t\t<div class=\"elementor-element elementor-element-29e6cfe elementor-widget elementor-widget-text-editor\" data-id=\"29e6cfe\" data-element_type=\"widget\" data-e-type=\"widget\" data-widget_type=\"text-editor.default\">\n\t\t\t\t<div class=\"elementor-widget-container\">\n\t\t\t\t\t\t\t\t\t<p data-pm-slice=\"1 1 []\"><span style=\"color: #ffffff;\">O <strong>passeio guiado de tuk tuk<\/strong> n\u00e3o \u00e9 apenas uma forma original de conhecer Palma, mas tamb\u00e9m uma excelente op\u00e7\u00e3o para <strong>celebrar ocasi\u00f5es especiais<\/strong> .&nbsp;<\/span><\/p><p data-pm-slice=\"1 1 []\"><span style=\"color: #ffffff;\"><br><\/span><\/p><p data-pm-slice=\"1 1 []\"><span style=\"color: #ffffff;\">Aproveite o p\u00f4r do sol, organize uma festa de anivers\u00e1rio em fam\u00edlia ou surpreenda seus amigos em uma <strong>despedida de solteiro<\/strong> , pois este ve\u00edculo colorido e divertido certamente impressionar\u00e1.<\/span><\/p>\t\t\t\t\t\t\t\t<\/div>\n\t\t\t\t<\/div>\n\t\t\t\t<\/div>\n\t\t<div class=\"elementor-element elementor-element-eb5588d e-con-full e-flex e-con e-child\" data-id=\"eb5588d\" data-element_type=\"container\" data-e-type=\"container\" data-settings=\"{&quot;background_background&quot;:&quot;classic&quot;}\">\n\t\t\t\t<div class=\"elementor-element elementor-element-bc98b4e elementor-widget elementor-widget-heading\" data-id=\"bc98b4e\" data-element_type=\"widget\" data-e-type=\"widget\" data-widget_type=\"heading.default\">\n\t\t\t\t<div class=\"elementor-widget-container\">\n\t\t\t\t\t<h2 class=\"elementor-heading-title elementor-size-default\">Reservas e disponibilidade<\/h2>\t\t\t\t<\/div>\n\t\t\t\t<\/div>\n\t\t\t\t<div class=\"elementor-element elementor-element-8dce060 elementor-widget elementor-widget-text-editor\" data-id=\"8dce060\" data-element_type=\"widget\" data-e-type=\"widget\" data-widget_type=\"text-editor.default\">\n\t\t\t\t<div class=\"elementor-widget-container\">\n\t\t\t\t\t\t\t\t\t<p data-pm-slice=\"1 1 []\"><span style=\"color: #ffffff;\">Ao reservar, garante o ve\u00edculo completo (4 lugares), garantindo que o tuk tuk \u00e9 exclusivo para o seu grupo.&nbsp;<\/span><\/p><p data-pm-slice=\"1 1 []\"><span style=\"color: #ffffff;\"><br><\/span><\/p><p data-pm-slice=\"1 1 []\"><span style=\"color: #ffffff;\">Para grupos maiores, podem ser reservados v\u00e1rios ve\u00edculos com <strong>aviso pr\u00e9vio e sujeito a disponibilidade<\/strong>.<\/span><\/p>\t\t\t\t\t\t\t\t<\/div>\n\t\t\t\t<\/div>\n\t\t\t\t<\/div>\n\t\t<div class=\"elementor-element elementor-element-2ee423a e-con-full e-flex e-con e-child\" data-id=\"2ee423a\" data-element_type=\"container\" data-e-type=\"container\" data-settings=\"{&quot;background_background&quot;:&quot;classic&quot;}\">\n\t\t\t\t<div class=\"elementor-element elementor-element-9cb0c05 elementor-widget elementor-widget-heading\" data-id=\"9cb0c05\" data-element_type=\"widget\" data-e-type=\"widget\" data-widget_type=\"heading.default\">\n\t\t\t\t<div class=\"elementor-widget-container\">\n\t\t\t\t\t<h2 class=\"elementor-heading-title elementor-size-default\">Concebe a tua aventura em Palma<\/h2>\t\t\t\t<\/div>\n\t\t\t\t<\/div>\n\t\t\t\t<div class=\"elementor-element elementor-element-0f2c8a7 elementor-widget elementor-widget-text-editor\" data-id=\"0f2c8a7\" data-element_type=\"widget\" data-e-type=\"widget\" data-widget_type=\"text-editor.default\">\n\t\t\t\t<div class=\"elementor-widget-container\">\n\t\t\t\t\t\t\t\t\t<p data-pm-slice=\"1 1 []\"><span style=\"color: #ffffff;\">Entre em contato conosco e personalize seu passeio para uma experi\u00eancia aut\u00eantica com nossos <strong>passeios privados em Palma<\/strong> .  <\/span><\/p><p data-pm-slice=\"1 1 []\"> <\/p><p data-pm-slice=\"1 1 []\"><span style=\"color: #ffffff; font-style: inherit; font-weight: inherit; text-align: var(--text-align);\">Quer deseje explorar a sua hist\u00f3ria, desfrutar da sua vibrante costa ou descobrir recantos escondidos, estamos aqui para tornar a sua visita algo inesquec\u00edvel.<\/span><\/p>\t\t\t\t\t\t\t\t<\/div>\n\t\t\t\t<\/div>\n\t\t\t\t<\/div>\n\t\t\t\t<\/div>\n\t\t<div class=\"elementor-element elementor-element-8da04b6 e-flex e-con-boxed e-con e-parent\" data-id=\"8da04b6\" data-element_type=\"container\" data-e-type=\"container\" data-settings=\"{&quot;background_background&quot;:&quot;classic&quot;}\">\n\t\t\t\t\t<div class=\"e-con-inner\">\n\t\t\t\t<div class=\"elementor-element elementor-element-f0b4960 elementor-widget elementor-widget-heading\" data-id=\"f0b4960\" data-element_type=\"widget\" data-e-type=\"widget\" data-widget_type=\"heading.default\">\n\t\t\t\t<div class=\"elementor-widget-container\">\n\t\t\t\t\t<h2 class=\"elementor-heading-title elementor-size-default\"><a href=\"https:\/\/walktuk.com\/pt-pt\/reserva\/\">Reserva agora e descobre Palma de Maiorca como nunca antes com as nossas visitas guiadas em Palma de tuk tuk!<\/a><\/h2>\t\t\t\t<\/div>\n\t\t\t\t<\/div>\n\t\t\t\t\t<\/div>\n\t\t\t\t<\/div>\n\t\t\t\t<\/div>\n\t\t","protected":false},"excerpt":{"rendered":"<p>TOUR PRIVADO EM TUK TUK MAIORCA Descobre Palma de Maiorca \u00e0 tua maneira CONTACTE-NOS Explore Palma de Maiorca de uma forma \u00fanica e personalizada com nossos passeios privados em Palma . Descubra a magia da ilha explorando suas ruas hist\u00f3ricas, pra\u00e7as vibrantes e vistas espetaculares do mar no conforto de um tuk tuk el\u00e9trico . [&hellip;]<\/p>\n","protected":false},"author":1,"featured_media":0,"parent":5130,"menu_order":0,"comment_status":"closed","ping_status":"closed","template":"","meta":{"site-sidebar-layout":"no-sidebar","site-content-layout":"page-builder","ast-site-content-layout":"full-width-container","site-content-style":"default","site-sidebar-style":"default","ast-global-header-display":"","ast-banner-title-visibility":"","ast-main-header-display":"","ast-hfb-above-header-display":"","ast-hfb-below-header-display":"","ast-hfb-mobile-header-display":"","site-post-title":"disabled","ast-breadcrumbs-content":"","ast-featured-img":"disabled","footer-sml-layout":"","ast-disable-related-posts":"","theme-transparent-header-meta":"","adv-header-id-meta":"","stick-header-meta":"","header-above-stick-meta":"","header-main-stick-meta":"","header-below-stick-meta":"","astra-migrate-meta-layouts":"default","ast-page-background-enabled":"default","ast-page-background-meta":{"desktop":{"background-color":"var(--ast-global-color-5)","background-image":"","background-repeat":"repeat","background-position":"center center","background-size":"auto","background-attachment":"scroll","background-type":"","background-media":"","overlay-type":"","overlay-color":"","overlay-opacity":"","overlay-gradient":""},"tablet":{"background-color":"","background-image":"","background-repeat":"repeat","background-position":"center center","background-size":"auto","background-attachment":"scroll","background-type":"","background-media":"","overlay-type":"","overlay-color":"","overlay-opacity":"","overlay-gradient":""},"mobile":{"background-color":"","background-image":"","background-repeat":"repeat","background-position":"center center","background-size":"auto","background-attachment":"scroll","background-type":"","background-media":"","overlay-type":"","overlay-color":"","overlay-opacity":"","overlay-gradient":""}},"ast-content-background-meta":{"desktop":{"background-color":"var(--ast-global-color-4)","background-image":"","background-repeat":"repeat","background-position":"center center","background-size":"auto","background-attachment":"scroll","background-type":"","background-media":"","overlay-type":"","overlay-color":"","overlay-opacity":"","overlay-gradient":""},"tablet":{"background-color":"var(--ast-global-color-4)","background-image":"","background-repeat":"repeat","background-position":"center center","background-size":"auto","background-attachment":"scroll","background-type":"","background-media":"","overlay-type":"","overlay-color":"","overlay-opacity":"","overlay-gradient":""},"mobile":{"background-color":"var(--ast-global-color-4)","background-image":"","background-repeat":"repeat","background-position":"center center","background-size":"auto","background-attachment":"scroll","background-type":"","background-media":"","overlay-type":"","overlay-color":"","overlay-opacity":"","overlay-gradient":""}},"footnotes":""},"class_list":["post-5146","page","type-page","status-publish","hentry"],"aioseo_notices":[],"_links":{"self":[{"href":"https:\/\/walktuk.com\/pt-pt\/wp-json\/wp\/v2\/pages\/5146","targetHints":{"allow":["GET"]}}],"collection":[{"href":"https:\/\/walktuk.com\/pt-pt\/wp-json\/wp\/v2\/pages"}],"about":[{"href":"https:\/\/walktuk.com\/pt-pt\/wp-json\/wp\/v2\/types\/page"}],"author":[{"embeddable":true,"href":"https:\/\/walktuk.com\/pt-pt\/wp-json\/wp\/v2\/users\/1"}],"replies":[{"embeddable":true,"href":"https:\/\/walktuk.com\/pt-pt\/wp-json\/wp\/v2\/comments?post=5146"}],"version-history":[{"count":15,"href":"https:\/\/walktuk.com\/pt-pt\/wp-json\/wp\/v2\/pages\/5146\/revisions"}],"predecessor-version":[{"id":11417,"href":"https:\/\/walktuk.com\/pt-pt\/wp-json\/wp\/v2\/pages\/5146\/revisions\/11417"}],"up":[{"embeddable":true,"href":"https:\/\/walktuk.com\/pt-pt\/wp-json\/wp\/v2\/pages\/5130"}],"wp:attachment":[{"href":"https:\/\/walktuk.com\/pt-pt\/wp-json\/wp\/v2\/media?parent=5146"}],"curies":[{"name":"wp","href":"https:\/\/api.w.org\/{rel}","templated":true}]}}