{"id":8679,"date":"2025-07-01T17:56:34","date_gmt":"2025-07-01T17:56:34","guid":{"rendered":"https:\/\/walktuk.com\/valencia\/paseo-en-barco\/"},"modified":"2025-07-27T11:53:13","modified_gmt":"2025-07-27T09:53:13","slug":"paseo-en-barco","status":"publish","type":"page","link":"https:\/\/walktuk.com\/pt-pt\/valencia\/paseo-en-barco\/","title":{"rendered":"Passeio de barco"},"content":{"rendered":"\t\t<div data-elementor-type=\"wp-page\" data-elementor-id=\"8679\" class=\"elementor elementor-8679 elementor-8503\">\n\t\t\t\t<div class=\"elementor-element elementor-element-7820760 e-flex e-con-boxed e-con e-parent\" data-id=\"7820760\" data-element_type=\"container\" data-e-type=\"container\" data-settings=\"{&quot;background_background&quot;:&quot;classic&quot;}\">\n\t\t\t\t\t<div class=\"e-con-inner\">\n\t\t\t\t<div class=\"elementor-element elementor-element-e5820c8 elementor-widget elementor-widget-heading\" data-id=\"e5820c8\" data-element_type=\"widget\" data-e-type=\"widget\" data-widget_type=\"heading.default\">\n\t\t\t\t<div class=\"elementor-widget-container\">\n\t\t\t\t\t<h1 class=\"elementor-heading-title elementor-size-default\">Passeio de Barco pela Costa de Val\u00eancia:<br>Rotas Privadas de 2 e 4 Horas<\/h1>\t\t\t\t<\/div>\n\t\t\t\t<\/div>\n\t\t\t\t\t<\/div>\n\t\t\t\t<\/div>\n\t\t<div class=\"elementor-element elementor-element-364512a e-flex e-con-boxed e-con e-parent\" data-id=\"364512a\" data-element_type=\"container\" data-e-type=\"container\" data-settings=\"{&quot;background_background&quot;:&quot;classic&quot;,&quot;shape_divider_bottom&quot;:&quot;opacity-fan&quot;}\">\n\t\t\t\t\t<div class=\"e-con-inner\">\n\t\t\t\t<div class=\"elementor-shape elementor-shape-bottom\" aria-hidden=\"true\" data-negative=\"false\">\n\t\t\t<svg xmlns=\"http:\/\/www.w3.org\/2000\/svg\" viewBox=\"0 0 283.5 19.6\" preserveAspectRatio=\"none\">\n\t<path class=\"elementor-shape-fill\" style=\"opacity:0.33\" d=\"M0 0L0 18.8 141.8 4.1 283.5 18.8 283.5 0z\"\/>\n\t<path class=\"elementor-shape-fill\" style=\"opacity:0.33\" d=\"M0 0L0 12.6 141.8 4 283.5 12.6 283.5 0z\"\/>\n\t<path class=\"elementor-shape-fill\" style=\"opacity:0.33\" d=\"M0 0L0 6.4 141.8 4 283.5 6.4 283.5 0z\"\/>\n\t<path class=\"elementor-shape-fill\" d=\"M0 0L0 1.2 141.8 4 283.5 1.2 283.5 0z\"\/>\n<\/svg>\t\t<\/div>\n\t\t<div class=\"elementor-element elementor-element-7782ed0 e-con-full e-flex e-con e-child\" data-id=\"7782ed0\" data-element_type=\"container\" data-e-type=\"container\">\n\t\t\t\t<div class=\"elementor-element elementor-element-09e9cf2 elementor-widget elementor-widget-heading\" data-id=\"09e9cf2\" data-element_type=\"widget\" data-e-type=\"widget\" data-widget_type=\"heading.default\">\n\t\t\t\t<div class=\"elementor-widget-container\">\n\t\t\t\t\t<h2 class=\"elementor-heading-title elementor-size-default\">Desfrute de um Passeio de Barco pela Costa de Val\u00eancia<\/h2>\t\t\t\t<\/div>\n\t\t\t\t<\/div>\n\t\t\t\t<div class=\"elementor-element elementor-element-141d7cd elementor-widget elementor-widget-text-editor\" data-id=\"141d7cd\" data-element_type=\"widget\" data-e-type=\"widget\" data-widget_type=\"text-editor.default\">\n\t\t\t\t<div class=\"elementor-widget-container\">\n\t\t\t\t\t\t\t\t\t<p data-start=\"156\" data-end=\"501\">Descubra Val\u00eancia de uma perspetiva \u00fanica, combinando a energia das suas ruas com a serenidade do mar Mediterr\u00e2neo. O nosso passeio de barco privado, em colabora\u00e7\u00e3o com <em data-start=\"330\" data-end=\"341\">MyBestDay<\/em>, convida-o a viver uma experi\u00eancia diferente: navegar pela costa valenciana com total exclusividade, sem pressas nem multid\u00f5es, s\u00f3 voc\u00ea, o mar e o seu grupo.<\/p><p data-start=\"156\" data-end=\"501\"><br><\/p>\n<p data-start=\"503\" data-end=\"885\">Deixe-se levar pela brisa marinha enquanto desfruta de vistas inigual\u00e1veis do skyline da cidade, funda em \u00e1guas cristalinas para dar um mergulho e brinde a bordo com uma bebida fresca. Tudo foi pensado para que desligue, relaxe e viva o Mediterr\u00e2neo \u00e0 sua maneira.<\/p><p data-start=\"503\" data-end=\"885\"><br><\/p>\n<p data-start=\"503\" data-end=\"885\"><strong>Com capacidade para at\u00e9 10 pessoas por embarca\u00e7\u00e3o<\/strong>, \u00e9 a op\u00e7\u00e3o ideal para casais, grupos de amigos ou fam\u00edlias que procuram algo mais do que um simples passeio.<\/p>\t\t\t\t\t\t\t\t<\/div>\n\t\t\t\t<\/div>\n\t\t\t\t<\/div>\n\t\t<div class=\"elementor-element elementor-element-0f80e09 e-con-full e-flex e-con e-child\" data-id=\"0f80e09\" data-element_type=\"container\" data-e-type=\"container\">\n\t\t\t\t<div class=\"elementor-element elementor-element-b58a00f elementor-widget elementor-widget-image\" data-id=\"b58a00f\" data-element_type=\"widget\" data-e-type=\"widget\" data-widget_type=\"image.default\">\n\t\t\t\t<div class=\"elementor-widget-container\">\n\t\t\t\t\t\t\t\t\t\t\t\t\t\t\t<img decoding=\"async\" src=\"https:\/\/walktuk.com\/wp-content\/uploads\/elementor\/thumbs\/WhatsApp-Image-2025-06-16-at-10.13.45-r84oofcp76k8iprhcakb46ltpgk6m8j0cwv2ilk7i8.jpg\" title=\"WhatsApp Image 2025-06-16 at 10.13.45\" alt=\"WhatsApp Image 2025-06-16 at 10.13.45\" loading=\"lazy\" \/>\t\t\t\t\t\t\t\t\t\t\t\t\t\t\t<\/div>\n\t\t\t\t<\/div>\n\t\t\t\t<\/div>\n\t\t<div class=\"elementor-element elementor-element-7407321 e-con-full e-flex e-con e-child\" data-id=\"7407321\" data-element_type=\"container\" data-e-type=\"container\">\n\t\t\t\t<div class=\"elementor-element elementor-element-26b1553 elementor-widget elementor-widget-image\" data-id=\"26b1553\" data-element_type=\"widget\" data-e-type=\"widget\" data-widget_type=\"image.default\">\n\t\t\t\t<div class=\"elementor-widget-container\">\n\t\t\t\t\t\t\t\t\t\t\t\t\t\t\t<img decoding=\"async\" src=\"https:\/\/walktuk.com\/wp-content\/uploads\/elementor\/thumbs\/WhatsApp-Image-2025-06-16-at-09.57.31-1-r84orz6r0nf8dolslttkjacihv23p2mi6hl3s8ao00.jpg\" title=\"WhatsApp Image 2025-06-16 at 09.57.31 (1)\" alt=\"WhatsApp Image 2025-06-16 at 09.57.31 (1)\" loading=\"lazy\" \/>\t\t\t\t\t\t\t\t\t\t\t\t\t\t\t<\/div>\n\t\t\t\t<\/div>\n\t\t\t\t<\/div>\n\t\t<div class=\"elementor-element elementor-element-51edcc1 e-con-full e-flex e-con e-child\" data-id=\"51edcc1\" data-element_type=\"container\" data-e-type=\"container\">\n\t\t\t\t<div class=\"elementor-element elementor-element-6ab8a5f elementor-widget elementor-widget-heading\" data-id=\"6ab8a5f\" data-element_type=\"widget\" data-e-type=\"widget\" data-widget_type=\"heading.default\">\n\t\t\t\t<div class=\"elementor-widget-container\">\n\t\t\t\t\t<h2 class=\"elementor-heading-title elementor-size-default\">Op\u00e7\u00f5es de Passeio de Barco: Rotas de 2 e 4 Horas\n\n<\/h2>\t\t\t\t<\/div>\n\t\t\t\t<\/div>\n\t\t\t\t<div class=\"elementor-element elementor-element-7ad1fc5 elementor-widget elementor-widget-text-editor\" data-id=\"7ad1fc5\" data-element_type=\"widget\" data-e-type=\"widget\" data-widget_type=\"text-editor.default\">\n\t\t\t\t<div class=\"elementor-widget-container\">\n\t\t\t\t\t\t\t\t\t<p data-start=\"162\" data-end=\"293\">Oferecemos-lhe duas rotas de passeio de barco pensadas para se adaptarem ao seu ritmo e ao que procura para o seu dia perfeito no mar:<\/p><ul data-start=\"295\" data-end=\"804\"><li data-start=\"295\" data-end=\"528\"><p data-start=\"297\" data-end=\"528\"><strong data-start=\"297\" data-end=\"316\">Rota de 2 horas<\/strong><br data-start=\"316\" data-end=\"319\">Ideal para quem quer desligar durante um par de horas, desfrutar da brisa marinha, dar um mergulho refrescante em alto mar e relaxar com uma bebida a bordo enquanto navega pela costa de Val\u00eancia.<\/p><\/li><li data-start=\"530\" data-end=\"804\"><p data-start=\"532\" data-end=\"804\"><strong data-start=\"532\" data-end=\"551\">Rota de 4 horas<\/strong><br data-start=\"551\" data-end=\"554\">Uma experi\u00eancia mais completa para quem deseja saborear o Mediterr\u00e2neo com calma. Esta travessia inclui mais tempo de navega\u00e7\u00e3o, paragens para banho, snacks a bordo e a possibilidade de desfrutar de atividades como paddle surf* em zonas tranquilas.<\/p><\/li><\/ul><p data-start=\"808\" data-end=\"859\">*O paddle surf n\u00e3o est\u00e1 inclu\u00eddo no pre\u00e7o base.<\/p>\t\t\t\t\t\t\t\t<\/div>\n\t\t\t\t<\/div>\n\t\t\t\t<\/div>\n\t\t<div class=\"elementor-element elementor-element-9a6be3c e-con-full e-flex e-con e-child\" data-id=\"9a6be3c\" data-element_type=\"container\" data-e-type=\"container\">\n\t\t\t\t<div class=\"elementor-element elementor-element-ce9f490 elementor-widget elementor-widget-heading\" data-id=\"ce9f490\" data-element_type=\"widget\" data-e-type=\"widget\" data-widget_type=\"heading.default\">\n\t\t\t\t<div class=\"elementor-widget-container\">\n\t\t\t\t\t<h2 class=\"elementor-heading-title elementor-size-default\">O que Inclui o Nosso Passeio de Barco Privado?\n\n<\/h2>\t\t\t\t<\/div>\n\t\t\t\t<\/div>\n\t\t\t\t<div class=\"elementor-element elementor-element-b051162 elementor-widget elementor-widget-text-editor\" data-id=\"b051162\" data-element_type=\"widget\" data-e-type=\"widget\" data-widget_type=\"text-editor.default\">\n\t\t\t\t<div class=\"elementor-widget-container\">\n\t\t\t\t\t\t\t\t\t<p><strong data-start=\"178\" data-end=\"218\">Barco privado com skipper profissional<\/strong><br data-start=\"218\" data-end=\"221\">Navegue com total tranquilidade acompanhado por um skipper experiente que conhece a costa valenciana na perfei\u00e7\u00e3o.<\/p><p><br><\/p>\n<p><strong data-start=\"1121\" data-end=\"1167\">Capacidade para grupos de at\u00e9 10 pessoas<\/strong><br data-start=\"1167\" data-end=\"1170\">Perfeito para desfrutar em fam\u00edlia, com amigos ou em pequenos eventos privados com total comodidade.<\/p><p><br><\/p>\n<p data-start=\"178\" data-end=\"337\"><strong data-start=\"341\" data-end=\"375\">Bebidas frescas e snacks a bordo<\/strong><br data-start=\"375\" data-end=\"378\">Desfrute de refrigerantes e aperitivos enquanto relaxa ao sol ou contempla as vistas a partir do conv\u00e9s.<\/p><p data-start=\"178\" data-end=\"337\"><br><\/p>\n<p data-start=\"483\" data-end=\"648\"><strong data-start=\"483\" data-end=\"516\">Paragens para banho em alto mar<\/strong><br data-start=\"516\" data-end=\"519\">Fundeamos em zonas tranquilas para que possa dar um mergulho em \u00e1guas cristalinas e desfrutar do Mediterr\u00e2neo como deve ser.<\/p><p data-start=\"483\" data-end=\"648\"><br><\/p>\n<p data-start=\"652\" data-end=\"837\"><strong data-start=\"652\" data-end=\"702\">Possibilidade de combinar com um tour em tuk tuk<\/strong><br data-start=\"702\" data-end=\"705\">Comece o dia em Val\u00eancia navegando pela sua costa e termine explorando por terra. Uma experi\u00eancia completa e perfeitamente coordenada.<\/p>\t\t\t\t\t\t\t\t<\/div>\n\t\t\t\t<\/div>\n\t\t\t\t<\/div>\n\t\t<div class=\"elementor-element elementor-element-da2440b e-con-full e-flex e-con e-child\" data-id=\"da2440b\" data-element_type=\"container\" data-e-type=\"container\">\n\t\t\t\t<div class=\"elementor-element elementor-element-aaf5c41 elementor-widget elementor-widget-image\" data-id=\"aaf5c41\" data-element_type=\"widget\" data-e-type=\"widget\" data-widget_type=\"image.default\">\n\t\t\t\t<div class=\"elementor-widget-container\">\n\t\t\t\t\t\t\t\t\t\t\t\t\t\t\t<img decoding=\"async\" src=\"https:\/\/walktuk.com\/wp-content\/uploads\/elementor\/thumbs\/WhatsApp-Image-2025-06-16-at-09.57.29-r84otncf61pl0q6eujtoyv60iitldp9bqrc6hxtgxs.jpg\" title=\"WhatsApp Image 2025-06-16 at 09.57.29\" alt=\"WhatsApp Image 2025-06-16 at 09.57.29\" loading=\"lazy\" \/>\t\t\t\t\t\t\t\t\t\t\t\t\t\t\t<\/div>\n\t\t\t\t<\/div>\n\t\t\t\t<\/div>\n\t\t\t\t\t<\/div>\n\t\t\t\t<\/div>\n\t\t<div class=\"elementor-element elementor-element-d2339c6 e-flex e-con-boxed e-con e-parent\" data-id=\"d2339c6\" data-element_type=\"container\" data-e-type=\"container\">\n\t\t\t\t\t<div class=\"e-con-inner\">\n\t\t\t\t<div class=\"elementor-element elementor-element-b8ed162 elementor-widget elementor-widget-heading\" data-id=\"b8ed162\" data-element_type=\"widget\" data-e-type=\"widget\" data-widget_type=\"heading.default\">\n\t\t\t\t<div class=\"elementor-widget-container\">\n\t\t\t\t\t<h2 class=\"elementor-heading-title elementor-size-default\">Reserve j\u00e1 o seu Passeio de Barco em Val\u00eancia!<\/h2>\t\t\t\t<\/div>\n\t\t\t\t<\/div>\n\t\t\t\t<div class=\"elementor-element elementor-element-60974d2 elementor-widget elementor-widget-text-editor\" data-id=\"60974d2\" data-element_type=\"widget\" data-e-type=\"widget\" data-widget_type=\"text-editor.default\">\n\t\t\t\t<div class=\"elementor-widget-container\">\n\t\t\t\t\t\t\t\t\t<p data-start=\"143\" data-end=\"489\">N\u00e3o pense mais: o plano perfeito est\u00e1 \u00e0 sua espera. Reserve agora o seu passeio de barco por Val\u00eancia e viva uma experi\u00eancia exclusiva no mar com skipper, bebida e paragem para banho.<\/p><p data-start=\"143\" data-end=\"489\"><br data-start=\"327\" data-end=\"330\">Quer o pack completo? Adicione o nosso tour em tuk tuk e desfrute de Val\u00eancia por terra e mar num s\u00f3 dia. Vagas limitadas, reserve j\u00e1 e garanta a sua data!<\/p>\t\t\t\t\t\t\t\t<\/div>\n\t\t\t\t<\/div>\n\t\t\t\t<div class=\"elementor-element elementor-element-56865e1 elementor-widget elementor-widget-image\" data-id=\"56865e1\" data-element_type=\"widget\" data-e-type=\"widget\" data-widget_type=\"image.default\">\n\t\t\t\t<div class=\"elementor-widget-container\">\n\t\t\t\t\t\t\t\t\t\t\t\t\t\t\t<img fetchpriority=\"high\" decoding=\"async\" width=\"1024\" height=\"768\" src=\"https:\/\/walktuk.com\/wp-content\/uploads\/2025\/07\/WhatsApp-Image-2025-06-16-at-09.57.27-1-1024x768.jpg\" class=\"attachment-large size-large wp-image-8535\" alt=\"\" srcset=\"https:\/\/walktuk.com\/wp-content\/uploads\/2025\/07\/WhatsApp-Image-2025-06-16-at-09.57.27-1-1024x768.jpg 1024w, https:\/\/walktuk.com\/wp-content\/uploads\/2025\/07\/WhatsApp-Image-2025-06-16-at-09.57.27-1-300x225.jpg 300w, https:\/\/walktuk.com\/wp-content\/uploads\/2025\/07\/WhatsApp-Image-2025-06-16-at-09.57.27-1-768x576.jpg 768w, https:\/\/walktuk.com\/wp-content\/uploads\/2025\/07\/WhatsApp-Image-2025-06-16-at-09.57.27-1-1536x1152.jpg 1536w, https:\/\/walktuk.com\/wp-content\/uploads\/2025\/07\/WhatsApp-Image-2025-06-16-at-09.57.27-1.jpg 2048w\" sizes=\"(max-width: 1024px) 100vw, 1024px\" \/>\t\t\t\t\t\t\t\t\t\t\t\t\t\t\t<\/div>\n\t\t\t\t<\/div>\n\t\t\t\t\t<\/div>\n\t\t\t\t<\/div>\n\t\t<div class=\"elementor-element elementor-element-a4abfe5 e-flex e-con-boxed e-con e-parent\" data-id=\"a4abfe5\" data-element_type=\"container\" data-e-type=\"container\" data-settings=\"{&quot;background_background&quot;:&quot;classic&quot;}\">\n\t\t\t\t\t<div class=\"e-con-inner\">\n\t\t\t\t<div class=\"elementor-element elementor-element-50475a8 elementor-widget elementor-widget-heading\" data-id=\"50475a8\" data-element_type=\"widget\" data-e-type=\"widget\" data-widget_type=\"heading.default\">\n\t\t\t\t<div class=\"elementor-widget-container\">\n\t\t\t\t\t<h2 class=\"elementor-heading-title elementor-size-default\">Reserve j\u00e1 o seu passeio de barco por Val\u00eancia e viva uma experi\u00eancia inesquec\u00edvel!<\/h2>\t\t\t\t<\/div>\n\t\t\t\t<\/div>\n\t\t\t\t\t<\/div>\n\t\t\t\t<\/div>\n\t\t\t\t<\/div>\n\t\t","protected":false},"excerpt":{"rendered":"<p>Passeio de Barco pela Costa de Val\u00eancia:Rotas Privadas de 2 e 4 Horas Desfrute de um Passeio de Barco pela Costa de Val\u00eancia Descubra Val\u00eancia de uma perspetiva \u00fanica, combinando a energia das suas ruas com a serenidade do mar Mediterr\u00e2neo. O nosso passeio de barco privado, em colabora\u00e7\u00e3o com MyBestDay, convida-o a viver uma [&hellip;]<\/p>\n","protected":false},"author":1,"featured_media":0,"parent":6054,"menu_order":0,"comment_status":"closed","ping_status":"closed","template":"","meta":{"site-sidebar-layout":"no-sidebar","site-content-layout":"page-builder","ast-site-content-layout":"full-width-container","site-content-style":"default","site-sidebar-style":"default","ast-global-header-display":"","ast-banner-title-visibility":"","ast-main-header-display":"","ast-hfb-above-header-display":"","ast-hfb-below-header-display":"","ast-hfb-mobile-header-display":"","site-post-title":"disabled","ast-breadcrumbs-content":"","ast-featured-img":"disabled","footer-sml-layout":"","ast-disable-related-posts":"","theme-transparent-header-meta":"","adv-header-id-meta":"","stick-header-meta":"","header-above-stick-meta":"","header-main-stick-meta":"","header-below-stick-meta":"","astra-migrate-meta-layouts":"default","ast-page-background-enabled":"default","ast-page-background-meta":{"desktop":{"background-color":"var(--ast-global-color-5)","background-image":"","background-repeat":"repeat","background-position":"center center","background-size":"auto","background-attachment":"scroll","background-type":"","background-media":"","overlay-type":"","overlay-color":"","overlay-opacity":"","overlay-gradient":""},"tablet":{"background-color":"","background-image":"","background-repeat":"repeat","background-position":"center center","background-size":"auto","background-attachment":"scroll","background-type":"","background-media":"","overlay-type":"","overlay-color":"","overlay-opacity":"","overlay-gradient":""},"mobile":{"background-color":"","background-image":"","background-repeat":"repeat","background-position":"center center","background-size":"auto","background-attachment":"scroll","background-type":"","background-media":"","overlay-type":"","overlay-color":"","overlay-opacity":"","overlay-gradient":""}},"ast-content-background-meta":{"desktop":{"background-color":"var(--ast-global-color-4)","background-image":"","background-repeat":"repeat","background-position":"center center","background-size":"auto","background-attachment":"scroll","background-type":"","background-media":"","overlay-type":"","overlay-color":"","overlay-opacity":"","overlay-gradient":""},"tablet":{"background-color":"var(--ast-global-color-4)","background-image":"","background-repeat":"repeat","background-position":"center center","background-size":"auto","background-attachment":"scroll","background-type":"","background-media":"","overlay-type":"","overlay-color":"","overlay-opacity":"","overlay-gradient":""},"mobile":{"background-color":"var(--ast-global-color-4)","background-image":"","background-repeat":"repeat","background-position":"center center","background-size":"auto","background-attachment":"scroll","background-type":"","background-media":"","overlay-type":"","overlay-color":"","overlay-opacity":"","overlay-gradient":""}},"footnotes":""},"class_list":["post-8679","page","type-page","status-publish","hentry"],"aioseo_notices":[],"_links":{"self":[{"href":"https:\/\/walktuk.com\/pt-pt\/wp-json\/wp\/v2\/pages\/8679","targetHints":{"allow":["GET"]}}],"collection":[{"href":"https:\/\/walktuk.com\/pt-pt\/wp-json\/wp\/v2\/pages"}],"about":[{"href":"https:\/\/walktuk.com\/pt-pt\/wp-json\/wp\/v2\/types\/page"}],"author":[{"embeddable":true,"href":"https:\/\/walktuk.com\/pt-pt\/wp-json\/wp\/v2\/users\/1"}],"replies":[{"embeddable":true,"href":"https:\/\/walktuk.com\/pt-pt\/wp-json\/wp\/v2\/comments?post=8679"}],"version-history":[{"count":2,"href":"https:\/\/walktuk.com\/pt-pt\/wp-json\/wp\/v2\/pages\/8679\/revisions"}],"predecessor-version":[{"id":9580,"href":"https:\/\/walktuk.com\/pt-pt\/wp-json\/wp\/v2\/pages\/8679\/revisions\/9580"}],"up":[{"embeddable":true,"href":"https:\/\/walktuk.com\/pt-pt\/wp-json\/wp\/v2\/pages\/6054"}],"wp:attachment":[{"href":"https:\/\/walktuk.com\/pt-pt\/wp-json\/wp\/v2\/media?parent=8679"}],"curies":[{"name":"wp","href":"https:\/\/api.w.org\/{rel}","templated":true}]}}