{"id":8691,"date":"2025-06-26T09:38:08","date_gmt":"2025-06-26T07:38:08","guid":{"rendered":"https:\/\/walktuk.com\/tours-privados-tuk-tuk\/"},"modified":"2026-01-22T16:16:20","modified_gmt":"2026-01-22T15:16:20","slug":"tour-tuk-tuk-privado","status":"publish","type":"page","link":"https:\/\/walktuk.com\/pt-pt\/ronda\/tour-tuk-tuk-privado\/","title":{"rendered":"Tours Privados"},"content":{"rendered":"\t\t<div data-elementor-type=\"wp-page\" data-elementor-id=\"8691\" class=\"elementor elementor-8691 elementor-8264\">\n\t\t\t\t<div class=\"elementor-element elementor-element-7454d056 e-flex e-con-boxed e-con e-parent\" data-id=\"7454d056\" data-element_type=\"container\" data-e-type=\"container\" data-settings=\"{&quot;background_background&quot;:&quot;classic&quot;,&quot;shape_divider_bottom&quot;:&quot;opacity-fan&quot;}\">\n\t\t\t\t\t<div class=\"e-con-inner\">\n\t\t\t\t<div class=\"elementor-shape elementor-shape-bottom\" aria-hidden=\"true\" data-negative=\"false\">\n\t\t\t<svg xmlns=\"http:\/\/www.w3.org\/2000\/svg\" viewBox=\"0 0 283.5 19.6\" preserveAspectRatio=\"none\">\n\t<path class=\"elementor-shape-fill\" style=\"opacity:0.33\" d=\"M0 0L0 18.8 141.8 4.1 283.5 18.8 283.5 0z\"\/>\n\t<path class=\"elementor-shape-fill\" style=\"opacity:0.33\" d=\"M0 0L0 12.6 141.8 4 283.5 12.6 283.5 0z\"\/>\n\t<path class=\"elementor-shape-fill\" style=\"opacity:0.33\" d=\"M0 0L0 6.4 141.8 4 283.5 6.4 283.5 0z\"\/>\n\t<path class=\"elementor-shape-fill\" d=\"M0 0L0 1.2 141.8 4 283.5 1.2 283.5 0z\"\/>\n<\/svg>\t\t<\/div>\n\t\t\t\t<div class=\"elementor-element elementor-element-255627df elementor-widget elementor-widget-heading\" data-id=\"255627df\" data-element_type=\"widget\" data-e-type=\"widget\" data-widget_type=\"heading.default\">\n\t\t\t\t<div class=\"elementor-widget-container\">\n\t\t\t\t\t<h1 class=\"elementor-heading-title elementor-size-default\"><u><b>TOUR PRIVADO EM TUK TUK RONDA<\/b><\/u><\/h1>\t\t\t\t<\/div>\n\t\t\t\t<\/div>\n\t\t\t\t<div class=\"elementor-element elementor-element-1a56a1ca elementor-widget elementor-widget-heading\" data-id=\"1a56a1ca\" data-element_type=\"widget\" data-e-type=\"widget\" data-widget_type=\"heading.default\">\n\t\t\t\t<div class=\"elementor-widget-container\">\n\t\t\t\t\t<h2 class=\"elementor-heading-title elementor-size-default\">Uma experi\u00eancia privada, ecol\u00f3gica e ao seu ritmo\n<\/h2>\t\t\t\t<\/div>\n\t\t\t\t<\/div>\n\t\t\t\t<div class=\"elementor-element elementor-element-91a5075 elementor-align-left elementor-widget elementor-widget-button\" data-id=\"91a5075\" data-element_type=\"widget\" data-e-type=\"widget\" data-widget_type=\"button.default\">\n\t\t\t\t<div class=\"elementor-widget-container\">\n\t\t\t\t\t\t\t\t\t<div class=\"elementor-button-wrapper\">\n\t\t\t\t\t<a class=\"elementor-button elementor-button-link elementor-size-sm\" href=\"https:\/\/walktuk.com\/pt-pt\/contacto\/\">\n\t\t\t\t\t\t<span class=\"elementor-button-content-wrapper\">\n\t\t\t\t\t\t\t\t\t<span class=\"elementor-button-text\">CONTACTE-NOS<\/span>\n\t\t\t\t\t<\/span>\n\t\t\t\t\t<\/a>\n\t\t\t\t<\/div>\n\t\t\t\t\t\t\t\t<\/div>\n\t\t\t\t<\/div>\n\t\t\t\t\t<\/div>\n\t\t\t\t<\/div>\n\t\t<div class=\"elementor-element elementor-element-26d989ca e-flex e-con-boxed e-con e-parent\" data-id=\"26d989ca\" data-element_type=\"container\" data-e-type=\"container\">\n\t\t\t\t\t<div class=\"e-con-inner\">\n\t\t<div class=\"elementor-element elementor-element-1cc89e e-con-full e-flex e-con e-child\" data-id=\"1cc89e\" data-element_type=\"container\" data-e-type=\"container\">\n\t\t\t\t<div class=\"elementor-element elementor-element-98e8101 elementor-widget elementor-widget-text-editor\" data-id=\"98e8101\" data-element_type=\"widget\" data-e-type=\"widget\" data-widget_type=\"text-editor.default\">\n\t\t\t\t<div class=\"elementor-widget-container\">\n\t\t\t\t\t\t\t\t\t<p data-start=\"281\" data-end=\"585\"><strong data-start=\"281\" data-end=\"366\">Descubra Ronda como nunca antes com os nossos tours privados em tuk tuk el\u00e9trico.<\/strong>&nbsp;<span style=\"font-style: inherit; font-weight: inherit;\">Viva uma experi\u00eancia exclusiva percorrendo esta joia andaluza com total comodidade, privacidade e ao seu pr\u00f3prio ritmo. Mergulhe na sua hist\u00f3ria, nas suas paisagens e na sua ess\u00eancia \u00fanica a partir de uma perspetiva diferente e sustent\u00e1vel.<\/span><\/p>\n<p data-start=\"281\" data-end=\"585\"><br><\/p>\n<p data-start=\"587\" data-end=\"850\">Os nossos tours s\u00e3o desenhados para lhe oferecer uma experi\u00eancia personalizada em que cada detalhe se adapta a si. Um guia local especializado ir\u00e1 acompanh\u00e1-lo em todos os momentos, partilhando consigo anedotas, segredos e curiosidades que s\u00f3 um verdadeiro habitante de Ronda conhece.<\/p>\n<p data-start=\"587\" data-end=\"850\"><br><\/p>\n<p data-start=\"852\" data-end=\"1095\">Explorar\u00e1 os lugares mais emblem\u00e1ticos de Ronda, como a Puente Nuevo, o centro hist\u00f3rico, os banhos \u00e1rabes ou os miradouros mais impressionantes do Tajo, enquanto descobre recantos menos conhecidos que surpreendem pela sua beleza e autenticidade.<\/p>\n<p data-start=\"852\" data-end=\"1095\"><br><\/p>\n<p data-start=\"1097\" data-end=\"1419\">Quer seja a sua primeira vez em Ronda ou queira redescobri-la a partir de uma perspetiva \u00edntima e relaxada, os nossos tours privados s\u00e3o a combina\u00e7\u00e3o perfeita de cultura, paisagem e emo\u00e7\u00e3o. Ideal para casais, fam\u00edlias ou pequenos grupos que desejam uma experi\u00eancia \u00fanica, sem aglomera\u00e7\u00f5es e com a liberdade de desfrutar de cada paragem.<\/p>\n<p data-start=\"1097\" data-end=\"1419\"><br><\/p>\n<p data-start=\"1421\" data-end=\"1470\"><strong data-start=\"1421\" data-end=\"1470\">Suba a bordo, relaxe e deixe que Ronda o apaixone.<\/strong><\/p>\t\t\t\t\t\t\t\t<\/div>\n\t\t\t\t<\/div>\n\t\t\t\t<\/div>\n\t\t<div class=\"elementor-element elementor-element-6f4a38b4 e-con-full e-flex e-con e-child\" data-id=\"6f4a38b4\" data-element_type=\"container\" data-e-type=\"container\">\n\t\t\t\t<div class=\"elementor-element elementor-element-25ff16ff elementor-widget elementor-widget-image\" data-id=\"25ff16ff\" data-element_type=\"widget\" data-e-type=\"widget\" data-widget_type=\"image.default\">\n\t\t\t\t<div class=\"elementor-widget-container\">\n\t\t\t\t\t\t\t\t\t\t\t\t\t\t\t<img fetchpriority=\"high\" decoding=\"async\" width=\"1152\" height=\"1536\" src=\"https:\/\/walktuk.com\/wp-content\/uploads\/2025\/06\/1750349126341-1152x1536.jpg\" class=\"attachment-1536x1536 size-1536x1536 wp-image-8198\" alt=\"\" srcset=\"https:\/\/walktuk.com\/wp-content\/uploads\/2025\/06\/1750349126341-1152x1536.jpg 1152w, https:\/\/walktuk.com\/wp-content\/uploads\/2025\/06\/1750349126341-225x300.jpg 225w, https:\/\/walktuk.com\/wp-content\/uploads\/2025\/06\/1750349126341-768x1024.jpg 768w, https:\/\/walktuk.com\/wp-content\/uploads\/2025\/06\/1750349126341-1536x2048.jpg 1536w, https:\/\/walktuk.com\/wp-content\/uploads\/2025\/06\/1750349126341-scaled.jpg 1920w\" sizes=\"(max-width: 1152px) 100vw, 1152px\" \/>\t\t\t\t\t\t\t\t\t\t\t\t\t\t\t<\/div>\n\t\t\t\t<\/div>\n\t\t\t\t<\/div>\n\t\t\t\t\t<\/div>\n\t\t\t\t<\/div>\n\t\t<div class=\"elementor-element elementor-element-b7c5f77 e-con-full e-flex e-con e-parent\" data-id=\"b7c5f77\" data-element_type=\"container\" data-e-type=\"container\" data-settings=\"{&quot;background_background&quot;:&quot;classic&quot;}\">\n\t\t<div class=\"elementor-element elementor-element-637ff5b3 e-con-full e-flex e-con e-child\" data-id=\"637ff5b3\" data-element_type=\"container\" data-e-type=\"container\" data-settings=\"{&quot;background_background&quot;:&quot;classic&quot;}\">\n\t\t\t\t<div class=\"elementor-element elementor-element-564c2a10 elementor-widget elementor-widget-heading\" data-id=\"564c2a10\" data-element_type=\"widget\" data-e-type=\"widget\" data-widget_type=\"heading.default\">\n\t\t\t\t<div class=\"elementor-widget-container\">\n\t\t\t\t\t<h2 class=\"elementor-heading-title elementor-size-default\">Tours privados em Ronda:<br>Uma experi\u00eancia exclusiva e flex\u00edvel<\/h2>\t\t\t\t<\/div>\n\t\t\t\t<\/div>\n\t\t\t\t<div class=\"elementor-element elementor-element-20233460 elementor-widget elementor-widget-text-editor\" data-id=\"20233460\" data-element_type=\"widget\" data-e-type=\"widget\" data-widget_type=\"text-editor.default\">\n\t\t\t\t<div class=\"elementor-widget-container\">\n\t\t\t\t\t\t\t\t\t<p data-start=\"170\" data-end=\"518\">Os nossos tours privados em Ronda s\u00e3o ideais para casais, fam\u00edlias ou grupos de amigos que querem descobrir a cidade com total liberdade e sem partilhar o ve\u00edculo com desconhecidos. Durante mais de uma hora, percorrer\u00e1 os lugares mais emblem\u00e1ticos de Ronda com a possibilidade de fazer paragens para tirar fotos e desfrutar das vistas ao seu ritmo.<\/p><p data-start=\"520\" data-end=\"912\" data-is-last-node=\"\" data-is-only-node=\"\">Este tour em tuk tuk el\u00e9trico oferece-lhe uma experi\u00eancia totalmente personalizada, com um itiner\u00e1rio que pode ser adaptado aos seus interesses. Desde explorar o centro hist\u00f3rico e atravessar a Puente Nuevo at\u00e9 descobrir miradouros escondidos, pra\u00e7as hist\u00f3ricas ou recantos menos conhecidos, tudo foi pensado para que viva uma aventura \u00fanica e inesquec\u00edvel numa das cidades mais belas da Andaluzia.<\/p>\t\t\t\t\t\t\t\t<\/div>\n\t\t\t\t<\/div>\n\t\t\t\t<\/div>\n\t\t<div class=\"elementor-element elementor-element-59efc91a e-con-full e-flex e-con e-child\" data-id=\"59efc91a\" data-element_type=\"container\" data-e-type=\"container\" data-settings=\"{&quot;background_background&quot;:&quot;classic&quot;}\">\n\t\t\t\t<div class=\"elementor-element elementor-element-52596f30 elementor-widget elementor-widget-heading\" data-id=\"52596f30\" data-element_type=\"widget\" data-e-type=\"widget\" data-widget_type=\"heading.default\">\n\t\t\t\t<div class=\"elementor-widget-container\">\n\t\t\t\t\t<h2 class=\"elementor-heading-title elementor-size-default\">Tours Privados em Ronda:<br>Ideal para qualquer ocasi\u00e3o<\/h2>\t\t\t\t<\/div>\n\t\t\t\t<\/div>\n\t\t\t\t<div class=\"elementor-element elementor-element-17158ee9 elementor-widget elementor-widget-text-editor\" data-id=\"17158ee9\" data-element_type=\"widget\" data-e-type=\"widget\" data-widget_type=\"text-editor.default\">\n\t\t\t\t<div class=\"elementor-widget-container\">\n\t\t\t\t\t\t\t\t\t<p data-start=\"97\" data-end=\"240\">O tour guiado em tuk tuk n\u00e3o \u00e9 apenas uma forma original de conhecer Ronda, mas tamb\u00e9m uma op\u00e7\u00e3o perfeita para celebrar momentos especiais.<\/p><p data-start=\"97\" data-end=\"240\"><br><\/p>\n<p data-start=\"242\" data-end=\"508\" data-is-last-node=\"\" data-is-only-node=\"\">Desfrute de um p\u00f4r do sol inesquec\u00edvel sobre o Tajo, organize uma celebra\u00e7\u00e3o de anivers\u00e1rio em fam\u00edlia ou surpreenda os seus amigos com uma despedida diferente. Este ve\u00edculo chamativo e divertido n\u00e3o passa despercebido e transforma qualquer plano numa experi\u00eancia \u00fanica.<\/p>\t\t\t\t\t\t\t\t<\/div>\n\t\t\t\t<\/div>\n\t\t\t\t<\/div>\n\t\t<div class=\"elementor-element elementor-element-27e6f828 e-con-full e-flex e-con e-child\" data-id=\"27e6f828\" data-element_type=\"container\" data-e-type=\"container\" data-settings=\"{&quot;background_background&quot;:&quot;classic&quot;}\">\n\t\t\t\t<div class=\"elementor-element elementor-element-46922e0 elementor-widget elementor-widget-heading\" data-id=\"46922e0\" data-element_type=\"widget\" data-e-type=\"widget\" data-widget_type=\"heading.default\">\n\t\t\t\t<div class=\"elementor-widget-container\">\n\t\t\t\t\t<h2 class=\"elementor-heading-title elementor-size-default\">Reservas e disponibilidade<\/h2>\t\t\t\t<\/div>\n\t\t\t\t<\/div>\n\t\t\t\t<div class=\"elementor-element elementor-element-4c3c94c6 elementor-widget elementor-widget-text-editor\" data-id=\"4c3c94c6\" data-element_type=\"widget\" data-e-type=\"widget\" data-widget_type=\"text-editor.default\">\n\t\t\t\t<div class=\"elementor-widget-container\">\n\t\t\t\t\t\t\t\t\t<p data-pm-slice=\"1 1 []\"><span style=\"color: #ffffff;\">Ao reservar, garante o ve\u00edculo completo (4 lugares), garantindo que o tuk tuk \u00e9 exclusivo para o seu grupo.&nbsp;<\/span><\/p><p data-pm-slice=\"1 1 []\"><span style=\"color: #ffffff;\"><br><\/span><\/p><p data-pm-slice=\"1 1 []\"><span style=\"color: #ffffff;\">Para grupos maiores, podem ser reservados v\u00e1rios ve\u00edculos com <strong>aviso pr\u00e9vio e sujeito a disponibilidade<\/strong>.<\/span><\/p>\t\t\t\t\t\t\t\t<\/div>\n\t\t\t\t<\/div>\n\t\t\t\t<\/div>\n\t\t<div class=\"elementor-element elementor-element-73bdc380 e-con-full e-flex e-con e-child\" data-id=\"73bdc380\" data-element_type=\"container\" data-e-type=\"container\" data-settings=\"{&quot;background_background&quot;:&quot;classic&quot;}\">\n\t\t\t\t<div class=\"elementor-element elementor-element-70f90c3 elementor-widget elementor-widget-heading\" data-id=\"70f90c3\" data-element_type=\"widget\" data-e-type=\"widget\" data-widget_type=\"heading.default\">\n\t\t\t\t<div class=\"elementor-widget-container\">\n\t\t\t\t\t<h2 class=\"elementor-heading-title elementor-size-default\">Desenhe a sua aventura em Ronda<\/h2>\t\t\t\t<\/div>\n\t\t\t\t<\/div>\n\t\t\t\t<div class=\"elementor-element elementor-element-120da0f0 elementor-widget elementor-widget-text-editor\" data-id=\"120da0f0\" data-element_type=\"widget\" data-e-type=\"widget\" data-widget_type=\"text-editor.default\">\n\t\t\t\t<div class=\"elementor-widget-container\">\n\t\t\t\t\t\t\t\t\t<p data-pm-slice=\"1 1 []\"><span style=\"color: #ffffff;\">Contacte-nos e personalize o seu percurso para viver uma experi\u00eancia aut\u00eantica com os nossos <strong>tours privados em Ronda<\/strong>.  <\/span><\/p><p data-pm-slice=\"1 1 []\"> <\/p><p data-pm-slice=\"1 1 []\"><span style=\"color: #ffffff; font-style: inherit; font-weight: inherit; text-align: var(--text-align);\">Quer deseje explorar a sua hist\u00f3ria, desfrutar da sua vibrante costa ou descobrir recantos escondidos, estamos aqui para tornar a sua visita algo inesquec\u00edvel.<\/span><\/p>\t\t\t\t\t\t\t\t<\/div>\n\t\t\t\t<\/div>\n\t\t\t\t<\/div>\n\t\t\t\t<\/div>\n\t\t<div class=\"elementor-element elementor-element-270e9a e-flex e-con-boxed e-con e-parent\" data-id=\"270e9a\" data-element_type=\"container\" data-e-type=\"container\" data-settings=\"{&quot;background_background&quot;:&quot;classic&quot;}\">\n\t\t\t\t\t<div class=\"e-con-inner\">\n\t\t\t\t<div class=\"elementor-element elementor-element-20348892 elementor-widget elementor-widget-heading\" data-id=\"20348892\" data-element_type=\"widget\" data-e-type=\"widget\" data-widget_type=\"heading.default\">\n\t\t\t\t<div class=\"elementor-widget-container\">\n\t\t\t\t\t<h2 class=\"elementor-heading-title elementor-size-default\"><a href=\"https:\/\/walktuk.com\/pt-pt\/reserva\/\">Reserve agora e descubra Ronda como nunca antes com os nossos tours privados em tuk tuk!<\/a><\/h2>\t\t\t\t<\/div>\n\t\t\t\t<\/div>\n\t\t\t\t\t<\/div>\n\t\t\t\t<\/div>\n\t\t\t\t<\/div>\n\t\t","protected":false},"excerpt":{"rendered":"<p>TOUR PRIVADO EM TUK TUK RONDA Uma experi\u00eancia privada, ecol\u00f3gica e ao seu ritmo CONTACTE-NOS Descubra Ronda como nunca antes com os nossos tours privados em tuk tuk el\u00e9trico.&nbsp;Viva uma experi\u00eancia exclusiva percorrendo esta joia andaluza com total comodidade, privacidade e ao seu pr\u00f3prio ritmo. Mergulhe na sua hist\u00f3ria, nas suas paisagens e na sua [&hellip;]<\/p>\n","protected":false},"author":1,"featured_media":0,"parent":9338,"menu_order":0,"comment_status":"closed","ping_status":"closed","template":"","meta":{"site-sidebar-layout":"no-sidebar","site-content-layout":"page-builder","ast-site-content-layout":"full-width-container","site-content-style":"default","site-sidebar-style":"default","ast-global-header-display":"","ast-banner-title-visibility":"","ast-main-header-display":"","ast-hfb-above-header-display":"","ast-hfb-below-header-display":"","ast-hfb-mobile-header-display":"","site-post-title":"disabled","ast-breadcrumbs-content":"","ast-featured-img":"disabled","footer-sml-layout":"","ast-disable-related-posts":"","theme-transparent-header-meta":"","adv-header-id-meta":"","stick-header-meta":"","header-above-stick-meta":"","header-main-stick-meta":"","header-below-stick-meta":"","astra-migrate-meta-layouts":"default","ast-page-background-enabled":"default","ast-page-background-meta":{"desktop":{"background-color":"var(--ast-global-color-5)","background-image":"","background-repeat":"repeat","background-position":"center center","background-size":"auto","background-attachment":"scroll","background-type":"","background-media":"","overlay-type":"","overlay-color":"","overlay-opacity":"","overlay-gradient":""},"tablet":{"background-color":"","background-image":"","background-repeat":"repeat","background-position":"center center","background-size":"auto","background-attachment":"scroll","background-type":"","background-media":"","overlay-type":"","overlay-color":"","overlay-opacity":"","overlay-gradient":""},"mobile":{"background-color":"","background-image":"","background-repeat":"repeat","background-position":"center center","background-size":"auto","background-attachment":"scroll","background-type":"","background-media":"","overlay-type":"","overlay-color":"","overlay-opacity":"","overlay-gradient":""}},"ast-content-background-meta":{"desktop":{"background-color":"var(--ast-global-color-4)","background-image":"","background-repeat":"repeat","background-position":"center center","background-size":"auto","background-attachment":"scroll","background-type":"","background-media":"","overlay-type":"","overlay-color":"","overlay-opacity":"","overlay-gradient":""},"tablet":{"background-color":"var(--ast-global-color-4)","background-image":"","background-repeat":"repeat","background-position":"center center","background-size":"auto","background-attachment":"scroll","background-type":"","background-media":"","overlay-type":"","overlay-color":"","overlay-opacity":"","overlay-gradient":""},"mobile":{"background-color":"var(--ast-global-color-4)","background-image":"","background-repeat":"repeat","background-position":"center center","background-size":"auto","background-attachment":"scroll","background-type":"","background-media":"","overlay-type":"","overlay-color":"","overlay-opacity":"","overlay-gradient":""}},"footnotes":""},"class_list":["post-8691","page","type-page","status-publish","hentry"],"aioseo_notices":[],"_links":{"self":[{"href":"https:\/\/walktuk.com\/pt-pt\/wp-json\/wp\/v2\/pages\/8691","targetHints":{"allow":["GET"]}}],"collection":[{"href":"https:\/\/walktuk.com\/pt-pt\/wp-json\/wp\/v2\/pages"}],"about":[{"href":"https:\/\/walktuk.com\/pt-pt\/wp-json\/wp\/v2\/types\/page"}],"author":[{"embeddable":true,"href":"https:\/\/walktuk.com\/pt-pt\/wp-json\/wp\/v2\/users\/1"}],"replies":[{"embeddable":true,"href":"https:\/\/walktuk.com\/pt-pt\/wp-json\/wp\/v2\/comments?post=8691"}],"version-history":[{"count":8,"href":"https:\/\/walktuk.com\/pt-pt\/wp-json\/wp\/v2\/pages\/8691\/revisions"}],"predecessor-version":[{"id":11399,"href":"https:\/\/walktuk.com\/pt-pt\/wp-json\/wp\/v2\/pages\/8691\/revisions\/11399"}],"up":[{"embeddable":true,"href":"https:\/\/walktuk.com\/pt-pt\/wp-json\/wp\/v2\/pages\/9338"}],"wp:attachment":[{"href":"https:\/\/walktuk.com\/pt-pt\/wp-json\/wp\/v2\/media?parent=8691"}],"curies":[{"name":"wp","href":"https:\/\/api.w.org\/{rel}","templated":true}]}}