{"id":9394,"date":"2025-05-26T20:31:31","date_gmt":"2025-05-26T18:31:31","guid":{"rendered":"https:\/\/walktuk.com\/cookies\/"},"modified":"2026-01-23T18:27:27","modified_gmt":"2026-01-23T17:27:27","slug":"cookies","status":"publish","type":"page","link":"https:\/\/walktuk.com\/pt-pt\/cookies\/","title":{"rendered":"Pol\u00edtica de cookies"},"content":{"rendered":"\n<h3 class=\"wp-block-heading\">Este site utiliza cookies<\/h3>\n\n\n\n<p>Em conformidade com a Lei 34\/2002, de 11 de Julho, sobre Servi\u00e7os da Sociedade da Informa\u00e7\u00e3o e Com\u00e9rcio Electr\u00f3nico (LSSICE), informamos que este site, Walk Tuk, utiliza cookies.<\/p>\n\n\n\n<p>A LSSICE aplica-se a qualquer tipo de ficheiro ou dispositivo que seja descarregado para o equipamento terminal de um utilizador para armazenar dados que possam ser atualizados e recuperados pela entidade respons\u00e1vel pela sua instala\u00e7\u00e3o. Um cookie \u00e9 um desses ficheiros amplamente utilizados, aos quais nos referiremos genericamente como cookies.<\/p>\n\n\n\n<p>Os cookies s\u00e3o pequenos ficheiros de texto enviados para um browser por um servidor web para registar a atividade do utilizador num website, de modo a que esta informa\u00e7\u00e3o possa ser recuperada posteriormente durante a navega\u00e7\u00e3o nas diferentes p\u00e1ginas ligadas ao servidor que os instalou.<\/p>\n\n\n\n<p>Os cookies armazenam normalmente informa\u00e7\u00f5es t\u00e9cnicas, prefer\u00eancias pessoais, personaliza\u00e7\u00e3o de conte\u00fados, estat\u00edsticas de utiliza\u00e7\u00e3o, liga\u00e7\u00f5es de redes sociais, acesso a contas de utilizador, etc.<\/p>\n\n\n\n<h3 class=\"wp-block-heading\">Tipos de Bolachas<\/h3>\n\n\n\n<p>Abaixo, segue uma classifica\u00e7\u00e3o dos biscoitos com base em v\u00e1rias categorias. No entanto, \u00e9 importante notar que um \u00fanico cookie pode pertencer a mais do que uma categoria.<\/p>\n\n\n\n<h2 class=\"wp-block-heading\">De acordo com a entidade que os gere:<\/h2>\n\n\n\n<ul class=\"wp-block-list\">\n<li>Cookies prim\u00e1rios: S\u00e3o cookies enviados para o equipamento terminal do utilizador a partir de um computador ou dom\u00ednio gerido pelo pr\u00f3prio editor, a partir do qual \u00e9 fornecido o servi\u00e7o solicitado pelo utilizador.<\/li>\n\n\n\n<li>Cookies de terceiros: S\u00e3o cookies enviados para o equipamento terminal do utilizador a partir de um computador ou dom\u00ednio n\u00e3o gerido pelo editor, mas por outra entidade que trata os dados obtidos atrav\u00e9s dos cookies.<\/li>\n<\/ul>\n\n\n\n<p>Se os cookies forem instalados a partir de um computador ou dom\u00ednio gerido pelo pr\u00f3prio editor, mas as informa\u00e7\u00f5es recolhidas atrav\u00e9s dos mesmos forem geridas por terceiros, n\u00e3o s\u00e3o considerados cookies prim\u00e1rios.<\/p>\n\n\n\n<h2 class=\"wp-block-heading\">De acordo com o tempo de perman\u00eancia:<\/h2>\n\n\n\n<p>Dependendo do tempo de perman\u00eancia no equipamento terminal, podemos distinguir entre:<\/p>\n\n\n\n<ul class=\"wp-block-list\">\n<li>Cookies de sess\u00e3o: S\u00e3o um tipo de cookies concebidos para recolher e armazenar dados enquanto o utilizador acede a um website. Normalmente, s\u00e3o utilizados para armazenar informa\u00e7\u00f5es necess\u00e1rias apenas para prestar o servi\u00e7o solicitado pelo utilizador numa \u00fanica ocasi\u00e3o (por exemplo, uma lista de produtos adquiridos).<\/li>\n\n\n\n<li>Cookies persistentes: S\u00e3o um tipo de cookie em que os dados permanecem armazenados no dispositivo do utilizador e podem ser acedidos e processados \u200b\u200bdurante um per\u00edodo definido pelo fornecedor do cookie, que varia entre alguns minutos e v\u00e1rios anos.<\/li>\n<\/ul>\n\n\n\n<h2 class=\"wp-block-heading\">De acordo com a sua finalidade<\/h2>\n\n\n\n<p>Dependendo da finalidade para a qual os dados obtidos atrav\u00e9s de cookies s\u00e3o processados, podemos distinguir entre:<\/p>\n\n\n\n<ul class=\"wp-block-list\">\n<li>Cookies t\u00e9cnicos: S\u00e3o cookies que permitem ao utilizador navegar num website, plataforma ou aplica\u00e7\u00e3o e utilizar as diferentes op\u00e7\u00f5es ou servi\u00e7os dispon\u00edveis, como controlar o tr\u00e1fego e a comunica\u00e7\u00e3o de dados, identificar a sess\u00e3o, aceder a \u00e1reas restritas, recordar itens numa encomenda, concluir o processo de compra, inscrever-se ou participar num evento, utilizar recursos de seguran\u00e7a durante a navega\u00e7\u00e3o, armazenar conte\u00fados para reprodu\u00e7\u00e3o de v\u00eddeo ou \u00e1udio ou partilhar conte\u00fados atrav\u00e9s das redes sociais.<\/li>\n\n\n\n<li>Cookies t\u00e9cnicos: Estes cookies permitem ao utilizador navegar num website, plataforma ou aplica\u00e7\u00e3o e utilizar as diferentes op\u00e7\u00f5es ou servi\u00e7os dispon\u00edveis, como controlar o tr\u00e1fego de dados e a comunica\u00e7\u00e3o, identificar a sess\u00e3o, aceder a \u00e1reas restritas, recordar itens de uma encomenda, concluir o processo de compra, registar-se ou participar num evento, utilizar funcionalidades de seguran\u00e7a durante a navega\u00e7\u00e3o, armazenar conte\u00fados para reprodu\u00e7\u00e3o de v\u00eddeo ou \u00e1udio ou partilhar conte\u00fados atrav\u00e9s das redes sociais. Cookies de personaliza\u00e7\u00e3o: Estes cookies permitem aos utilizadores aceder ao servi\u00e7o com determinadas caracter\u00edsticas gerais predefinidas com base numa s\u00e9rie de crit\u00e9rios no dispositivo do utilizador, como o idioma, o tipo de browser e as defini\u00e7\u00f5es regionais.<\/li>\n\n\n\n<li>Cookies anal\u00edticos: Estes cookies permitem ao propriet\u00e1rio do website rastrear e analisar o comportamento do utilizador nos websites aos quais est\u00e3o ligados. As informa\u00e7\u00f5es recolhidas atrav\u00e9s destes cookies s\u00e3o utilizadas para medir a atividade do website, aplica\u00e7\u00e3o ou plataforma e para criar perfis de navega\u00e7\u00e3o do utilizador. Estes dados s\u00e3o depois utilizados para melhorar o servi\u00e7o com base na an\u00e1lise do comportamento do utilizador.<\/li>\n\n\n\n<li>Cookies de publicidade: Estes cookies permitem uma gest\u00e3o mais eficaz dos espa\u00e7os publicit\u00e1rios que o editor possa ter inclu\u00eddo num website, aplica\u00e7\u00e3o ou plataforma a partir da qual o servi\u00e7o solicitado \u00e9 prestado, com base em crit\u00e9rios como o conte\u00fado apresentado ou a frequ\u00eancia com que os an\u00fancios s\u00e3o apresentados.<\/li>\n\n\n\n<li>Cookies de publicidade comportamental: Estes cookies permitem a gest\u00e3o mais eficaz dos espa\u00e7os publicit\u00e1rios que o editor possa ter inclu\u00eddo num website, aplica\u00e7\u00e3o ou plataforma a partir da qual o servi\u00e7o solicitado \u00e9 prestado. Estes cookies armazenam informa\u00e7\u00e3o sobre o comportamento do utilizador, obtida atrav\u00e9s da observa\u00e7\u00e3o cont\u00ednua dos h\u00e1bitos de navega\u00e7\u00e3o, permitindo o desenvolvimento de um perfil espec\u00edfico para exibir publicidade com base nesse perfil.<\/li>\n<\/ul>\n\n\n\n<h3 class=\"wp-block-heading\">Como desativar os cookies nos principais navegadores da Web<\/h3>\n\n\n\n<p>Para configurar a utiliza\u00e7\u00e3o de cookies, siga as instru\u00e7\u00f5es do seu navegador ou consulte a sec\u00e7\u00e3o de ajuda:<\/p>\n\n\n\n<ul class=\"wp-block-list\">\n<li><a href=\"https:\/\/support.apple.com\/es-es\/HT201265\">Safari<\/a><\/li>\n\n\n\n<li><a href=\"https:\/\/support.mozilla.org\/es\/kb\/habilitar-y-deshabilitar-cookies-sitios-web-rastrear-preferencias?redirectlocale=es&amp;redirectslug=habilitar-y-deshabilitar-cookies-que-los-sitios-we\">Firefox<\/a><\/li>\n\n\n\n<li><a href=\"https:\/\/support.google.com\/chrome\/answer\/95647?hl=es-es\">Chrome<\/a><\/li>\n\n\n\n<li><a href=\"https:\/\/www.opera.com\/help\/tutorials\/security\/privacy\/\">\u00d3pera<\/a><\/li>\n\n\n\n<li><a href=\"https:\/\/support.microsoft.com\/es-es\/help\/17442\/windows-internet-explorer-delete-manage-cookies\">Internet Explorer<\/a><\/li>\n\n\n\n<li><a href=\"https:\/\/privacy.microsoft.com\/es-es\/windows-10-microsoft-edge-and-privacy\">Edge<\/a><\/li>\n<\/ul>\n\n\n\n<h3 class=\"wp-block-heading\">O que acontece se os cookies n\u00e3o forem aceites?<\/h3>\n\n\n\n<p>A rejei\u00e7\u00e3o de cookies pode impedir o acesso a conte\u00fados e servi\u00e7os personalizados.<\/p>\n\n\n\n<h3 class=\"wp-block-heading\">Atualiza\u00e7\u00f5es e modifica\u00e7\u00f5es na pol\u00edtica de cookies<\/h3>\n\n\n\n<p>A Walk Tuk pode modificar esta pol\u00edtica de cookies de acordo com os requisitos legais e regulamentares, para a adaptar \u00e0s instru\u00e7\u00f5es emitidas pela Ag\u00eancia Espanhola de Prote\u00e7\u00e3o de Dados, por motivos t\u00e9cnicos ou devido \u00e0 reorganiza\u00e7\u00e3o do website. Por isso, recomendamos que a visite periodicamente.<\/p>\n\n\n\n<h3 class=\"wp-block-heading\">Contato<\/h3>\n\n\n\n<p>Para qualquer d\u00favida sobre a forma como utilizamos cookies, por favor contacte-nos atrav\u00e9s do seguinte endere\u00e7o de e-mail: walktuk@gmail.com.<\/p>\n","protected":false},"excerpt":{"rendered":"<p>Este site utiliza cookies Em conformidade com a Lei 34\/2002, de 11 de Julho, sobre Servi\u00e7os da Sociedade da Informa\u00e7\u00e3o e Com\u00e9rcio Electr\u00f3nico (LSSICE), informamos que este site, Walk Tuk, utiliza cookies. A LSSICE aplica-se a qualquer tipo de ficheiro ou dispositivo que seja descarregado para o equipamento terminal de um utilizador para armazenar dados [&hellip;]<\/p>\n","protected":false},"author":1,"featured_media":0,"parent":0,"menu_order":0,"comment_status":"closed","ping_status":"closed","template":"","meta":{"site-sidebar-layout":"default","site-content-layout":"","ast-site-content-layout":"default","site-content-style":"default","site-sidebar-style":"default","ast-global-header-display":"","ast-banner-title-visibility":"","ast-main-header-display":"","ast-hfb-above-header-display":"","ast-hfb-below-header-display":"","ast-hfb-mobile-header-display":"","site-post-title":"","ast-breadcrumbs-content":"","ast-featured-img":"","footer-sml-layout":"","ast-disable-related-posts":"","theme-transparent-header-meta":"","adv-header-id-meta":"","stick-header-meta":"","header-above-stick-meta":"","header-main-stick-meta":"","header-below-stick-meta":"","astra-migrate-meta-layouts":"set","ast-page-background-enabled":"default","ast-page-background-meta":{"desktop":{"background-color":"var(--ast-global-color-5)","background-image":"","background-repeat":"repeat","background-position":"center center","background-size":"auto","background-attachment":"scroll","background-type":"","background-media":"","overlay-type":"","overlay-color":"","overlay-opacity":"","overlay-gradient":""},"tablet":{"background-color":"","background-image":"","background-repeat":"repeat","background-position":"center center","background-size":"auto","background-attachment":"scroll","background-type":"","background-media":"","overlay-type":"","overlay-color":"","overlay-opacity":"","overlay-gradient":""},"mobile":{"background-color":"","background-image":"","background-repeat":"repeat","background-position":"center center","background-size":"auto","background-attachment":"scroll","background-type":"","background-media":"","overlay-type":"","overlay-color":"","overlay-opacity":"","overlay-gradient":""}},"ast-content-background-meta":{"desktop":{"background-color":"var(--ast-global-color-4)","background-image":"","background-repeat":"repeat","background-position":"center center","background-size":"auto","background-attachment":"scroll","background-type":"","background-media":"","overlay-type":"","overlay-color":"","overlay-opacity":"","overlay-gradient":""},"tablet":{"background-color":"var(--ast-global-color-4)","background-image":"","background-repeat":"repeat","background-position":"center center","background-size":"auto","background-attachment":"scroll","background-type":"","background-media":"","overlay-type":"","overlay-color":"","overlay-opacity":"","overlay-gradient":""},"mobile":{"background-color":"var(--ast-global-color-4)","background-image":"","background-repeat":"repeat","background-position":"center center","background-size":"auto","background-attachment":"scroll","background-type":"","background-media":"","overlay-type":"","overlay-color":"","overlay-opacity":"","overlay-gradient":""}},"footnotes":""},"class_list":["post-9394","page","type-page","status-publish","hentry"],"aioseo_notices":[],"_links":{"self":[{"href":"https:\/\/walktuk.com\/pt-pt\/wp-json\/wp\/v2\/pages\/9394","targetHints":{"allow":["GET"]}}],"collection":[{"href":"https:\/\/walktuk.com\/pt-pt\/wp-json\/wp\/v2\/pages"}],"about":[{"href":"https:\/\/walktuk.com\/pt-pt\/wp-json\/wp\/v2\/types\/page"}],"author":[{"embeddable":true,"href":"https:\/\/walktuk.com\/pt-pt\/wp-json\/wp\/v2\/users\/1"}],"replies":[{"embeddable":true,"href":"https:\/\/walktuk.com\/pt-pt\/wp-json\/wp\/v2\/comments?post=9394"}],"version-history":[{"count":2,"href":"https:\/\/walktuk.com\/pt-pt\/wp-json\/wp\/v2\/pages\/9394\/revisions"}],"predecessor-version":[{"id":11465,"href":"https:\/\/walktuk.com\/pt-pt\/wp-json\/wp\/v2\/pages\/9394\/revisions\/11465"}],"wp:attachment":[{"href":"https:\/\/walktuk.com\/pt-pt\/wp-json\/wp\/v2\/media?parent=9394"}],"curies":[{"name":"wp","href":"https:\/\/api.w.org\/{rel}","templated":true}]}}