{"id":9401,"date":"2025-05-26T20:31:31","date_gmt":"2025-05-26T18:31:31","guid":{"rendered":"https:\/\/walktuk.com\/privacidad\/"},"modified":"2026-01-23T18:13:47","modified_gmt":"2026-01-23T17:13:47","slug":"privacidad","status":"publish","type":"page","link":"https:\/\/walktuk.com\/pt-pt\/privacidad\/","title":{"rendered":"Pol\u00edtica de privacidade"},"content":{"rendered":"\n<h3 class=\"wp-block-heading\">INTRODU\u00c7\u00c3O<\/h3>\n\n\n\n<p>Na Walk Tuk, somos sens\u00edveis \u00e0s necessidades dos utilizadores da internet e conscientes da import\u00e2ncia de proteger rigorosamente as informa\u00e7\u00f5es pessoais que nos s\u00e3o confiadas. Por conseguinte, inclu\u00edmos esta declara\u00e7\u00e3o de privacidade para que esteja ciente da nossa pol\u00edtica em rela\u00e7\u00e3o ao tratamento de dados pessoais obtidos dos nossos visitantes e utilizadores.<\/p>\n\n\n\n<p>Como utilizador, aceita estas condi\u00e7\u00f5es simplesmente lendo, visualizando ou navegando no site. Caso n\u00e3o as aceite, dever\u00e1 sair do site sem o utilizar ou ao seu conte\u00fado de qualquer forma, e sem aceder a quaisquer p\u00e1ginas ligadas.<\/p>\n\n\n\n<h3 class=\"wp-block-heading\" id=\"responsable\">CONTROLADOR DE DADOS<\/h3>\n\n\n\n<p>O propriet\u00e1rio do website e o respons\u00e1vel pelo tratamento dos dados \u00e9 a WalkTuk, S.L., com o N\u00famero de Identifica\u00e7\u00e3o Fiscal (CIF) B19992031. Pode contactar-nos por e-mail para walktuk@gmail.com, por telefone para o n\u00famero +34 617 604 203 ou por correio para o endere\u00e7o C\/Eugenio Gross 34, 8-30, 29009 M\u00e1laga, Espanha.<\/p>\n\n\n\n<h3 class=\"wp-block-heading\" id=\"finalidad\">FINALIDADE DO PROCESSAMENTO DE DADOS<\/h3>\n\n\n\n<p>Nos nossos sites, existem sec\u00e7\u00f5es espec\u00edficas onde pode introduzir as suas informa\u00e7\u00f5es para receber atualiza\u00e7\u00f5es sobre o nosso site e alguns dos programas que distribu\u00edmos. Garantimos que as informa\u00e7\u00f5es fornecidas ser\u00e3o tratadas com total confidencialidade.<\/p>\n\n\n\n<p>Os dados ser\u00e3o armazenados enquanto forem necess\u00e1rios para a finalidade para a qual foram recolhidos.<\/p>\n\n\n\n<p>Nenhuma decis\u00e3o automatizada \u00e9 tomada com base nos seus dados.<\/p>\n\n\n\n<p>O site pode utilizar cookies; consulte a nossa pol\u00edtica de cookies.<\/p>\n\n\n\n<h3 class=\"wp-block-heading\" id=\"legitimacion\">BASE LEGAL PARA O PROCESSAMENTO DE DADOS<\/h3>\n\n\n\n<p>Os seus dados s\u00e3o utilizados porque nos d\u00e1 o seu consentimento para utilizar as informa\u00e7\u00f5es fornecidas nos formul\u00e1rios para a finalidade espec\u00edfica indicada em cada formul\u00e1rio. Os seus dados s\u00e3o apenas necess\u00e1rios para as finalidades espec\u00edficas para as quais s\u00e3o solicitados; caso n\u00e3o os forne\u00e7a, estes servi\u00e7os n\u00e3o estar\u00e3o dispon\u00edveis.<\/p>\n\n\n\n<h3 class=\"wp-block-heading\" id=\"transferencia\">TRANSFER\u00caNCIA E PARTILHA DE DADOS<\/h3>\n\n\n\n<p>Estamos firmemente empenhados em garantir que os dados que fornece \u00e0 Walk Tuk n\u00e3o s\u00e3o vendidos ou partilhados com terceiros em nenhuma circunst\u00e2ncia sem o seu consentimento pr\u00e9vio, exceto com o seu consentimento expresso ou quando exigido por lei.<\/p>\n\n\n\n<p>O nosso site cont\u00e9m links para sites de terceiros. A Walk Tuk n\u00e3o se responsabiliza pelas pol\u00edticas e pr\u00e1ticas de privacidade desses outros sites.<\/p>\n\n\n\n<h3 class=\"wp-block-heading\" id=\"derechos\">DIREITOS DOS TITULARES DOS DADOS<\/h3>\n\n\n\n<p>Tem o direito de aceder \u00e0s informa\u00e7\u00f5es sobre si armazenadas nas nossas bases de dados, corrigi-las caso haja algum erro, elimin\u00e1-las, restringir o seu processamento, opor-se ao seu processamento e revogar o seu consentimento, se assim o desejar. Para tal, basta enviar um e-mail para walktuk@gmail.com, onde teremos todo o gosto em responder a quaisquer perguntas, coment\u00e1rios ou pedidos de esclarecimento que possa ter.<\/p>\n\n\n\n<p>Para mais informa\u00e7\u00f5es sobre temas relacionados, o site de refer\u00eancia em Espanha \u00e9 a Ag\u00eancia Espanhola de Prote\u00e7\u00e3o de Dados, onde tem o direito de apresentar uma reclama\u00e7\u00e3o.<\/p>\n","protected":false},"excerpt":{"rendered":"<p>INTRODU\u00c7\u00c3O Na Walk Tuk, somos sens\u00edveis \u00e0s necessidades dos utilizadores da internet e conscientes da import\u00e2ncia de proteger rigorosamente as informa\u00e7\u00f5es pessoais que nos s\u00e3o confiadas. Por conseguinte, inclu\u00edmos esta declara\u00e7\u00e3o de privacidade para que esteja ciente da nossa pol\u00edtica em rela\u00e7\u00e3o ao tratamento de dados pessoais obtidos dos nossos visitantes e utilizadores. Como utilizador, [&hellip;]<\/p>\n","protected":false},"author":1,"featured_media":0,"parent":0,"menu_order":0,"comment_status":"closed","ping_status":"closed","template":"","meta":{"site-sidebar-layout":"default","site-content-layout":"","ast-site-content-layout":"default","site-content-style":"default","site-sidebar-style":"default","ast-global-header-display":"","ast-banner-title-visibility":"","ast-main-header-display":"","ast-hfb-above-header-display":"","ast-hfb-below-header-display":"","ast-hfb-mobile-header-display":"","site-post-title":"","ast-breadcrumbs-content":"","ast-featured-img":"","footer-sml-layout":"","ast-disable-related-posts":"","theme-transparent-header-meta":"","adv-header-id-meta":"","stick-header-meta":"","header-above-stick-meta":"","header-main-stick-meta":"","header-below-stick-meta":"","astra-migrate-meta-layouts":"set","ast-page-background-enabled":"default","ast-page-background-meta":{"desktop":{"background-color":"var(--ast-global-color-5)","background-image":"","background-repeat":"repeat","background-position":"center center","background-size":"auto","background-attachment":"scroll","background-type":"","background-media":"","overlay-type":"","overlay-color":"","overlay-opacity":"","overlay-gradient":""},"tablet":{"background-color":"","background-image":"","background-repeat":"repeat","background-position":"center center","background-size":"auto","background-attachment":"scroll","background-type":"","background-media":"","overlay-type":"","overlay-color":"","overlay-opacity":"","overlay-gradient":""},"mobile":{"background-color":"","background-image":"","background-repeat":"repeat","background-position":"center center","background-size":"auto","background-attachment":"scroll","background-type":"","background-media":"","overlay-type":"","overlay-color":"","overlay-opacity":"","overlay-gradient":""}},"ast-content-background-meta":{"desktop":{"background-color":"var(--ast-global-color-4)","background-image":"","background-repeat":"repeat","background-position":"center center","background-size":"auto","background-attachment":"scroll","background-type":"","background-media":"","overlay-type":"","overlay-color":"","overlay-opacity":"","overlay-gradient":""},"tablet":{"background-color":"var(--ast-global-color-4)","background-image":"","background-repeat":"repeat","background-position":"center center","background-size":"auto","background-attachment":"scroll","background-type":"","background-media":"","overlay-type":"","overlay-color":"","overlay-opacity":"","overlay-gradient":""},"mobile":{"background-color":"var(--ast-global-color-4)","background-image":"","background-repeat":"repeat","background-position":"center center","background-size":"auto","background-attachment":"scroll","background-type":"","background-media":"","overlay-type":"","overlay-color":"","overlay-opacity":"","overlay-gradient":""}},"footnotes":""},"class_list":["post-9401","page","type-page","status-publish","hentry"],"aioseo_notices":[],"_links":{"self":[{"href":"https:\/\/walktuk.com\/pt-pt\/wp-json\/wp\/v2\/pages\/9401","targetHints":{"allow":["GET"]}}],"collection":[{"href":"https:\/\/walktuk.com\/pt-pt\/wp-json\/wp\/v2\/pages"}],"about":[{"href":"https:\/\/walktuk.com\/pt-pt\/wp-json\/wp\/v2\/types\/page"}],"author":[{"embeddable":true,"href":"https:\/\/walktuk.com\/pt-pt\/wp-json\/wp\/v2\/users\/1"}],"replies":[{"embeddable":true,"href":"https:\/\/walktuk.com\/pt-pt\/wp-json\/wp\/v2\/comments?post=9401"}],"version-history":[{"count":2,"href":"https:\/\/walktuk.com\/pt-pt\/wp-json\/wp\/v2\/pages\/9401\/revisions"}],"predecessor-version":[{"id":11461,"href":"https:\/\/walktuk.com\/pt-pt\/wp-json\/wp\/v2\/pages\/9401\/revisions\/11461"}],"wp:attachment":[{"href":"https:\/\/walktuk.com\/pt-pt\/wp-json\/wp\/v2\/media?parent=9401"}],"curies":[{"name":"wp","href":"https:\/\/api.w.org\/{rel}","templated":true}]}}