{"id":9452,"date":"2025-01-17T14:21:11","date_gmt":"2025-01-17T13:21:11","guid":{"rendered":"https:\/\/walktuk.com\/eventos\/"},"modified":"2025-12-13T19:19:13","modified_gmt":"2025-12-13T18:19:13","slug":"eventos","status":"publish","type":"page","link":"https:\/\/walktuk.com\/pt-pt\/eventos\/","title":{"rendered":"Eventos"},"content":{"rendered":"\t\t<div data-elementor-type=\"wp-page\" data-elementor-id=\"9452\" class=\"elementor elementor-9452 elementor-2822\">\n\t\t\t\t<div class=\"elementor-element elementor-element-10d35f4 e-flex e-con-boxed e-con e-parent\" data-id=\"10d35f4\" data-element_type=\"container\" data-e-type=\"container\" data-settings=\"{&quot;background_background&quot;:&quot;classic&quot;,&quot;shape_divider_bottom&quot;:&quot;opacity-fan&quot;}\">\n\t\t\t\t\t<div class=\"e-con-inner\">\n\t\t\t\t<div class=\"elementor-shape elementor-shape-bottom\" aria-hidden=\"true\" data-negative=\"false\">\n\t\t\t<svg xmlns=\"http:\/\/www.w3.org\/2000\/svg\" viewBox=\"0 0 283.5 19.6\" preserveAspectRatio=\"none\">\n\t<path class=\"elementor-shape-fill\" style=\"opacity:0.33\" d=\"M0 0L0 18.8 141.8 4.1 283.5 18.8 283.5 0z\"\/>\n\t<path class=\"elementor-shape-fill\" style=\"opacity:0.33\" d=\"M0 0L0 12.6 141.8 4 283.5 12.6 283.5 0z\"\/>\n\t<path class=\"elementor-shape-fill\" style=\"opacity:0.33\" d=\"M0 0L0 6.4 141.8 4 283.5 6.4 283.5 0z\"\/>\n\t<path class=\"elementor-shape-fill\" d=\"M0 0L0 1.2 141.8 4 283.5 1.2 283.5 0z\"\/>\n<\/svg>\t\t<\/div>\n\t\t\t\t<div class=\"elementor-element elementor-element-2d32bc7 elementor-widget elementor-widget-heading\" data-id=\"2d32bc7\" data-element_type=\"widget\" data-e-type=\"widget\" data-widget_type=\"heading.default\">\n\t\t\t\t<div class=\"elementor-widget-container\">\n\t\t\t\t\t<h1 class=\"elementor-heading-title elementor-size-default\"><b>EVENTOS COM TUK TUK<\/b>: EXPERI\u00caNCIAS PERSONALIZADAS EM TODA A <b>ESPANHA<\/b><\/h1>\t\t\t\t<\/div>\n\t\t\t\t<\/div>\n\t\t\t\t\t<\/div>\n\t\t\t\t<\/div>\n\t\t<div class=\"elementor-element elementor-element-92a1a63 e-flex e-con-boxed e-con e-parent\" data-id=\"92a1a63\" data-element_type=\"container\" data-e-type=\"container\" data-settings=\"{&quot;shape_divider_bottom&quot;:&quot;opacity-fan&quot;}\">\n\t\t\t\t\t<div class=\"e-con-inner\">\n\t\t\t\t<div class=\"elementor-shape elementor-shape-bottom\" aria-hidden=\"true\" data-negative=\"false\">\n\t\t\t<svg xmlns=\"http:\/\/www.w3.org\/2000\/svg\" viewBox=\"0 0 283.5 19.6\" preserveAspectRatio=\"none\">\n\t<path class=\"elementor-shape-fill\" style=\"opacity:0.33\" d=\"M0 0L0 18.8 141.8 4.1 283.5 18.8 283.5 0z\"\/>\n\t<path class=\"elementor-shape-fill\" style=\"opacity:0.33\" d=\"M0 0L0 12.6 141.8 4 283.5 12.6 283.5 0z\"\/>\n\t<path class=\"elementor-shape-fill\" style=\"opacity:0.33\" d=\"M0 0L0 6.4 141.8 4 283.5 6.4 283.5 0z\"\/>\n\t<path class=\"elementor-shape-fill\" d=\"M0 0L0 1.2 141.8 4 283.5 1.2 283.5 0z\"\/>\n<\/svg>\t\t<\/div>\n\t\t<div class=\"elementor-element elementor-element-7fb4f0d e-con-full e-flex e-con e-child\" data-id=\"7fb4f0d\" data-element_type=\"container\" data-e-type=\"container\">\n\t\t\t\t<div class=\"elementor-element elementor-element-8353129 elementor-invisible elementor-widget elementor-widget-text-editor\" data-id=\"8353129\" data-element_type=\"widget\" data-e-type=\"widget\" data-settings=\"{&quot;_animation&quot;:&quot;fadeInLeft&quot;}\" data-widget_type=\"text-editor.default\">\n\t\t\t\t<div class=\"elementor-widget-container\">\n\t\t\t\t\t\t\t\t\t<p>Na <a href=\"https:\/\/walktuk.com\/pt-pt\/nuestra-empresa\/\">Walktuk<\/a>, oferecemos a empresas e particulares a possibilidade de reservar os nossos tuk tuks el\u00e9tricos para uma ampla variedade de eventos em toda a Espanha. Seja para servir como lan\u00e7adeira nos seus eventos, facilitando o transporte de convidados de maneira eficiente e ecol\u00f3gica, ou para desenhar <strong data-start=\"468\" data-end=\"492\">tours personalizados<\/strong> que se ajustem aos interesses espec\u00edficos de cada empresa ou grupo, os nossos servi\u00e7os s\u00e3o pensados para brindar experi\u00eancias \u00fanicas e sustent\u00e1veis.<\/p>\t\t\t\t\t\t\t\t<\/div>\n\t\t\t\t<\/div>\n\t\t\t\t<\/div>\n\t\t<div class=\"elementor-element elementor-element-b9aec0a e-con-full e-flex e-con e-child\" data-id=\"b9aec0a\" data-element_type=\"container\" data-e-type=\"container\">\n\t\t\t\t<div class=\"elementor-element elementor-element-214e0ec elementor-invisible elementor-widget elementor-widget-image\" data-id=\"214e0ec\" data-element_type=\"widget\" data-e-type=\"widget\" data-settings=\"{&quot;_animation&quot;:&quot;fadeInRight&quot;}\" data-widget_type=\"image.default\">\n\t\t\t\t<div class=\"elementor-widget-container\">\n\t\t\t\t\t\t\t\t\t\t\t\t\t\t\t<img decoding=\"async\" src=\"https:\/\/walktuk.com\/wp-content\/uploads\/elementor\/thumbs\/8a03322c-9b0c-45aa-9f15-310568348a9d-1-r1htlmhuomtgjmwkfj6k45eitgqdd7yvz1loxb3re8.jpg\" title=\"san miguel walktuk\" alt=\"san miguel walktuk\" loading=\"lazy\" \/>\t\t\t\t\t\t\t\t\t\t\t\t\t\t\t<\/div>\n\t\t\t\t<\/div>\n\t\t\t\t<\/div>\n\t\t\t\t\t<\/div>\n\t\t\t\t<\/div>\n\t\t<div class=\"elementor-element elementor-element-c7c6a1f e-flex e-con-boxed e-con e-parent\" data-id=\"c7c6a1f\" data-element_type=\"container\" data-e-type=\"container\" data-settings=\"{&quot;background_background&quot;:&quot;classic&quot;}\">\n\t\t\t\t\t<div class=\"e-con-inner\">\n\t\t\t\t<div class=\"elementor-element elementor-element-d375cc7 elementor-widget elementor-widget-text-editor\" data-id=\"d375cc7\" data-element_type=\"widget\" data-e-type=\"widget\" data-widget_type=\"text-editor.default\">\n\t\t\t\t<div class=\"elementor-widget-container\">\n\t\t\t\t\t\t\t\t\t<h3 data-start=\"301\" data-end=\"328\"><span style=\"color: #ffffff;\"><strong data-start=\"301\" data-end=\"328\"><u>Servi\u00e7os para Eventos:<\/u><\/strong><\/span><\/h3><p data-start=\"332\" data-end=\"493\"><span style=\"color: #ffffff;\"><strong data-start=\"332\" data-end=\"358\">Transporte Sustent\u00e1vel:<\/strong> Facilitamos o traslado dos seus convidados de maneira original e ecol\u00f3gica, assegurando uma experi\u00eancia memor\u00e1vel desde o primeiro momento.<\/span><\/p><p data-start=\"332\" data-end=\"493\"><span style=\"color: #ffffff;\"> <\/span><\/p><p data-start=\"497\" data-end=\"706\"><span style=\"color: #ffffff;\"><strong data-start=\"497\" data-end=\"522\">Tours Personalizados:<\/strong> Desenhamos percursos \u00e0 medida que refletem os interesses e necessidades da sua empresa ou grupo, seja para atividades de team building, visitas culturais ou qualquer outra iniciativa.<\/span><\/p><p data-start=\"497\" data-end=\"706\"><span style=\"color: #ffffff;\"> <\/span><\/p><p data-start=\"710\" data-end=\"923\"><span style=\"color: #ffffff;\"><strong data-start=\"710\" data-end=\"743\">Atividades de Team Building:<\/strong> Fomentamos a coes\u00e3o e o esp\u00edrito de equipa atrav\u00e9s de atividades desenhadas especificamente para o seu grupo, oferecendo uma forma inovadora de fortalecer rela\u00e7\u00f5es laborais.<\/span><\/p>\t\t\t\t\t\t\t\t<\/div>\n\t\t\t\t<\/div>\n\t\t\t\t<div class=\"elementor-element elementor-element-52ffb97 elementor-widget elementor-widget-text-editor\" data-id=\"52ffb97\" data-element_type=\"widget\" data-e-type=\"widget\" data-widget_type=\"text-editor.default\">\n\t\t\t\t<div class=\"elementor-widget-container\">\n\t\t\t\t\t\t\t\t\t<h3 data-start=\"925\" data-end=\"954\"><span style=\"color: #ffffff;\"><strong data-start=\"925\" data-end=\"954\"><u>Experi\u00eancias Adicionais:<\/u><\/strong><\/span><\/h3><p data-start=\"958\" data-end=\"1179\"><span style=\"color: #ffffff;\"><strong data-start=\"958\" data-end=\"996\">Visitas Tur\u00edsticas Personalizadas:<\/strong> Oferecemos tours \u00e0 medida para explorar a cidade onde se realize o seu evento, permitindo aos seus convidados descobrir os pontos mais emblem\u00e1ticos e os recantos ocultos da localidade.<\/span><\/p><p data-start=\"958\" data-end=\"1179\"><span style=\"color: #ffffff; font-style: inherit; text-align: var(--text-align);\" data-start=\"1183\" data-end=\"1206\"> <\/span><\/p><p data-start=\"958\" data-end=\"1179\"><span style=\"color: #ffffff; font-style: inherit; text-align: var(--text-align);\" data-start=\"1183\" data-end=\"1206\">Promo\u00e7\u00e3o de Marca:<\/span><span style=\"color: #ffffff; font-style: inherit; font-weight: inherit; text-align: var(--text-align);\"> Personalizamos os nossos <\/span><strong style=\"color: #ffffff; font-style: inherit; text-align: var(--text-align);\" data-start=\"1231\" data-end=\"1243\">tuk tuks<\/strong><span style=\"color: #ffffff; font-style: inherit; font-weight: inherit; text-align: var(--text-align);\"> com a imagem da sua empresa, circulando pelas \u00e1reas mais concorridas da cidade ou estacionados em pontos estrat\u00e9gicos durante feiras e congressos, aumentando a visibilidade da sua marca de maneira inovadora.<\/span><\/p>\t\t\t\t\t\t\t\t<\/div>\n\t\t\t\t<\/div>\n\t\t\t\t<div class=\"elementor-element elementor-element-c872336 elementor-widget elementor-widget-text-editor\" data-id=\"c872336\" data-element_type=\"widget\" data-e-type=\"widget\" data-widget_type=\"text-editor.default\">\n\t\t\t\t<div class=\"elementor-widget-container\">\n\t\t\t\t\t\t\t\t\t<h3 data-start=\"1276\" data-end=\"1324\"><span style=\"color: #ffffff;\"><u>Empresas que j\u00e1 confiaram em n\u00f3s:<\/u><\/span><\/h3><p data-start=\"1326\" data-end=\"1462\"><span style=\"color: #ffffff;\">Numerosas marcas e eventos escolheram os nossos <strong data-start=\"1374\" data-end=\"1386\">tuk tuks<\/strong> para melhorar a experi\u00eancia dos seus assistentes. Algumas delas incluem:<\/span><\/p><p data-start=\"1464\" data-end=\"1644\"><span style=\"color: #ffffff;\"><strong data-start=\"1466\" data-end=\"1480\"> <\/strong><\/span><\/p><p data-start=\"1464\" data-end=\"1644\"><span style=\"color: #ffffff;\"><strong data-start=\"1466\" data-end=\"1480\">San Miguel<\/strong>: Proporcionamos servi\u00e7o de transporte para o seu evento em <strong data-start=\"1538\" data-end=\"1561\">M\u00e1laga, em Muelle 1<\/strong>, assegurando uma log\u00edstica eficiente e uma experi\u00eancia \u00fanica para os assistentes.<\/span><\/p><p data-start=\"1464\" data-end=\"1644\"><span style=\"color: #ffffff;\"><strong data-start=\"0\" data-end=\"18\" data-is-only-node=\"\">Selvatic Fest:<\/strong> Participamos nos seus concertos em M\u00e1laga, oferecendo traslados ecol\u00f3gicos e personalizados para os assistentes do festival. Al\u00e9m disso, oferecemos <strong data-start=\"162\" data-end=\"182\">tours em tuk tuk<\/strong> para que os assistentes possam descobrir a cidade de uma maneira \u00fanica antes ou depois do evento. <\/span><\/p>\t\t\t\t\t\t\t\t<\/div>\n\t\t\t\t<\/div>\n\t\t\t\t<div class=\"elementor-element elementor-element-87dc0a3 elementor-invisible elementor-widget elementor-widget-image\" data-id=\"87dc0a3\" data-element_type=\"widget\" data-e-type=\"widget\" data-settings=\"{&quot;_animation&quot;:&quot;fadeInUp&quot;}\" data-widget_type=\"image.default\">\n\t\t\t\t<div class=\"elementor-widget-container\">\n\t\t\t\t\t\t\t\t\t\t\t\t\t\t\t<img fetchpriority=\"high\" decoding=\"async\" width=\"768\" height=\"568\" src=\"https:\/\/walktuk.com\/wp-content\/uploads\/2025\/02\/54bb2e25-a046-43f4-958e-e1941e13732b-1-768x568.jpg\" class=\"attachment-medium_large size-medium_large wp-image-4884\" alt=\"eventos\" srcset=\"https:\/\/walktuk.com\/wp-content\/uploads\/2025\/02\/54bb2e25-a046-43f4-958e-e1941e13732b-1-768x568.jpg 768w, https:\/\/walktuk.com\/wp-content\/uploads\/2025\/02\/54bb2e25-a046-43f4-958e-e1941e13732b-1-300x222.jpg 300w, https:\/\/walktuk.com\/wp-content\/uploads\/2025\/02\/54bb2e25-a046-43f4-958e-e1941e13732b-1-1024x757.jpg 1024w, https:\/\/walktuk.com\/wp-content\/uploads\/2025\/02\/54bb2e25-a046-43f4-958e-e1941e13732b-1.jpg 1321w\" sizes=\"(max-width: 768px) 100vw, 768px\" \/>\t\t\t\t\t\t\t\t\t\t\t\t\t\t\t<\/div>\n\t\t\t\t<\/div>\n\t\t\t\t<div class=\"elementor-element elementor-element-e7eb46c elementor-widget elementor-widget-text-editor\" data-id=\"e7eb46c\" data-element_type=\"widget\" data-e-type=\"widget\" data-widget_type=\"text-editor.default\">\n\t\t\t\t<div class=\"elementor-widget-container\">\n\t\t\t\t\t\t\t\t\t<p><span style=\"color: #ffffff;\">Os nossos <strong data-start=\"2160\" data-end=\"2172\">tuk tuks<\/strong> el\u00e9tricos n\u00e3o s\u00f3 aportam um toque distintivo ao seu evento, como tamb\u00e9m refor\u00e7am o seu compromisso com a sustentabilidade e o meio ambiente. Operamos em todo o territ\u00f3rio espanhol, adaptando-nos \u00e0s particularidades de cada localidade para oferecer um servi\u00e7o impec\u00e1vel.<\/span><\/p><p><span style=\"color: #ffffff;\"> <\/span><\/p><p><span style=\"color: #ffffff;\"><img decoding=\"async\" class=\"emoji\" role=\"img\" draggable=\"false\" src=\"https:\/\/s.w.org\/images\/core\/emoji\/15.0.3\/svg\/1f4e9.svg\" alt=\"\ud83d\udce9\"> <strong data-start=\"2097\" data-end=\"2213\">Para mais informa\u00e7\u00f5es ou para solicitar um or\u00e7amento personalizado, n\u00e3o hesite em entrar em contacto connosco.<\/strong>  Estamos aqui para o ajudar a fazer do seu evento uma experi\u00eancia inesquec\u00edvel.<\/span><\/p>\t\t\t\t\t\t\t\t<\/div>\n\t\t\t\t<\/div>\n\t\t\t\t\t<\/div>\n\t\t\t\t<\/div>\n\t\t\t\t<\/div>\n\t\t","protected":false},"excerpt":{"rendered":"<p>EVENTOS COM TUK TUK: EXPERI\u00caNCIAS PERSONALIZADAS EM TODA A ESPANHA Na Walktuk, oferecemos a empresas e particulares a possibilidade de reservar os nossos tuk tuks el\u00e9tricos para uma ampla variedade de eventos em toda a Espanha. Seja para servir como lan\u00e7adeira nos seus eventos, facilitando o transporte de convidados de maneira eficiente e ecol\u00f3gica, ou [&hellip;]<\/p>\n","protected":false},"author":1,"featured_media":0,"parent":0,"menu_order":0,"comment_status":"closed","ping_status":"closed","template":"","meta":{"site-sidebar-layout":"no-sidebar","site-content-layout":"page-builder","ast-site-content-layout":"full-width-container","site-content-style":"default","site-sidebar-style":"default","ast-global-header-display":"","ast-banner-title-visibility":"","ast-main-header-display":"","ast-hfb-above-header-display":"","ast-hfb-below-header-display":"","ast-hfb-mobile-header-display":"","site-post-title":"disabled","ast-breadcrumbs-content":"","ast-featured-img":"disabled","footer-sml-layout":"","ast-disable-related-posts":"","theme-transparent-header-meta":"","adv-header-id-meta":"","stick-header-meta":"","header-above-stick-meta":"","header-main-stick-meta":"","header-below-stick-meta":"","astra-migrate-meta-layouts":"default","ast-page-background-enabled":"default","ast-page-background-meta":{"desktop":{"background-color":"var(--ast-global-color-5)","background-image":"","background-repeat":"repeat","background-position":"center center","background-size":"auto","background-attachment":"scroll","background-type":"","background-media":"","overlay-type":"","overlay-color":"","overlay-opacity":"","overlay-gradient":""},"tablet":{"background-color":"","background-image":"","background-repeat":"repeat","background-position":"center center","background-size":"auto","background-attachment":"scroll","background-type":"","background-media":"","overlay-type":"","overlay-color":"","overlay-opacity":"","overlay-gradient":""},"mobile":{"background-color":"","background-image":"","background-repeat":"repeat","background-position":"center center","background-size":"auto","background-attachment":"scroll","background-type":"","background-media":"","overlay-type":"","overlay-color":"","overlay-opacity":"","overlay-gradient":""}},"ast-content-background-meta":{"desktop":{"background-color":"var(--ast-global-color-4)","background-image":"","background-repeat":"repeat","background-position":"center center","background-size":"auto","background-attachment":"scroll","background-type":"","background-media":"","overlay-type":"","overlay-color":"","overlay-opacity":"","overlay-gradient":""},"tablet":{"background-color":"var(--ast-global-color-4)","background-image":"","background-repeat":"repeat","background-position":"center center","background-size":"auto","background-attachment":"scroll","background-type":"","background-media":"","overlay-type":"","overlay-color":"","overlay-opacity":"","overlay-gradient":""},"mobile":{"background-color":"var(--ast-global-color-4)","background-image":"","background-repeat":"repeat","background-position":"center center","background-size":"auto","background-attachment":"scroll","background-type":"","background-media":"","overlay-type":"","overlay-color":"","overlay-opacity":"","overlay-gradient":""}},"footnotes":""},"class_list":["post-9452","page","type-page","status-publish","hentry"],"aioseo_notices":[],"_links":{"self":[{"href":"https:\/\/walktuk.com\/pt-pt\/wp-json\/wp\/v2\/pages\/9452","targetHints":{"allow":["GET"]}}],"collection":[{"href":"https:\/\/walktuk.com\/pt-pt\/wp-json\/wp\/v2\/pages"}],"about":[{"href":"https:\/\/walktuk.com\/pt-pt\/wp-json\/wp\/v2\/types\/page"}],"author":[{"embeddable":true,"href":"https:\/\/walktuk.com\/pt-pt\/wp-json\/wp\/v2\/users\/1"}],"replies":[{"embeddable":true,"href":"https:\/\/walktuk.com\/pt-pt\/wp-json\/wp\/v2\/comments?post=9452"}],"version-history":[{"count":2,"href":"https:\/\/walktuk.com\/pt-pt\/wp-json\/wp\/v2\/pages\/9452\/revisions"}],"predecessor-version":[{"id":10658,"href":"https:\/\/walktuk.com\/pt-pt\/wp-json\/wp\/v2\/pages\/9452\/revisions\/10658"}],"wp:attachment":[{"href":"https:\/\/walktuk.com\/pt-pt\/wp-json\/wp\/v2\/media?parent=9452"}],"curies":[{"name":"wp","href":"https:\/\/api.w.org\/{rel}","templated":true}]}}