{"id":9548,"date":"2025-07-27T11:23:26","date_gmt":"2025-07-27T09:23:26","guid":{"rendered":"https:\/\/walktuk.com\/alicante\/tour-privado-en-tuk-tuk\/"},"modified":"2026-01-22T16:16:36","modified_gmt":"2026-01-22T15:16:36","slug":"tour-tuk-tuk-privado","status":"publish","type":"page","link":"https:\/\/walktuk.com\/pt-pt\/alicante\/tour-tuk-tuk-privado\/","title":{"rendered":"tour privado em tuk tuk"},"content":{"rendered":"\t\t<div data-elementor-type=\"wp-page\" data-elementor-id=\"9548\" class=\"elementor elementor-9548 elementor-9479\">\n\t\t\t\t<div class=\"elementor-element elementor-element-26e3d9a7 e-flex e-con-boxed e-con e-parent\" data-id=\"26e3d9a7\" data-element_type=\"container\" data-e-type=\"container\" data-settings=\"{&quot;background_background&quot;:&quot;classic&quot;,&quot;shape_divider_bottom&quot;:&quot;opacity-fan&quot;}\">\n\t\t\t\t\t<div class=\"e-con-inner\">\n\t\t\t\t<div class=\"elementor-shape elementor-shape-bottom\" aria-hidden=\"true\" data-negative=\"false\">\n\t\t\t<svg xmlns=\"http:\/\/www.w3.org\/2000\/svg\" viewBox=\"0 0 283.5 19.6\" preserveAspectRatio=\"none\">\n\t<path class=\"elementor-shape-fill\" style=\"opacity:0.33\" d=\"M0 0L0 18.8 141.8 4.1 283.5 18.8 283.5 0z\"\/>\n\t<path class=\"elementor-shape-fill\" style=\"opacity:0.33\" d=\"M0 0L0 12.6 141.8 4 283.5 12.6 283.5 0z\"\/>\n\t<path class=\"elementor-shape-fill\" style=\"opacity:0.33\" d=\"M0 0L0 6.4 141.8 4 283.5 6.4 283.5 0z\"\/>\n\t<path class=\"elementor-shape-fill\" d=\"M0 0L0 1.2 141.8 4 283.5 1.2 283.5 0z\"\/>\n<\/svg>\t\t<\/div>\n\t\t\t\t<div class=\"elementor-element elementor-element-19d14baa elementor-widget elementor-widget-heading\" data-id=\"19d14baa\" data-element_type=\"widget\" data-e-type=\"widget\" data-widget_type=\"heading.default\">\n\t\t\t\t<div class=\"elementor-widget-container\">\n\t\t\t\t\t<h1 class=\"elementor-heading-title elementor-size-default\"><u><b>TOUR PRIVADO EM TUK TUK ALICANTE<\/b><\/u><\/h1>\t\t\t\t<\/div>\n\t\t\t\t<\/div>\n\t\t\t\t<div class=\"elementor-element elementor-element-ba22fcb elementor-widget elementor-widget-heading\" data-id=\"ba22fcb\" data-element_type=\"widget\" data-e-type=\"widget\" data-widget_type=\"heading.default\">\n\t\t\t\t<div class=\"elementor-widget-container\">\n\t\t\t\t\t<h2 class=\"elementor-heading-title elementor-size-default\">Descubra Alicante \u00e0 sua maneira <\/h2>\t\t\t\t<\/div>\n\t\t\t\t<\/div>\n\t\t\t\t<div class=\"elementor-element elementor-element-10e6e50 elementor-align-left elementor-widget elementor-widget-button\" data-id=\"10e6e50\" data-element_type=\"widget\" data-e-type=\"widget\" data-widget_type=\"button.default\">\n\t\t\t\t<div class=\"elementor-widget-container\">\n\t\t\t\t\t\t\t\t\t<div class=\"elementor-button-wrapper\">\n\t\t\t\t\t<a class=\"elementor-button elementor-button-link elementor-size-sm\" href=\"https:\/\/walktuk.com\/pt-pt\/contacto\/\">\n\t\t\t\t\t\t<span class=\"elementor-button-content-wrapper\">\n\t\t\t\t\t\t\t\t\t<span class=\"elementor-button-text\">CONTACTE-NOS<\/span>\n\t\t\t\t\t<\/span>\n\t\t\t\t\t<\/a>\n\t\t\t\t<\/div>\n\t\t\t\t\t\t\t\t<\/div>\n\t\t\t\t<\/div>\n\t\t\t\t\t<\/div>\n\t\t\t\t<\/div>\n\t\t<div class=\"elementor-element elementor-element-476046d1 e-flex e-con-boxed e-con e-parent\" data-id=\"476046d1\" data-element_type=\"container\" data-e-type=\"container\">\n\t\t\t\t\t<div class=\"e-con-inner\">\n\t\t<div class=\"elementor-element elementor-element-55803c8b e-con-full e-flex e-con e-child\" data-id=\"55803c8b\" data-element_type=\"container\" data-e-type=\"container\">\n\t\t\t\t<div class=\"elementor-element elementor-element-69b2af28 elementor-widget elementor-widget-text-editor\" data-id=\"69b2af28\" data-element_type=\"widget\" data-e-type=\"widget\" data-widget_type=\"text-editor.default\">\n\t\t\t\t<div class=\"elementor-widget-container\">\n\t\t\t\t\t\t\t\t\t<p data-start=\"158\" data-end=\"440\"><strong data-start=\"158\" data-end=\"254\">Explore Alicante de uma maneira \u00fanica e personalizada com o nosso tour privado em tuk tuk.<\/strong><\/p>\n<p data-start=\"158\" data-end=\"440\"><br><\/p><p data-start=\"158\" data-end=\"440\">Descubra a ess\u00eancia mediterr\u00e2nica da cidade, percorrendo as suas ruas hist\u00f3ricas, pra\u00e7as cheias de vida e vistas espetaculares para o mar, tudo a partir do conforto de um <strong>tuk tuk<\/strong> el\u00e9trico.<\/p>\n<p data-start=\"442\" data-end=\"737\">O nosso <strong>tour privado em tuk tuk<\/strong> foi concebido para lhe proporcionar uma experi\u00eancia exclusiva, adaptada aos seus interesses e ritmo. Um <strong>guia local<\/strong> especializado \u2014 que domina v\u00e1rios idiomas \u2014 acompanh\u00e1-lo-\u00e1 durante todo o percurso, partilhando consigo hist\u00f3ria<span style=\"font-style: inherit; font-weight: inherit;\">s, curiosidades e recantos que s\u00f3 os alicantinos conhecem.<\/span><\/p><p data-start=\"442\" data-end=\"737\"><span style=\"font-style: inherit; font-weight: inherit;\"><br><\/span><\/p>\n<p data-start=\"739\" data-end=\"1140\">Tanto se visitar <strong>Alicante<\/strong> pela primeira vez como se quiser redescobri-la de outra perspetiva, o nosso <strong>tour privado em tuk tuk<\/strong> oferece-lhe a combina\u00e7\u00e3o perfeita de cultura, conforto e divers\u00e3o.<\/p>\n<p data-start=\"739\" data-end=\"1140\">Percorra o encantador <strong data-start=\"962\" data-end=\"986\">Bairro de Santa Cruz<\/strong>, admire as vistas a partir do <strong data-start=\"1015\" data-end=\"1044\">Castelo de Santa B\u00e1rbara<\/strong> ou perca-se entre pra\u00e7as, vielas e monumentos que tornam Alicante uma cidade inesquec\u00edvel.<\/p>\t\t\t\t\t\t\t\t<\/div>\n\t\t\t\t<\/div>\n\t\t\t\t<\/div>\n\t\t<div class=\"elementor-element elementor-element-4638698d e-con-full e-flex e-con e-child\" data-id=\"4638698d\" data-element_type=\"container\" data-e-type=\"container\">\n\t\t\t\t<div class=\"elementor-element elementor-element-3c315a19 elementor-widget elementor-widget-image\" data-id=\"3c315a19\" data-element_type=\"widget\" data-e-type=\"widget\" data-widget_type=\"image.default\">\n\t\t\t\t<div class=\"elementor-widget-container\">\n\t\t\t\t\t\t\t\t\t\t\t\t\t\t\t<img fetchpriority=\"high\" decoding=\"async\" width=\"1536\" height=\"1152\" src=\"https:\/\/walktuk.com\/wp-content\/uploads\/2025\/02\/Copia-de-78c295b5-f703-4ee3-a3ef-3c12adf39f06-1-1536x1152.jpg\" class=\"attachment-1536x1536 size-1536x1536 wp-image-4872\" alt=\"tours privados en palma\" srcset=\"https:\/\/walktuk.com\/wp-content\/uploads\/2025\/02\/Copia-de-78c295b5-f703-4ee3-a3ef-3c12adf39f06-1-1536x1152.jpg 1536w, https:\/\/walktuk.com\/wp-content\/uploads\/2025\/02\/Copia-de-78c295b5-f703-4ee3-a3ef-3c12adf39f06-1-300x225.jpg 300w, https:\/\/walktuk.com\/wp-content\/uploads\/2025\/02\/Copia-de-78c295b5-f703-4ee3-a3ef-3c12adf39f06-1-1024x768.jpg 1024w, https:\/\/walktuk.com\/wp-content\/uploads\/2025\/02\/Copia-de-78c295b5-f703-4ee3-a3ef-3c12adf39f06-1-768x576.jpg 768w, https:\/\/walktuk.com\/wp-content\/uploads\/2025\/02\/Copia-de-78c295b5-f703-4ee3-a3ef-3c12adf39f06-1.jpg 2048w\" sizes=\"(max-width: 1536px) 100vw, 1536px\" \/>\t\t\t\t\t\t\t\t\t\t\t\t\t\t\t<\/div>\n\t\t\t\t<\/div>\n\t\t\t\t<\/div>\n\t\t\t\t\t<\/div>\n\t\t\t\t<\/div>\n\t\t<div class=\"elementor-element elementor-element-7492a5ce e-con-full e-flex e-con e-parent\" data-id=\"7492a5ce\" data-element_type=\"container\" data-e-type=\"container\" data-settings=\"{&quot;background_background&quot;:&quot;classic&quot;}\">\n\t\t<div class=\"elementor-element elementor-element-41ee7db4 e-con-full e-flex e-con e-child\" data-id=\"41ee7db4\" data-element_type=\"container\" data-e-type=\"container\" data-settings=\"{&quot;background_background&quot;:&quot;classic&quot;}\">\n\t\t\t\t<div class=\"elementor-element elementor-element-43d422cd elementor-widget elementor-widget-heading\" data-id=\"43d422cd\" data-element_type=\"widget\" data-e-type=\"widget\" data-widget_type=\"heading.default\">\n\t\t\t\t<div class=\"elementor-widget-container\">\n\t\t\t\t\t<h2 class=\"elementor-heading-title elementor-size-default\">Tour privado em tuk tuk:<br>Uma experi\u00eancia exclusiva e flex\u00edvel<\/h2>\t\t\t\t<\/div>\n\t\t\t\t<\/div>\n\t\t\t\t<div class=\"elementor-element elementor-element-3c37969a elementor-widget elementor-widget-text-editor\" data-id=\"3c37969a\" data-element_type=\"widget\" data-e-type=\"widget\" data-widget_type=\"text-editor.default\">\n\t\t\t\t<div class=\"elementor-widget-container\">\n\t\t\t\t\t\t\t\t\t<p data-start=\"172\" data-end=\"490\"><strong data-start=\"172\" data-end=\"316\">Os nossos tours privados em tuk tuk por Alicante s\u00e3o ideais para fam\u00edlias, amigos ou casais que desejam explorar a cidade ao seu pr\u00f3prio ritmo.<\/strong><br data-start=\"316\" data-end=\"319\">Durante +1 hora, descobrir\u00e1 os lugares mais emblem\u00e1ticos de Alicante com a liberdade de parar para tirar fotos, desfrutar das vistas e viver cada recanto sem pressas.<\/p><p data-start=\"492\" data-end=\"801\">Este <strong data-start=\"497\" data-end=\"524\">tour privado em tuk tuk<\/strong> oferece-lhe uma experi\u00eancia totalmente personalizada. O itiner\u00e1rio pode ser adaptado aos seus gostos: desde percorrer o encantador <strong data-start=\"650\" data-end=\"667\">centro hist\u00f3rico<\/strong> e o <strong data-start=\"673\" data-end=\"697\">Bairro de Santa Cruz<\/strong>, at\u00e9 subir ao <strong data-start=\"717\" data-end=\"746\">Castelo de Santa B\u00e1rbara<\/strong> ou contornar a costa junto \u00e0 <strong data-start=\"777\" data-end=\"800\">Praia do Postiguet<\/strong>.<\/p><p data-start=\"803\" data-end=\"905\">Tudo foi concebido para que viva uma aventura c\u00f3moda, exclusiva e aut\u00eantica pelo melhor de <strong>Alicante<\/strong>.<\/p>\t\t\t\t\t\t\t\t<\/div>\n\t\t\t\t<\/div>\n\t\t\t\t<\/div>\n\t\t<div class=\"elementor-element elementor-element-5a1b6e6b e-con-full e-flex e-con e-child\" data-id=\"5a1b6e6b\" data-element_type=\"container\" data-e-type=\"container\" data-settings=\"{&quot;background_background&quot;:&quot;classic&quot;}\">\n\t\t\t\t<div class=\"elementor-element elementor-element-69cae6d6 elementor-widget elementor-widget-heading\" data-id=\"69cae6d6\" data-element_type=\"widget\" data-e-type=\"widget\" data-widget_type=\"heading.default\">\n\t\t\t\t<div class=\"elementor-widget-container\">\n\t\t\t\t\t<h2 class=\"elementor-heading-title elementor-size-default\">Tour Privado em tuk tuk:<br>Ideal para qualquer ocasi\u00e3o<\/h2>\t\t\t\t<\/div>\n\t\t\t\t<\/div>\n\t\t\t\t<div class=\"elementor-element elementor-element-31e9df9f elementor-widget elementor-widget-text-editor\" data-id=\"31e9df9f\" data-element_type=\"widget\" data-e-type=\"widget\" data-widget_type=\"text-editor.default\">\n\t\t\t\t<div class=\"elementor-widget-container\">\n\t\t\t\t\t\t\t\t\t<p data-start=\"145\" data-end=\"296\"><strong data-start=\"145\" data-end=\"296\">O tour privado em tuk tuk<\/strong> n\u00e3o \u00e9 apenas uma forma original de conhecer <strong data-start=\"145\" data-end=\"296\">Alicante<\/strong>, mas tamb\u00e9m uma excelente op\u00e7\u00e3o para celebrar ocasi\u00f5es especiais.<\/p><p data-start=\"145\" data-end=\"296\"> <\/p><p data-start=\"298\" data-end=\"550\">Desfrute de um passeio ao p\u00f4r do sol, celebre um anivers\u00e1rio em fam\u00edlia ou surpreenda os seus amigos numa despedida de solteiro.<\/p><p data-start=\"298\" data-end=\"550\"> <\/p><p data-start=\"298\" data-end=\"550\">Este transporte vistoso, divertido e ecol\u00f3gico n\u00e3o passa despercebido e transforma qualquer momento numa experi\u00eancia inesquec\u00edvel.<\/p>\t\t\t\t\t\t\t\t<\/div>\n\t\t\t\t<\/div>\n\t\t\t\t<\/div>\n\t\t<div class=\"elementor-element elementor-element-7653aa4b e-con-full e-flex e-con e-child\" data-id=\"7653aa4b\" data-element_type=\"container\" data-e-type=\"container\" data-settings=\"{&quot;background_background&quot;:&quot;classic&quot;}\">\n\t\t\t\t<div class=\"elementor-element elementor-element-31d1a270 elementor-widget elementor-widget-heading\" data-id=\"31d1a270\" data-element_type=\"widget\" data-e-type=\"widget\" data-widget_type=\"heading.default\">\n\t\t\t\t<div class=\"elementor-widget-container\">\n\t\t\t\t\t<h2 class=\"elementor-heading-title elementor-size-default\">Reservas e disponibilidade<\/h2>\t\t\t\t<\/div>\n\t\t\t\t<\/div>\n\t\t\t\t<div class=\"elementor-element elementor-element-3707a9b5 elementor-widget elementor-widget-text-editor\" data-id=\"3707a9b5\" data-element_type=\"widget\" data-e-type=\"widget\" data-widget_type=\"text-editor.default\">\n\t\t\t\t<div class=\"elementor-widget-container\">\n\t\t\t\t\t\t\t\t\t<p data-pm-slice=\"1 1 []\"><span style=\"color: #ffffff;\">Ao reservar, garante o ve\u00edculo completo (4 lugares), garantindo que o tuk tuk \u00e9 exclusivo para o seu grupo. <\/span><\/p><p data-pm-slice=\"1 1 []\"><span style=\"color: #ffffff;\"> <\/span><\/p><p data-pm-slice=\"1 1 []\"><span style=\"color: #ffffff;\">Para grupos maiores, podem ser reservados v\u00e1rios ve\u00edculos com <strong>aviso pr\u00e9vio e sujeito a disponibilidade<\/strong>.<\/span><\/p>\t\t\t\t\t\t\t\t<\/div>\n\t\t\t\t<\/div>\n\t\t\t\t<\/div>\n\t\t<div class=\"elementor-element elementor-element-253ef7a3 e-con-full e-flex e-con e-child\" data-id=\"253ef7a3\" data-element_type=\"container\" data-e-type=\"container\" data-settings=\"{&quot;background_background&quot;:&quot;classic&quot;}\">\n\t\t\t\t<div class=\"elementor-element elementor-element-5f564ace elementor-widget elementor-widget-heading\" data-id=\"5f564ace\" data-element_type=\"widget\" data-e-type=\"widget\" data-widget_type=\"heading.default\">\n\t\t\t\t<div class=\"elementor-widget-container\">\n\t\t\t\t\t<h2 class=\"elementor-heading-title elementor-size-default\">Crie a sua aventura em Alicante<\/h2>\t\t\t\t<\/div>\n\t\t\t\t<\/div>\n\t\t\t\t<div class=\"elementor-element elementor-element-18aa3300 elementor-widget elementor-widget-text-editor\" data-id=\"18aa3300\" data-element_type=\"widget\" data-e-type=\"widget\" data-widget_type=\"text-editor.default\">\n\t\t\t\t<div class=\"elementor-widget-container\">\n\t\t\t\t\t\t\t\t\t<p data-start=\"206\" data-end=\"335\"><strong data-start=\"206\" data-end=\"335\"><a href=\"https:\/\/walktuk.com\/pt-pt\/contacto-alicante\/\">Contacte-nos<\/a><\/strong> e personalize o seu percurso para viver uma experi\u00eancia aut\u00eantica com o nosso <strong data-start=\"206\" data-end=\"335\">tour privado em tuk tuk<\/strong> por <strong data-start=\"206\" data-end=\"335\">Alicante.<\/strong><\/p>\n<p data-start=\"337\" data-end=\"504\">Quer pretenda explorar a sua hist\u00f3ria, desfrutar da vibrante costa ou descobrir recantos escondidos, estamos aqui para tornar a sua visita uma experi\u00eancia inesquec\u00edvel.<\/p>\t\t\t\t\t\t\t\t<\/div>\n\t\t\t\t<\/div>\n\t\t\t\t<\/div>\n\t\t\t\t<\/div>\n\t\t<div class=\"elementor-element elementor-element-51496389 e-flex e-con-boxed e-con e-parent\" data-id=\"51496389\" data-element_type=\"container\" data-e-type=\"container\" data-settings=\"{&quot;background_background&quot;:&quot;classic&quot;}\">\n\t\t\t\t\t<div class=\"e-con-inner\">\n\t\t\t\t<div class=\"elementor-element elementor-element-76940d2d elementor-widget elementor-widget-heading\" data-id=\"76940d2d\" data-element_type=\"widget\" data-e-type=\"widget\" data-widget_type=\"heading.default\">\n\t\t\t\t<div class=\"elementor-widget-container\">\n\t\t\t\t\t<h2 class=\"elementor-heading-title elementor-size-default\"><a href=\"https:\/\/walktuk.com\/pt-pt\/reserva\/\">Reserve agora e descubra Alicante como nunca antes com o nosso tour privado em tuk tuk!<\/a><\/h2>\t\t\t\t<\/div>\n\t\t\t\t<\/div>\n\t\t\t\t\t<\/div>\n\t\t\t\t<\/div>\n\t\t\t\t<\/div>\n\t\t","protected":false},"excerpt":{"rendered":"<p>TOUR PRIVADO EM TUK TUK ALICANTE Descubra Alicante \u00e0 sua maneira CONTACTE-NOS Explore Alicante de uma maneira \u00fanica e personalizada com o nosso tour privado em tuk tuk. Descubra a ess\u00eancia mediterr\u00e2nica da cidade, percorrendo as suas ruas hist\u00f3ricas, pra\u00e7as cheias de vida e vistas espetaculares para o mar, tudo a partir do conforto de [&hellip;]<\/p>\n","protected":false},"author":1,"featured_media":0,"parent":9526,"menu_order":0,"comment_status":"closed","ping_status":"closed","template":"","meta":{"site-sidebar-layout":"no-sidebar","site-content-layout":"page-builder","ast-site-content-layout":"full-width-container","site-content-style":"default","site-sidebar-style":"default","ast-global-header-display":"","ast-banner-title-visibility":"","ast-main-header-display":"","ast-hfb-above-header-display":"","ast-hfb-below-header-display":"","ast-hfb-mobile-header-display":"","site-post-title":"disabled","ast-breadcrumbs-content":"","ast-featured-img":"disabled","footer-sml-layout":"","ast-disable-related-posts":"","theme-transparent-header-meta":"","adv-header-id-meta":"","stick-header-meta":"","header-above-stick-meta":"","header-main-stick-meta":"","header-below-stick-meta":"","astra-migrate-meta-layouts":"default","ast-page-background-enabled":"default","ast-page-background-meta":{"desktop":{"background-color":"var(--ast-global-color-5)","background-image":"","background-repeat":"repeat","background-position":"center center","background-size":"auto","background-attachment":"scroll","background-type":"","background-media":"","overlay-type":"","overlay-color":"","overlay-opacity":"","overlay-gradient":""},"tablet":{"background-color":"","background-image":"","background-repeat":"repeat","background-position":"center center","background-size":"auto","background-attachment":"scroll","background-type":"","background-media":"","overlay-type":"","overlay-color":"","overlay-opacity":"","overlay-gradient":""},"mobile":{"background-color":"","background-image":"","background-repeat":"repeat","background-position":"center center","background-size":"auto","background-attachment":"scroll","background-type":"","background-media":"","overlay-type":"","overlay-color":"","overlay-opacity":"","overlay-gradient":""}},"ast-content-background-meta":{"desktop":{"background-color":"var(--ast-global-color-4)","background-image":"","background-repeat":"repeat","background-position":"center center","background-size":"auto","background-attachment":"scroll","background-type":"","background-media":"","overlay-type":"","overlay-color":"","overlay-opacity":"","overlay-gradient":""},"tablet":{"background-color":"var(--ast-global-color-4)","background-image":"","background-repeat":"repeat","background-position":"center center","background-size":"auto","background-attachment":"scroll","background-type":"","background-media":"","overlay-type":"","overlay-color":"","overlay-opacity":"","overlay-gradient":""},"mobile":{"background-color":"var(--ast-global-color-4)","background-image":"","background-repeat":"repeat","background-position":"center center","background-size":"auto","background-attachment":"scroll","background-type":"","background-media":"","overlay-type":"","overlay-color":"","overlay-opacity":"","overlay-gradient":""}},"footnotes":""},"class_list":["post-9548","page","type-page","status-publish","hentry"],"aioseo_notices":[],"_links":{"self":[{"href":"https:\/\/walktuk.com\/pt-pt\/wp-json\/wp\/v2\/pages\/9548","targetHints":{"allow":["GET"]}}],"collection":[{"href":"https:\/\/walktuk.com\/pt-pt\/wp-json\/wp\/v2\/pages"}],"about":[{"href":"https:\/\/walktuk.com\/pt-pt\/wp-json\/wp\/v2\/types\/page"}],"author":[{"embeddable":true,"href":"https:\/\/walktuk.com\/pt-pt\/wp-json\/wp\/v2\/users\/1"}],"replies":[{"embeddable":true,"href":"https:\/\/walktuk.com\/pt-pt\/wp-json\/wp\/v2\/comments?post=9548"}],"version-history":[{"count":6,"href":"https:\/\/walktuk.com\/pt-pt\/wp-json\/wp\/v2\/pages\/9548\/revisions"}],"predecessor-version":[{"id":11406,"href":"https:\/\/walktuk.com\/pt-pt\/wp-json\/wp\/v2\/pages\/9548\/revisions\/11406"}],"up":[{"embeddable":true,"href":"https:\/\/walktuk.com\/pt-pt\/wp-json\/wp\/v2\/pages\/9526"}],"wp:attachment":[{"href":"https:\/\/walktuk.com\/pt-pt\/wp-json\/wp\/v2\/media?parent=9548"}],"curies":[{"name":"wp","href":"https:\/\/api.w.org\/{rel}","templated":true}]}}