{"id":9932,"date":"2025-08-03T19:11:06","date_gmt":"2025-08-03T17:11:06","guid":{"rendered":"https:\/\/walktuk.com\/tour-privado-en-tuk-tuk\/"},"modified":"2025-12-13T19:12:34","modified_gmt":"2025-12-13T18:12:34","slug":"tour-tuk-tuk-privado","status":"publish","type":"page","link":"https:\/\/walktuk.com\/pt-pt\/barcelona\/tour-tuk-tuk-privado\/","title":{"rendered":"Tour Privado em tuk tuk"},"content":{"rendered":"\t\t<div data-elementor-type=\"wp-page\" data-elementor-id=\"9932\" class=\"elementor elementor-9932 elementor-9629\">\n\t\t\t\t<div class=\"elementor-element elementor-element-7102ddcc e-flex e-con-boxed e-con e-parent\" data-id=\"7102ddcc\" data-element_type=\"container\" data-e-type=\"container\" data-settings=\"{&quot;background_background&quot;:&quot;classic&quot;}\">\n\t\t\t\t\t<div class=\"e-con-inner\">\n\t\t\t\t<div class=\"elementor-element elementor-element-168421d4 elementor-widget elementor-widget-heading\" data-id=\"168421d4\" data-element_type=\"widget\" data-e-type=\"widget\" data-widget_type=\"heading.default\">\n\t\t\t\t<div class=\"elementor-widget-container\">\n\t\t\t\t\t<h1 class=\"elementor-heading-title elementor-size-default\"><b>TOUR PRIVADO EM TUK TUK BARCELONA <br><\/b>Viva a cidade ao seu ritmo<\/h1>\t\t\t\t<\/div>\n\t\t\t\t<\/div>\n\t\t\t\t<div class=\"elementor-element elementor-element-2de664c1 elementor-widget-divider--view-line elementor-widget elementor-widget-divider\" data-id=\"2de664c1\" data-element_type=\"widget\" data-e-type=\"widget\" data-widget_type=\"divider.default\">\n\t\t\t\t<div class=\"elementor-widget-container\">\n\t\t\t\t\t\t\t<div class=\"elementor-divider\">\n\t\t\t<span class=\"elementor-divider-separator\">\n\t\t\t\t\t\t<\/span>\n\t\t<\/div>\n\t\t\t\t\t\t<\/div>\n\t\t\t\t<\/div>\n\t\t\t\t<div class=\"elementor-element elementor-element-55ec2dfe elementor-align-left elementor-widget elementor-widget-button\" data-id=\"55ec2dfe\" data-element_type=\"widget\" data-e-type=\"widget\" data-widget_type=\"button.default\">\n\t\t\t\t<div class=\"elementor-widget-container\">\n\t\t\t\t\t\t\t\t\t<div class=\"elementor-button-wrapper\">\n\t\t\t\t\t<a class=\"elementor-button elementor-button-link elementor-size-sm\" href=\"https:\/\/walktuk.com\/pt-pt\/contacto\/\">\n\t\t\t\t\t\t<span class=\"elementor-button-content-wrapper\">\n\t\t\t\t\t\t\t\t\t<span class=\"elementor-button-text\">CONTACTE-NOS<\/span>\n\t\t\t\t\t<\/span>\n\t\t\t\t\t<\/a>\n\t\t\t\t<\/div>\n\t\t\t\t\t\t\t\t<\/div>\n\t\t\t\t<\/div>\n\t\t\t\t\t<\/div>\n\t\t\t\t<\/div>\n\t\t<div class=\"elementor-element elementor-element-18dd880b e-flex e-con-boxed e-con e-parent\" data-id=\"18dd880b\" data-element_type=\"container\" data-e-type=\"container\">\n\t\t\t\t\t<div class=\"e-con-inner\">\n\t\t\t\t<div class=\"elementor-element elementor-element-47c15d53 elementor-widget elementor-widget-text-editor\" data-id=\"47c15d53\" data-element_type=\"widget\" data-e-type=\"widget\" data-widget_type=\"text-editor.default\">\n\t\t\t\t<div class=\"elementor-widget-container\">\n\t\t\t\t\t\t\t\t\t<p data-start=\"125\" data-end=\"437\"><strong data-start=\"125\" data-end=\"233\">Descubra Barcelona de forma exclusiva e personalizada com os nossos tours privados em tuk tuk el\u00e9tricos.<\/strong><\/p><p data-start=\"125\" data-end=\"437\"><b><br data-start=\"233\" data-end=\"236\"><\/b>Com capacidade para at\u00e9 4 pessoas por ve\u00edculo, s\u00e3o a op\u00e7\u00e3o perfeita para grupos reduzidos, fam\u00edlias, amigos ou casais que desejam desfrutar da cidade sem partilhar o percurso com desconhecidos.<\/p><p data-start=\"125\" data-end=\"437\"> <\/p><p data-start=\"439\" data-end=\"857\">Num <strong data-start=\"445\" data-end=\"472\">tour privado em tuk tuk<\/strong> voc\u00ea decide como viver a experi\u00eancia: pode seguir um dos nossos itiner\u00e1rios recomendados ou criar uma rota \u00e0 medida, escolhendo os lugares que mais lhe interessem e dedicando o tempo que quiser em cada paragem. Desde os recantos hist\u00f3ricos do Bairro G\u00f3tico at\u00e9 \u00e0s vistas panor\u00e2micas de Montju\u00efc ou o encanto modernista do Passeig de Gr\u00e0cia, todo o percurso se adapta a si.<\/p><p data-start=\"439\" data-end=\"857\"> <\/p><p data-start=\"859\" data-end=\"1284\">Al\u00e9m disso, contar\u00e1 com a aten\u00e7\u00e3o exclusiva de um guia-condutor que lhe ir\u00e1 contando curiosidades, anedotas e dados hist\u00f3ricos no idioma que preferir, j\u00e1 que oferecemos a <strong data-start=\"1034\" data-end=\"1075\">maior variedade de idiomas do mercado<\/strong>. Sem pressas, sem hor\u00e1rios fixos e com a comodidade de um ve\u00edculo 100% el\u00e9trico que acede a zonas pedonais e estreitas, para que viva Barcelona da forma mais pr\u00f3xima, aut\u00eantica e sustent\u00e1vel poss\u00edvel.<\/p>\t\t\t\t\t\t\t\t<\/div>\n\t\t\t\t<\/div>\n\t\t\t\t\t<\/div>\n\t\t\t\t<\/div>\n\t\t<div class=\"elementor-element elementor-element-2f498877 e-flex e-con-boxed e-con e-parent\" data-id=\"2f498877\" data-element_type=\"container\" data-e-type=\"container\">\n\t\t\t\t\t<div class=\"e-con-inner\">\n\t\t<a class=\"elementor-element elementor-element-6b9c72c8 e-con-full e-flex e-con e-child\" data-id=\"6b9c72c8\" data-element_type=\"container\" data-e-type=\"container\" data-settings=\"{&quot;background_background&quot;:&quot;classic&quot;}\" href=\"https:\/\/walktuk.com\/pt-pt\/barcelona\/tour-tuk-tuk-1h\/\">\n\t\t\t\t<div class=\"elementor-element elementor-element-31c185b6 elementor-view-default elementor-widget elementor-widget-icon\" data-id=\"31c185b6\" data-element_type=\"widget\" data-e-type=\"widget\" data-widget_type=\"icon.default\">\n\t\t\t\t<div class=\"elementor-widget-container\">\n\t\t\t\t\t\t\t<div class=\"elementor-icon-wrapper\">\n\t\t\t<div class=\"elementor-icon\">\n\t\t\t<svg aria-hidden=\"true\" class=\"e-font-icon-svg e-fas-map\" viewBox=\"0 0 576 512\" xmlns=\"http:\/\/www.w3.org\/2000\/svg\"><path d=\"M0 117.66v346.32c0 11.32 11.43 19.06 21.94 14.86L160 416V32L20.12 87.95A32.006 32.006 0 0 0 0 117.66zM192 416l192 64V96L192 32v384zM554.06 33.16L416 96v384l139.88-55.95A31.996 31.996 0 0 0 576 394.34V48.02c0-11.32-11.43-19.06-21.94-14.86z\"><\/path><\/svg>\t\t\t<\/div>\n\t\t<\/div>\n\t\t\t\t\t\t<\/div>\n\t\t\t\t<\/div>\n\t\t\t\t<div class=\"elementor-element elementor-element-b59e756 elementor-widget elementor-widget-heading\" data-id=\"b59e756\" data-element_type=\"widget\" data-e-type=\"widget\" data-widget_type=\"heading.default\">\n\t\t\t\t<div class=\"elementor-widget-container\">\n\t\t\t\t\t<h2 class=\"elementor-heading-title elementor-size-default\">Tour em tuk tuk<\/h2>\t\t\t\t<\/div>\n\t\t\t\t<\/div>\n\t\t\t\t<div class=\"elementor-element elementor-element-7c24fa8c elementor-widget elementor-widget-heading\" data-id=\"7c24fa8c\" data-element_type=\"widget\" data-e-type=\"widget\" data-widget_type=\"heading.default\">\n\t\t\t\t<div class=\"elementor-widget-container\">\n\t\t\t\t\t<h2 class=\"elementor-heading-title elementor-size-default\">1 hora de ess\u00eancia barcelonesa<\/h2>\t\t\t\t<\/div>\n\t\t\t\t<\/div>\n\t\t\t\t<div class=\"elementor-element elementor-element-681a162b elementor-widget elementor-widget-text-editor\" data-id=\"681a162b\" data-element_type=\"widget\" data-e-type=\"widget\" data-widget_type=\"text-editor.default\">\n\t\t\t\t<div class=\"elementor-widget-container\">\n\t\t\t\t\t\t\t\t\t<div id=\"c1168\" class=\"col col-sm-12 col-md-6 palette_color_5\">\n<div id=\"m3519\" class=\"module text\">\n<p data-start=\"144\" data-end=\"425\"><strong data-start=\"144\" data-end=\"185\">Mergulhe na hist\u00f3ria de Barcelona<\/strong> com um tour desenhado para quem quer descobrir o essencial da cidade em pouco tempo. Este percurso de 1 hora inclui vistas de lugares emblem\u00e1ticos como a Sagrada Fam\u00edlia, a Casa Batll\u00f3, o Arc de Triomf e a Pla\u00e7a Catalunya.<\/p><p data-start=\"144\" data-end=\"425\"><br><\/p>\n<p data-start=\"427\" data-end=\"631\">Perfeito para quem deseja uma introdu\u00e7\u00e3o r\u00e1pida, mas completa, este tour permite-lhe conhecer a alma de Barcelona enquanto desfruta do conforto e sustentabilidade dos nossos tuk tuk el\u00e9tricos.<\/p>\n<\/div>\n<\/div>\t\t\t\t\t\t\t\t<\/div>\n\t\t\t\t<\/div>\n\t\t\t\t<\/a>\n\t\t<a class=\"elementor-element elementor-element-33638566 e-con-full e-flex e-con e-child\" data-id=\"33638566\" data-element_type=\"container\" data-e-type=\"container\" data-settings=\"{&quot;background_background&quot;:&quot;classic&quot;}\" href=\"https:\/\/walktuk.com\/pt-pt\/barcelona\/tour-tuk-tuk-2h\/\">\n\t\t\t\t<div class=\"elementor-element elementor-element-3dd13238 elementor-view-default elementor-widget elementor-widget-icon\" data-id=\"3dd13238\" data-element_type=\"widget\" data-e-type=\"widget\" data-widget_type=\"icon.default\">\n\t\t\t\t<div class=\"elementor-widget-container\">\n\t\t\t\t\t\t\t<div class=\"elementor-icon-wrapper\">\n\t\t\t<div class=\"elementor-icon\">\n\t\t\t<svg aria-hidden=\"true\" class=\"e-font-icon-svg e-fas-map\" viewBox=\"0 0 576 512\" xmlns=\"http:\/\/www.w3.org\/2000\/svg\"><path d=\"M0 117.66v346.32c0 11.32 11.43 19.06 21.94 14.86L160 416V32L20.12 87.95A32.006 32.006 0 0 0 0 117.66zM192 416l192 64V96L192 32v384zM554.06 33.16L416 96v384l139.88-55.95A31.996 31.996 0 0 0 576 394.34V48.02c0-11.32-11.43-19.06-21.94-14.86z\"><\/path><\/svg>\t\t\t<\/div>\n\t\t<\/div>\n\t\t\t\t\t\t<\/div>\n\t\t\t\t<\/div>\n\t\t\t\t<div class=\"elementor-element elementor-element-77f84be4 elementor-widget elementor-widget-heading\" data-id=\"77f84be4\" data-element_type=\"widget\" data-e-type=\"widget\" data-widget_type=\"heading.default\">\n\t\t\t\t<div class=\"elementor-widget-container\">\n\t\t\t\t\t<h2 class=\"elementor-heading-title elementor-size-default\">Tour Completo em tuk tuk<\/h2>\t\t\t\t<\/div>\n\t\t\t\t<\/div>\n\t\t\t\t<div class=\"elementor-element elementor-element-a98c0e4 elementor-widget elementor-widget-heading\" data-id=\"a98c0e4\" data-element_type=\"widget\" data-e-type=\"widget\" data-widget_type=\"heading.default\">\n\t\t\t\t<div class=\"elementor-widget-container\">\n\t\t\t\t\t<h2 class=\"elementor-heading-title elementor-size-default\">2 horas a explorar Barcelona de ponta a ponta<\/h2>\t\t\t\t<\/div>\n\t\t\t\t<\/div>\n\t\t\t\t<div class=\"elementor-element elementor-element-39abc1b3 elementor-widget elementor-widget-text-editor\" data-id=\"39abc1b3\" data-element_type=\"widget\" data-e-type=\"widget\" data-widget_type=\"text-editor.default\">\n\t\t\t\t<div class=\"elementor-widget-container\">\n\t\t\t\t\t\t\t\t\t<div id=\"c1168\" class=\"col col-sm-12 col-md-6 palette_color_5\">\n<div id=\"m3519\" class=\"module text\">\n<div id=\"r1589\" class=\"row palette_color_4\">\n<div class=\"container container-fixed\">\n<div id=\"c1619\" class=\"col col-sm-12 col-md-6 palette_color_5\">\n<div id=\"m3326\" class=\"module text\">\n<p data-start=\"96\" data-end=\"294\"><strong data-start=\"96\" data-end=\"131\">Conhe\u00e7a cada faceta de Barcelona<\/strong> num tour completo que percorre desde a majestosa Sagrada Fam\u00edlia e o elegante Passeig de Gr\u00e0cia at\u00e9 \u00e0 hist\u00f3rica Montju\u00efc, com os seus miradouros e monumentos.<\/p><p data-start=\"96\" data-end=\"294\"><br><\/p>\n<p data-start=\"296\" data-end=\"521\">Passeie pelo vibrante Bairro G\u00f3tico e o Born, sinta o ambiente \u00fanico de La Rambla e contemple o Mediterr\u00e2neo desde o Port Vell. Este percurso de 2 horas captura a ess\u00eancia modernista, hist\u00f3rica e costeira da cidade.<\/p>\n<\/div>\n<\/div>\n<\/div>\n<\/div>\n<div id=\"r3339\" class=\"row palette_color_4 bgfilter\">\n<div class=\"container container-fixed colsStack\">\n<div id=\"c1255\" class=\"col col-md-6 col-lg-6 col-sm-12\">&nbsp;<\/div>\n<\/div>\n<\/div>\n<\/div>\n<\/div>\t\t\t\t\t\t\t\t<\/div>\n\t\t\t\t<\/div>\n\t\t\t\t<\/a>\n\t\t\t\t\t<\/div>\n\t\t\t\t<\/div>\n\t\t<div class=\"elementor-element elementor-element-616ac76a e-flex e-con-boxed e-con e-parent\" data-id=\"616ac76a\" data-element_type=\"container\" data-e-type=\"container\" data-settings=\"{&quot;background_background&quot;:&quot;classic&quot;}\">\n\t\t\t\t\t<div class=\"e-con-inner\">\n\t\t\t\t<div class=\"elementor-element elementor-element-1b3b429a elementor-widget elementor-widget-heading\" data-id=\"1b3b429a\" data-element_type=\"widget\" data-e-type=\"widget\" data-widget_type=\"heading.default\">\n\t\t\t\t<div class=\"elementor-widget-container\">\n\t\t\t\t\t<h2 class=\"elementor-heading-title elementor-size-default\"><a href=\"https:\/\/walktuk.com\/pt-pt\/reserva\/\">Desenhe a sua experi\u00eancia \u00fanica<br>EM BARCELONA<\/a><\/h2>\t\t\t\t<\/div>\n\t\t\t\t<\/div>\n\t\t\t\t\t<\/div>\n\t\t\t\t<\/div>\n\t\t\t\t<\/div>\n\t\t","protected":false},"excerpt":{"rendered":"<p>TOUR PRIVADO EM TUK TUK BARCELONA Viva a cidade ao seu ritmo CONTACTE-NOS Descubra Barcelona de forma exclusiva e personalizada com os nossos tours privados em tuk tuk el\u00e9tricos. Com capacidade para at\u00e9 4 pessoas por ve\u00edculo, s\u00e3o a op\u00e7\u00e3o perfeita para grupos reduzidos, fam\u00edlias, amigos ou casais que desejam desfrutar da cidade sem partilhar [&hellip;]<\/p>\n","protected":false},"author":1,"featured_media":0,"parent":9934,"menu_order":0,"comment_status":"closed","ping_status":"closed","template":"","meta":{"site-sidebar-layout":"no-sidebar","site-content-layout":"page-builder","ast-site-content-layout":"full-width-container","site-content-style":"default","site-sidebar-style":"default","ast-global-header-display":"","ast-banner-title-visibility":"","ast-main-header-display":"","ast-hfb-above-header-display":"","ast-hfb-below-header-display":"","ast-hfb-mobile-header-display":"","site-post-title":"disabled","ast-breadcrumbs-content":"","ast-featured-img":"disabled","footer-sml-layout":"","ast-disable-related-posts":"","theme-transparent-header-meta":"","adv-header-id-meta":"","stick-header-meta":"","header-above-stick-meta":"","header-main-stick-meta":"","header-below-stick-meta":"","astra-migrate-meta-layouts":"default","ast-page-background-enabled":"default","ast-page-background-meta":{"desktop":{"background-color":"var(--ast-global-color-5)","background-image":"","background-repeat":"repeat","background-position":"center center","background-size":"auto","background-attachment":"scroll","background-type":"","background-media":"","overlay-type":"","overlay-color":"","overlay-opacity":"","overlay-gradient":""},"tablet":{"background-color":"","background-image":"","background-repeat":"repeat","background-position":"center center","background-size":"auto","background-attachment":"scroll","background-type":"","background-media":"","overlay-type":"","overlay-color":"","overlay-opacity":"","overlay-gradient":""},"mobile":{"background-color":"","background-image":"","background-repeat":"repeat","background-position":"center center","background-size":"auto","background-attachment":"scroll","background-type":"","background-media":"","overlay-type":"","overlay-color":"","overlay-opacity":"","overlay-gradient":""}},"ast-content-background-meta":{"desktop":{"background-color":"var(--ast-global-color-4)","background-image":"","background-repeat":"repeat","background-position":"center center","background-size":"auto","background-attachment":"scroll","background-type":"","background-media":"","overlay-type":"","overlay-color":"","overlay-opacity":"","overlay-gradient":""},"tablet":{"background-color":"var(--ast-global-color-4)","background-image":"","background-repeat":"repeat","background-position":"center center","background-size":"auto","background-attachment":"scroll","background-type":"","background-media":"","overlay-type":"","overlay-color":"","overlay-opacity":"","overlay-gradient":""},"mobile":{"background-color":"var(--ast-global-color-4)","background-image":"","background-repeat":"repeat","background-position":"center center","background-size":"auto","background-attachment":"scroll","background-type":"","background-media":"","overlay-type":"","overlay-color":"","overlay-opacity":"","overlay-gradient":""}},"footnotes":""},"class_list":["post-9932","page","type-page","status-publish","hentry"],"aioseo_notices":[],"_links":{"self":[{"href":"https:\/\/walktuk.com\/pt-pt\/wp-json\/wp\/v2\/pages\/9932","targetHints":{"allow":["GET"]}}],"collection":[{"href":"https:\/\/walktuk.com\/pt-pt\/wp-json\/wp\/v2\/pages"}],"about":[{"href":"https:\/\/walktuk.com\/pt-pt\/wp-json\/wp\/v2\/types\/page"}],"author":[{"embeddable":true,"href":"https:\/\/walktuk.com\/pt-pt\/wp-json\/wp\/v2\/users\/1"}],"replies":[{"embeddable":true,"href":"https:\/\/walktuk.com\/pt-pt\/wp-json\/wp\/v2\/comments?post=9932"}],"version-history":[{"count":7,"href":"https:\/\/walktuk.com\/pt-pt\/wp-json\/wp\/v2\/pages\/9932\/revisions"}],"predecessor-version":[{"id":10633,"href":"https:\/\/walktuk.com\/pt-pt\/wp-json\/wp\/v2\/pages\/9932\/revisions\/10633"}],"up":[{"embeddable":true,"href":"https:\/\/walktuk.com\/pt-pt\/wp-json\/wp\/v2\/pages\/9934"}],"wp:attachment":[{"href":"https:\/\/walktuk.com\/pt-pt\/wp-json\/wp\/v2\/media?parent=9932"}],"curies":[{"name":"wp","href":"https:\/\/api.w.org\/{rel}","templated":true}]}}